{"id":2635,"date":"2020-01-24T08:26:22","date_gmt":"2020-01-24T10:26:22","guid":{"rendered":"http:\/\/box5226.temp.domains\/~cancampu\/?page_id=2635"},"modified":"2025-03-26T15:09:18","modified_gmt":"2025-03-26T19:09:18","slug":"parceiros","status":"publish","type":"page","link":"https:\/\/cancampus.ca\/en\/parceiros\/","title":{"rendered":"Partners"},"content":{"rendered":"<p><section class=\"fw-main-row\"  >\n\t<div class=\"fw-container\">\n\t\t<div class=\"fw-row\">\n\t<div class=\"fw-col-xs-12\">\n\t\n<\/div>\n<\/div>\n\n<div class=\"fw-row\">\n\t<div class=\"fw-col-xs-12\">\n\t\n\t<div class=\"fw-divider-space\" style=\"padding-top: 60px;\"><\/div>\n<\/div>\n<\/div>\n\n\t<\/div>\n<\/section>\n<section class=\"fw-main-row\"  >\n\t<div class=\"fw-container-fluid\">\n\t\t<div class=\"fw-row\">\n\t<div class=\"fw-col-xs-12\">\n\t       <div class=\"text-block post-heading-center section-title mb-60\">\n\t<span><\/span>\n\t<h2>Conhe\u00e7a alguns dos nossos parceiros<\/h2>\n\t\t\t<p>Our partners also share the search for a good quality education that allows the improvement of skills with greater confidence.<\/p>\t<\/div>\n<\/div>\n<\/div>\n\n<div class=\"fw-row\">\n\t<div class=\"fw-col-xs-12 fw-col-sm-2\">\n\t<\/div>\n<div class=\"fw-col-xs-12 fw-col-sm-2\">\n\t<div class=\"text-block post-heading-center section-title mb-60\">\n\t<span><\/span>\n\t<h2><\/h2>\n\t\t\t<p><a href=\"\/en\/programas_mackenzie\/\"><img loading=\"lazy\" decoding=\"async\" class=\"alignnone\" src=\"\/wp-content\/uploads\/2020\/03\/mackenzie-logo-1.png\" alt=\"\" width=\"3500\" height=\"1000\" \/><\/a><\/p>\t<\/div>\n\n\t<div class=\"fw-divider-space\" style=\"padding-top: 10px;\"><\/div>\n<\/div>\n<div class=\"fw-col-xs-12 fw-col-sm-2\">\n\t<div class=\"text-block post-heading-center section-title mb-60\">\n\t<span><\/span>\n\t<h2><\/h2>\n\t\t\t<p><img loading=\"lazy\" decoding=\"async\" class=\"aligncenter\" src=\"\/wp-content\/uploads\/2020\/03\/desktop_logo.png\" alt=\"\" width=\"150\" height=\"44\" \/><\/p>\t<\/div>\n\n\t<div class=\"fw-divider-space\" style=\"padding-top: 10px;\"><\/div>\n<\/div>\n<div class=\"fw-col-xs-12 fw-col-sm-2\">\n\t<div class=\"text-block post-heading-center section-title mb-60\">\n\t<span><\/span>\n\t<h2><\/h2>\n\t\t\t<p><img loading=\"lazy\" decoding=\"async\" class=\"aligncenter\" src=\"\/wp-content\/uploads\/2020\/03\/1_member_logo_Holland-College.jpeg\" alt=\"\" width=\"316\" height=\"78\" \/><\/p>\t<\/div>\n\n\t<div class=\"fw-divider-space\" style=\"padding-top: 10px;\"><\/div>\n<\/div>\n<div class=\"fw-col-xs-12 fw-col-sm-2\">\n\t<div class=\"text-block post-heading-center section-title mb-60\">\n\t<span><\/span>\n\t<h2><\/h2>\n\t\t\t<p><img loading=\"lazy\" decoding=\"async\" class=\"aligncenter\" src=\"\/wp-content\/uploads\/2021\/01\/unb.png\" width=\"151\" height=\"70\" \/><\/p>\t<\/div>\n\n\t<div class=\"fw-divider-space\" style=\"padding-top: 10px;\"><\/div>\n<\/div>\n<div class=\"fw-col-xs-12 fw-col-sm-2\">\n\t<\/div>\n<\/div>\n\n<div class=\"fw-row\">\n\t<div class=\"fw-col-xs-12 fw-col-sm-2\">\n\t<\/div>\n<div class=\"fw-col-xs-12 fw-col-sm-2\">\n\t<div class=\"text-block post-heading-center section-title mb-60\">\n\t<span><\/span>\n\t<h2><\/h2>\n\t\t\t<p><img decoding=\"async\" class=\"aligncenter\" src=\"\/wp-content\/uploads\/2020\/03\/upeishield.png\" \/><\/p>\t<\/div>\n\n\t<div class=\"fw-divider-space\" style=\"padding-top: 10px;\"><\/div>\n<\/div>\n<div class=\"fw-col-xs-12 fw-col-sm-2\">\n\t<div class=\"text-block post-heading-center section-title mb-60\">\n\t<span><\/span>\n\t<h2><\/h2>\n\t\t\t<p><img loading=\"lazy\" decoding=\"async\" class=\"alignnone\" src=\"\/wp-content\/uploads\/2020\/03\/download-2.png\" alt=\"\" width=\"352\" height=\"143\" \/><\/p>\t<\/div>\n\n\t<div class=\"fw-divider-space\" style=\"padding-top: 10px;\"><\/div>\n<\/div>\n<div class=\"fw-col-xs-12 fw-col-sm-2\">\n\t<div class=\"text-block post-heading-center section-title mb-60\">\n\t<span><\/span>\n\t<h2><\/h2>\n\t\t\t<p><img loading=\"lazy\" decoding=\"async\" class=\"aligncenter\" src=\"\/wp-content\/uploads\/2020\/03\/ILSC-logo.png\" alt=\"\" width=\"700\" height=\"314\" \/><\/p>\t<\/div>\n\n\t<div class=\"fw-divider-space\" style=\"padding-top: 10px;\"><\/div>\n<\/div>\n<div class=\"fw-col-xs-12 fw-col-sm-2\">\n\t<div class=\"text-block post-heading-center section-title mb-60\">\n\t<span><\/span>\n\t<h2><\/h2>\n\t\t\t<p><a href=\"\/en\/parceiros\/\"><img loading=\"lazy\" decoding=\"async\" class=\"alignnone\" src=\"\/wp-content\/uploads\/2020\/03\/SACLI-Logo2-640x350-1.jpg\" alt=\"\" width=\"640\" height=\"350\" \/><\/a><\/p>\t<\/div>\n\n\t<div class=\"fw-divider-space\" style=\"padding-top: 10px;\"><\/div>\n<\/div>\n<div class=\"fw-col-xs-12 fw-col-sm-2\">\n\t<\/div>\n<\/div>\n\n<div class=\"fw-row\">\n\t<div class=\"fw-col-xs-12 fw-col-sm-2\">\n\t<\/div>\n<div class=\"fw-col-xs-12 fw-col-sm-2\">\n\t<div class=\"text-block post-heading-center section-title mb-60\">\n\t<span><\/span>\n\t<h2><\/h2>\n\t\t\t<p><a href=\"http:\/\/www.immigrationpathway.com\"><img loading=\"lazy\" decoding=\"async\" class=\"aligncenter\" src=\"http:\/\/cancampus.ca\/wp-content\/uploads\/2025\/02\/logo-black-1.png\" alt=\"\" width=\"95\" height=\"95\" \/><\/a><\/p>\t<\/div>\n<\/div>\n<div class=\"fw-col-xs-12 fw-col-sm-2\">\n\t<div class=\"text-block post-heading-center section-title mb-60\">\n\t<span><\/span>\n\t<h2><\/h2>\n\t\t\t<p><img decoding=\"async\" src=\"\/wp-content\/uploads\/2023\/05\/logo-nbcc.png\" \/><\/p>\t<\/div>\n<\/div>\n<div class=\"fw-col-xs-12 fw-col-sm-2\">\n\t<div class=\"text-block post-heading-center section-title mb-60\">\n\t<span><\/span>\n\t<h2><\/h2>\n\t\t\t<p><img loading=\"lazy\" decoding=\"async\" class=\"aligncenter\" src=\"\/wp-content\/uploads\/2020\/08\/GC_Horizontal_Logo_RGB_1.png\" alt=\"\" width=\"363\" height=\"85\" \/><\/p>\t<\/div>\n<\/div>\n<div class=\"fw-col-xs-12 fw-col-sm-2\">\n\t<div class=\"text-block post-heading-center section-title mb-60\">\n\t<span><\/span>\n\t<h2><\/h2>\n\t\t\t<p><img loading=\"lazy\" decoding=\"async\" class=\"aligncenter\" src=\"\/wp-content\/uploads\/2020\/12\/Logo-Power-UP_pequeno-1.png\" alt=\"\" width=\"160\" height=\"48\" \/><\/p>\t<\/div>\n<\/div>\n<div class=\"fw-col-xs-12 fw-col-sm-2\">\n\t<\/div>\n<\/div>\n\n\t<\/div>\n<\/section>\n<section class=\"fw-main-row\" style=\"background-color:#ee8320;\" >\n\t<div class=\"fw-container-fluid\">\n\t\t<div class=\"fw-row\">\n\t<div class=\"fw-col-xs-12\">\n\t\n\n<div id=\"instructor\" class=\"call-to-action-area\">\n    <div class=\"container\">\n        <div class=\"row justify-content-xl-between justify-content-lg-center justify-content-center\">\n            <div class=\"col-xl-6 col-lg-7 col-md-10\">\n                <div class=\"call-to-action-content\">\n                    <div class=\"post-heading-left\">\n                        <h3 class=\"text-white\">Become a partner<\/h3>\n                    <\/div>\n                    <div class=\"text-white\">\n                                                    <p>Get in touch and learn how to become a CanCampus partner.<\/p>                                            <\/div>\n                    <div class=\"call-to-action-btn\">\n                                                    <a href=\"\/en\/virar-parceiro\/\">\n                                Click here and check it out! <i class=\"fas fa-arrow-right\"><\/i><\/a>\n                                            <\/div>\n                <\/div>\n            <\/div>\n                            <div class=\"col-xl-5 col-lg-0\">\n                    <div class=\"part-img\">\n                        <img decoding=\"async\" src=\"\/\/cancampus.ca\/wp-content\/uploads\/2020\/01\/instructor.png\"  alt=\"Become a partner\"\/>\n                    <\/div>\n                <\/div>\n                    <\/div>\n    <\/div>\n<\/div><\/div>\n<\/div>\n\n\t<\/div>\n<\/section>\n<\/p>","protected":false},"excerpt":{"rendered":"<p>Conhe\u00e7a alguns dos nossos parceiros Nossos parceiros igualmente compartilham com a busca por uma boa educa\u00e7\u00e3o de qualidade e que [&hellip;]<\/p>","protected":false},"author":2,"featured_media":0,"parent":0,"menu_order":0,"comment_status":"closed","ping_status":"closed","template":"template-parts\/lernen-pagefullwidth.php","meta":{"_joinchat":[],"footnotes":""},"class_list":["post-2635","page","type-page","status-publish","hentry"],"yoast_head":"<!-- This site is optimized with the Yoast SEO plugin v27.2 - https:\/\/yoast.com\/product\/yoast-seo-wordpress\/ -->\n<title>Parceiros - CanCampus<\/title>\n<meta name=\"robots\" content=\"index, follow, max-snippet:-1, max-image-preview:large, max-video-preview:-1\" \/>\n<link rel=\"canonical\" href=\"https:\/\/cancampus.ca\/en\/parceiros\/\" \/>\n<meta property=\"og:locale\" content=\"en_US\" \/>\n<meta property=\"og:type\" content=\"article\" \/>\n<meta property=\"og:title\" content=\"Parceiros - CanCampus\" \/>\n<meta property=\"og:description\" content=\"Conhe\u00e7a alguns dos nossos parceiros Nossos parceiros igualmente compartilham com a busca por uma boa educa\u00e7\u00e3o de qualidade e que [&hellip;]\" \/>\n<meta property=\"og:url\" content=\"https:\/\/cancampus.ca\/en\/parceiros\/\" \/>\n<meta property=\"og:site_name\" content=\"CanCampus\" \/>\n<meta property=\"article:publisher\" content=\"https:\/\/www.facebook.com\/cancampus.ca\" \/>\n<meta property=\"article:modified_time\" content=\"2025-03-26T19:09:18+00:00\" \/>\n<meta property=\"og:image\" content=\"http:\/\/cancampus.ca\/wp-content\/uploads\/2025\/02\/logo-black-1.png\" \/>\n<meta name=\"twitter:card\" content=\"summary_large_image\" \/>\n<meta name=\"twitter:label1\" content=\"Est. reading time\" \/>\n\t<meta name=\"twitter:data1\" content=\"3 minutes\" \/>\n<script type=\"application\/ld+json\" class=\"yoast-schema-graph\">{\"@context\":\"https:\/\/schema.org\",\"@graph\":[{\"@type\":\"WebPage\",\"@id\":\"https:\/\/cancampus.ca\/en\/parceiros\/\",\"url\":\"https:\/\/cancampus.ca\/en\/parceiros\/\",\"name\":\"Parceiros - CanCampus\",\"isPartOf\":{\"@id\":\"https:\/\/cancampus.ca\/#website\"},\"primaryImageOfPage\":{\"@id\":\"https:\/\/cancampus.ca\/en\/parceiros\/#primaryimage\"},\"image\":{\"@id\":\"https:\/\/cancampus.ca\/en\/parceiros\/#primaryimage\"},\"thumbnailUrl\":\"http:\/\/cancampus.ca\/wp-content\/uploads\/2025\/02\/logo-black-1.png\",\"datePublished\":\"2020-01-24T10:26:22+00:00\",\"dateModified\":\"2025-03-26T19:09:18+00:00\",\"breadcrumb\":{\"@id\":\"https:\/\/cancampus.ca\/en\/parceiros\/#breadcrumb\"},\"inLanguage\":\"en-CA\",\"potentialAction\":[{\"@type\":\"ReadAction\",\"target\":[\"https:\/\/cancampus.ca\/en\/parceiros\/\"]}]},{\"@type\":\"ImageObject\",\"inLanguage\":\"en-CA\",\"@id\":\"https:\/\/cancampus.ca\/en\/parceiros\/#primaryimage\",\"url\":\"http:\/\/cancampus.ca\/wp-content\/uploads\/2025\/02\/logo-black-1.png\",\"contentUrl\":\"http:\/\/cancampus.ca\/wp-content\/uploads\/2025\/02\/logo-black-1.png\"},{\"@type\":\"BreadcrumbList\",\"@id\":\"https:\/\/cancampus.ca\/en\/parceiros\/#breadcrumb\",\"itemListElement\":[{\"@type\":\"ListItem\",\"position\":1,\"name\":\"In\u00edcio\",\"item\":\"https:\/\/cancampus.ca\/\"},{\"@type\":\"ListItem\",\"position\":2,\"name\":\"Parceiros\"}]},{\"@type\":\"WebSite\",\"@id\":\"https:\/\/cancampus.ca\/#website\",\"url\":\"https:\/\/cancampus.ca\/\",\"name\":\"CanCampus - Experince Learning!\",\"description\":\"Experience Learning!\",\"publisher\":{\"@id\":\"https:\/\/cancampus.ca\/#organization\"},\"potentialAction\":[{\"@type\":\"SearchAction\",\"target\":{\"@type\":\"EntryPoint\",\"urlTemplate\":\"https:\/\/cancampus.ca\/?s={search_term_string}\"},\"query-input\":{\"@type\":\"PropertyValueSpecification\",\"valueRequired\":true,\"valueName\":\"search_term_string\"}}],\"inLanguage\":\"en-CA\"},{\"@type\":\"Organization\",\"@id\":\"https:\/\/cancampus.ca\/#organization\",\"name\":\"CanCampus Canada\",\"url\":\"https:\/\/cancampus.ca\/\",\"logo\":{\"@type\":\"ImageObject\",\"inLanguage\":\"en-CA\",\"@id\":\"https:\/\/cancampus.ca\/#\/schema\/logo\/image\/\",\"url\":\"http:\/\/box5226.temp.domains\/~cancampu\/wp-content\/uploads\/2020\/03\/13.png\",\"contentUrl\":\"http:\/\/box5226.temp.domains\/~cancampu\/wp-content\/uploads\/2020\/03\/13.png\",\"width\":3072,\"height\":1536,\"caption\":\"CanCampus Canada\"},\"image\":{\"@id\":\"https:\/\/cancampus.ca\/#\/schema\/logo\/image\/\"},\"sameAs\":[\"https:\/\/www.facebook.com\/cancampus.ca\",\"https:\/\/www.instagram.com\/cancampus_ca\/\",\"https:\/\/www.linkedin.com\/in\/cancampus\/\"]}]}<\/script>\n<!-- \/ Yoast SEO plugin. -->","yoast_head_json":{"title":"Partners - CanCampus","robots":{"index":"index","follow":"follow","max-snippet":"max-snippet:-1","max-image-preview":"max-image-preview:large","max-video-preview":"max-video-preview:-1"},"canonical":"https:\/\/cancampus.ca\/en\/parceiros\/","og_locale":"en_US","og_type":"article","og_title":"Parceiros - CanCampus","og_description":"Conhe\u00e7a alguns dos nossos parceiros Nossos parceiros igualmente compartilham com a busca por uma boa educa\u00e7\u00e3o de qualidade e que [&hellip;]","og_url":"https:\/\/cancampus.ca\/en\/parceiros\/","og_site_name":"CanCampus","article_publisher":"https:\/\/www.facebook.com\/cancampus.ca","article_modified_time":"2025-03-26T19:09:18+00:00","og_image":[{"url":"http:\/\/cancampus.ca\/wp-content\/uploads\/2025\/02\/logo-black-1.png","type":"","width":"","height":""}],"twitter_card":"summary_large_image","twitter_misc":{"Est. reading time":"3 minutes"},"schema":{"@context":"https:\/\/schema.org","@graph":[{"@type":"WebPage","@id":"https:\/\/cancampus.ca\/en\/parceiros\/","url":"https:\/\/cancampus.ca\/en\/parceiros\/","name":"Partners - CanCampus","isPartOf":{"@id":"https:\/\/cancampus.ca\/#website"},"primaryImageOfPage":{"@id":"https:\/\/cancampus.ca\/en\/parceiros\/#primaryimage"},"image":{"@id":"https:\/\/cancampus.ca\/en\/parceiros\/#primaryimage"},"thumbnailUrl":"http:\/\/cancampus.ca\/wp-content\/uploads\/2025\/02\/logo-black-1.png","datePublished":"2020-01-24T10:26:22+00:00","dateModified":"2025-03-26T19:09:18+00:00","breadcrumb":{"@id":"https:\/\/cancampus.ca\/en\/parceiros\/#breadcrumb"},"inLanguage":"en-CA","potentialAction":[{"@type":"ReadAction","target":["https:\/\/cancampus.ca\/en\/parceiros\/"]}]},{"@type":"ImageObject","inLanguage":"en-CA","@id":"https:\/\/cancampus.ca\/en\/parceiros\/#primaryimage","url":"http:\/\/cancampus.ca\/wp-content\/uploads\/2025\/02\/logo-black-1.png","contentUrl":"http:\/\/cancampus.ca\/wp-content\/uploads\/2025\/02\/logo-black-1.png"},{"@type":"BreadcrumbList","@id":"https:\/\/cancampus.ca\/en\/parceiros\/#breadcrumb","itemListElement":[{"@type":"ListItem","position":1,"name":"In\u00edcio","item":"https:\/\/cancampus.ca\/"},{"@type":"ListItem","position":2,"name":"Parceiros"}]},{"@type":"WebSite","@id":"https:\/\/cancampus.ca\/#website","url":"https:\/\/cancampus.ca\/","name":"CanCampus - Experience Learning!","description":"Experience Learning!","publisher":{"@id":"https:\/\/cancampus.ca\/#organization"},"potentialAction":[{"@type":"SearchAction","target":{"@type":"EntryPoint","urlTemplate":"https:\/\/cancampus.ca\/?s={search_term_string}"},"query-input":{"@type":"PropertyValueSpecification","valueRequired":true,"valueName":"search_term_string"}}],"inLanguage":"en-CA"},{"@type":"Organization","@id":"https:\/\/cancampus.ca\/#organization","name":"CanCampus Canada","url":"https:\/\/cancampus.ca\/","logo":{"@type":"ImageObject","inLanguage":"en-CA","@id":"https:\/\/cancampus.ca\/#\/schema\/logo\/image\/","url":"http:\/\/box5226.temp.domains\/~cancampu\/wp-content\/uploads\/2020\/03\/13.png","contentUrl":"http:\/\/box5226.temp.domains\/~cancampu\/wp-content\/uploads\/2020\/03\/13.png","width":3072,"height":1536,"caption":"CanCampus Canada"},"image":{"@id":"https:\/\/cancampus.ca\/#\/schema\/logo\/image\/"},"sameAs":["https:\/\/www.facebook.com\/cancampus.ca","https:\/\/www.instagram.com\/cancampus_ca\/","https:\/\/www.linkedin.com\/in\/cancampus\/"]}]}},"_links":{"self":[{"href":"https:\/\/cancampus.ca\/en\/wp-json\/wp\/v2\/pages\/2635","targetHints":{"allow":["GET"]}}],"collection":[{"href":"https:\/\/cancampus.ca\/en\/wp-json\/wp\/v2\/pages"}],"about":[{"href":"https:\/\/cancampus.ca\/en\/wp-json\/wp\/v2\/types\/page"}],"author":[{"embeddable":true,"href":"https:\/\/cancampus.ca\/en\/wp-json\/wp\/v2\/users\/2"}],"replies":[{"embeddable":true,"href":"https:\/\/cancampus.ca\/en\/wp-json\/wp\/v2\/comments?post=2635"}],"version-history":[{"count":7,"href":"https:\/\/cancampus.ca\/en\/wp-json\/wp\/v2\/pages\/2635\/revisions"}],"predecessor-version":[{"id":5461,"href":"https:\/\/cancampus.ca\/en\/wp-json\/wp\/v2\/pages\/2635\/revisions\/5461"}],"wp:attachment":[{"href":"https:\/\/cancampus.ca\/en\/wp-json\/wp\/v2\/media?parent=2635"}],"curies":[{"name":"wp","href":"https:\/\/api.w.org\/{rel}","templated":true}]}}