{"id":3621,"date":"2020-06-04T23:25:35","date_gmt":"2020-06-05T02:25:35","guid":{"rendered":"http:\/\/box5226.temp.domains\/~cancampu\/?page_id=3621"},"modified":"2024-10-09T08:46:21","modified_gmt":"2024-10-09T12:46:21","slug":"english-for-all","status":"publish","type":"page","link":"https:\/\/cancampus.ca\/en\/programas\/english-for-all\/","title":{"rendered":"English for Everyone"},"content":{"rendered":"<p><section class=\"fw-main-row\"  >\n\t<div class=\"fw-container-fluid\">\n\t\t<div class=\"fw-row\">\n\t<div class=\"fw-col-xs-12\">\n\t\n<div class=\"owl-carousel owl-theme\">\n                     <div class=\"position-center header-content-full header-content\" role=\"banner\" style=\"background-image:url(\/\/cancampus.ca\/wp-content\/uploads\/2020\/04\/business_a-e1598309874489.jpg);\">\n                <div class=\"container\">\n            <div class=\"row\">\n                <div class=\"col-xs-12 col-sm-12 header-area\">\n                    <div class=\"header-area-inner header-text\">\n                        <div><span class=\"subtitle\"><span class=\"\"><\/span>English for All<\/span><\/div>\n                        <h1 class=\"title\"><\/h1>\n                        <p><span style=\"color: #ffffff;\"><em>English for All \u00a0<\/em>was developed for you who want to improve your proficiency in the English language, focused on your needs and allowing customization with your lifestyle.<\/span><\/p>                        <div class=\"btn-section\">\n                                                                                <\/div>\n                    <\/div>\n                <\/div>\n            <\/div>\n        <\/div>\n    <\/div>\n    <\/div><\/div>\n<\/div>\n\n\t<\/div>\n<\/section>\n<section class=\"fw-main-row\"  >\n\t<div class=\"fw-container\">\n\t\t<div class=\"fw-row\">\n\t<div class=\"fw-col-xs-12\">\n\t\n\t<div class=\"fw-divider-space\" style=\"padding-top: 40px;\"><\/div>\n<\/div>\n<\/div>\n\n\t<\/div>\n<\/section>\n<section class=\"fw-main-row\" style=\"background-color:#ffffff;\" >\n\t<div class=\"fw-container-fluid\">\n\t\t<div class=\"fw-row\">\n\t<div class=\"fw-col-xs-12 fw-col-sm-2\">\n\t<\/div>\n<div class=\"fw-col-xs-12 fw-col-sm-8\">\n\t<div class=\"fw-accordion\">\n\t\t\t<h3 class=\"fw-accordion-title\">Indicated for<\/h3>\n\t\t<div class=\"fw-accordion-content\">\n\t\t\t<p>Professionals and students who wish to improve the English language.<\/p>\n\t\t<\/div>\n\t\t\t<h3 class=\"fw-accordion-title\">Language<\/h3>\n\t\t<div class=\"fw-accordion-content\">\n\t\t\t<p>All levels.<\/p>\n\t\t<\/div>\n\t\t\t<h3 class=\"fw-accordion-title\">Place<\/h3>\n\t\t<div class=\"fw-accordion-content\">\n\t\t\t<p>Toronto, Vancouver, Montreal and Charlottetown.<\/p>\n\t\t<\/div>\n\t\t\t<h3 class=\"fw-accordion-title\">Investment<\/h3>\n\t\t<div class=\"fw-accordion-content\">\n\t\t\t<p>Consult us.<\/p>\n\t\t<\/div>\n\t\t\t<h3 class=\"fw-accordion-title\">Date<\/h3>\n\t\t<div class=\"fw-accordion-content\">\n\t\t\t<p>Available all year.<\/p>\n\t\t<\/div>\n\t<\/div><\/div>\n<div class=\"fw-col-xs-12 fw-col-sm-2\">\n\t<\/div>\n<\/div>\n\n\t<\/div>\n<\/section>\n<section class=\"fw-main-row\"  >\n\t<div class=\"fw-container\">\n\t\t<div class=\"fw-row\">\n\t<div class=\"fw-col-xs-12\">\n\t\n\t<div class=\"fw-divider-space\" style=\"padding-top: 30px;\"><\/div>\n<\/div>\n<\/div>\n\n\t<\/div>\n<\/section>\n<section class=\"fw-main-row\" style=\"background-color:#f3f7fe;\" >\n\t<div class=\"fw-container-fluid\">\n\t\t<div class=\"fw-row\">\n\t<div class=\"fw-col-xs-12\">\n\t       \n<div id=\"why-us\" class=\"\">\n    <div class=\"row\">\n                    <div class=\"col-xs-12 col-sm-12 col-md-5 col-xl-6 col-lg-6 why-us-left-bg\" style=\"background-image:url(\/\/cancampus.ca\/wp-content\/uploads\/2020\/01\/21175-scaled.jpg);\">\n            <\/div>\n            <div class=\"col-xs-12 col-sm-12 col-md-7 col-xl-6 col-lg-6 wrap-padding bg-img-left\">\n                <div class=\"section-title\">\n                    <div>\n                        <span>The program<\/span>\n                        <h3>Expand your skills<\/h3>\n                    <\/div>\n                <\/div>\n                                    <div class=\"about_content\">\n                        <p>We know that English is fundamental nowadays and nothing better than traveling and still learning a language.<\/p><p>Not to mention that there is no age limit for this experience! Whether you are a 20-year-old student, a 50-year-old executive, or a family or team of professionals and friends who would like to learn together, we have selected the ideal setting based on your expectations.<\/p><p>We plan for groups, companies or individuals, optimizing your vacation.<\/p><p>Get in touch and find out more details!<\/p>                                            <\/div>\n                            <\/div>\n                    <\/div>\n<\/div>\n<\/div>\n<\/div>\n\n\t<\/div>\n<\/section>\n<section class=\"fw-main-row\" style=\"background-color:#f3f7fe;\" >\n\t<div class=\"fw-container-fluid\">\n\t\t<div class=\"fw-row\">\n\t<div class=\"fw-col-xs-12\">\n\t\n<div id=\"why-us\" class=\"\">\n    <div class=\"row\">\n                            <div class=\"col-xs-12 col-sm-12 col-md-7 col-xl-6 col-lg-6 wrap-padding bg-img-right\">\n                <div class=\"section-title\">\n                    <div>\n                        <span>English for everyone! From east to west!<\/span>\n                        <h3>Build your program<\/h3>\n                    <\/div>\n                <\/div>\n                                    <div class=\"about_content\">\n                        <p>We will make your international experience more natural, pleasant and effective, according to your expectations.<\/p><p>In addition to proficiency classes we can include experiences such as:<\/p><ul><li>Gastronomy, arts, among others;<\/li><li>Preparatory exam courses for CELPIP and IELTS;<\/li><li>Preparatory courses for admission to universities.<\/li><\/ul><p><strong>Explore sights!<\/strong><\/p><p><strong>Vancouver<\/strong><\/p><ul><li>Gastown<\/li><li>Capilano Suspension Bridge<\/li><li>Robson Street<\/li><li>Among others<\/li><\/ul><p><strong>Toronto<\/strong><\/p><ul><li>CN Tower<\/li><li>Ripleys Aquarium<\/li><li>Casa Loma<\/li><li>Among others<\/li><\/ul><p><strong>Montreal<\/strong><\/p><ul><li>Old Montreal<\/li><li>Jardin Botanique (Botanical Garden)<\/li><li>Parc Jean Drapeau<\/li><li>Among others<\/li><\/ul><p><strong>Charlottetown<\/strong><\/p><ul><li>St. Dunstan&#039;s Basilica<\/li><li>Prince Edward Battery and Victoria Park<\/li><li>Peakes Wharf and Confederation Landing<\/li><li>Among others<\/li><\/ul>                                            <\/div>\n                            <\/div>\n            <div class=\"col-xs-12 col-sm-12 col-md-5 col-xl-6 col-lg-6 why-us-left-bg\" style=\"background-image:url(\/\/cancampus.ca\/wp-content\/uploads\/2020\/01\/PCXGT5.jpg);\">\n            <\/div>\n            <\/div>\n<\/div>\n<\/div>\n<\/div>\n\n\t<\/div>\n<\/section>\n<section class=\"fw-main-row\" style=\"background-color:#f3f7fe;\" >\n\t<div class=\"fw-container-fluid\">\n\t\t<div class=\"fw-row\">\n\t<div class=\"fw-col-xs-12\">\n\t\n<div id=\"why-us\" class=\"\">\n    <div class=\"row\">\n                    <div class=\"col-xs-12 col-sm-12 col-md-5 col-xl-6 col-lg-6 why-us-left-bg\" style=\"background-image:url(\/\/cancampus.ca\/wp-content\/uploads\/2020\/04\/keyssar_hbs_072_1280.jpg);\">\n            <\/div>\n            <div class=\"col-xs-12 col-sm-12 col-md-7 col-xl-6 col-lg-6 wrap-padding bg-img-left\">\n                <div class=\"section-title\">\n                    <div>\n                        <span>Investments<\/span>\n                        <h3><\/h3>\n                    <\/div>\n                <\/div>\n                                    <div class=\"about_content\">\n                        <p>Consult us the values and payment options.<\/p>                                            <\/div>\n                            <\/div>\n                    <\/div>\n<\/div>\n<\/div>\n<\/div>\n\n\t<\/div>\n<\/section>\n<section class=\"fw-main-row\" style=\"background-color:#ee8320;\" >\n\t<div class=\"fw-container\">\n\t\t<div class=\"fw-row\">\n\t<div class=\"fw-col-xs-12\">\n\t\n\n<div id=\"instructor\" class=\"call-to-action-area\">\n    <div class=\"container\">\n        <div class=\"row justify-content-xl-between justify-content-lg-center justify-content-center\">\n            <div class=\"col-xl-6 col-lg-7 col-md-10\">\n                <div class=\"call-to-action-content\">\n                    <div class=\"post-heading-left\">\n                        <h3 class=\"text-white\">Get your program<\/h3>\n                    <\/div>\n                    <div class=\"text-white\">\n                                                    <p>A good course, in reputable institutions, with a local team, is the unique opportunity for your international experience, expanding your English skills.<\/p><p>Click and get your program now.<\/p>                                            <\/div>\n                    <div class=\"call-to-action-btn\">\n                                                    <a href=\"https:\/\/cancampus.ca\/en\/contato\/\">\n                                Get it here <i class=\"fas fa-arrow-right\"><\/i><\/a>\n                                            <\/div>\n                <\/div>\n            <\/div>\n                            <div class=\"col-xl-5 col-lg-0\">\n                    <div class=\"part-img\">\n                        <img decoding=\"async\" src=\"\/\/cancampus.ca\/wp-content\/uploads\/2020\/01\/instructor.png\"  alt=\"Get your program\"\/>\n                    <\/div>\n                <\/div>\n                    <\/div>\n    <\/div>\n<\/div><\/div>\n<\/div>\n\n\t<\/div>\n<\/section>\n<\/p>","protected":false},"excerpt":{"rendered":"<p>English for All English for All \u00a0foi desenvolvido para voc\u00ea que deseja aperfei\u00e7oar sua profici\u00eancia na l\u00edngua inglesa, focado em [&hellip;]<\/p>","protected":false},"author":2,"featured_media":0,"parent":3039,"menu_order":0,"comment_status":"closed","ping_status":"closed","template":"template-parts\/lernen-pagefullwidth.php","meta":{"_joinchat":[],"footnotes":""},"class_list":["post-3621","page","type-page","status-publish","hentry"],"yoast_head":"<!-- This site is optimized with the Yoast SEO plugin v27.2 - https:\/\/yoast.com\/product\/yoast-seo-wordpress\/ -->\n<title>Ingl\u00eas para Todos - CanCampus<\/title>\n<meta name=\"robots\" content=\"index, follow, max-snippet:-1, max-image-preview:large, max-video-preview:-1\" \/>\n<link rel=\"canonical\" href=\"http:\/\/cancampus.ca\/en\/programas\/english-for-all\/\" \/>\n<meta property=\"og:locale\" content=\"en_US\" \/>\n<meta property=\"og:type\" content=\"article\" \/>\n<meta property=\"og:title\" content=\"Ingl\u00eas para Todos - CanCampus\" \/>\n<meta property=\"og:description\" content=\"English for All English for All \u00a0foi desenvolvido para voc\u00ea que deseja aperfei\u00e7oar sua profici\u00eancia na l\u00edngua inglesa, focado em [&hellip;]\" \/>\n<meta property=\"og:url\" content=\"http:\/\/cancampus.ca\/en\/programas\/english-for-all\/\" \/>\n<meta property=\"og:site_name\" content=\"CanCampus\" \/>\n<meta property=\"article:publisher\" content=\"https:\/\/www.facebook.com\/cancampus.ca\" \/>\n<meta property=\"article:modified_time\" content=\"2024-10-09T12:46:21+00:00\" \/>\n<meta name=\"twitter:card\" content=\"summary_large_image\" \/>\n<meta name=\"twitter:label1\" content=\"Est. reading time\" \/>\n\t<meta name=\"twitter:data1\" content=\"3 minutes\" \/>\n<script type=\"application\/ld+json\" class=\"yoast-schema-graph\">{\"@context\":\"https:\/\/schema.org\",\"@graph\":[{\"@type\":\"WebPage\",\"@id\":\"http:\/\/cancampus.ca\/programas\/english-for-all\/\",\"url\":\"http:\/\/cancampus.ca\/programas\/english-for-all\/\",\"name\":\"Ingl\u00eas para Todos - CanCampus\",\"isPartOf\":{\"@id\":\"https:\/\/cancampus.ca\/#website\"},\"datePublished\":\"2020-06-05T02:25:35+00:00\",\"dateModified\":\"2024-10-09T12:46:21+00:00\",\"breadcrumb\":{\"@id\":\"http:\/\/cancampus.ca\/programas\/english-for-all\/#breadcrumb\"},\"inLanguage\":\"en-CA\",\"potentialAction\":[{\"@type\":\"ReadAction\",\"target\":[\"http:\/\/cancampus.ca\/programas\/english-for-all\/\"]}]},{\"@type\":\"BreadcrumbList\",\"@id\":\"http:\/\/cancampus.ca\/programas\/english-for-all\/#breadcrumb\",\"itemListElement\":[{\"@type\":\"ListItem\",\"position\":1,\"name\":\"In\u00edcio\",\"item\":\"https:\/\/cancampus.ca\/\"},{\"@type\":\"ListItem\",\"position\":2,\"name\":\"Programas\",\"item\":\"https:\/\/cancampus.ca\/en\/programas\/\"},{\"@type\":\"ListItem\",\"position\":3,\"name\":\"Ingl\u00eas para Todos\"}]},{\"@type\":\"WebSite\",\"@id\":\"https:\/\/cancampus.ca\/#website\",\"url\":\"https:\/\/cancampus.ca\/\",\"name\":\"CanCampus - Experince Learning!\",\"description\":\"Experience Learning!\",\"publisher\":{\"@id\":\"https:\/\/cancampus.ca\/#organization\"},\"potentialAction\":[{\"@type\":\"SearchAction\",\"target\":{\"@type\":\"EntryPoint\",\"urlTemplate\":\"https:\/\/cancampus.ca\/?s={search_term_string}\"},\"query-input\":{\"@type\":\"PropertyValueSpecification\",\"valueRequired\":true,\"valueName\":\"search_term_string\"}}],\"inLanguage\":\"en-CA\"},{\"@type\":\"Organization\",\"@id\":\"https:\/\/cancampus.ca\/#organization\",\"name\":\"CanCampus Canada\",\"url\":\"https:\/\/cancampus.ca\/\",\"logo\":{\"@type\":\"ImageObject\",\"inLanguage\":\"en-CA\",\"@id\":\"https:\/\/cancampus.ca\/#\/schema\/logo\/image\/\",\"url\":\"http:\/\/box5226.temp.domains\/~cancampu\/wp-content\/uploads\/2020\/03\/13.png\",\"contentUrl\":\"http:\/\/box5226.temp.domains\/~cancampu\/wp-content\/uploads\/2020\/03\/13.png\",\"width\":3072,\"height\":1536,\"caption\":\"CanCampus Canada\"},\"image\":{\"@id\":\"https:\/\/cancampus.ca\/#\/schema\/logo\/image\/\"},\"sameAs\":[\"https:\/\/www.facebook.com\/cancampus.ca\",\"https:\/\/www.instagram.com\/cancampus_ca\/\",\"https:\/\/www.linkedin.com\/in\/cancampus\/\"]}]}<\/script>\n<!-- \/ Yoast SEO plugin. -->","yoast_head_json":{"title":"English for Everyone - CanCampus","robots":{"index":"index","follow":"follow","max-snippet":"max-snippet:-1","max-image-preview":"max-image-preview:large","max-video-preview":"max-video-preview:-1"},"canonical":"http:\/\/cancampus.ca\/en\/programas\/english-for-all\/","og_locale":"en_US","og_type":"article","og_title":"Ingl\u00eas para Todos - CanCampus","og_description":"English for All English for All \u00a0foi desenvolvido para voc\u00ea que deseja aperfei\u00e7oar sua profici\u00eancia na l\u00edngua inglesa, focado em [&hellip;]","og_url":"http:\/\/cancampus.ca\/en\/programas\/english-for-all\/","og_site_name":"CanCampus","article_publisher":"https:\/\/www.facebook.com\/cancampus.ca","article_modified_time":"2024-10-09T12:46:21+00:00","twitter_card":"summary_large_image","twitter_misc":{"Est. reading time":"3 minutes"},"schema":{"@context":"https:\/\/schema.org","@graph":[{"@type":"WebPage","@id":"http:\/\/cancampus.ca\/programas\/english-for-all\/","url":"http:\/\/cancampus.ca\/programas\/english-for-all\/","name":"English for Everyone - CanCampus","isPartOf":{"@id":"https:\/\/cancampus.ca\/#website"},"datePublished":"2020-06-05T02:25:35+00:00","dateModified":"2024-10-09T12:46:21+00:00","breadcrumb":{"@id":"http:\/\/cancampus.ca\/programas\/english-for-all\/#breadcrumb"},"inLanguage":"en-CA","potentialAction":[{"@type":"ReadAction","target":["http:\/\/cancampus.ca\/programas\/english-for-all\/"]}]},{"@type":"BreadcrumbList","@id":"http:\/\/cancampus.ca\/programas\/english-for-all\/#breadcrumb","itemListElement":[{"@type":"ListItem","position":1,"name":"In\u00edcio","item":"https:\/\/cancampus.ca\/"},{"@type":"ListItem","position":2,"name":"Programas","item":"https:\/\/cancampus.ca\/en\/programas\/"},{"@type":"ListItem","position":3,"name":"Ingl\u00eas para Todos"}]},{"@type":"WebSite","@id":"https:\/\/cancampus.ca\/#website","url":"https:\/\/cancampus.ca\/","name":"CanCampus - Experience Learning!","description":"Experience Learning!","publisher":{"@id":"https:\/\/cancampus.ca\/#organization"},"potentialAction":[{"@type":"SearchAction","target":{"@type":"EntryPoint","urlTemplate":"https:\/\/cancampus.ca\/?s={search_term_string}"},"query-input":{"@type":"PropertyValueSpecification","valueRequired":true,"valueName":"search_term_string"}}],"inLanguage":"en-CA"},{"@type":"Organization","@id":"https:\/\/cancampus.ca\/#organization","name":"CanCampus Canada","url":"https:\/\/cancampus.ca\/","logo":{"@type":"ImageObject","inLanguage":"en-CA","@id":"https:\/\/cancampus.ca\/#\/schema\/logo\/image\/","url":"http:\/\/box5226.temp.domains\/~cancampu\/wp-content\/uploads\/2020\/03\/13.png","contentUrl":"http:\/\/box5226.temp.domains\/~cancampu\/wp-content\/uploads\/2020\/03\/13.png","width":3072,"height":1536,"caption":"CanCampus Canada"},"image":{"@id":"https:\/\/cancampus.ca\/#\/schema\/logo\/image\/"},"sameAs":["https:\/\/www.facebook.com\/cancampus.ca","https:\/\/www.instagram.com\/cancampus_ca\/","https:\/\/www.linkedin.com\/in\/cancampus\/"]}]}},"_links":{"self":[{"href":"https:\/\/cancampus.ca\/en\/wp-json\/wp\/v2\/pages\/3621","targetHints":{"allow":["GET"]}}],"collection":[{"href":"https:\/\/cancampus.ca\/en\/wp-json\/wp\/v2\/pages"}],"about":[{"href":"https:\/\/cancampus.ca\/en\/wp-json\/wp\/v2\/types\/page"}],"author":[{"embeddable":true,"href":"https:\/\/cancampus.ca\/en\/wp-json\/wp\/v2\/users\/2"}],"replies":[{"embeddable":true,"href":"https:\/\/cancampus.ca\/en\/wp-json\/wp\/v2\/comments?post=3621"}],"version-history":[{"count":2,"href":"https:\/\/cancampus.ca\/en\/wp-json\/wp\/v2\/pages\/3621\/revisions"}],"predecessor-version":[{"id":5364,"href":"https:\/\/cancampus.ca\/en\/wp-json\/wp\/v2\/pages\/3621\/revisions\/5364"}],"up":[{"embeddable":true,"href":"https:\/\/cancampus.ca\/en\/wp-json\/wp\/v2\/pages\/3039"}],"wp:attachment":[{"href":"https:\/\/cancampus.ca\/en\/wp-json\/wp\/v2\/media?parent=3621"}],"curies":[{"name":"wp","href":"https:\/\/api.w.org\/{rel}","templated":true}]}}