{"id":3643,"date":"2020-06-05T00:43:47","date_gmt":"2020-06-05T03:43:47","guid":{"rendered":"http:\/\/box5226.temp.domains\/~cancampu\/?page_id=3643"},"modified":"2024-10-09T08:37:36","modified_gmt":"2024-10-09T12:37:36","slug":"intensive-business","status":"publish","type":"page","link":"https:\/\/cancampus.ca\/en\/programas\/intensive-business\/","title":{"rendered":"Professional Intensive Business English Program"},"content":{"rendered":"<p><section class=\"fw-main-row\"  >\n\t<div class=\"fw-container-fluid\">\n\t\t<div class=\"fw-row\">\n\t<div class=\"fw-col-xs-12\">\n\t\n<div class=\"owl-carousel owl-theme\">\n                     <div class=\"position-center equal-margin header-content\" role=\"banner\" style=\"background-image:url(\/\/cancampus.ca\/wp-content\/uploads\/2021\/08\/african-american-student-talking-with-university-team-discussing-marketing-ideas-during-online-webinar.jpg);\">\n                <div class=\"container\">\n            <div class=\"row\">\n                <div class=\"col-xs-12 col-sm-12 header-area\">\n                    <div class=\"header-area-inner header-text\">\n                        <div><span class=\"subtitle\"><span class=\"\"><\/span> Professional Intensive Business English Program<\/span><\/div>\n                        <h1 class=\"title\"><\/h1>\n                        <p>Focused on you, professional and student in the business area, we developed our course <em>intensive<\/em> in <em>Business English<\/em> to strengthen your business skills.<\/p>                        <div class=\"btn-section\">\n                                                                                <\/div>\n                    <\/div>\n                <\/div>\n            <\/div>\n        <\/div>\n    <\/div>\n    <\/div><\/div>\n<\/div>\n\n\t<\/div>\n<\/section>\n<section class=\"fw-main-row\"  >\n\t<div class=\"fw-container\">\n\t\t<div class=\"fw-row\">\n\t<div class=\"fw-col-xs-12\">\n\t\n\t<div class=\"fw-divider-space\" style=\"padding-top: 40px;\"><\/div>\n<\/div>\n<\/div>\n\n\t<\/div>\n<\/section>\n<section class=\"fw-main-row\" style=\"background-color:#ffffff;\" >\n\t<div class=\"fw-container-fluid\">\n\t\t<div class=\"fw-row\">\n\t<div class=\"fw-col-xs-12 fw-col-sm-2\">\n\t<\/div>\n<div class=\"fw-col-xs-12 fw-col-sm-8\">\n\t<div class=\"fw-accordion\">\n\t\t\t<h3 class=\"fw-accordion-title\">Indicated for<\/h3>\n\t\t<div class=\"fw-accordion-content\">\n\t\t\t<p>Business professionals and students who need to work on Instrumental English in the short term.<\/p>\n\t\t<\/div>\n\t\t\t<h3 class=\"fw-accordion-title\">Language<\/h3>\n\t\t<div class=\"fw-accordion-content\">\n\t\t\t<p>Intermediate level English.<\/p>\n\t\t<\/div>\n\t\t\t<h3 class=\"fw-accordion-title\">Place<\/h3>\n\t\t<div class=\"fw-accordion-content\">\n\t\t\t<p>Brantford, Toronto and Niagara.<\/p>\n\t\t<\/div>\n\t\t\t<h3 class=\"fw-accordion-title\">Investment<\/h3>\n\t\t<div class=\"fw-accordion-content\">\n\t\t\t<p>Starting from CAD$ 1,895.00 per week.<\/p>\n\t\t<\/div>\n\t\t\t<h3 class=\"fw-accordion-title\">Date<\/h3>\n\t\t<div class=\"fw-accordion-content\">\n\t\t\t<p>From 10 to 21 May 2021. Consult us for other dates.<\/p>\n\t\t<\/div>\n\t<\/div><\/div>\n<div class=\"fw-col-xs-12 fw-col-sm-2\">\n\t<\/div>\n<\/div>\n\n\t<\/div>\n<\/section>\n<section class=\"fw-main-row\"  >\n\t<div class=\"fw-container\">\n\t\t<div class=\"fw-row\">\n\t<div class=\"fw-col-xs-12\">\n\t\n\t<div class=\"fw-divider-space\" style=\"padding-top: 30px;\"><\/div>\n<\/div>\n<\/div>\n\n\t<\/div>\n<\/section>\n<section class=\"fw-main-row\" style=\"background-color:#f3f7fe;\" >\n\t<div class=\"fw-container-fluid\">\n\t\t<div class=\"fw-row\">\n\t<div class=\"fw-col-xs-12\">\n\t       \n<div id=\"why-us\" class=\"\">\n    <div class=\"row\">\n                    <div class=\"col-xs-12 col-sm-12 col-md-5 col-xl-6 col-lg-6 why-us-left-bg\" style=\"background-image:url(\/\/cancampus.ca\/wp-content\/uploads\/2020\/01\/2537035-scaled.jpg);\">\n            <\/div>\n            <div class=\"col-xs-12 col-sm-12 col-md-7 col-xl-6 col-lg-6 wrap-padding bg-img-left\">\n                <div class=\"section-title\">\n                    <div>\n                        <span>The program<\/span>\n                        <h3>Expand your skills<\/h3>\n                    <\/div>\n                <\/div>\n                                    <div class=\"about_content\">\n                        <p>Worked in partnership with <em>Wilfrid Laurier University<\/em>, one of the largest and most recognized Canadian university, the program <em>Professional Intensive Business English is<\/em> focused on university students and professionals who wish to improve the Instrumental language in a shorter period, thus focusing on the most common tools used and recognized in the market, so that the participant quickly assimilates the terms and experience in the area.<\/p><p>The program includes activities of pragmatic classes and visits to Canadian companies from the most diverse segments, aiming at greater contact and networking opportunity with entrepreneurs and professionals.<\/p><p>Upon completion of this course, in addition to improving your English language skills, you will also receive a university certificate in Intensive <strong><em>Business International<\/em><\/strong>.<\/p><p>We offer <em>team building<\/em> with customized courses for companies interested in investing in their team.<\/p>                                            <\/div>\n                            <\/div>\n                    <\/div>\n<\/div>\n<\/div>\n<\/div>\n\n\t<\/div>\n<\/section>\n<section class=\"fw-main-row\" style=\"background-color:#f3f7fe;\" >\n\t<div class=\"fw-container-fluid\">\n\t\t<div class=\"fw-row\">\n\t<div class=\"fw-col-xs-12\">\n\t\n<div id=\"why-us\" class=\"\">\n    <div class=\"row\">\n                            <div class=\"col-xs-12 col-sm-12 col-md-7 col-xl-6 col-lg-6 wrap-padding bg-img-right\">\n                <div class=\"section-title\">\n                    <div>\n                        <span>Lectures, Networking &amp; Culture<\/span>\n                        <h3>Everything for you to go further!<\/h3>\n                    <\/div>\n                <\/div>\n                                    <div class=\"about_content\">\n                        <p><strong>Speeches<\/strong><\/p><ul><li>Entrepreneurship<\/li><li>Start ups &amp; Innovations<\/li><li>Networking 101<\/li><\/ul><p><strong>Topics covered in the course\u00a0<\/strong><\/p><ul><li>Business communications skills<\/li><li>Leadership, Marketing &amp; Negotiating<\/li><li>Human Resources - Etiquette, Interviewing, Business Ethics<\/li><li>Making Presentations, conducting and participating in meetings<\/li><li>International trade<\/li><li>Among others<\/li><\/ul><p><strong>Course duration of 02 weeks<\/strong><\/p><ul><li>30 hours - didactic classes<\/li><li>15 hours - collaborative interaction (in group)<\/li><li>10 am - visit companies &quot;off site&quot;<\/li><\/ul><p>We have other options for course duration: contact us.<\/p><p><strong>Explore! Options such as:<br \/><\/strong><\/p><ul><li>CN Tower<\/li><li>Baseball game at Rogers Center stadium *<\/li><li>Hockey game *<\/li><li>Niagara Falls, Maid of the Mist &amp; Clifton Hill<\/li><li>Shopping - Premier Outlet and Eaton Center<\/li><li>ROM (Royal Ontario Museum) or AGO (Art Gallery of Ontario)<\/li><li>REC room<\/li><li>Distillery District<\/li><li>Wonderland Amusement Park *<\/li><\/ul><p>*Seasonal<\/p>                                            <\/div>\n                            <\/div>\n            <div class=\"col-xs-12 col-sm-12 col-md-5 col-xl-6 col-lg-6 why-us-left-bg\" style=\"background-image:url(\/\/cancampus.ca\/wp-content\/uploads\/2020\/01\/Canva-Aerial-View-of-Sports-Stadium-during-Daytime-scaled.jpg);\">\n            <\/div>\n            <\/div>\n<\/div>\n<\/div>\n<\/div>\n\n\t<\/div>\n<\/section>\n<section class=\"fw-main-row\" style=\"background-color:#f3f7fe;\" >\n\t<div class=\"fw-container-fluid\">\n\t\t<div class=\"fw-row\">\n\t<div class=\"fw-col-xs-12\">\n\t\n<div id=\"why-us\" class=\"\">\n    <div class=\"row\">\n                    <div class=\"col-xs-12 col-sm-12 col-md-5 col-xl-6 col-lg-6 why-us-left-bg\" style=\"background-image:url(\/\/cancampus.ca\/wp-content\/uploads\/2020\/04\/keyssar_hbs_072_1280.jpg);\">\n            <\/div>\n            <div class=\"col-xs-12 col-sm-12 col-md-7 col-xl-6 col-lg-6 wrap-padding bg-img-left\">\n                <div class=\"section-title\">\n                    <div>\n                        <span>Investments<\/span>\n                        <h3><\/h3>\n                    <\/div>\n                <\/div>\n                                    <div class=\"about_content\">\n                        <div class=\"about_content\"><p>From CAD$ 1,895.00 * (approx. USD$ 1,415.00 **)<\/p><p><em>value per week, including tourism and accommodation in a university residence from May to August<\/em>.<\/p><p><em>Consult us for other dates and <\/em><em>installment options.<\/em><\/p><p><em>\u00a0<\/em>*Canadian dollar<\/p><p>**American dollar<\/p><\/div>                                            <\/div>\n                            <\/div>\n                    <\/div>\n<\/div>\n<\/div>\n<\/div>\n\n\t<\/div>\n<\/section>\n<section class=\"fw-main-row\" style=\"background-color:#ee8320;\" >\n\t<div class=\"fw-container\">\n\t\t<div class=\"fw-row\">\n\t<div class=\"fw-col-xs-12\">\n\t\n\n<div id=\"instructor\" class=\"call-to-action-area\">\n    <div class=\"container\">\n        <div class=\"row justify-content-xl-between justify-content-lg-center justify-content-center\">\n            <div class=\"col-xl-6 col-lg-7 col-md-10\">\n                <div class=\"call-to-action-content\">\n                    <div class=\"post-heading-left\">\n                        <h3 class=\"text-white\">Get your program<\/h3>\n                    <\/div>\n                    <div class=\"text-white\">\n                                                    <p>A good course, with an excellent university, with a local team, who will accompany you. Finally, a unique opportunity for your professional and personal experience.<\/p><p>Click and get your program now.<\/p>                                            <\/div>\n                    <div class=\"call-to-action-btn\">\n                                                    <a href=\"https:\/\/cancampus.ca\/en\/contato\/\">\n                                Get it here <i class=\"fas fa-arrow-right\"><\/i><\/a>\n                                            <\/div>\n                <\/div>\n            <\/div>\n                            <div class=\"col-xl-5 col-lg-0\">\n                    <div class=\"part-img\">\n                        <img decoding=\"async\" src=\"\/\/cancampus.ca\/wp-content\/uploads\/2020\/01\/instructor.png\"  alt=\"Get your program\"\/>\n                    <\/div>\n                <\/div>\n                    <\/div>\n    <\/div>\n<\/div><\/div>\n<\/div>\n\n\t<\/div>\n<\/section>\n<\/p>","protected":false},"excerpt":{"rendered":"<p>Professional Intensive Business English Program Focado em voc\u00ea, profissional e estudante da \u00e1rea de neg\u00f3cios, desenvolvemos nosso curso intensivo de [&hellip;]<\/p>","protected":false},"author":2,"featured_media":0,"parent":3039,"menu_order":0,"comment_status":"closed","ping_status":"closed","template":"template-parts\/lernen-pagefullwidth.php","meta":{"_joinchat":{"telephone":"+5531982119111","message_send":"Ol\u00e1. Gostaria de receber maiores informa\u00e7\u00f5es?"},"footnotes":""},"class_list":["post-3643","page","type-page","status-publish","hentry"],"yoast_head":"<!-- This site is optimized with the Yoast SEO plugin v27.2 - https:\/\/yoast.com\/product\/yoast-seo-wordpress\/ -->\n<title>Professional Intensive Business English Program - CanCampus<\/title>\n<meta name=\"robots\" content=\"index, follow, max-snippet:-1, max-image-preview:large, max-video-preview:-1\" \/>\n<link rel=\"canonical\" href=\"http:\/\/cancampus.ca\/en\/programas\/intensive-business\/\" \/>\n<meta property=\"og:locale\" content=\"en_US\" \/>\n<meta property=\"og:type\" content=\"article\" \/>\n<meta property=\"og:title\" content=\"Professional Intensive Business English Program - CanCampus\" \/>\n<meta property=\"og:description\" content=\"Professional Intensive Business English Program Focado em voc\u00ea, profissional e estudante da \u00e1rea de neg\u00f3cios, desenvolvemos nosso curso intensivo de [&hellip;]\" \/>\n<meta property=\"og:url\" content=\"http:\/\/cancampus.ca\/en\/programas\/intensive-business\/\" \/>\n<meta property=\"og:site_name\" content=\"CanCampus\" \/>\n<meta property=\"article:publisher\" content=\"https:\/\/www.facebook.com\/cancampus.ca\" \/>\n<meta property=\"article:modified_time\" content=\"2024-10-09T12:37:36+00:00\" \/>\n<meta name=\"twitter:card\" content=\"summary_large_image\" \/>\n<meta name=\"twitter:label1\" content=\"Est. reading time\" \/>\n\t<meta name=\"twitter:data1\" content=\"4 minutes\" \/>\n<script type=\"application\/ld+json\" class=\"yoast-schema-graph\">{\"@context\":\"https:\/\/schema.org\",\"@graph\":[{\"@type\":\"WebPage\",\"@id\":\"http:\/\/cancampus.ca\/programas\/intensive-business\/\",\"url\":\"http:\/\/cancampus.ca\/programas\/intensive-business\/\",\"name\":\"Professional Intensive Business English Program - CanCampus\",\"isPartOf\":{\"@id\":\"https:\/\/cancampus.ca\/#website\"},\"datePublished\":\"2020-06-05T03:43:47+00:00\",\"dateModified\":\"2024-10-09T12:37:36+00:00\",\"breadcrumb\":{\"@id\":\"http:\/\/cancampus.ca\/programas\/intensive-business\/#breadcrumb\"},\"inLanguage\":\"en-CA\",\"potentialAction\":[{\"@type\":\"ReadAction\",\"target\":[\"http:\/\/cancampus.ca\/programas\/intensive-business\/\"]}]},{\"@type\":\"BreadcrumbList\",\"@id\":\"http:\/\/cancampus.ca\/programas\/intensive-business\/#breadcrumb\",\"itemListElement\":[{\"@type\":\"ListItem\",\"position\":1,\"name\":\"In\u00edcio\",\"item\":\"https:\/\/cancampus.ca\/\"},{\"@type\":\"ListItem\",\"position\":2,\"name\":\"Programas\",\"item\":\"https:\/\/cancampus.ca\/en\/programas\/\"},{\"@type\":\"ListItem\",\"position\":3,\"name\":\"Professional Intensive Business English Program\"}]},{\"@type\":\"WebSite\",\"@id\":\"https:\/\/cancampus.ca\/#website\",\"url\":\"https:\/\/cancampus.ca\/\",\"name\":\"CanCampus - Experince Learning!\",\"description\":\"Experience Learning!\",\"publisher\":{\"@id\":\"https:\/\/cancampus.ca\/#organization\"},\"potentialAction\":[{\"@type\":\"SearchAction\",\"target\":{\"@type\":\"EntryPoint\",\"urlTemplate\":\"https:\/\/cancampus.ca\/?s={search_term_string}\"},\"query-input\":{\"@type\":\"PropertyValueSpecification\",\"valueRequired\":true,\"valueName\":\"search_term_string\"}}],\"inLanguage\":\"en-CA\"},{\"@type\":\"Organization\",\"@id\":\"https:\/\/cancampus.ca\/#organization\",\"name\":\"CanCampus Canada\",\"url\":\"https:\/\/cancampus.ca\/\",\"logo\":{\"@type\":\"ImageObject\",\"inLanguage\":\"en-CA\",\"@id\":\"https:\/\/cancampus.ca\/#\/schema\/logo\/image\/\",\"url\":\"http:\/\/box5226.temp.domains\/~cancampu\/wp-content\/uploads\/2020\/03\/13.png\",\"contentUrl\":\"http:\/\/box5226.temp.domains\/~cancampu\/wp-content\/uploads\/2020\/03\/13.png\",\"width\":3072,\"height\":1536,\"caption\":\"CanCampus Canada\"},\"image\":{\"@id\":\"https:\/\/cancampus.ca\/#\/schema\/logo\/image\/\"},\"sameAs\":[\"https:\/\/www.facebook.com\/cancampus.ca\",\"https:\/\/www.instagram.com\/cancampus_ca\/\",\"https:\/\/www.linkedin.com\/in\/cancampus\/\"]}]}<\/script>\n<!-- \/ Yoast SEO plugin. -->","yoast_head_json":{"title":"Professional Intensive Business English Program - CanCampus","robots":{"index":"index","follow":"follow","max-snippet":"max-snippet:-1","max-image-preview":"max-image-preview:large","max-video-preview":"max-video-preview:-1"},"canonical":"http:\/\/cancampus.ca\/en\/programas\/intensive-business\/","og_locale":"en_US","og_type":"article","og_title":"Professional Intensive Business English Program - CanCampus","og_description":"Professional Intensive Business English Program Focado em voc\u00ea, profissional e estudante da \u00e1rea de neg\u00f3cios, desenvolvemos nosso curso intensivo de [&hellip;]","og_url":"http:\/\/cancampus.ca\/en\/programas\/intensive-business\/","og_site_name":"CanCampus","article_publisher":"https:\/\/www.facebook.com\/cancampus.ca","article_modified_time":"2024-10-09T12:37:36+00:00","twitter_card":"summary_large_image","twitter_misc":{"Est. reading time":"4 minutes"},"schema":{"@context":"https:\/\/schema.org","@graph":[{"@type":"WebPage","@id":"http:\/\/cancampus.ca\/programas\/intensive-business\/","url":"http:\/\/cancampus.ca\/programas\/intensive-business\/","name":"Professional Intensive Business English Program - CanCampus","isPartOf":{"@id":"https:\/\/cancampus.ca\/#website"},"datePublished":"2020-06-05T03:43:47+00:00","dateModified":"2024-10-09T12:37:36+00:00","breadcrumb":{"@id":"http:\/\/cancampus.ca\/programas\/intensive-business\/#breadcrumb"},"inLanguage":"en-CA","potentialAction":[{"@type":"ReadAction","target":["http:\/\/cancampus.ca\/programas\/intensive-business\/"]}]},{"@type":"BreadcrumbList","@id":"http:\/\/cancampus.ca\/programas\/intensive-business\/#breadcrumb","itemListElement":[{"@type":"ListItem","position":1,"name":"In\u00edcio","item":"https:\/\/cancampus.ca\/"},{"@type":"ListItem","position":2,"name":"Programas","item":"https:\/\/cancampus.ca\/en\/programas\/"},{"@type":"ListItem","position":3,"name":"Professional Intensive Business English Program"}]},{"@type":"WebSite","@id":"https:\/\/cancampus.ca\/#website","url":"https:\/\/cancampus.ca\/","name":"CanCampus - Experience Learning!","description":"Experience Learning!","publisher":{"@id":"https:\/\/cancampus.ca\/#organization"},"potentialAction":[{"@type":"SearchAction","target":{"@type":"EntryPoint","urlTemplate":"https:\/\/cancampus.ca\/?s={search_term_string}"},"query-input":{"@type":"PropertyValueSpecification","valueRequired":true,"valueName":"search_term_string"}}],"inLanguage":"en-CA"},{"@type":"Organization","@id":"https:\/\/cancampus.ca\/#organization","name":"CanCampus Canada","url":"https:\/\/cancampus.ca\/","logo":{"@type":"ImageObject","inLanguage":"en-CA","@id":"https:\/\/cancampus.ca\/#\/schema\/logo\/image\/","url":"http:\/\/box5226.temp.domains\/~cancampu\/wp-content\/uploads\/2020\/03\/13.png","contentUrl":"http:\/\/box5226.temp.domains\/~cancampu\/wp-content\/uploads\/2020\/03\/13.png","width":3072,"height":1536,"caption":"CanCampus Canada"},"image":{"@id":"https:\/\/cancampus.ca\/#\/schema\/logo\/image\/"},"sameAs":["https:\/\/www.facebook.com\/cancampus.ca","https:\/\/www.instagram.com\/cancampus_ca\/","https:\/\/www.linkedin.com\/in\/cancampus\/"]}]}},"_links":{"self":[{"href":"https:\/\/cancampus.ca\/en\/wp-json\/wp\/v2\/pages\/3643","targetHints":{"allow":["GET"]}}],"collection":[{"href":"https:\/\/cancampus.ca\/en\/wp-json\/wp\/v2\/pages"}],"about":[{"href":"https:\/\/cancampus.ca\/en\/wp-json\/wp\/v2\/types\/page"}],"author":[{"embeddable":true,"href":"https:\/\/cancampus.ca\/en\/wp-json\/wp\/v2\/users\/2"}],"replies":[{"embeddable":true,"href":"https:\/\/cancampus.ca\/en\/wp-json\/wp\/v2\/comments?post=3643"}],"version-history":[{"count":2,"href":"https:\/\/cancampus.ca\/en\/wp-json\/wp\/v2\/pages\/3643\/revisions"}],"predecessor-version":[{"id":5336,"href":"https:\/\/cancampus.ca\/en\/wp-json\/wp\/v2\/pages\/3643\/revisions\/5336"}],"up":[{"embeddable":true,"href":"https:\/\/cancampus.ca\/en\/wp-json\/wp\/v2\/pages\/3039"}],"wp:attachment":[{"href":"https:\/\/cancampus.ca\/en\/wp-json\/wp\/v2\/media?parent=3643"}],"curies":[{"name":"wp","href":"https:\/\/api.w.org\/{rel}","templated":true}]}}