{"id":3757,"date":"2020-07-10T20:15:31","date_gmt":"2020-07-10T23:15:31","guid":{"rendered":"http:\/\/box5226.temp.domains\/~cancampu\/?page_id=3757"},"modified":"2024-10-09T08:46:06","modified_gmt":"2024-10-09T12:46:06","slug":"virtual-campus","status":"publish","type":"page","link":"https:\/\/cancampus.ca\/en\/programas\/virtual-campus\/","title":{"rendered":"Virtual Courses"},"content":{"rendered":"<p><section class=\"fw-main-row\"  >\n\t<div class=\"fw-container-fluid\">\n\t\t<div class=\"fw-row\">\n\t<div class=\"fw-col-xs-12\">\n\t\n<div class=\"owl-carousel owl-theme\">\n                     <div class=\"position-center equal-margin header-content\" role=\"banner\" style=\"background-image:url(\/\/cancampus.ca\/wp-content\/uploads\/2020\/07\/3269732.jpg);\">\n                <div class=\"container\">\n            <div class=\"row\">\n                <div class=\"col-xs-12 col-sm-12 header-area\">\n                    <div class=\"header-area-inner header-text\">\n                        <div><span class=\"subtitle\"><span class=\"\"><\/span>Virtual Campus<\/span><\/div>\n                        <h1 class=\"title\"><\/h1>\n                        <p>Practice English at home, with native teachers, doing what you like!<\/p>                        <div class=\"btn-section\">\n                                                                                <\/div>\n                    <\/div>\n                <\/div>\n            <\/div>\n        <\/div>\n    <\/div>\n    <\/div><\/div>\n<\/div>\n\n\t<\/div>\n<\/section>\n<section class=\"fw-main-row\"  >\n\t<div class=\"fw-container\">\n\t\t<div class=\"fw-row\">\n\t<div class=\"fw-col-xs-12\">\n\t\n\t<div class=\"fw-divider-space\" style=\"padding-top: 40px;\"><\/div>\n       <div class=\"text-block post-heading-center section-title mb-60\">\n\t<span>Differential<\/span>\n\t<h2>CanCampus<\/h2>\n\t\t\t<p>The improvement of the language is due to the experience of practicing it on a daily basis and whenever possible.<\/p><p>&nbsp;<\/p><p>Our virtual courses are designed for you to practice the English language with native teachers, in addition to improving or discovering new skills. <\/p><p>&nbsp;<\/p><p>Click and learn more.<\/p>\t<\/div>\n<\/div>\n<\/div>\n\n<div class=\"fw-row\">\n\t<div class=\"fw-col-xs-12 fw-col-sm-4\">\n\t<\/div>\n<div class=\"fw-col-xs-12 fw-col-sm-4\">\n\t<div class=\"text-block post-heading-center section-title mb-60\">\n\t<span><\/span>\n\t<h2><\/h2>\n\t\t\t<p><a href=\"https:\/\/cancampus.ca\/en\/english-at-home\/\"><img loading=\"lazy\" decoding=\"async\" class=\"alignnone\" src=\"http:\/\/cancampus.ca\/wp-content\/uploads\/2021\/08\/english@home-2.jpg\" alt=\"\" width=\"2500\" height=\"1669\" \/><\/a><\/p><p style=\"text-align: center;\"><a href=\"https:\/\/cancampus.ca\/en\/english-at-home\/\">English @ Home<\/a><\/p>\t<\/div>\n<\/div>\n<div class=\"fw-col-xs-12 fw-col-sm-4\">\n\t<\/div>\n<\/div>\n\n<div class=\"fw-row\">\n\t<div class=\"fw-col-xs-12 fw-col-sm-2\">\n\t<\/div>\n<div class=\"fw-col-xs-12 fw-col-sm-2\">\n\t<div class=\"text-block post-heading-center section-title mb-60\">\n\t<span><\/span>\n\t<h2><\/h2>\n\t\t\t<p><a href=\"https:\/\/cancampus.ca\/en\/programas\/english-cooking-lessons\/\"><img loading=\"lazy\" decoding=\"async\" class=\"alignnone aligncenter\" src=\"http:\/\/cancampus.ca\/wp-content\/uploads\/2020\/06\/6699.jpg\" alt=\"Virtual Teen Chef (Sold Out)\" width=\"358\" height=\"241\" \/><\/a><\/p><p style=\"text-align: center;\"><a href=\"https:\/\/cancampus.ca\/en\/programas\/english-cooking-lessons\/\">Virtual Teen Chef (sold Out)<\/a><\/p>\t<\/div>\n<\/div>\n<div class=\"fw-col-xs-12 fw-col-sm-2\">\n\t<div class=\"text-block post-heading-center section-title mb-60\">\n\t<span><\/span>\n\t<h2><\/h2>\n\t\t\t<p style=\"text-align: center;\"><a href=\"https:\/\/cancampus.ca\/en\/intensive_be\/\"><img loading=\"lazy\" decoding=\"async\" class=\"\" src=\"http:\/\/cancampus.ca\/wp-content\/uploads\/2021\/07\/word-english-with-globe-over-wooden-background-scaled.jpg\" width=\"358\" height=\"229\" \/><\/a><\/p><p style=\"text-align: center;\"><a href=\"https:\/\/cancampus.ca\/en\/intensive_be\/\">Intensive International Business in English (Sold Out)<\/a><\/p>\t<\/div>\n<div class=\"text-block post-heading-center section-title mb-60\">\n\t<span><\/span>\n\t<h2><\/h2>\n\t\t\t<p style=\"text-align: center;\"><a href=\"https:\/\/cancampus.ca\/en\/programas\/virtual-campus\/fotografia-digital\/\"><img loading=\"lazy\" decoding=\"async\" class=\"\" src=\"http:\/\/cancampus.ca\/wp-content\/uploads\/2020\/07\/1771.jpg\" width=\"358\" height=\"229\" \/><\/a><\/p><p style=\"text-align: center;\"><a href=\"https:\/\/cancampus.ca\/en\/programas\/virtual-campus\/fotografia-digital\/\">Digital Photography (sold out)<\/a><\/p>\t<\/div>\n<\/div>\n<div class=\"fw-col-xs-12 fw-col-sm-2\">\n\t<div class=\"text-block post-heading-center section-title mb-60\">\n\t<span><\/span>\n\t<h2><\/h2>\n\t\t\t<p><a href=\"https:\/\/cancampus.ca\/en\/virtual_be_2021\/\"><img loading=\"lazy\" decoding=\"async\" class=\"aligncenter\" src=\"http:\/\/cancampus.ca\/wp-content\/uploads\/2021\/05\/Design-sem-nome-63.png\" width=\"382\" height=\"215\" \/><\/a><\/p><p style=\"text-align: center;\"><a href=\"https:\/\/cancampus.ca\/en\/virtual_be_2021\/\">Understanding International Business in English (sold out)<\/a><\/p>\t<\/div>\n<div class=\"text-block post-heading-center section-title mb-60\">\n\t<span><\/span>\n\t<h2><\/h2>\n\t\t\t<p><a href=\"https:\/\/cancampus.ca\/en\/programas\/virtual-campus\/desenho-para-iniciantes\/\"><img loading=\"lazy\" decoding=\"async\" class=\"aligncenter\" src=\"http:\/\/cancampus.ca\/wp-content\/uploads\/2020\/07\/Design-sem-nome-10.png\" width=\"382\" height=\"215\" \/><\/a><\/p><p style=\"text-align: center;\"><a href=\"https:\/\/cancampus.ca\/en\/programas\/virtual-campus\/desenho-para-iniciantes\/\">Design for Beginners (sold out)<\/a><\/p>\t<\/div>\n<\/div>\n<div class=\"fw-col-xs-12 fw-col-sm-2\">\n\t<div class=\"text-block post-heading-center section-title mb-60\">\n\t<span><\/span>\n\t<h2><\/h2>\n\t\t\t<p style=\"text-align: center;\"><a href=\"https:\/\/cancampus.ca\/en\/programas\/virtual-campus\/pintura\/\"><img loading=\"lazy\" decoding=\"async\" class=\"\" src=\"http:\/\/cancampus.ca\/wp-content\/uploads\/2020\/07\/Design-sem-nome-17.png\" width=\"359\" height=\"202\" \/><\/a><\/p><p style=\"text-align: center;\"><a href=\"https:\/\/cancampus.ca\/en\/programas\/virtual-campus\/pintura\/\">Painting: Life in Watercolor (sold out)<\/a><\/p>\t<\/div>\n<\/div>\n<div class=\"fw-col-xs-12 fw-col-sm-2\">\n\t<\/div>\n<\/div>\n\n\t<\/div>\n<\/section>\n<section class=\"fw-main-row\" style=\"background-color:#ee8320;\" >\n\t<div class=\"fw-container\">\n\t\t<div class=\"fw-row\">\n\t<div class=\"fw-col-xs-12\">\n\t\n\n<div id=\"instructor\" class=\"call-to-action-area\">\n    <div class=\"container\">\n        <div class=\"row justify-content-xl-between justify-content-lg-center justify-content-center\">\n            <div class=\"col-xl-6 col-lg-7 col-md-10\">\n                <div class=\"call-to-action-content\">\n                    <div class=\"post-heading-left\">\n                        <h3 class=\"text-white\">Get your program<\/h3>\n                    <\/div>\n                    <div class=\"text-white\">\n                                                    <p>A good online course, practicing the English language with native speakers, developing your artistic side and in the comfort of your home, is a unique opportunity for your experience.<\/p>                                            <\/div>\n                    <div class=\"call-to-action-btn\">\n                                                    <a href=\"https:\/\/cancampus.ca\/en\/contato\/\">\n                                Get your program! <i class=\"fas fa-arrow-right\"><\/i><\/a>\n                                            <\/div>\n                <\/div>\n            <\/div>\n                            <div class=\"col-xl-5 col-lg-0\">\n                    <div class=\"part-img\">\n                        <img decoding=\"async\" src=\"\/\/cancampus.ca\/wp-content\/uploads\/2020\/01\/instructor.png\"  alt=\"Get your program\"\/>\n                    <\/div>\n                <\/div>\n                    <\/div>\n    <\/div>\n<\/div><\/div>\n<\/div>\n\n\t<\/div>\n<\/section>\n<\/p>","protected":false},"excerpt":{"rendered":"<p>Virtual Campus Pratique ingl\u00eas em casa, com professores nativos, fazendo o que voc\u00ea gosta! Diferencial CanCampus O aperfei\u00e7oamento do idioma [&hellip;]<\/p>","protected":false},"author":2,"featured_media":0,"parent":3039,"menu_order":0,"comment_status":"closed","ping_status":"closed","template":"template-parts\/lernen-pagefullwidth.php","meta":{"_joinchat":{"telephone":"+5531982119111","message_send":"Ol\u00e1. Gostaria de receber maiores informa\u00e7\u00f5es?"},"footnotes":""},"class_list":["post-3757","page","type-page","status-publish","hentry"],"yoast_head":"<!-- This site is optimized with the Yoast SEO plugin v27.2 - https:\/\/yoast.com\/product\/yoast-seo-wordpress\/ -->\n<title>Cursos Virtuais - CanCampus<\/title>\n<meta name=\"robots\" content=\"index, follow, max-snippet:-1, max-image-preview:large, max-video-preview:-1\" \/>\n<link rel=\"canonical\" href=\"https:\/\/cancampus.ca\/en\/programas\/virtual-campus\/\" \/>\n<meta property=\"og:locale\" content=\"en_US\" \/>\n<meta property=\"og:type\" content=\"article\" \/>\n<meta property=\"og:title\" content=\"Cursos Virtuais - CanCampus\" \/>\n<meta property=\"og:description\" content=\"Virtual Campus Pratique ingl\u00eas em casa, com professores nativos, fazendo o que voc\u00ea gosta! Diferencial CanCampus O aperfei\u00e7oamento do idioma [&hellip;]\" \/>\n<meta property=\"og:url\" content=\"https:\/\/cancampus.ca\/en\/programas\/virtual-campus\/\" \/>\n<meta property=\"og:site_name\" content=\"CanCampus\" \/>\n<meta property=\"article:publisher\" content=\"https:\/\/www.facebook.com\/cancampus.ca\" \/>\n<meta property=\"article:modified_time\" content=\"2024-10-09T12:46:06+00:00\" \/>\n<meta property=\"og:image\" content=\"http:\/\/cancampus.ca\/wp-content\/uploads\/2021\/08\/english@home-2.jpg\" \/>\n<meta name=\"twitter:card\" content=\"summary_large_image\" \/>\n<meta name=\"twitter:label1\" content=\"Est. reading time\" \/>\n\t<meta name=\"twitter:data1\" content=\"3 minutes\" \/>\n<script type=\"application\/ld+json\" class=\"yoast-schema-graph\">{\"@context\":\"https:\/\/schema.org\",\"@graph\":[{\"@type\":\"WebPage\",\"@id\":\"https:\/\/cancampus.ca\/en\/programas\/virtual-campus\/\",\"url\":\"https:\/\/cancampus.ca\/en\/programas\/virtual-campus\/\",\"name\":\"Cursos Virtuais - CanCampus\",\"isPartOf\":{\"@id\":\"https:\/\/cancampus.ca\/#website\"},\"primaryImageOfPage\":{\"@id\":\"https:\/\/cancampus.ca\/en\/programas\/virtual-campus\/#primaryimage\"},\"image\":{\"@id\":\"https:\/\/cancampus.ca\/en\/programas\/virtual-campus\/#primaryimage\"},\"thumbnailUrl\":\"http:\/\/cancampus.ca\/wp-content\/uploads\/2021\/08\/english@home-2.jpg\",\"datePublished\":\"2020-07-10T23:15:31+00:00\",\"dateModified\":\"2024-10-09T12:46:06+00:00\",\"breadcrumb\":{\"@id\":\"https:\/\/cancampus.ca\/en\/programas\/virtual-campus\/#breadcrumb\"},\"inLanguage\":\"en-CA\",\"potentialAction\":[{\"@type\":\"ReadAction\",\"target\":[\"https:\/\/cancampus.ca\/en\/programas\/virtual-campus\/\"]}]},{\"@type\":\"ImageObject\",\"inLanguage\":\"en-CA\",\"@id\":\"https:\/\/cancampus.ca\/en\/programas\/virtual-campus\/#primaryimage\",\"url\":\"http:\/\/cancampus.ca\/wp-content\/uploads\/2021\/08\/english@home-2.jpg\",\"contentUrl\":\"http:\/\/cancampus.ca\/wp-content\/uploads\/2021\/08\/english@home-2.jpg\"},{\"@type\":\"BreadcrumbList\",\"@id\":\"https:\/\/cancampus.ca\/en\/programas\/virtual-campus\/#breadcrumb\",\"itemListElement\":[{\"@type\":\"ListItem\",\"position\":1,\"name\":\"In\u00edcio\",\"item\":\"https:\/\/cancampus.ca\/\"},{\"@type\":\"ListItem\",\"position\":2,\"name\":\"Programas\",\"item\":\"https:\/\/cancampus.ca\/en\/programas\/\"},{\"@type\":\"ListItem\",\"position\":3,\"name\":\"Cursos Virtuais\"}]},{\"@type\":\"WebSite\",\"@id\":\"https:\/\/cancampus.ca\/#website\",\"url\":\"https:\/\/cancampus.ca\/\",\"name\":\"CanCampus - Experince Learning!\",\"description\":\"Experience Learning!\",\"publisher\":{\"@id\":\"https:\/\/cancampus.ca\/#organization\"},\"potentialAction\":[{\"@type\":\"SearchAction\",\"target\":{\"@type\":\"EntryPoint\",\"urlTemplate\":\"https:\/\/cancampus.ca\/?s={search_term_string}\"},\"query-input\":{\"@type\":\"PropertyValueSpecification\",\"valueRequired\":true,\"valueName\":\"search_term_string\"}}],\"inLanguage\":\"en-CA\"},{\"@type\":\"Organization\",\"@id\":\"https:\/\/cancampus.ca\/#organization\",\"name\":\"CanCampus Canada\",\"url\":\"https:\/\/cancampus.ca\/\",\"logo\":{\"@type\":\"ImageObject\",\"inLanguage\":\"en-CA\",\"@id\":\"https:\/\/cancampus.ca\/#\/schema\/logo\/image\/\",\"url\":\"http:\/\/box5226.temp.domains\/~cancampu\/wp-content\/uploads\/2020\/03\/13.png\",\"contentUrl\":\"http:\/\/box5226.temp.domains\/~cancampu\/wp-content\/uploads\/2020\/03\/13.png\",\"width\":3072,\"height\":1536,\"caption\":\"CanCampus Canada\"},\"image\":{\"@id\":\"https:\/\/cancampus.ca\/#\/schema\/logo\/image\/\"},\"sameAs\":[\"https:\/\/www.facebook.com\/cancampus.ca\",\"https:\/\/www.instagram.com\/cancampus_ca\/\",\"https:\/\/www.linkedin.com\/in\/cancampus\/\"]}]}<\/script>\n<!-- \/ Yoast SEO plugin. -->","yoast_head_json":{"title":"Virtual Courses - CanCampus","robots":{"index":"index","follow":"follow","max-snippet":"max-snippet:-1","max-image-preview":"max-image-preview:large","max-video-preview":"max-video-preview:-1"},"canonical":"https:\/\/cancampus.ca\/en\/programas\/virtual-campus\/","og_locale":"en_US","og_type":"article","og_title":"Cursos Virtuais - CanCampus","og_description":"Virtual Campus Pratique ingl\u00eas em casa, com professores nativos, fazendo o que voc\u00ea gosta! Diferencial CanCampus O aperfei\u00e7oamento do idioma [&hellip;]","og_url":"https:\/\/cancampus.ca\/en\/programas\/virtual-campus\/","og_site_name":"CanCampus","article_publisher":"https:\/\/www.facebook.com\/cancampus.ca","article_modified_time":"2024-10-09T12:46:06+00:00","og_image":[{"url":"http:\/\/cancampus.ca\/wp-content\/uploads\/2021\/08\/english@home-2.jpg","type":"","width":"","height":""}],"twitter_card":"summary_large_image","twitter_misc":{"Est. reading time":"3 minutes"},"schema":{"@context":"https:\/\/schema.org","@graph":[{"@type":"WebPage","@id":"https:\/\/cancampus.ca\/en\/programas\/virtual-campus\/","url":"https:\/\/cancampus.ca\/en\/programas\/virtual-campus\/","name":"Virtual Courses - CanCampus","isPartOf":{"@id":"https:\/\/cancampus.ca\/#website"},"primaryImageOfPage":{"@id":"https:\/\/cancampus.ca\/en\/programas\/virtual-campus\/#primaryimage"},"image":{"@id":"https:\/\/cancampus.ca\/en\/programas\/virtual-campus\/#primaryimage"},"thumbnailUrl":"http:\/\/cancampus.ca\/wp-content\/uploads\/2021\/08\/english@home-2.jpg","datePublished":"2020-07-10T23:15:31+00:00","dateModified":"2024-10-09T12:46:06+00:00","breadcrumb":{"@id":"https:\/\/cancampus.ca\/en\/programas\/virtual-campus\/#breadcrumb"},"inLanguage":"en-CA","potentialAction":[{"@type":"ReadAction","target":["https:\/\/cancampus.ca\/en\/programas\/virtual-campus\/"]}]},{"@type":"ImageObject","inLanguage":"en-CA","@id":"https:\/\/cancampus.ca\/en\/programas\/virtual-campus\/#primaryimage","url":"http:\/\/cancampus.ca\/wp-content\/uploads\/2021\/08\/english@home-2.jpg","contentUrl":"http:\/\/cancampus.ca\/wp-content\/uploads\/2021\/08\/english@home-2.jpg"},{"@type":"BreadcrumbList","@id":"https:\/\/cancampus.ca\/en\/programas\/virtual-campus\/#breadcrumb","itemListElement":[{"@type":"ListItem","position":1,"name":"In\u00edcio","item":"https:\/\/cancampus.ca\/"},{"@type":"ListItem","position":2,"name":"Programas","item":"https:\/\/cancampus.ca\/en\/programas\/"},{"@type":"ListItem","position":3,"name":"Cursos Virtuais"}]},{"@type":"WebSite","@id":"https:\/\/cancampus.ca\/#website","url":"https:\/\/cancampus.ca\/","name":"CanCampus - Experience Learning!","description":"Experience Learning!","publisher":{"@id":"https:\/\/cancampus.ca\/#organization"},"potentialAction":[{"@type":"SearchAction","target":{"@type":"EntryPoint","urlTemplate":"https:\/\/cancampus.ca\/?s={search_term_string}"},"query-input":{"@type":"PropertyValueSpecification","valueRequired":true,"valueName":"search_term_string"}}],"inLanguage":"en-CA"},{"@type":"Organization","@id":"https:\/\/cancampus.ca\/#organization","name":"CanCampus Canada","url":"https:\/\/cancampus.ca\/","logo":{"@type":"ImageObject","inLanguage":"en-CA","@id":"https:\/\/cancampus.ca\/#\/schema\/logo\/image\/","url":"http:\/\/box5226.temp.domains\/~cancampu\/wp-content\/uploads\/2020\/03\/13.png","contentUrl":"http:\/\/box5226.temp.domains\/~cancampu\/wp-content\/uploads\/2020\/03\/13.png","width":3072,"height":1536,"caption":"CanCampus Canada"},"image":{"@id":"https:\/\/cancampus.ca\/#\/schema\/logo\/image\/"},"sameAs":["https:\/\/www.facebook.com\/cancampus.ca","https:\/\/www.instagram.com\/cancampus_ca\/","https:\/\/www.linkedin.com\/in\/cancampus\/"]}]}},"_links":{"self":[{"href":"https:\/\/cancampus.ca\/en\/wp-json\/wp\/v2\/pages\/3757","targetHints":{"allow":["GET"]}}],"collection":[{"href":"https:\/\/cancampus.ca\/en\/wp-json\/wp\/v2\/pages"}],"about":[{"href":"https:\/\/cancampus.ca\/en\/wp-json\/wp\/v2\/types\/page"}],"author":[{"embeddable":true,"href":"https:\/\/cancampus.ca\/en\/wp-json\/wp\/v2\/users\/2"}],"replies":[{"embeddable":true,"href":"https:\/\/cancampus.ca\/en\/wp-json\/wp\/v2\/comments?post=3757"}],"version-history":[{"count":2,"href":"https:\/\/cancampus.ca\/en\/wp-json\/wp\/v2\/pages\/3757\/revisions"}],"predecessor-version":[{"id":5362,"href":"https:\/\/cancampus.ca\/en\/wp-json\/wp\/v2\/pages\/3757\/revisions\/5362"}],"up":[{"embeddable":true,"href":"https:\/\/cancampus.ca\/en\/wp-json\/wp\/v2\/pages\/3039"}],"wp:attachment":[{"href":"https:\/\/cancampus.ca\/en\/wp-json\/wp\/v2\/media?parent=3757"}],"curies":[{"name":"wp","href":"https:\/\/api.w.org\/{rel}","templated":true}]}}