{"id":3798,"date":"2020-07-11T13:22:12","date_gmt":"2020-07-11T16:22:12","guid":{"rendered":"http:\/\/box5226.temp.domains\/~cancampu\/?page_id=3798"},"modified":"2021-09-03T15:35:20","modified_gmt":"2021-09-03T19:35:20","slug":"desenho-para-iniciantes","status":"publish","type":"page","link":"https:\/\/cancampus.ca\/en\/programas\/virtual-campus\/desenho-para-iniciantes\/","title":{"rendered":"Design for Beginners"},"content":{"rendered":"<p><section class=\"fw-main-row\"  >\n\t<div class=\"fw-container-fluid\">\n\t\t<div class=\"fw-row\">\n\t<div class=\"fw-col-xs-12\">\n\t\n<div class=\"owl-carousel owl-theme\">\n                     <div class=\"position-center header-content-full header-content\" role=\"banner\" style=\"background-image:url(\/\/cancampus.ca\/wp-content\/uploads\/2020\/07\/Design-sem-nome-10.png);\">\n                <div class=\"container\">\n            <div class=\"row\">\n                <div class=\"col-xs-12 col-sm-12 header-area\">\n                    <div class=\"header-area-inner header-text\">\n                        <div><span class=\"subtitle\"><span class=\"\"><\/span>Design for Beginners<\/span><\/div>\n                        <h1 class=\"title\"><\/h1>\n                        <p>Perfect your drawings by practicing your English with native teachers!<\/p>                        <div class=\"btn-section\">\n                                                                                <\/div>\n                    <\/div>\n                <\/div>\n            <\/div>\n        <\/div>\n    <\/div>\n    <\/div><\/div>\n<\/div>\n\n\t<\/div>\n<\/section>\n<section class=\"fw-main-row\"  >\n\t<div class=\"fw-container\">\n\t\t<div class=\"fw-row\">\n\t<div class=\"fw-col-xs-12\">\n\t\n\t<div class=\"fw-divider-space\" style=\"padding-top: 40px;\"><\/div>\n<\/div>\n<\/div>\n\n\t<\/div>\n<\/section>\n<section class=\"fw-main-row\" style=\"background-color:#ffffff;\" >\n\t<div class=\"fw-container-fluid\">\n\t\t<div class=\"fw-row\">\n\t<div class=\"fw-col-xs-12 fw-col-sm-2\">\n\t<\/div>\n<div class=\"fw-col-xs-12 fw-col-sm-8\">\n\t<div class=\"fw-accordion\">\n\t\t\t<h3 class=\"fw-accordion-title\">Indicated for<\/h3>\n\t\t<div class=\"fw-accordion-content\">\n\t\t\t<p>Young people and adults from 15 years old.<\/p>\n\t\t<\/div>\n\t\t\t<h3 class=\"fw-accordion-title\">Language<\/h3>\n\t\t<div class=\"fw-accordion-content\">\n\t\t\t<p>English - basic-intermediate level.<\/p>\n\t\t<\/div>\n\t\t\t<h3 class=\"fw-accordion-title\">Place<\/h3>\n\t\t<div class=\"fw-accordion-content\">\n\t\t\t<p>Online, via Zoom. <\/p>\n\t\t<\/div>\n\t\t\t<h3 class=\"fw-accordion-title\">Investment<\/h3>\n\t\t<div class=\"fw-accordion-content\">\n\t\t\t<p>CAD$ 215.00.<\/p>\n\t\t<\/div>\n\t\t\t<h3 class=\"fw-accordion-title\">Date<\/h3>\n\t\t<div class=\"fw-accordion-content\">\n\t\t\t<p>From 17 to 21 August \/ 2020, with classes from 2:00 pm to 4:00 pm (Bras\u00edlia time).<\/p>\n\t\t<\/div>\n\t<\/div><\/div>\n<div class=\"fw-col-xs-12 fw-col-sm-2\">\n\t<\/div>\n<\/div>\n\n\t<\/div>\n<\/section>\n<section class=\"fw-main-row\"  >\n\t<div class=\"fw-container\">\n\t\t<div class=\"fw-row\">\n\t<div class=\"fw-col-xs-12\">\n\t\n\t<div class=\"fw-divider-space\" style=\"padding-top: 30px;\"><\/div>\n<\/div>\n<\/div>\n\n\t<\/div>\n<\/section>\n<section class=\"fw-main-row\" style=\"background-color:#f3f7fe;\" >\n\t<div class=\"fw-container-fluid\">\n\t\t<div class=\"fw-row\">\n\t<div class=\"fw-col-xs-12\">\n\t       \n<div id=\"why-us\" class=\"\">\n    <div class=\"row\">\n                    <div class=\"col-xs-12 col-sm-12 col-md-5 col-xl-6 col-lg-6 why-us-left-bg\" style=\"background-image:url(\/\/cancampus.ca\/wp-content\/uploads\/2020\/07\/Design-sem-nome-7.png);\">\n            <\/div>\n            <div class=\"col-xs-12 col-sm-12 col-md-7 col-xl-6 col-lg-6 wrap-padding bg-img-left\">\n                <div class=\"section-title\">\n                    <div>\n                        <span>The program<\/span>\n                        <h3>Create! Express yourself! To draw! <\/h3>\n                    <\/div>\n                <\/div>\n                                    <div class=\"about_content\">\n                        <p>This virtual workshop was developed for beginners and those who wish to improve their drawing skills in addition to refining their understanding of visual language.<\/p><p>You will use charcoal pencils, charcoal bars and technique, while learning the basics of observational drawing. Composition, proportion, shape and line will be explored through various exercises and projects. You will definitely be more confident with the basic tools of visual expression.<\/p><p>CLASS DATES: <strong>August 17-21, 2020<\/strong><\/p><p>TIME: 13:00 - 15:00 (<strong>14:00 - 16:00<\/strong> Brasilia time)<\/p><p>Number of classes: 5<\/p>                                            <\/div>\n                            <\/div>\n                    <\/div>\n<\/div>\n<\/div>\n<\/div>\n\n\t<\/div>\n<\/section>\n<section class=\"fw-main-row\" style=\"background-color:#f3f7fe;\" >\n\t<div class=\"fw-container-fluid\">\n\t\t<div class=\"fw-row\">\n\t<div class=\"fw-col-xs-12\">\n\t\n<div id=\"why-us\" class=\"\">\n    <div class=\"row\">\n                            <div class=\"col-xs-12 col-sm-12 col-md-7 col-xl-6 col-lg-6 wrap-padding bg-img-right\">\n                <div class=\"section-title\">\n                    <div>\n                        <span>How will it be?<\/span>\n                        <h3>Course Schedule<\/h3>\n                    <\/div>\n                <\/div>\n                                    <div class=\"about_content\">\n                        <p><strong>DAY 01<\/strong><\/p><p>Learn why everyone can draw!<\/p><p>We will explore the design of the left and right hemisphere, dominant hands and eyes, as well as contour versus shape. A demonstration and assignment will be given.<\/p><p><strong>DAY 02<\/strong><\/p><p>Students will learn how to measure, explore the scale and learn to use drawing resources while trying out charcoal, pen and content. A new demonstration and assignment will be given.<\/p><p><strong>DAY 03<\/strong><\/p><p>Students will learn about free-form versus measured drawing, mixing line and shape, as well as total value. A demonstration will be given, followed by another task.<\/p><p><strong>DAY 04<\/strong><\/p><p>We&#039;ll start with quick, timed sketches. Students will learn about reverse drawing, peripheral and focal points.<\/p><p><strong>\u00a0<\/strong><\/p><p><strong>\u00a0<\/strong><strong>DAY 05<\/strong><\/p><p>We will continue with our final sketches and end with a final review.<\/p>                                            <\/div>\n                            <\/div>\n            <div class=\"col-xs-12 col-sm-12 col-md-5 col-xl-6 col-lg-6 why-us-left-bg\" style=\"background-image:url(\/\/cancampus.ca\/wp-content\/uploads\/2020\/07\/Design-sem-nome-11.png);\">\n            <\/div>\n            <\/div>\n<\/div>\n<\/div>\n<\/div>\n\n\t<\/div>\n<\/section>\n<section class=\"fw-main-row\" style=\"background-color:#f3f7fe;\" >\n\t<div class=\"fw-container-fluid\">\n\t\t<div class=\"fw-row\">\n\t<div class=\"fw-col-xs-12\">\n\t\n<div id=\"why-us\" class=\"\">\n    <div class=\"row\">\n                    <div class=\"col-xs-12 col-sm-12 col-md-5 col-xl-6 col-lg-6 why-us-left-bg\" style=\"background-image:url(\/\/cancampus.ca\/wp-content\/uploads\/2020\/07\/Design-sem-nome-9.png);\">\n            <\/div>\n            <div class=\"col-xs-12 col-sm-12 col-md-7 col-xl-6 col-lg-6 wrap-padding bg-img-left\">\n                <div class=\"section-title\">\n                    <div>\n                        <span>And how to start?<\/span>\n                        <h3>Necessary materials<\/h3>\n                    <\/div>\n                <\/div>\n                                    <div class=\"about_content\">\n                        <p>Charcoal or willow sticks<\/p><p>Kneadable rubber<\/p><p>Black ballpoint or studio pen marker layout paper (very smooth)<\/p><p>Drawing paper (40cm x 50cm or larger)<\/p><p>Pencil: HB, 2B, 4B and 6B<\/p><p>X-act knife<\/p><p>Sand<\/p><p>Swabs<\/p><p><strong>To participate in one of our virtual classes<\/strong>, you&#039;ll need:<\/p><ul><li>A computer (laptop or desktop, with built-in microphone and camera) or a newer model of iPad, tablet, iPhone or smartphone;<\/li><li>Make sure you have the handsfree feature using a stand or tripod;<\/li><li>A stable WI-FI connection;<\/li><li>The Zoom app (free when you sign up);<\/li><li>Materials required according to the course you have enrolled in (see the individual material lists provided for each class, as described above);<\/li><li>A quiet workspace to create and join your class.<\/li><\/ul><p>COST: C$165 + C$50 (Fees &amp; Taxes), totaling C$ 215.00 (two hundred and fifteen Canadian dollars).<\/p>                                            <\/div>\n                            <\/div>\n                    <\/div>\n<\/div>\n<\/div>\n<\/div>\n\n\t<\/div>\n<\/section>\n<section class=\"fw-main-row\" style=\"background-color:#ffffff;background-image:url(http:\/\/box5226.temp.domains\/~cancampu\/wp-content\/uploads\/2020\/01\/2335523-scaled.jpg);\" >\n\t<div class=\"fw-container\">\n\t\t<div class=\"fw-row\">\n\t<div class=\"fw-col-xs-12\">\n\t\n\t<div class=\"fw-divider-space\" style=\"padding-top: 100px;\"><\/div>\n<\/div>\n<\/div>\n\n<div class=\"fw-row\">\n\t<div class=\"fw-col-xs-12\">\n\t<div class=\"text-block post-heading-center section-title mb-60\">\n\t<span>Guarantee your place now!<\/span>\n\t<h2><\/h2>\n\t<\/div>\n<\/div>\n<\/div>\n\n<div class=\"fw-row\">\n\t<div class=\"fw-col-xs-12 fw-col-sm-6\">\n\t<p>\n<div class=\"wpcf7 no-js\" id=\"wpcf7-f4-o1\" lang=\"en-US\" dir=\"ltr\" data-wpcf7-id=\"4\">\n<div class=\"screen-reader-response\"><p role=\"status\" aria-live=\"polite\" aria-atomic=\"true\"><\/p> <ul><\/ul><\/div>\n<form action=\"\/en\/wp-json\/wp\/v2\/pages\/3798#wpcf7-f4-o1\" method=\"post\" class=\"wpcf7-form init\" aria-label=\"Contact form\" novalidate=\"novalidate\" data-status=\"init\" data-trp-original-action=\"\/en\/wp-json\/wp\/v2\/pages\/3798#wpcf7-f4-o1\">\n<fieldset class=\"hidden-fields-container\"><input type=\"hidden\" name=\"_wpcf7\" value=\"4\" \/><input type=\"hidden\" name=\"_wpcf7_version\" value=\"6.1.3\" \/><input type=\"hidden\" name=\"_wpcf7_locale\" value=\"en_US\" \/><input type=\"hidden\" name=\"_wpcf7_unit_tag\" value=\"wpcf7-f4-o1\" \/><input type=\"hidden\" name=\"_wpcf7_container_post\" value=\"0\" \/><input type=\"hidden\" name=\"_wpcf7_posted_data_hash\" value=\"\" \/>\n<\/fieldset>\n<div class=\"row\">\n\t<div class=\"col-lg-6 col-md-6 col-sm-6 col-xs-12\">\n\t\t<p><span class=\"wpcf7-form-control-wrap\" data-name=\"text-498\"><input size=\"40\" maxlength=\"400\" class=\"wpcf7-form-control wpcf7-text wpcf7-validates-as-required require\" aria-required=\"true\" aria-invalid=\"false\" placeholder=\"Name\" value=\"\" type=\"text\" name=\"text-498\" \/><\/span>\n\t\t<\/p>\n\t<\/div>\n\t<div class=\"col-lg-6 col-md-6 col-sm-6 col-xs-12\">\n\t\t<p><span class=\"wpcf7-form-control-wrap\" data-name=\"text-41\"><input size=\"40\" maxlength=\"400\" class=\"wpcf7-form-control wpcf7-text wpcf7-validates-as-required require\" aria-required=\"true\" aria-invalid=\"false\" placeholder=\"Your-email\" value=\"\" type=\"text\" name=\"text-41\" \/><\/span>\n\t\t<\/p>\n\t<\/div>\n\t<div class=\"col-lg-6 col-md-6 col-sm-6 col-xs-12\">\n\t\t<p><span class=\"wpcf7-form-control-wrap\" data-name=\"tel-81\"><input size=\"40\" maxlength=\"400\" class=\"wpcf7-form-control wpcf7-tel wpcf7-validates-as-required wpcf7-text wpcf7-validates-as-tel require\" aria-required=\"true\" aria-invalid=\"false\" placeholder=\"Telephone\" value=\"\" type=\"tel\" name=\"tel-81\" \/><\/span>\n\t\t<\/p>\n\t<\/div>\n\t<div class=\"col-lg-6 col-md-6 col-sm-6 col-xs-12\">\n\t\t<p><span class=\"wpcf7-form-control-wrap\" data-name=\"textarea-641\"><textarea cols=\"40\" rows=\"10\" maxlength=\"2000\" class=\"wpcf7-form-control wpcf7-textarea wpcf7-validates-as-required\" aria-required=\"true\" aria-invalid=\"false\" placeholder=\"Your Message\" name=\"textarea-641\"><\/textarea><\/span>\n\t\t<\/p>\n\t<\/div>\n\t<div class=\"col-lg-6 col-md-6 col-sm-6 col-xs-12\">\n\t\t<p><input class=\"wpcf7-form-control wpcf7-submit has-spinner prt_btn submitForm\" type=\"submit\" value=\"Send\" \/>\n\t\t<\/p>\n\t<\/div>\n<\/div><input type='hidden' class='wpcf7-pum' value='{\"closepopup\":false,\"closedelay\":0,\"openpopup\":false,\"openpopup_id\":0}' \/><div class=\"wpcf7-response-output\" aria-hidden=\"true\"><\/div>\n<input type=\"hidden\" name=\"trp-form-language\" value=\"en\"\/><\/form>\n<\/div>\n<\/p><\/div>\n<div class=\"fw-col-xs-12 fw-col-sm-6\">\n\t<\/div>\n<\/div>\n\n\t<\/div>\n<\/section>\n<\/p>","protected":false},"excerpt":{"rendered":"<p>Desenho para Iniciantes Aperfei\u00e7oe seus desenhos praticando o seu ingl\u00eas com professores nativos! Indicado para Jovens e adultos a partir [&hellip;]<\/p>","protected":false},"author":2,"featured_media":0,"parent":3757,"menu_order":0,"comment_status":"closed","ping_status":"closed","template":"template-parts\/lernen-pagefullwidth.php","meta":{"_joinchat":{"telephone":"+5531982119111","message_send":"Ol\u00e1. Gostaria de receber maiores informa\u00e7\u00f5es?"},"footnotes":""},"class_list":["post-3798","page","type-page","status-publish","hentry"],"yoast_head":"<!-- This site is optimized with the Yoast SEO plugin v27.2 - https:\/\/yoast.com\/product\/yoast-seo-wordpress\/ -->\n<title>Desenho para Iniciantes - CanCampus<\/title>\n<meta name=\"robots\" content=\"index, follow, max-snippet:-1, max-image-preview:large, max-video-preview:-1\" \/>\n<link rel=\"canonical\" href=\"http:\/\/cancampus.ca\/en\/programas\/virtual-campus\/desenho-para-iniciantes\/\" \/>\n<meta property=\"og:locale\" content=\"en_US\" \/>\n<meta property=\"og:type\" content=\"article\" \/>\n<meta property=\"og:title\" content=\"Desenho para Iniciantes - CanCampus\" \/>\n<meta property=\"og:description\" content=\"Desenho para Iniciantes Aperfei\u00e7oe seus desenhos praticando o seu ingl\u00eas com professores nativos! Indicado para Jovens e adultos a partir [&hellip;]\" \/>\n<meta property=\"og:url\" content=\"http:\/\/cancampus.ca\/en\/programas\/virtual-campus\/desenho-para-iniciantes\/\" \/>\n<meta property=\"og:site_name\" content=\"CanCampus\" \/>\n<meta property=\"article:publisher\" content=\"https:\/\/www.facebook.com\/cancampus.ca\" \/>\n<meta property=\"article:modified_time\" content=\"2021-09-03T19:35:20+00:00\" \/>\n<meta property=\"og:image\" content=\"https:\/\/box5226.temp.domains\/~cancampu\/wp-content\/uploads\/2020\/01\/2335523-scaled-300x200.jpg\" \/>\n<meta name=\"twitter:card\" content=\"summary_large_image\" \/>\n<meta name=\"twitter:label1\" content=\"Est. reading time\" \/>\n\t<meta name=\"twitter:data1\" content=\"4 minutes\" \/>\n<script type=\"application\/ld+json\" class=\"yoast-schema-graph\">{\"@context\":\"https:\/\/schema.org\",\"@graph\":[{\"@type\":\"WebPage\",\"@id\":\"http:\/\/cancampus.ca\/tr\/programas\/virtual-campus\/desenho-para-iniciantes\/\",\"url\":\"http:\/\/cancampus.ca\/tr\/programas\/virtual-campus\/desenho-para-iniciantes\/\",\"name\":\"Desenho para Iniciantes - CanCampus\",\"isPartOf\":{\"@id\":\"https:\/\/cancampus.ca\/#website\"},\"primaryImageOfPage\":{\"@id\":\"http:\/\/cancampus.ca\/tr\/programas\/virtual-campus\/desenho-para-iniciantes\/#primaryimage\"},\"image\":{\"@id\":\"http:\/\/cancampus.ca\/tr\/programas\/virtual-campus\/desenho-para-iniciantes\/#primaryimage\"},\"thumbnailUrl\":\"https:\/\/box5226.temp.domains\/~cancampu\/wp-content\/uploads\/2020\/01\/2335523-scaled-300x200.jpg\",\"datePublished\":\"2020-07-11T16:22:12+00:00\",\"dateModified\":\"2021-09-03T19:35:20+00:00\",\"breadcrumb\":{\"@id\":\"http:\/\/cancampus.ca\/tr\/programas\/virtual-campus\/desenho-para-iniciantes\/#breadcrumb\"},\"inLanguage\":\"en-CA\",\"potentialAction\":[{\"@type\":\"ReadAction\",\"target\":[\"http:\/\/cancampus.ca\/tr\/programas\/virtual-campus\/desenho-para-iniciantes\/\"]}]},{\"@type\":\"ImageObject\",\"inLanguage\":\"en-CA\",\"@id\":\"http:\/\/cancampus.ca\/tr\/programas\/virtual-campus\/desenho-para-iniciantes\/#primaryimage\",\"url\":\"https:\/\/box5226.temp.domains\/~cancampu\/wp-content\/uploads\/2020\/01\/2335523-scaled-300x200.jpg\",\"contentUrl\":\"https:\/\/box5226.temp.domains\/~cancampu\/wp-content\/uploads\/2020\/01\/2335523-scaled-300x200.jpg\"},{\"@type\":\"BreadcrumbList\",\"@id\":\"http:\/\/cancampus.ca\/tr\/programas\/virtual-campus\/desenho-para-iniciantes\/#breadcrumb\",\"itemListElement\":[{\"@type\":\"ListItem\",\"position\":1,\"name\":\"In\u00edcio\",\"item\":\"https:\/\/cancampus.ca\/\"},{\"@type\":\"ListItem\",\"position\":2,\"name\":\"Programas\",\"item\":\"https:\/\/cancampus.ca\/en\/programas\/\"},{\"@type\":\"ListItem\",\"position\":3,\"name\":\"Cursos Virtuais\",\"item\":\"https:\/\/cancampus.ca\/en\/programas\/virtual-campus\/\"},{\"@type\":\"ListItem\",\"position\":4,\"name\":\"Desenho para Iniciantes\"}]},{\"@type\":\"WebSite\",\"@id\":\"https:\/\/cancampus.ca\/#website\",\"url\":\"https:\/\/cancampus.ca\/\",\"name\":\"CanCampus - Experince Learning!\",\"description\":\"Experience Learning!\",\"publisher\":{\"@id\":\"https:\/\/cancampus.ca\/#organization\"},\"potentialAction\":[{\"@type\":\"SearchAction\",\"target\":{\"@type\":\"EntryPoint\",\"urlTemplate\":\"https:\/\/cancampus.ca\/?s={search_term_string}\"},\"query-input\":{\"@type\":\"PropertyValueSpecification\",\"valueRequired\":true,\"valueName\":\"search_term_string\"}}],\"inLanguage\":\"en-CA\"},{\"@type\":\"Organization\",\"@id\":\"https:\/\/cancampus.ca\/#organization\",\"name\":\"CanCampus Canada\",\"url\":\"https:\/\/cancampus.ca\/\",\"logo\":{\"@type\":\"ImageObject\",\"inLanguage\":\"en-CA\",\"@id\":\"https:\/\/cancampus.ca\/#\/schema\/logo\/image\/\",\"url\":\"http:\/\/box5226.temp.domains\/~cancampu\/wp-content\/uploads\/2020\/03\/13.png\",\"contentUrl\":\"http:\/\/box5226.temp.domains\/~cancampu\/wp-content\/uploads\/2020\/03\/13.png\",\"width\":3072,\"height\":1536,\"caption\":\"CanCampus Canada\"},\"image\":{\"@id\":\"https:\/\/cancampus.ca\/#\/schema\/logo\/image\/\"},\"sameAs\":[\"https:\/\/www.facebook.com\/cancampus.ca\",\"https:\/\/www.instagram.com\/cancampus_ca\/\",\"https:\/\/www.linkedin.com\/in\/cancampus\/\"]}]}<\/script>\n<!-- \/ Yoast SEO plugin. -->","yoast_head_json":{"title":"Design for Beginners - CanCampus","robots":{"index":"index","follow":"follow","max-snippet":"max-snippet:-1","max-image-preview":"max-image-preview:large","max-video-preview":"max-video-preview:-1"},"canonical":"http:\/\/cancampus.ca\/en\/programas\/virtual-campus\/desenho-para-iniciantes\/","og_locale":"en_US","og_type":"article","og_title":"Desenho para Iniciantes - CanCampus","og_description":"Desenho para Iniciantes Aperfei\u00e7oe seus desenhos praticando o seu ingl\u00eas com professores nativos! Indicado para Jovens e adultos a partir [&hellip;]","og_url":"http:\/\/cancampus.ca\/en\/programas\/virtual-campus\/desenho-para-iniciantes\/","og_site_name":"CanCampus","article_publisher":"https:\/\/www.facebook.com\/cancampus.ca","article_modified_time":"2021-09-03T19:35:20+00:00","og_image":[{"url":"https:\/\/box5226.temp.domains\/~cancampu\/wp-content\/uploads\/2020\/01\/2335523-scaled-300x200.jpg","type":"","width":"","height":""}],"twitter_card":"summary_large_image","twitter_misc":{"Est. reading time":"4 minutes"},"schema":{"@context":"https:\/\/schema.org","@graph":[{"@type":"WebPage","@id":"http:\/\/cancampus.ca\/tr\/programas\/virtual-campus\/desenho-para-iniciantes\/","url":"http:\/\/cancampus.ca\/tr\/programas\/virtual-campus\/desenho-para-iniciantes\/","name":"Design for Beginners - CanCampus","isPartOf":{"@id":"https:\/\/cancampus.ca\/#website"},"primaryImageOfPage":{"@id":"http:\/\/cancampus.ca\/tr\/programas\/virtual-campus\/desenho-para-iniciantes\/#primaryimage"},"image":{"@id":"http:\/\/cancampus.ca\/tr\/programas\/virtual-campus\/desenho-para-iniciantes\/#primaryimage"},"thumbnailUrl":"https:\/\/box5226.temp.domains\/~cancampu\/wp-content\/uploads\/2020\/01\/2335523-scaled-300x200.jpg","datePublished":"2020-07-11T16:22:12+00:00","dateModified":"2021-09-03T19:35:20+00:00","breadcrumb":{"@id":"http:\/\/cancampus.ca\/tr\/programas\/virtual-campus\/desenho-para-iniciantes\/#breadcrumb"},"inLanguage":"en-CA","potentialAction":[{"@type":"ReadAction","target":["http:\/\/cancampus.ca\/tr\/programas\/virtual-campus\/desenho-para-iniciantes\/"]}]},{"@type":"ImageObject","inLanguage":"en-CA","@id":"http:\/\/cancampus.ca\/tr\/programas\/virtual-campus\/desenho-para-iniciantes\/#primaryimage","url":"https:\/\/box5226.temp.domains\/~cancampu\/wp-content\/uploads\/2020\/01\/2335523-scaled-300x200.jpg","contentUrl":"https:\/\/box5226.temp.domains\/~cancampu\/wp-content\/uploads\/2020\/01\/2335523-scaled-300x200.jpg"},{"@type":"BreadcrumbList","@id":"http:\/\/cancampus.ca\/tr\/programas\/virtual-campus\/desenho-para-iniciantes\/#breadcrumb","itemListElement":[{"@type":"ListItem","position":1,"name":"In\u00edcio","item":"https:\/\/cancampus.ca\/"},{"@type":"ListItem","position":2,"name":"Programas","item":"https:\/\/cancampus.ca\/en\/programas\/"},{"@type":"ListItem","position":3,"name":"Cursos Virtuais","item":"https:\/\/cancampus.ca\/en\/programas\/virtual-campus\/"},{"@type":"ListItem","position":4,"name":"Desenho para Iniciantes"}]},{"@type":"WebSite","@id":"https:\/\/cancampus.ca\/#website","url":"https:\/\/cancampus.ca\/","name":"CanCampus - Experience Learning!","description":"Experience Learning!","publisher":{"@id":"https:\/\/cancampus.ca\/#organization"},"potentialAction":[{"@type":"SearchAction","target":{"@type":"EntryPoint","urlTemplate":"https:\/\/cancampus.ca\/?s={search_term_string}"},"query-input":{"@type":"PropertyValueSpecification","valueRequired":true,"valueName":"search_term_string"}}],"inLanguage":"en-CA"},{"@type":"Organization","@id":"https:\/\/cancampus.ca\/#organization","name":"CanCampus Canada","url":"https:\/\/cancampus.ca\/","logo":{"@type":"ImageObject","inLanguage":"en-CA","@id":"https:\/\/cancampus.ca\/#\/schema\/logo\/image\/","url":"http:\/\/box5226.temp.domains\/~cancampu\/wp-content\/uploads\/2020\/03\/13.png","contentUrl":"http:\/\/box5226.temp.domains\/~cancampu\/wp-content\/uploads\/2020\/03\/13.png","width":3072,"height":1536,"caption":"CanCampus Canada"},"image":{"@id":"https:\/\/cancampus.ca\/#\/schema\/logo\/image\/"},"sameAs":["https:\/\/www.facebook.com\/cancampus.ca","https:\/\/www.instagram.com\/cancampus_ca\/","https:\/\/www.linkedin.com\/in\/cancampus\/"]}]}},"_links":{"self":[{"href":"https:\/\/cancampus.ca\/en\/wp-json\/wp\/v2\/pages\/3798","targetHints":{"allow":["GET"]}}],"collection":[{"href":"https:\/\/cancampus.ca\/en\/wp-json\/wp\/v2\/pages"}],"about":[{"href":"https:\/\/cancampus.ca\/en\/wp-json\/wp\/v2\/types\/page"}],"author":[{"embeddable":true,"href":"https:\/\/cancampus.ca\/en\/wp-json\/wp\/v2\/users\/2"}],"replies":[{"embeddable":true,"href":"https:\/\/cancampus.ca\/en\/wp-json\/wp\/v2\/comments?post=3798"}],"version-history":[{"count":0,"href":"https:\/\/cancampus.ca\/en\/wp-json\/wp\/v2\/pages\/3798\/revisions"}],"up":[{"embeddable":true,"href":"https:\/\/cancampus.ca\/en\/wp-json\/wp\/v2\/pages\/3757"}],"wp:attachment":[{"href":"https:\/\/cancampus.ca\/en\/wp-json\/wp\/v2\/media?parent=3798"}],"curies":[{"name":"wp","href":"https:\/\/api.w.org\/{rel}","templated":true}]}}