{"id":4287,"date":"2020-08-24T18:43:55","date_gmt":"2020-08-24T21:43:55","guid":{"rendered":"http:\/\/box5226.temp.domains\/~cancampu\/?page_id=4287"},"modified":"2024-10-09T08:38:52","modified_gmt":"2024-10-09T12:38:52","slug":"short-term","status":"publish","type":"page","link":"https:\/\/cancampus.ca\/en\/programas\/short-term\/","title":{"rendered":"Short Courses"},"content":{"rendered":"<p><section class=\"fw-main-row\"  >\n\t<div class=\"fw-container-fluid\">\n\t\t<div class=\"fw-row\">\n\t<div class=\"fw-col-xs-12\">\n\t\n<div class=\"owl-carousel owl-theme\">\n                     <div class=\"position-center equal-margin header-content\" role=\"banner\" style=\"background-image:url(\/\/cancampus.ca\/wp-content\/uploads\/2020\/07\/Design-sem-nome-34.png);\">\n                <div class=\"container\">\n            <div class=\"row\">\n                <div class=\"col-xs-12 col-sm-12 header-area\">\n                    <div class=\"header-area-inner header-text\">\n                        <div><span class=\"subtitle\"><span class=\"\"><\/span>Short Courses<\/span><\/div>\n                        <h1 class=\"title\"><\/h1>\n                        <p>As long as you can, working on the content you need!<\/p>                        <div class=\"btn-section\">\n                                                                                <\/div>\n                    <\/div>\n                <\/div>\n            <\/div>\n        <\/div>\n    <\/div>\n    <\/div><\/div>\n<\/div>\n\n\t<\/div>\n<\/section>\n<section class=\"fw-main-row\"  >\n\t<div class=\"fw-container\">\n\t\t<div class=\"fw-row\">\n\t<div class=\"fw-col-xs-12\">\n\t\n\t<div class=\"fw-divider-space\" style=\"padding-top: 40px;\"><\/div>\n       <div class=\"text-block post-heading-center section-title mb-60\">\n\t<span><\/span>\n\t<h2><\/h2>\n\t\t\t<p>With a focus on assertive content for their professional day-to-day activities, our short courses are built so that the participant quickly acquires mastery of the practical part of their field.<\/p><p>&nbsp;<\/p><p>Along with recognized institutions in Canada, the courses are offered by professionals working in the labor market and who master the content, helping participants to increase their mastery of the instrumental language.<\/p><p>&nbsp;<\/p><p>Click and learn more.<\/p>\t<\/div>\n<\/div>\n<\/div>\n\n<div class=\"fw-row\">\n\t<div class=\"fw-col-xs-12 fw-col-sm-4\">\n\t<\/div>\n<div class=\"fw-col-xs-12 fw-col-sm-4\">\n\t<div class=\"text-block post-heading-center section-title mb-60\">\n\t<span><\/span>\n\t<h2><\/h2>\n\t\t\t<p style=\"text-align: center;\"><a href=\"https:\/\/cancampus.ca\/en\/programas\/cursos-certificados\/\"><img loading=\"lazy\" decoding=\"async\" class=\"alignnone\" src=\"http:\/\/cancampus.ca\/wp-content\/uploads\/2020\/12\/Design-sem-nome-58.png\" alt=\"\" width=\"2560\" height=\"1709\" \/><\/a><\/p><p style=\"text-align: center;\"><a href=\"https:\/\/cancampus.ca\/en\/programas\/cursos-certificados\/\">Certified Courses<\/a><\/p>\t<\/div>\n<\/div>\n<div class=\"fw-col-xs-12 fw-col-sm-4\">\n\t<\/div>\n<\/div>\n\n<div class=\"fw-row\">\n\t<div class=\"fw-col-xs-12 fw-col-sm-15\">\n\t<\/div>\n<div class=\"fw-col-xs-12 fw-col-sm-15\">\n\t<div class=\"text-block post-heading-center section-title mb-60\">\n\t<span><\/span>\n\t<h2><\/h2>\n\t\t\t<p style=\"text-align: center;\"><a href=\"https:\/\/cancampus.ca\/en\/programas\/business\/\"><img loading=\"lazy\" decoding=\"async\" class=\"alignnone\" src=\"http:\/\/cancampus.ca\/wp-content\/uploads\/2020\/04\/business_b.jpg\" alt=\"\" width=\"2560\" height=\"1709\" \/><\/a><\/p><p style=\"text-align: center;\"><a href=\"https:\/\/cancampus.ca\/en\/programas\/business\/\">Business English<\/a><\/p>\t<\/div>\n<div class=\"text-block post-heading-center section-title mb-60\">\n\t<span><\/span>\n\t<h2><\/h2>\n\t\t\t<p style=\"text-align: center;\"><a href=\"https:\/\/cancampus.ca\/en\/programas\/intensive-business\/\"><img loading=\"lazy\" decoding=\"async\" class=\"alignnone\" src=\"http:\/\/cancampus.ca\/wp-content\/uploads\/2020\/01\/47102-scaled.jpg\" alt=\"\" width=\"2560\" height=\"1709\" \/><\/a><\/p><p style=\"text-align: center;\"><a href=\"https:\/\/cancampus.ca\/en\/programas\/intensive-business\/\">Business English: 2 Weeks<\/a><\/p>\t<\/div>\n<\/div>\n<div class=\"fw-col-xs-12 fw-col-sm-15\">\n\t<div class=\"text-block post-heading-center section-title mb-60\">\n\t<span><\/span>\n\t<h2><\/h2>\n\t\t\t<p style=\"text-align: center;\"><a href=\"https:\/\/cancampus.ca\/en\/programas\/compliance\/\"><img loading=\"lazy\" decoding=\"async\" class=\"alignnone\" src=\"http:\/\/cancampus.ca\/wp-content\/uploads\/2020\/01\/205-scaled.jpg\" alt=\"\" width=\"2560\" height=\"1709\" \/><\/a><\/p><p style=\"text-align: center;\"><a href=\"https:\/\/cancampus.ca\/en\/programas\/compliance\/\">Compliance English: 2 Weeks<\/a><\/p>\t<\/div>\n<\/div>\n<div class=\"fw-col-xs-12 fw-col-sm-15\">\n\t<div class=\"text-block post-heading-center section-title mb-60\">\n\t<span><\/span>\n\t<h2><\/h2>\n\t\t\t<p style=\"text-align: center;\"><a href=\"https:\/\/cancampus.ca\/en\/programas\/chemistry\/\"><img loading=\"lazy\" decoding=\"async\" class=\"alignnone\" src=\"http:\/\/cancampus.ca\/wp-content\/uploads\/2020\/04\/Canva-null.jpg\" alt=\"\" width=\"2560\" height=\"1709\" \/><\/a><\/p><p style=\"text-align: center;\"><a href=\"https:\/\/cancampus.ca\/en\/programas\/chemistry\/\">Chemistry<\/a><\/p>\t<\/div>\n<div class=\"text-block post-heading-center section-title mb-60\">\n\t<span><\/span>\n\t<h2><\/h2>\n\t\t\t<p style=\"text-align: center;\"><a href=\"https:\/\/cancampus.ca\/en\/programas\/environmental-studies\/\"><img loading=\"lazy\" decoding=\"async\" class=\"alignnone\" src=\"http:\/\/cancampus.ca\/wp-content\/uploads\/2020\/12\/environmental-consulting-services-banner.jpg\" alt=\"\" width=\"2560\" height=\"1709\" \/><\/a><\/p><p style=\"text-align: center;\"><a href=\"https:\/\/cancampus.ca\/en\/programas\/environmental-studies\/\">Environmental Studies<\/a><\/p>\t<\/div>\n<\/div>\n<div class=\"fw-col-xs-12 fw-col-sm-15\">\n\t<\/div>\n<\/div>\n\n\t<\/div>\n<\/section>\n<section class=\"fw-main-row\" style=\"background-color:#ee8320;\" >\n\t<div class=\"fw-container\">\n\t\t<div class=\"fw-row\">\n\t<div class=\"fw-col-xs-12\">\n\t\n\n<div id=\"instructor\" class=\"call-to-action-area\">\n    <div class=\"container\">\n        <div class=\"row justify-content-xl-between justify-content-lg-center justify-content-center\">\n            <div class=\"col-xl-6 col-lg-7 col-md-10\">\n                <div class=\"call-to-action-content\">\n                    <div class=\"post-heading-left\">\n                        <h3 class=\"text-white\">Get your program<\/h3>\n                    <\/div>\n                    <div class=\"text-white\">\n                                                    <p>A good online course, practicing the English language with native speakers, developing your artistic side and in the comfort of your home, is a unique opportunity for your experience.<\/p>                                            <\/div>\n                    <div class=\"call-to-action-btn\">\n                                                    <a href=\"https:\/\/cancampus.ca\/en\/contato\/\">\n                                Get your program! <i class=\"fas fa-arrow-right\"><\/i><\/a>\n                                            <\/div>\n                <\/div>\n            <\/div>\n                            <div class=\"col-xl-5 col-lg-0\">\n                    <div class=\"part-img\">\n                        <img decoding=\"async\" src=\"\/\/cancampus.ca\/wp-content\/uploads\/2020\/01\/instructor.png\"  alt=\"Get your program\"\/>\n                    <\/div>\n                <\/div>\n                    <\/div>\n    <\/div>\n<\/div><\/div>\n<\/div>\n\n\t<\/div>\n<\/section>\n<\/p>","protected":false},"excerpt":{"rendered":"<p>Cursos Curtos No tempo em que voc\u00ea pode, trabalhando o conte\u00fado que voc\u00ea precisa! Com foco no conte\u00fado assertivo para [&hellip;]<\/p>","protected":false},"author":2,"featured_media":0,"parent":3039,"menu_order":0,"comment_status":"closed","ping_status":"closed","template":"template-parts\/lernen-pagefullwidth.php","meta":{"_joinchat":{"telephone":"+5531982119111","message_send":"Ol\u00e1. Gostaria de receber maiores informa\u00e7\u00f5es?"},"footnotes":""},"class_list":["post-4287","page","type-page","status-publish","hentry"],"yoast_head":"<!-- This site is optimized with the Yoast SEO plugin v27.2 - https:\/\/yoast.com\/product\/yoast-seo-wordpress\/ -->\n<title>Cursos Curtos - CanCampus<\/title>\n<meta name=\"robots\" content=\"index, follow, max-snippet:-1, max-image-preview:large, max-video-preview:-1\" \/>\n<link rel=\"canonical\" href=\"https:\/\/cancampus.ca\/en\/programas\/short-term\/\" \/>\n<meta property=\"og:locale\" content=\"en_US\" \/>\n<meta property=\"og:type\" content=\"article\" \/>\n<meta property=\"og:title\" content=\"Cursos Curtos - CanCampus\" \/>\n<meta property=\"og:description\" content=\"Cursos Curtos No tempo em que voc\u00ea pode, trabalhando o conte\u00fado que voc\u00ea precisa! Com foco no conte\u00fado assertivo para [&hellip;]\" \/>\n<meta property=\"og:url\" content=\"https:\/\/cancampus.ca\/en\/programas\/short-term\/\" \/>\n<meta property=\"og:site_name\" content=\"CanCampus\" \/>\n<meta property=\"article:publisher\" content=\"https:\/\/www.facebook.com\/cancampus.ca\" \/>\n<meta property=\"article:modified_time\" content=\"2024-10-09T12:38:52+00:00\" \/>\n<meta property=\"og:image\" content=\"http:\/\/cancampus.ca\/wp-content\/uploads\/2020\/12\/Design-sem-nome-58.png\" \/>\n<meta name=\"twitter:card\" content=\"summary_large_image\" \/>\n<meta name=\"twitter:label1\" content=\"Est. reading time\" \/>\n\t<meta name=\"twitter:data1\" content=\"3 minutes\" \/>\n<script type=\"application\/ld+json\" class=\"yoast-schema-graph\">{\"@context\":\"https:\/\/schema.org\",\"@graph\":[{\"@type\":\"WebPage\",\"@id\":\"https:\/\/cancampus.ca\/en\/programas\/short-term\/\",\"url\":\"https:\/\/cancampus.ca\/en\/programas\/short-term\/\",\"name\":\"Cursos Curtos - CanCampus\",\"isPartOf\":{\"@id\":\"https:\/\/cancampus.ca\/#website\"},\"primaryImageOfPage\":{\"@id\":\"https:\/\/cancampus.ca\/en\/programas\/short-term\/#primaryimage\"},\"image\":{\"@id\":\"https:\/\/cancampus.ca\/en\/programas\/short-term\/#primaryimage\"},\"thumbnailUrl\":\"http:\/\/cancampus.ca\/wp-content\/uploads\/2020\/12\/Design-sem-nome-58.png\",\"datePublished\":\"2020-08-24T21:43:55+00:00\",\"dateModified\":\"2024-10-09T12:38:52+00:00\",\"breadcrumb\":{\"@id\":\"https:\/\/cancampus.ca\/en\/programas\/short-term\/#breadcrumb\"},\"inLanguage\":\"en-CA\",\"potentialAction\":[{\"@type\":\"ReadAction\",\"target\":[\"https:\/\/cancampus.ca\/en\/programas\/short-term\/\"]}]},{\"@type\":\"ImageObject\",\"inLanguage\":\"en-CA\",\"@id\":\"https:\/\/cancampus.ca\/en\/programas\/short-term\/#primaryimage\",\"url\":\"http:\/\/cancampus.ca\/wp-content\/uploads\/2020\/12\/Design-sem-nome-58.png\",\"contentUrl\":\"http:\/\/cancampus.ca\/wp-content\/uploads\/2020\/12\/Design-sem-nome-58.png\"},{\"@type\":\"BreadcrumbList\",\"@id\":\"https:\/\/cancampus.ca\/en\/programas\/short-term\/#breadcrumb\",\"itemListElement\":[{\"@type\":\"ListItem\",\"position\":1,\"name\":\"In\u00edcio\",\"item\":\"https:\/\/cancampus.ca\/\"},{\"@type\":\"ListItem\",\"position\":2,\"name\":\"Programas\",\"item\":\"https:\/\/cancampus.ca\/en\/programas\/\"},{\"@type\":\"ListItem\",\"position\":3,\"name\":\"Cursos Curtos\"}]},{\"@type\":\"WebSite\",\"@id\":\"https:\/\/cancampus.ca\/#website\",\"url\":\"https:\/\/cancampus.ca\/\",\"name\":\"CanCampus - Experince Learning!\",\"description\":\"Experience Learning!\",\"publisher\":{\"@id\":\"https:\/\/cancampus.ca\/#organization\"},\"potentialAction\":[{\"@type\":\"SearchAction\",\"target\":{\"@type\":\"EntryPoint\",\"urlTemplate\":\"https:\/\/cancampus.ca\/?s={search_term_string}\"},\"query-input\":{\"@type\":\"PropertyValueSpecification\",\"valueRequired\":true,\"valueName\":\"search_term_string\"}}],\"inLanguage\":\"en-CA\"},{\"@type\":\"Organization\",\"@id\":\"https:\/\/cancampus.ca\/#organization\",\"name\":\"CanCampus Canada\",\"url\":\"https:\/\/cancampus.ca\/\",\"logo\":{\"@type\":\"ImageObject\",\"inLanguage\":\"en-CA\",\"@id\":\"https:\/\/cancampus.ca\/#\/schema\/logo\/image\/\",\"url\":\"http:\/\/box5226.temp.domains\/~cancampu\/wp-content\/uploads\/2020\/03\/13.png\",\"contentUrl\":\"http:\/\/box5226.temp.domains\/~cancampu\/wp-content\/uploads\/2020\/03\/13.png\",\"width\":3072,\"height\":1536,\"caption\":\"CanCampus Canada\"},\"image\":{\"@id\":\"https:\/\/cancampus.ca\/#\/schema\/logo\/image\/\"},\"sameAs\":[\"https:\/\/www.facebook.com\/cancampus.ca\",\"https:\/\/www.instagram.com\/cancampus_ca\/\",\"https:\/\/www.linkedin.com\/in\/cancampus\/\"]}]}<\/script>\n<!-- \/ Yoast SEO plugin. -->","yoast_head_json":{"title":"Short Courses - CanCampus","robots":{"index":"index","follow":"follow","max-snippet":"max-snippet:-1","max-image-preview":"max-image-preview:large","max-video-preview":"max-video-preview:-1"},"canonical":"https:\/\/cancampus.ca\/en\/programas\/short-term\/","og_locale":"en_US","og_type":"article","og_title":"Cursos Curtos - CanCampus","og_description":"Cursos Curtos No tempo em que voc\u00ea pode, trabalhando o conte\u00fado que voc\u00ea precisa! Com foco no conte\u00fado assertivo para [&hellip;]","og_url":"https:\/\/cancampus.ca\/en\/programas\/short-term\/","og_site_name":"CanCampus","article_publisher":"https:\/\/www.facebook.com\/cancampus.ca","article_modified_time":"2024-10-09T12:38:52+00:00","og_image":[{"url":"http:\/\/cancampus.ca\/wp-content\/uploads\/2020\/12\/Design-sem-nome-58.png","type":"","width":"","height":""}],"twitter_card":"summary_large_image","twitter_misc":{"Est. reading time":"3 minutes"},"schema":{"@context":"https:\/\/schema.org","@graph":[{"@type":"WebPage","@id":"https:\/\/cancampus.ca\/en\/programas\/short-term\/","url":"https:\/\/cancampus.ca\/en\/programas\/short-term\/","name":"Short Courses - CanCampus","isPartOf":{"@id":"https:\/\/cancampus.ca\/#website"},"primaryImageOfPage":{"@id":"https:\/\/cancampus.ca\/en\/programas\/short-term\/#primaryimage"},"image":{"@id":"https:\/\/cancampus.ca\/en\/programas\/short-term\/#primaryimage"},"thumbnailUrl":"http:\/\/cancampus.ca\/wp-content\/uploads\/2020\/12\/Design-sem-nome-58.png","datePublished":"2020-08-24T21:43:55+00:00","dateModified":"2024-10-09T12:38:52+00:00","breadcrumb":{"@id":"https:\/\/cancampus.ca\/en\/programas\/short-term\/#breadcrumb"},"inLanguage":"en-CA","potentialAction":[{"@type":"ReadAction","target":["https:\/\/cancampus.ca\/en\/programas\/short-term\/"]}]},{"@type":"ImageObject","inLanguage":"en-CA","@id":"https:\/\/cancampus.ca\/en\/programas\/short-term\/#primaryimage","url":"http:\/\/cancampus.ca\/wp-content\/uploads\/2020\/12\/Design-sem-nome-58.png","contentUrl":"http:\/\/cancampus.ca\/wp-content\/uploads\/2020\/12\/Design-sem-nome-58.png"},{"@type":"BreadcrumbList","@id":"https:\/\/cancampus.ca\/en\/programas\/short-term\/#breadcrumb","itemListElement":[{"@type":"ListItem","position":1,"name":"In\u00edcio","item":"https:\/\/cancampus.ca\/"},{"@type":"ListItem","position":2,"name":"Programas","item":"https:\/\/cancampus.ca\/en\/programas\/"},{"@type":"ListItem","position":3,"name":"Cursos Curtos"}]},{"@type":"WebSite","@id":"https:\/\/cancampus.ca\/#website","url":"https:\/\/cancampus.ca\/","name":"CanCampus - Experience Learning!","description":"Experience Learning!","publisher":{"@id":"https:\/\/cancampus.ca\/#organization"},"potentialAction":[{"@type":"SearchAction","target":{"@type":"EntryPoint","urlTemplate":"https:\/\/cancampus.ca\/?s={search_term_string}"},"query-input":{"@type":"PropertyValueSpecification","valueRequired":true,"valueName":"search_term_string"}}],"inLanguage":"en-CA"},{"@type":"Organization","@id":"https:\/\/cancampus.ca\/#organization","name":"CanCampus Canada","url":"https:\/\/cancampus.ca\/","logo":{"@type":"ImageObject","inLanguage":"en-CA","@id":"https:\/\/cancampus.ca\/#\/schema\/logo\/image\/","url":"http:\/\/box5226.temp.domains\/~cancampu\/wp-content\/uploads\/2020\/03\/13.png","contentUrl":"http:\/\/box5226.temp.domains\/~cancampu\/wp-content\/uploads\/2020\/03\/13.png","width":3072,"height":1536,"caption":"CanCampus Canada"},"image":{"@id":"https:\/\/cancampus.ca\/#\/schema\/logo\/image\/"},"sameAs":["https:\/\/www.facebook.com\/cancampus.ca","https:\/\/www.instagram.com\/cancampus_ca\/","https:\/\/www.linkedin.com\/in\/cancampus\/"]}]}},"_links":{"self":[{"href":"https:\/\/cancampus.ca\/en\/wp-json\/wp\/v2\/pages\/4287","targetHints":{"allow":["GET"]}}],"collection":[{"href":"https:\/\/cancampus.ca\/en\/wp-json\/wp\/v2\/pages"}],"about":[{"href":"https:\/\/cancampus.ca\/en\/wp-json\/wp\/v2\/types\/page"}],"author":[{"embeddable":true,"href":"https:\/\/cancampus.ca\/en\/wp-json\/wp\/v2\/users\/2"}],"replies":[{"embeddable":true,"href":"https:\/\/cancampus.ca\/en\/wp-json\/wp\/v2\/comments?post=4287"}],"version-history":[{"count":2,"href":"https:\/\/cancampus.ca\/en\/wp-json\/wp\/v2\/pages\/4287\/revisions"}],"predecessor-version":[{"id":5338,"href":"https:\/\/cancampus.ca\/en\/wp-json\/wp\/v2\/pages\/4287\/revisions\/5338"}],"up":[{"embeddable":true,"href":"https:\/\/cancampus.ca\/en\/wp-json\/wp\/v2\/pages\/3039"}],"wp:attachment":[{"href":"https:\/\/cancampus.ca\/en\/wp-json\/wp\/v2\/media?parent=4287"}],"curies":[{"name":"wp","href":"https:\/\/api.w.org\/{rel}","templated":true}]}}