{"id":4297,"date":"2020-08-24T18:59:24","date_gmt":"2020-08-24T21:59:24","guid":{"rendered":"http:\/\/box5226.temp.domains\/~cancampu\/?page_id=4297"},"modified":"2024-10-09T07:41:47","modified_gmt":"2024-10-09T11:41:47","slug":"regular-term-courses","status":"publish","type":"page","link":"https:\/\/cancampus.ca\/en\/programas\/regular-term-courses\/","title":{"rendered":"Universities"},"content":{"rendered":"<p><section class=\"fw-main-row\"  >\n\t<div class=\"fw-container-fluid\">\n\t\t<div class=\"fw-row\">\n\t<div class=\"fw-col-xs-12\">\n\t\n<div class=\"owl-carousel owl-theme\">\n                     <div class=\"equal-margin header-content\" role=\"banner\" style=\"background-image:url(\/\/cancampus.ca\/wp-content\/uploads\/2020\/08\/Canva-Blue-and-Gold-Cover-Book-on-Brown-Wooden-Shelf-scaled.jpg);\">\n                <div class=\"container\">\n            <div class=\"row\">\n                <div class=\"col-xs-12 col-sm-12 header-area\">\n                    <div class=\"header-area-inner header-text\">\n                        <div><span class=\"subtitle\"><span class=\"\"><\/span>Universities<\/span><\/div>\n                        <h1 class=\"title\"><\/h1>\n                        <p>To you who want to pursue an international profession.<\/p>                        <div class=\"btn-section\">\n                                                                                <\/div>\n                    <\/div>\n                <\/div>\n            <\/div>\n        <\/div>\n    <\/div>\n    <\/div><\/div>\n<\/div>\n\n\t<\/div>\n<\/section>\n<section class=\"fw-main-row\"  >\n\t<div class=\"fw-container\">\n\t\t<div class=\"fw-row\">\n\t<div class=\"fw-col-xs-12\">\n\t\n\t<div class=\"fw-divider-space\" style=\"padding-top: 40px;\"><\/div>\n       <div class=\"text-block post-heading-center section-title mb-60\">\n\t<span><\/span>\n\t<h2><\/h2>\n\t\t\t<p>Studying &quot;College&quot; or University, up to a postdoctoral degree, in Canada is accessible and without much bureaucracy.<\/p><p>&nbsp;<\/p><table width=\"573\"><tbody><tr><td style=\"text-align: center;\" width=\"100\">Type<\/td><td width=\"67\">Focus<\/td><td width=\"203\">Duration<\/td><td width=\"203\">Indicated for<\/td><\/tr><tr><td width=\"100\">University<\/td><td width=\"67\">Academic and Professional Programs<\/td><td width=\"203\">Between 03 to 04 years<\/td><td width=\"203\">For future professionals seeking career improvement and research areas<\/td><\/tr><tr><td width=\"100\">college<\/td><td width=\"67\">Technician<\/td><td width=\"203\">Between 01 and 03 years<\/td><td width=\"203\">For future professionals looking for quick entry into the job market<\/td><\/tr><\/tbody><\/table><p>&nbsp;<\/p><p>Together we will plan with all the necessary requirements in a simple and practical way for you to carry out this international experience.<\/p><p>&nbsp;<\/p><p>Our focus is to work on your profile, analyzing your needs, presenting cities and \u201cColleges\u201d or Universities aligned with your expectations.\u00a0<\/p><p>&nbsp;<\/p><p>For those who need to improve their English to enter Canadian institutions, CanCampus can also help you achieve your goals.<\/p><p>&nbsp;<\/p><p>&nbsp;<\/p><p>Click and learn more.<\/p>\t<\/div>\n<\/div>\n<\/div>\n\n<div class=\"fw-row\">\n\t<div class=\"fw-col-xs-12 fw-col-sm-3\">\n\t<\/div>\n<div class=\"fw-col-xs-12 fw-col-sm-3\">\n\t<div class=\"text-block post-heading-center section-title mb-60\">\n\t<span><\/span>\n\t<h2><\/h2>\n\t\t\t<p><a href=\"https:\/\/cancampus.ca\/en\/programas\/arts-courses\/\">Arts &amp; Music<\/a><\/p><p><a href=\"https:\/\/cancampus.ca\/en\/programas\/human-social-sciences\/\">Human &amp; Social Sciences<\/a><\/p><p><a href=\"https:\/\/cancampus.ca\/en\/programas\/health-sciences\/\">Medical Sciences<\/a><\/p><p><a href=\"https:\/\/cancampus.ca\/en\/programas\/nature-sciences\/\">Natural Sciences<\/a><\/p>\t<\/div>\n<\/div>\n<div class=\"fw-col-xs-12 fw-col-sm-3\">\n\t<div class=\"text-block post-heading-center section-title mb-60\">\n\t<span><\/span>\n\t<h2><\/h2>\n\t\t\t<p><a href=\"https:\/\/cancampus.ca\/en\/programas\/law\/\">Law &amp; Related Areas<\/a><\/p><p><a href=\"https:\/\/cancampus.ca\/en\/programas\/engineering\/\">Engineering<\/a><\/p><p><a href=\"https:\/\/cancampus.ca\/en\/programas\/education-courses\/\">Education &amp; Didactics<\/a><\/p><p><a href=\"https:\/\/cancampus.ca\/en\/programas\/business-courses\/\">IT &amp; ICT<\/a><\/p>\t<\/div>\n<\/div>\n<div class=\"fw-col-xs-12 fw-col-sm-3\">\n\t<\/div>\n<\/div>\n\n\t<\/div>\n<\/section>\n<section class=\"fw-main-row\" style=\"background-color:#ee8320;\" >\n\t<div class=\"fw-container\">\n\t\t<div class=\"fw-row\">\n\t<div class=\"fw-col-xs-12\">\n\t\n\n<div id=\"instructor\" class=\"call-to-action-area\">\n    <div class=\"container\">\n        <div class=\"row justify-content-xl-between justify-content-lg-center justify-content-center\">\n            <div class=\"col-xl-6 col-lg-7 col-md-10\">\n                <div class=\"call-to-action-content\">\n                    <div class=\"post-heading-left\">\n                        <h3 class=\"text-white\">Get your program<\/h3>\n                    <\/div>\n                    <div class=\"text-white\">\n                                                    <p>A good online course, practicing the English language with native speakers, developing your artistic side and in the comfort of your home, is a unique opportunity for your experience.<\/p>                                            <\/div>\n                    <div class=\"call-to-action-btn\">\n                                                    <a href=\"https:\/\/cancampus.ca\/en\/contato\/\">\n                                Get your program! <i class=\"fas fa-arrow-right\"><\/i><\/a>\n                                            <\/div>\n                <\/div>\n            <\/div>\n                            <div class=\"col-xl-5 col-lg-0\">\n                    <div class=\"part-img\">\n                        <img decoding=\"async\" src=\"\/\/cancampus.ca\/wp-content\/uploads\/2020\/01\/instructor.png\"  alt=\"Get your program\"\/>\n                    <\/div>\n                <\/div>\n                    <\/div>\n    <\/div>\n<\/div><\/div>\n<\/div>\n\n\t<\/div>\n<\/section>\n<\/p>","protected":false},"excerpt":{"rendered":"<p>Universidades A voc\u00ea que deseja seguir com uma profiss\u00e3o internacional. Cursar &#8220;College&#8221; ou Universidade, at\u00e9 um p\u00f3s-doutorado, no Canad\u00e1 \u00e9 [&hellip;]<\/p>","protected":false},"author":2,"featured_media":0,"parent":3039,"menu_order":0,"comment_status":"closed","ping_status":"closed","template":"template-parts\/lernen-pagefullwidth.php","meta":{"_joinchat":{"telephone":"+5511988262414","message_send":"Ol\u00e1. Gostaria de receber maiores informa\u00e7\u00f5es?"},"footnotes":""},"class_list":["post-4297","page","type-page","status-publish","hentry"],"yoast_head":"<!-- This site is optimized with the Yoast SEO plugin v27.2 - https:\/\/yoast.com\/product\/yoast-seo-wordpress\/ -->\n<title>Universidades - CanCampus<\/title>\n<meta name=\"robots\" content=\"index, follow, max-snippet:-1, max-image-preview:large, max-video-preview:-1\" \/>\n<link rel=\"canonical\" href=\"http:\/\/cancampus.ca\/en\/programas\/regular-term-courses\/\" \/>\n<meta property=\"og:locale\" content=\"en_US\" \/>\n<meta property=\"og:type\" content=\"article\" \/>\n<meta property=\"og:title\" content=\"Universidades - CanCampus\" \/>\n<meta property=\"og:description\" content=\"Universidades A voc\u00ea que deseja seguir com uma profiss\u00e3o internacional. Cursar &quot;College&quot; ou Universidade, at\u00e9 um p\u00f3s-doutorado, no Canad\u00e1 \u00e9 [&hellip;]\" \/>\n<meta property=\"og:url\" content=\"http:\/\/cancampus.ca\/en\/programas\/regular-term-courses\/\" \/>\n<meta property=\"og:site_name\" content=\"CanCampus\" \/>\n<meta property=\"article:publisher\" content=\"https:\/\/www.facebook.com\/cancampus.ca\" \/>\n<meta property=\"article:modified_time\" content=\"2024-10-09T11:41:47+00:00\" \/>\n<meta name=\"twitter:card\" content=\"summary_large_image\" \/>\n<meta name=\"twitter:label1\" content=\"Est. reading time\" \/>\n\t<meta name=\"twitter:data1\" content=\"2 minutes\" \/>\n<script type=\"application\/ld+json\" class=\"yoast-schema-graph\">{\"@context\":\"https:\/\/schema.org\",\"@graph\":[{\"@type\":\"WebPage\",\"@id\":\"http:\/\/cancampus.ca\/programas\/regular-term-courses\/\",\"url\":\"http:\/\/cancampus.ca\/programas\/regular-term-courses\/\",\"name\":\"Universidades - CanCampus\",\"isPartOf\":{\"@id\":\"https:\/\/cancampus.ca\/#website\"},\"datePublished\":\"2020-08-24T21:59:24+00:00\",\"dateModified\":\"2024-10-09T11:41:47+00:00\",\"breadcrumb\":{\"@id\":\"http:\/\/cancampus.ca\/programas\/regular-term-courses\/#breadcrumb\"},\"inLanguage\":\"en-CA\",\"potentialAction\":[{\"@type\":\"ReadAction\",\"target\":[\"http:\/\/cancampus.ca\/programas\/regular-term-courses\/\"]}]},{\"@type\":\"BreadcrumbList\",\"@id\":\"http:\/\/cancampus.ca\/programas\/regular-term-courses\/#breadcrumb\",\"itemListElement\":[{\"@type\":\"ListItem\",\"position\":1,\"name\":\"In\u00edcio\",\"item\":\"https:\/\/cancampus.ca\/\"},{\"@type\":\"ListItem\",\"position\":2,\"name\":\"Programas\",\"item\":\"https:\/\/cancampus.ca\/en\/programas\/\"},{\"@type\":\"ListItem\",\"position\":3,\"name\":\"Universidades\"}]},{\"@type\":\"WebSite\",\"@id\":\"https:\/\/cancampus.ca\/#website\",\"url\":\"https:\/\/cancampus.ca\/\",\"name\":\"CanCampus - Experince Learning!\",\"description\":\"Experience Learning!\",\"publisher\":{\"@id\":\"https:\/\/cancampus.ca\/#organization\"},\"potentialAction\":[{\"@type\":\"SearchAction\",\"target\":{\"@type\":\"EntryPoint\",\"urlTemplate\":\"https:\/\/cancampus.ca\/?s={search_term_string}\"},\"query-input\":{\"@type\":\"PropertyValueSpecification\",\"valueRequired\":true,\"valueName\":\"search_term_string\"}}],\"inLanguage\":\"en-CA\"},{\"@type\":\"Organization\",\"@id\":\"https:\/\/cancampus.ca\/#organization\",\"name\":\"CanCampus Canada\",\"url\":\"https:\/\/cancampus.ca\/\",\"logo\":{\"@type\":\"ImageObject\",\"inLanguage\":\"en-CA\",\"@id\":\"https:\/\/cancampus.ca\/#\/schema\/logo\/image\/\",\"url\":\"http:\/\/box5226.temp.domains\/~cancampu\/wp-content\/uploads\/2020\/03\/13.png\",\"contentUrl\":\"http:\/\/box5226.temp.domains\/~cancampu\/wp-content\/uploads\/2020\/03\/13.png\",\"width\":3072,\"height\":1536,\"caption\":\"CanCampus Canada\"},\"image\":{\"@id\":\"https:\/\/cancampus.ca\/#\/schema\/logo\/image\/\"},\"sameAs\":[\"https:\/\/www.facebook.com\/cancampus.ca\",\"https:\/\/www.instagram.com\/cancampus_ca\/\",\"https:\/\/www.linkedin.com\/in\/cancampus\/\"]}]}<\/script>\n<!-- \/ Yoast SEO plugin. -->","yoast_head_json":{"title":"Universities - CanCampus","robots":{"index":"index","follow":"follow","max-snippet":"max-snippet:-1","max-image-preview":"max-image-preview:large","max-video-preview":"max-video-preview:-1"},"canonical":"http:\/\/cancampus.ca\/en\/programas\/regular-term-courses\/","og_locale":"en_US","og_type":"article","og_title":"Universidades - CanCampus","og_description":"Universidades A voc\u00ea que deseja seguir com uma profiss\u00e3o internacional. Cursar \"College\" ou Universidade, at\u00e9 um p\u00f3s-doutorado, no Canad\u00e1 \u00e9 [&hellip;]","og_url":"http:\/\/cancampus.ca\/en\/programas\/regular-term-courses\/","og_site_name":"CanCampus","article_publisher":"https:\/\/www.facebook.com\/cancampus.ca","article_modified_time":"2024-10-09T11:41:47+00:00","twitter_card":"summary_large_image","twitter_misc":{"Est. reading time":"2 minutes"},"schema":{"@context":"https:\/\/schema.org","@graph":[{"@type":"WebPage","@id":"http:\/\/cancampus.ca\/programas\/regular-term-courses\/","url":"http:\/\/cancampus.ca\/programas\/regular-term-courses\/","name":"Universities - CanCampus","isPartOf":{"@id":"https:\/\/cancampus.ca\/#website"},"datePublished":"2020-08-24T21:59:24+00:00","dateModified":"2024-10-09T11:41:47+00:00","breadcrumb":{"@id":"http:\/\/cancampus.ca\/programas\/regular-term-courses\/#breadcrumb"},"inLanguage":"en-CA","potentialAction":[{"@type":"ReadAction","target":["http:\/\/cancampus.ca\/programas\/regular-term-courses\/"]}]},{"@type":"BreadcrumbList","@id":"http:\/\/cancampus.ca\/programas\/regular-term-courses\/#breadcrumb","itemListElement":[{"@type":"ListItem","position":1,"name":"In\u00edcio","item":"https:\/\/cancampus.ca\/"},{"@type":"ListItem","position":2,"name":"Programas","item":"https:\/\/cancampus.ca\/en\/programas\/"},{"@type":"ListItem","position":3,"name":"Universidades"}]},{"@type":"WebSite","@id":"https:\/\/cancampus.ca\/#website","url":"https:\/\/cancampus.ca\/","name":"CanCampus - Experience Learning!","description":"Experience Learning!","publisher":{"@id":"https:\/\/cancampus.ca\/#organization"},"potentialAction":[{"@type":"SearchAction","target":{"@type":"EntryPoint","urlTemplate":"https:\/\/cancampus.ca\/?s={search_term_string}"},"query-input":{"@type":"PropertyValueSpecification","valueRequired":true,"valueName":"search_term_string"}}],"inLanguage":"en-CA"},{"@type":"Organization","@id":"https:\/\/cancampus.ca\/#organization","name":"CanCampus Canada","url":"https:\/\/cancampus.ca\/","logo":{"@type":"ImageObject","inLanguage":"en-CA","@id":"https:\/\/cancampus.ca\/#\/schema\/logo\/image\/","url":"http:\/\/box5226.temp.domains\/~cancampu\/wp-content\/uploads\/2020\/03\/13.png","contentUrl":"http:\/\/box5226.temp.domains\/~cancampu\/wp-content\/uploads\/2020\/03\/13.png","width":3072,"height":1536,"caption":"CanCampus Canada"},"image":{"@id":"https:\/\/cancampus.ca\/#\/schema\/logo\/image\/"},"sameAs":["https:\/\/www.facebook.com\/cancampus.ca","https:\/\/www.instagram.com\/cancampus_ca\/","https:\/\/www.linkedin.com\/in\/cancampus\/"]}]}},"_links":{"self":[{"href":"https:\/\/cancampus.ca\/en\/wp-json\/wp\/v2\/pages\/4297","targetHints":{"allow":["GET"]}}],"collection":[{"href":"https:\/\/cancampus.ca\/en\/wp-json\/wp\/v2\/pages"}],"about":[{"href":"https:\/\/cancampus.ca\/en\/wp-json\/wp\/v2\/types\/page"}],"author":[{"embeddable":true,"href":"https:\/\/cancampus.ca\/en\/wp-json\/wp\/v2\/users\/2"}],"replies":[{"embeddable":true,"href":"https:\/\/cancampus.ca\/en\/wp-json\/wp\/v2\/comments?post=4297"}],"version-history":[{"count":2,"href":"https:\/\/cancampus.ca\/en\/wp-json\/wp\/v2\/pages\/4297\/revisions"}],"predecessor-version":[{"id":5334,"href":"https:\/\/cancampus.ca\/en\/wp-json\/wp\/v2\/pages\/4297\/revisions\/5334"}],"up":[{"embeddable":true,"href":"https:\/\/cancampus.ca\/en\/wp-json\/wp\/v2\/pages\/3039"}],"wp:attachment":[{"href":"https:\/\/cancampus.ca\/en\/wp-json\/wp\/v2\/media?parent=4297"}],"curies":[{"name":"wp","href":"https:\/\/api.w.org\/{rel}","templated":true}]}}