{"id":4558,"date":"2020-12-16T21:47:51","date_gmt":"2020-12-17T00:47:51","guid":{"rendered":"http:\/\/box5226.temp.domains\/~cancampu\/?page_id=4558"},"modified":"2021-09-03T17:21:57","modified_gmt":"2021-09-03T21:21:57","slug":"law","status":"publish","type":"page","link":"https:\/\/cancampus.ca\/en\/programas\/law\/","title":{"rendered":"Law"},"content":{"rendered":"<p><section class=\"fw-main-row\"  >\n\t<div class=\"fw-container-fluid\">\n\t\t<div class=\"fw-row\">\n\t<div class=\"fw-col-xs-12\">\n\t\n<div class=\"owl-carousel owl-theme\">\n                     <div class=\"header-content-full header-content\" role=\"banner\" style=\"background-image:url(\/\/cancampus.ca\/wp-content\/uploads\/2020\/12\/Design-sem-nome-79.png);\">\n                <div class=\"container\">\n            <div class=\"row\">\n                <div class=\"col-xs-12 col-sm-12 header-area\">\n                    <div class=\"header-area-inner header-text\">\n                        <div><span class=\"subtitle\"><span class=\"\"><\/span> Right <\/span><\/div>\n                        <h1 class=\"title\">&amp; Related Areas<\/h1>\n                        <p>For those who seek in the Law a way to change society.<\/p>                        <div class=\"btn-section\">\n                                                                                <\/div>\n                    <\/div>\n                <\/div>\n            <\/div>\n        <\/div>\n    <\/div>\n    <\/div><\/div>\n<\/div>\n\n\t<\/div>\n<\/section>\n<section class=\"fw-main-row\"  >\n\t<div class=\"fw-container\">\n\t\t<div class=\"fw-row\">\n\t<div class=\"fw-col-xs-12\">\n\t\n\t<div class=\"fw-divider-space\" style=\"padding-top: 30px;\"><\/div>\n<\/div>\n<\/div>\n\n\t<\/div>\n<\/section>\n<section class=\"fw-main-row\" style=\"background-color:#f3f7fe;\" >\n\t<div class=\"fw-container-fluid\">\n\t\t<div class=\"fw-row\">\n\t<div class=\"fw-col-xs-12\">\n\t       \n<div id=\"why-us\" class=\"\">\n    <div class=\"row\">\n                    <div class=\"col-xs-12 col-sm-12 col-md-5 col-xl-6 col-lg-6 why-us-left-bg\" style=\"background-image:url(\/\/cancampus.ca\/wp-content\/uploads\/2020\/12\/Design-sem-nome-81.png);\">\n            <\/div>\n            <div class=\"col-xs-12 col-sm-12 col-md-7 col-xl-6 col-lg-6 wrap-padding bg-img-left\">\n                <div class=\"section-title\">\n                    <div>\n                        <span>Courses<\/span>\n                        <h3><\/h3>\n                    <\/div>\n                <\/div>\n                                    <div class=\"about_content\">\n                        <p>Canada has shown itself to be a world reference in the fight against diversity, the environment and social equality, with repercussions in its laws, in the quality of the teaching of Law courses and related areas. Going beyond basic law training, the student will improve his career and be ready for a more collaborative and globalized world.<\/p><p>Upon completion, it is possible to pursue a career in Canada.<\/p><p style=\"font-weight: 400;\">Some featured courses:<\/p><ul style=\"font-weight: 400;\"><li>Law<\/li><li>Applied Politics (MAP)<\/li><li>International Public Policy (MIPP)<\/li><li>Criminology (MA)<\/li><li>Paralegal Programs<\/li><\/ul>                                            <\/div>\n                            <\/div>\n                    <\/div>\n<\/div>\n<\/div>\n<\/div>\n\n\t<\/div>\n<\/section>\n<section class=\"fw-main-row\" style=\"background-color:#f3f7fe;\" >\n\t<div class=\"fw-container-fluid\">\n\t\t<div class=\"fw-row\">\n\t<div class=\"fw-col-xs-12\">\n\t\n<div id=\"why-us\" class=\"\">\n    <div class=\"row\">\n                            <div class=\"col-xs-12 col-sm-12 col-md-7 col-xl-6 col-lg-6 wrap-padding bg-img-right\">\n                <div class=\"section-title\">\n                    <div>\n                        <span>Cities &amp; Investments<\/span>\n                        <h3><\/h3>\n                    <\/div>\n                <\/div>\n                                    <div class=\"about_content\">\n                        <p style=\"font-weight: 400;\"><strong>CITIES WHERE WE OPERATE<\/strong><\/p><p style=\"font-weight: 400;\">The cities we highlight for Law courses:<\/p><p style=\"font-weight: 400;\"><p>Charlottetown (Prince Edward Island)<\/p><p>Toronto and GTA - Greater Toronto Area (Ontario)<\/p><p>Fredericton (New Brunswick)<\/p><p style=\"font-weight: 400;\"><p style=\"font-weight: 400;\">Courses in the area of <em>Right<\/em><em>\u00a0<\/em>they can also be carried out in other cities according to their objectives.<\/p><p style=\"font-weight: 400;\"><p style=\"font-weight: 400;\"><p style=\"font-weight: 400;\"><strong>INVESTMENT<\/strong><\/p><p style=\"font-weight: 400;\">Courses from CAD$ 13,000.00 \/ year.<\/p><p style=\"font-weight: 400;\">Consult us for more details and payment methods.<\/p>                                            <\/div>\n                            <\/div>\n            <div class=\"col-xs-12 col-sm-12 col-md-5 col-xl-6 col-lg-6 why-us-left-bg\" style=\"background-image:url(\/\/cancampus.ca\/wp-content\/uploads\/2020\/12\/Design-sem-nome-80.png);\">\n            <\/div>\n            <\/div>\n<\/div>\n<\/div>\n<\/div>\n\n\t<\/div>\n<\/section>\n<section class=\"fw-main-row\" style=\"background-color:#ee8320;\" >\n\t<div class=\"fw-container\">\n\t\t<div class=\"fw-row\">\n\t<div class=\"fw-col-xs-12\">\n\t\n\n<div id=\"instructor\" class=\"call-to-action-area\">\n    <div class=\"container\">\n        <div class=\"row justify-content-xl-between justify-content-lg-center justify-content-center\">\n            <div class=\"col-xl-6 col-lg-7 col-md-10\">\n                <div class=\"call-to-action-content\">\n                    <div class=\"post-heading-left\">\n                        <h3 class=\"text-white\">Get your program<\/h3>\n                    <\/div>\n                    <div class=\"text-white\">\n                                                    <p>A good course, with an excellent university, with a local team, who will accompany you. Finally, a unique opportunity for your professional and personal experience.<\/p><p>Click and get your program now.<\/p>                                            <\/div>\n                    <div class=\"call-to-action-btn\">\n                                                    <a href=\"https:\/\/www.convergepay.com\/hosted-payments?ssl_txn_auth_token=1fjVPOxZTI6fmdNA5nNRfAAAAXIoreTJ\">\n                                Get it here <i class=\"fas fa-arrow-right\"><\/i><\/a>\n                                            <\/div>\n                <\/div>\n            <\/div>\n                            <div class=\"col-xl-5 col-lg-0\">\n                    <div class=\"part-img\">\n                        <img decoding=\"async\" src=\"\/\/cancampus.ca\/wp-content\/uploads\/2020\/01\/instructor.png\"  alt=\"Get your program\"\/>\n                    <\/div>\n                <\/div>\n                    <\/div>\n    <\/div>\n<\/div><\/div>\n<\/div>\n\n\t<\/div>\n<\/section>\n<\/p>","protected":false},"excerpt":{"rendered":"<p>Direito &#038; \u00c1reas Afins Para aqueles que buscam na Lei uma forma de mudar a sociedade. Programas O Canad\u00e1 tem [&hellip;]<\/p>","protected":false},"author":2,"featured_media":0,"parent":3039,"menu_order":0,"comment_status":"closed","ping_status":"closed","template":"template-parts\/lernen-pagefullwidth.php","meta":{"_joinchat":{"telephone":"+5531982119111","message_send":"Ol\u00e1. Gostaria de receber maiores informa\u00e7\u00f5es?"},"footnotes":""},"class_list":["post-4558","page","type-page","status-publish","hentry"],"yoast_head":"<!-- This site is optimized with the Yoast SEO plugin v27.2 - https:\/\/yoast.com\/product\/yoast-seo-wordpress\/ -->\n<title>Law - CanCampus<\/title>\n<meta name=\"robots\" content=\"index, follow, max-snippet:-1, max-image-preview:large, max-video-preview:-1\" \/>\n<link rel=\"canonical\" href=\"http:\/\/cancampus.ca\/en\/programas\/law\/\" \/>\n<meta property=\"og:locale\" content=\"en_US\" \/>\n<meta property=\"og:type\" content=\"article\" \/>\n<meta property=\"og:title\" content=\"Law - CanCampus\" \/>\n<meta property=\"og:description\" content=\"Direito &amp; \u00c1reas Afins Para aqueles que buscam na Lei uma forma de mudar a sociedade. Programas O Canad\u00e1 tem [&hellip;]\" \/>\n<meta property=\"og:url\" content=\"http:\/\/cancampus.ca\/en\/programas\/law\/\" \/>\n<meta property=\"og:site_name\" content=\"CanCampus\" \/>\n<meta property=\"article:publisher\" content=\"https:\/\/www.facebook.com\/cancampus.ca\" \/>\n<meta property=\"article:modified_time\" content=\"2021-09-03T21:21:57+00:00\" \/>\n<meta name=\"twitter:card\" content=\"summary_large_image\" \/>\n<meta name=\"twitter:label1\" content=\"Est. reading time\" \/>\n\t<meta name=\"twitter:data1\" content=\"3 minutes\" \/>\n<script type=\"application\/ld+json\" class=\"yoast-schema-graph\">{\"@context\":\"https:\/\/schema.org\",\"@graph\":[{\"@type\":\"WebPage\",\"@id\":\"http:\/\/cancampus.ca\/programas\/law\/\",\"url\":\"http:\/\/cancampus.ca\/programas\/law\/\",\"name\":\"Law - CanCampus\",\"isPartOf\":{\"@id\":\"https:\/\/cancampus.ca\/#website\"},\"datePublished\":\"2020-12-17T00:47:51+00:00\",\"dateModified\":\"2021-09-03T21:21:57+00:00\",\"breadcrumb\":{\"@id\":\"http:\/\/cancampus.ca\/programas\/law\/#breadcrumb\"},\"inLanguage\":\"en-CA\",\"potentialAction\":[{\"@type\":\"ReadAction\",\"target\":[\"http:\/\/cancampus.ca\/programas\/law\/\"]}]},{\"@type\":\"BreadcrumbList\",\"@id\":\"http:\/\/cancampus.ca\/programas\/law\/#breadcrumb\",\"itemListElement\":[{\"@type\":\"ListItem\",\"position\":1,\"name\":\"In\u00edcio\",\"item\":\"https:\/\/cancampus.ca\/\"},{\"@type\":\"ListItem\",\"position\":2,\"name\":\"Programas\",\"item\":\"https:\/\/cancampus.ca\/en\/programas\/\"},{\"@type\":\"ListItem\",\"position\":3,\"name\":\"Law\"}]},{\"@type\":\"WebSite\",\"@id\":\"https:\/\/cancampus.ca\/#website\",\"url\":\"https:\/\/cancampus.ca\/\",\"name\":\"CanCampus - Experince Learning!\",\"description\":\"Experience Learning!\",\"publisher\":{\"@id\":\"https:\/\/cancampus.ca\/#organization\"},\"potentialAction\":[{\"@type\":\"SearchAction\",\"target\":{\"@type\":\"EntryPoint\",\"urlTemplate\":\"https:\/\/cancampus.ca\/?s={search_term_string}\"},\"query-input\":{\"@type\":\"PropertyValueSpecification\",\"valueRequired\":true,\"valueName\":\"search_term_string\"}}],\"inLanguage\":\"en-CA\"},{\"@type\":\"Organization\",\"@id\":\"https:\/\/cancampus.ca\/#organization\",\"name\":\"CanCampus Canada\",\"url\":\"https:\/\/cancampus.ca\/\",\"logo\":{\"@type\":\"ImageObject\",\"inLanguage\":\"en-CA\",\"@id\":\"https:\/\/cancampus.ca\/#\/schema\/logo\/image\/\",\"url\":\"http:\/\/box5226.temp.domains\/~cancampu\/wp-content\/uploads\/2020\/03\/13.png\",\"contentUrl\":\"http:\/\/box5226.temp.domains\/~cancampu\/wp-content\/uploads\/2020\/03\/13.png\",\"width\":3072,\"height\":1536,\"caption\":\"CanCampus Canada\"},\"image\":{\"@id\":\"https:\/\/cancampus.ca\/#\/schema\/logo\/image\/\"},\"sameAs\":[\"https:\/\/www.facebook.com\/cancampus.ca\",\"https:\/\/www.instagram.com\/cancampus_ca\/\",\"https:\/\/www.linkedin.com\/in\/cancampus\/\"]}]}<\/script>\n<!-- \/ Yoast SEO plugin. -->","yoast_head_json":{"title":"Law - CanCampus","robots":{"index":"index","follow":"follow","max-snippet":"max-snippet:-1","max-image-preview":"max-image-preview:large","max-video-preview":"max-video-preview:-1"},"canonical":"http:\/\/cancampus.ca\/en\/programas\/law\/","og_locale":"en_US","og_type":"article","og_title":"Law - CanCampus","og_description":"Direito & \u00c1reas Afins Para aqueles que buscam na Lei uma forma de mudar a sociedade. Programas O Canad\u00e1 tem [&hellip;]","og_url":"http:\/\/cancampus.ca\/en\/programas\/law\/","og_site_name":"CanCampus","article_publisher":"https:\/\/www.facebook.com\/cancampus.ca","article_modified_time":"2021-09-03T21:21:57+00:00","twitter_card":"summary_large_image","twitter_misc":{"Est. reading time":"3 minutes"},"schema":{"@context":"https:\/\/schema.org","@graph":[{"@type":"WebPage","@id":"http:\/\/cancampus.ca\/programas\/law\/","url":"http:\/\/cancampus.ca\/programas\/law\/","name":"Law - CanCampus","isPartOf":{"@id":"https:\/\/cancampus.ca\/#website"},"datePublished":"2020-12-17T00:47:51+00:00","dateModified":"2021-09-03T21:21:57+00:00","breadcrumb":{"@id":"http:\/\/cancampus.ca\/programas\/law\/#breadcrumb"},"inLanguage":"en-CA","potentialAction":[{"@type":"ReadAction","target":["http:\/\/cancampus.ca\/programas\/law\/"]}]},{"@type":"BreadcrumbList","@id":"http:\/\/cancampus.ca\/programas\/law\/#breadcrumb","itemListElement":[{"@type":"ListItem","position":1,"name":"In\u00edcio","item":"https:\/\/cancampus.ca\/"},{"@type":"ListItem","position":2,"name":"Programas","item":"https:\/\/cancampus.ca\/en\/programas\/"},{"@type":"ListItem","position":3,"name":"Law"}]},{"@type":"WebSite","@id":"https:\/\/cancampus.ca\/#website","url":"https:\/\/cancampus.ca\/","name":"CanCampus - Experience Learning!","description":"Experience Learning!","publisher":{"@id":"https:\/\/cancampus.ca\/#organization"},"potentialAction":[{"@type":"SearchAction","target":{"@type":"EntryPoint","urlTemplate":"https:\/\/cancampus.ca\/?s={search_term_string}"},"query-input":{"@type":"PropertyValueSpecification","valueRequired":true,"valueName":"search_term_string"}}],"inLanguage":"en-CA"},{"@type":"Organization","@id":"https:\/\/cancampus.ca\/#organization","name":"CanCampus Canada","url":"https:\/\/cancampus.ca\/","logo":{"@type":"ImageObject","inLanguage":"en-CA","@id":"https:\/\/cancampus.ca\/#\/schema\/logo\/image\/","url":"http:\/\/box5226.temp.domains\/~cancampu\/wp-content\/uploads\/2020\/03\/13.png","contentUrl":"http:\/\/box5226.temp.domains\/~cancampu\/wp-content\/uploads\/2020\/03\/13.png","width":3072,"height":1536,"caption":"CanCampus Canada"},"image":{"@id":"https:\/\/cancampus.ca\/#\/schema\/logo\/image\/"},"sameAs":["https:\/\/www.facebook.com\/cancampus.ca","https:\/\/www.instagram.com\/cancampus_ca\/","https:\/\/www.linkedin.com\/in\/cancampus\/"]}]}},"_links":{"self":[{"href":"https:\/\/cancampus.ca\/en\/wp-json\/wp\/v2\/pages\/4558","targetHints":{"allow":["GET"]}}],"collection":[{"href":"https:\/\/cancampus.ca\/en\/wp-json\/wp\/v2\/pages"}],"about":[{"href":"https:\/\/cancampus.ca\/en\/wp-json\/wp\/v2\/types\/page"}],"author":[{"embeddable":true,"href":"https:\/\/cancampus.ca\/en\/wp-json\/wp\/v2\/users\/2"}],"replies":[{"embeddable":true,"href":"https:\/\/cancampus.ca\/en\/wp-json\/wp\/v2\/comments?post=4558"}],"version-history":[{"count":0,"href":"https:\/\/cancampus.ca\/en\/wp-json\/wp\/v2\/pages\/4558\/revisions"}],"up":[{"embeddable":true,"href":"https:\/\/cancampus.ca\/en\/wp-json\/wp\/v2\/pages\/3039"}],"wp:attachment":[{"href":"https:\/\/cancampus.ca\/en\/wp-json\/wp\/v2\/media?parent=4558"}],"curies":[{"name":"wp","href":"https:\/\/api.w.org\/{rel}","templated":true}]}}