{"id":2939,"date":"2020-02-24T12:27:18","date_gmt":"2020-02-24T15:27:18","guid":{"rendered":"http:\/\/box5226.temp.domains\/~cancampu\/?page_id=2939"},"modified":"2024-10-09T08:41:21","modified_gmt":"2024-10-09T12:41:21","slug":"chemistry","status":"publish","type":"page","link":"https:\/\/cancampus.ca\/es\/programas\/chemistry\/","title":{"rendered":"Ingl\u00e9s quimico"},"content":{"rendered":"<p><section class=\"fw-main-row\"  >\n\t<div class=\"fw-container-fluid\">\n\t\t<div class=\"fw-row\">\n\t<div class=\"fw-col-xs-12\">\n\t\n<div class=\"owl-carousel owl-theme\">\n                     <div class=\"position-center header-content-full header-content\" role=\"banner\" style=\"background-image:url(\/\/cancampus.ca\/wp-content\/uploads\/2020\/04\/Canva-null.jpg);\">\n                <div class=\"container\">\n            <div class=\"row\">\n                <div class=\"col-xs-12 col-sm-12 header-area\">\n                    <div class=\"header-area-inner header-text\">\n                        <div><span class=\"subtitle\"><span class=\"base-color\"><\/span>Ingl\u00e9s quimico<\/span><\/div>\n                        <h1 class=\"title\"><\/h1>\n                        <p><span style=\"color: #ffffff;\">Enfocado en ti, profesional y estudiante del \u00e1rea de Qu\u00edmica, desarrollamos el curso de\u00a0<em>Ingl\u00e9s quimico<\/em>\u00a0para fortalecer sus habilidades comerciales.<\/span><\/p>                        <div class=\"btn-section\">\n                                                                                <\/div>\n                    <\/div>\n                <\/div>\n            <\/div>\n        <\/div>\n    <\/div>\n    <\/div><\/div>\n<\/div>\n\n\t<\/div>\n<\/section>\n<section class=\"fw-main-row\"  >\n\t<div class=\"fw-container\">\n\t\t<div class=\"fw-row\">\n\t<div class=\"fw-col-xs-12\">\n\t\n\t<div class=\"fw-divider-space\" style=\"padding-top: 40px;\"><\/div>\n<\/div>\n<\/div>\n\n\t<\/div>\n<\/section>\n<section class=\"fw-main-row\" style=\"background-color:#ffffff;\" >\n\t<div class=\"fw-container-fluid\">\n\t\t<div class=\"fw-row\">\n\t<div class=\"fw-col-xs-12 fw-col-sm-2\">\n\t<\/div>\n<div class=\"fw-col-xs-12 fw-col-sm-8\">\n\t<div class=\"fw-accordion\">\n\t\t\t<h3 class=\"fw-accordion-title\">Indicado para<\/h3>\n\t\t<div class=\"fw-accordion-content\">\n\t\t\t<p>Profesionales y estudiantes de qu\u00edmica, procesos industriales y materiales.<\/p>\n\t\t<\/div>\n\t\t\t<h3 class=\"fw-accordion-title\">Idioma<\/h3>\n\t\t<div class=\"fw-accordion-content\">\n\t\t\t<p>Ingl\u00e9s de nivel intermedio.<\/p>\n\t\t<\/div>\n\t\t\t<h3 class=\"fw-accordion-title\">Local<\/h3>\n\t\t<div class=\"fw-accordion-content\">\n\t\t\t<p>Brantford, Toronto y Ni\u00e1gara.<\/p>\n\t\t<\/div>\n\t\t\t<h3 class=\"fw-accordion-title\">Inversi\u00f3n<\/h3>\n\t\t<div class=\"fw-accordion-content\">\n\t\t\t<p>Desde CAD$ 1,555.00 por semana.<\/p>\n\t\t<\/div>\n\t\t\t<h3 class=\"fw-accordion-title\">Fecha<\/h3>\n\t\t<div class=\"fw-accordion-content\">\n\t\t\t<p>Opciones para junio y julio de 2021. Cons\u00faltanos para otras fechas.<\/p>\n\t\t<\/div>\n\t<\/div><\/div>\n<div class=\"fw-col-xs-12 fw-col-sm-2\">\n\t<\/div>\n<\/div>\n\n\t<\/div>\n<\/section>\n<section class=\"fw-main-row\"  >\n\t<div class=\"fw-container\">\n\t\t<div class=\"fw-row\">\n\t<div class=\"fw-col-xs-12\">\n\t\n\t<div class=\"fw-divider-space\" style=\"padding-top: 30px;\"><\/div>\n<\/div>\n<\/div>\n\n\t<\/div>\n<\/section>\n<section class=\"fw-main-row\" style=\"background-color:#f3f7fe;\" >\n\t<div class=\"fw-container-fluid\">\n\t\t<div class=\"fw-row\">\n\t<div class=\"fw-col-xs-12\">\n\t       \n<div id=\"why-us\" class=\"\">\n    <div class=\"row\">\n                    <div class=\"col-xs-12 col-sm-12 col-md-5 col-xl-6 col-lg-6 why-us-left-bg\" style=\"background-image:url(\/\/cancampus.ca\/wp-content\/uploads\/2020\/02\/O6M3H50-scaled.jpg);\">\n            <\/div>\n            <div class=\"col-xs-12 col-sm-12 col-md-7 col-xl-6 col-lg-6 wrap-padding bg-img-left\">\n                <div class=\"section-title\">\n                    <div>\n                        <span>El programa<\/span>\n                        <h3>Expande tus habilidades<\/h3>\n                    <\/div>\n                <\/div>\n                                    <div class=\"about_content\">\n                        <p>Trabaj\u00f3 en asociaci\u00f3n con\u00a0<em>Universidad Wilfrid Laurier<\/em>, una de las universidades canadienses m\u00e1s grandes y reconocidas, la\u00a0<strong><em>Ingl\u00e9s quimico<\/em><\/strong><em>\u00a0<\/em>est\u00e1 enfocado a estudiantes universitarios y profesionales que quieran mejorar su lenguaje instrumental, no solo fortaleciendo su vocabulario, sino tambi\u00e9n en el contexto de sus actividades profesionales en un entorno empresarial globalizado.<\/p><p>El programa cuenta con varias actividades que le permiten elevar sus credenciales profesionales, desde clases pragm\u00e1ticas hasta visitas a laboratorios canadienses, apuntando a un mayor contacto con la realidad profesional del participante.<\/p><p>Al finalizar este curso, adem\u00e1s de mejorar sus habilidades en el idioma ingl\u00e9s, tambi\u00e9n recibir\u00e1 un certificado universitario en <em>Ingl\u00e9s quimico<\/em>.<\/p><p>Ofrecemos programas de team building con cursos personalizados para empresas que est\u00e9n interesadas en invertir en su equipo.<\/p>                                            <\/div>\n                            <\/div>\n                    <\/div>\n<\/div>\n<\/div>\n<\/div>\n\n\t<\/div>\n<\/section>\n<section class=\"fw-main-row\" style=\"background-color:#f3f7fe;\" >\n\t<div class=\"fw-container-fluid\">\n\t\t<div class=\"fw-row\">\n\t<div class=\"fw-col-xs-12\">\n\t\n<div id=\"why-us\" class=\"\">\n    <div class=\"row\">\n                            <div class=\"col-xs-12 col-sm-12 col-md-7 col-xl-6 col-lg-6 wrap-padding bg-img-right\">\n                <div class=\"section-title\">\n                    <div>\n                        <span>Conferencias, networking y cultura<\/span>\n                        <h3>\u00a1Todo para que vayas m\u00e1s lejos!<\/h3>\n                    <\/div>\n                <\/div>\n                                    <div class=\"about_content\">\n                        <p><strong>Discursos<\/strong><\/p><ul><li>Carrera en quimica<\/li><li>Oportunidades de financiaci\u00f3n<\/li><li>Sostenibilidad de la geoqu\u00edmica<\/li><\/ul><p><strong>Temas cubiertos en el curso\u00a0<\/strong><\/p><ul><li>Habilidades de comunicaci\u00f3n cient\u00edfica y de investigaci\u00f3n<\/li><li>Conferencia de cultura canadiense<\/li><li>Entre otros<\/li><\/ul><p><strong>Duraci\u00f3n del curso de 04 semanas<\/strong><\/p><ul><li>36 horas - clases did\u00e1cticas<\/li><li>12 horas - interacci\u00f3n con profesionales<\/li><li>30 horas - visita a laboratorios, centros de investigaci\u00f3n e industrias del sector qu\u00edmico<\/li><li>40 horas - Varias conferencias en la zona<\/li><\/ul><p>Tenemos otras opciones para la duraci\u00f3n del curso: cont\u00e1ctanos.<\/p><p><strong>\u00a1Explorar!<\/strong><\/p><ul><li>Torre CN<\/li><li>Juego de b\u00e9isbol en el estadio Rogers Center *<\/li><li>Juego de hockey *<\/li><li>Cataratas del Ni\u00e1gara, Maid of the Mist y Clifton Hill<\/li><li>Compras: Premier Outlet y Eaton Centre<\/li><li>ROM (Museo Real de Ontario) o AGO (Galer\u00eda de Arte de Ontario)<\/li><li>Sala de recreo<\/li><li>Distrito de la destiler\u00eda<\/li><li>Parque de atracciones Wonderland *<\/li><\/ul><p>*Estacional<\/p>                                            <\/div>\n                            <\/div>\n            <div class=\"col-xs-12 col-sm-12 col-md-5 col-xl-6 col-lg-6 why-us-left-bg\" style=\"background-image:url(\/\/cancampus.ca\/wp-content\/uploads\/2020\/01\/Canva-Cn-Tower-Seattle-scaled.jpg);\">\n            <\/div>\n            <\/div>\n<\/div>\n<\/div>\n<\/div>\n\n\t<\/div>\n<\/section>\n<section class=\"fw-main-row\" style=\"background-color:#f3f7fe;\" >\n\t<div class=\"fw-container-fluid\">\n\t\t<div class=\"fw-row\">\n\t<div class=\"fw-col-xs-12\">\n\t\n<div id=\"why-us\" class=\"\">\n    <div class=\"row\">\n                    <div class=\"col-xs-12 col-sm-12 col-md-5 col-xl-6 col-lg-6 why-us-left-bg\" style=\"background-image:url(\/\/cancampus.ca\/wp-content\/uploads\/2020\/04\/keyssar_hbs_072_1280.jpg);\">\n            <\/div>\n            <div class=\"col-xs-12 col-sm-12 col-md-7 col-xl-6 col-lg-6 wrap-padding bg-img-left\">\n                <div class=\"section-title\">\n                    <div>\n                        <span>Inversiones<\/span>\n                        <h3><\/h3>\n                    <\/div>\n                <\/div>\n                                    <div class=\"about_content\">\n                        <p>Desde CAD$ 1,555.00 * (aprox. USD$ 1,165.00 **)<\/p><p><em>valor por semana, incluido el turismo y el alojamiento en una residencia universitaria de mayo a agosto<\/em>.<\/p><p><em>Cons\u00faltanos para otras fechas y <\/em><em>opciones de pago.<\/em><\/p><p><em>\u00a0<\/em>*dolar canadiense<\/p><p>**D\u00f3lar americano<\/p>                                            <\/div>\n                            <\/div>\n                    <\/div>\n<\/div>\n<\/div>\n<\/div>\n\n\t<\/div>\n<\/section>\n<section class=\"fw-main-row\" style=\"background-color:#ee8320;\" >\n\t<div class=\"fw-container\">\n\t\t<div class=\"fw-row\">\n\t<div class=\"fw-col-xs-12\">\n\t\n\n<div id=\"instructor\" class=\"call-to-action-area\">\n    <div class=\"container\">\n        <div class=\"row justify-content-xl-between justify-content-lg-center justify-content-center\">\n            <div class=\"col-xl-6 col-lg-7 col-md-10\">\n                <div class=\"call-to-action-content\">\n                    <div class=\"post-heading-left\">\n                        <h3 class=\"text-white\">Obt\u00e9n tu programa<\/h3>\n                    <\/div>\n                    <div class=\"text-white\">\n                                                    <p>Un buen curso, con una excelente universidad, con un equipo local, que te acompa\u00f1ar\u00e1. Finalmente, una oportunidad \u00fanica para su experiencia profesional y personal.<\/p><p>Haga clic y obtenga su programa ahora.<\/p>                                            <\/div>\n                    <div class=\"call-to-action-btn\">\n                                                    <a href=\"https:\/\/cancampus.ca\/es\/contato\/\">\n                                Consiguelo aqui <i class=\"fas fa-arrow-right\"><\/i><\/a>\n                                            <\/div>\n                <\/div>\n            <\/div>\n                            <div class=\"col-xl-5 col-lg-0\">\n                    <div class=\"part-img\">\n                        <img decoding=\"async\" src=\"\/\/cancampus.ca\/wp-content\/uploads\/2020\/01\/instructor.png\"  alt=\"Obt\u00e9n tu programa\"\/>\n                    <\/div>\n                <\/div>\n                    <\/div>\n    <\/div>\n<\/div><\/div>\n<\/div>\n\n\t<\/div>\n<\/section>\n<\/p>","protected":false},"excerpt":{"rendered":"<p>Chemistry English Focado em voc\u00ea, profissional e estudante da \u00e1rea de Qu\u00edmica, desenvolvemos o curso de\u00a0Chemistry English\u00a0para fortalecer suas habilidades [&hellip;]<\/p>","protected":false},"author":2,"featured_media":0,"parent":3039,"menu_order":0,"comment_status":"closed","ping_status":"closed","template":"template-parts\/lernen-pagefullwidth.php","meta":{"_joinchat":[],"footnotes":""},"class_list":["post-2939","page","type-page","status-publish","hentry"],"yoast_head":"<!-- This site is optimized with the Yoast SEO plugin v27.2 - https:\/\/yoast.com\/product\/yoast-seo-wordpress\/ -->\n<title>Chemistry English - CanCampus<\/title>\n<meta name=\"robots\" content=\"index, follow, max-snippet:-1, max-image-preview:large, max-video-preview:-1\" \/>\n<link rel=\"canonical\" href=\"https:\/\/cancampus.ca\/es\/programas\/chemistry\/\" \/>\n<meta property=\"og:locale\" content=\"es_ES\" \/>\n<meta property=\"og:type\" content=\"article\" \/>\n<meta property=\"og:title\" content=\"Chemistry English - CanCampus\" \/>\n<meta property=\"og:description\" content=\"Chemistry English Focado em voc\u00ea, profissional e estudante da \u00e1rea de Qu\u00edmica, desenvolvemos o curso de\u00a0Chemistry English\u00a0para fortalecer suas habilidades [&hellip;]\" \/>\n<meta property=\"og:url\" content=\"https:\/\/cancampus.ca\/es\/programas\/chemistry\/\" \/>\n<meta property=\"og:site_name\" content=\"CanCampus\" \/>\n<meta property=\"article:publisher\" content=\"https:\/\/www.facebook.com\/cancampus.ca\" \/>\n<meta property=\"article:modified_time\" content=\"2024-10-09T12:41:21+00:00\" \/>\n<meta name=\"twitter:card\" content=\"summary_large_image\" \/>\n<meta name=\"twitter:label1\" content=\"Tiempo de lectura\" \/>\n\t<meta name=\"twitter:data1\" content=\"4 minutos\" \/>\n<script type=\"application\/ld+json\" class=\"yoast-schema-graph\">{\"@context\":\"https:\/\/schema.org\",\"@graph\":[{\"@type\":\"WebPage\",\"@id\":\"https:\/\/cancampus.ca\/en\/programas\/chemistry\/\",\"url\":\"https:\/\/cancampus.ca\/en\/programas\/chemistry\/\",\"name\":\"Chemistry English - CanCampus\",\"isPartOf\":{\"@id\":\"https:\/\/cancampus.ca\/#website\"},\"datePublished\":\"2020-02-24T15:27:18+00:00\",\"dateModified\":\"2024-10-09T12:41:21+00:00\",\"breadcrumb\":{\"@id\":\"https:\/\/cancampus.ca\/en\/programas\/chemistry\/#breadcrumb\"},\"inLanguage\":\"es\",\"potentialAction\":[{\"@type\":\"ReadAction\",\"target\":[\"https:\/\/cancampus.ca\/en\/programas\/chemistry\/\"]}]},{\"@type\":\"BreadcrumbList\",\"@id\":\"https:\/\/cancampus.ca\/en\/programas\/chemistry\/#breadcrumb\",\"itemListElement\":[{\"@type\":\"ListItem\",\"position\":1,\"name\":\"In\u00edcio\",\"item\":\"https:\/\/cancampus.ca\/\"},{\"@type\":\"ListItem\",\"position\":2,\"name\":\"Programas\",\"item\":\"https:\/\/cancampus.ca\/en\/programas\/\"},{\"@type\":\"ListItem\",\"position\":3,\"name\":\"Chemistry English\"}]},{\"@type\":\"WebSite\",\"@id\":\"https:\/\/cancampus.ca\/#website\",\"url\":\"https:\/\/cancampus.ca\/\",\"name\":\"CanCampus - Experince Learning!\",\"description\":\"Experience Learning!\",\"publisher\":{\"@id\":\"https:\/\/cancampus.ca\/#organization\"},\"potentialAction\":[{\"@type\":\"SearchAction\",\"target\":{\"@type\":\"EntryPoint\",\"urlTemplate\":\"https:\/\/cancampus.ca\/?s={search_term_string}\"},\"query-input\":{\"@type\":\"PropertyValueSpecification\",\"valueRequired\":true,\"valueName\":\"search_term_string\"}}],\"inLanguage\":\"es\"},{\"@type\":\"Organization\",\"@id\":\"https:\/\/cancampus.ca\/#organization\",\"name\":\"CanCampus Canada\",\"url\":\"https:\/\/cancampus.ca\/\",\"logo\":{\"@type\":\"ImageObject\",\"inLanguage\":\"es\",\"@id\":\"https:\/\/cancampus.ca\/#\/schema\/logo\/image\/\",\"url\":\"http:\/\/box5226.temp.domains\/~cancampu\/wp-content\/uploads\/2020\/03\/13.png\",\"contentUrl\":\"http:\/\/box5226.temp.domains\/~cancampu\/wp-content\/uploads\/2020\/03\/13.png\",\"width\":3072,\"height\":1536,\"caption\":\"CanCampus Canada\"},\"image\":{\"@id\":\"https:\/\/cancampus.ca\/#\/schema\/logo\/image\/\"},\"sameAs\":[\"https:\/\/www.facebook.com\/cancampus.ca\",\"https:\/\/www.instagram.com\/cancampus_ca\/\",\"https:\/\/www.linkedin.com\/in\/cancampus\/\"]}]}<\/script>\n<!-- \/ Yoast SEO plugin. -->","yoast_head_json":{"title":"Ingl\u00e9s de qu\u00edmica - CanCampus","robots":{"index":"index","follow":"follow","max-snippet":"max-snippet:-1","max-image-preview":"max-image-preview:large","max-video-preview":"max-video-preview:-1"},"canonical":"https:\/\/cancampus.ca\/es\/programas\/chemistry\/","og_locale":"es_ES","og_type":"article","og_title":"Chemistry English - CanCampus","og_description":"Chemistry English Focado em voc\u00ea, profissional e estudante da \u00e1rea de Qu\u00edmica, desenvolvemos o curso de\u00a0Chemistry English\u00a0para fortalecer suas habilidades [&hellip;]","og_url":"https:\/\/cancampus.ca\/es\/programas\/chemistry\/","og_site_name":"CanCampus","article_publisher":"https:\/\/www.facebook.com\/cancampus.ca","article_modified_time":"2024-10-09T12:41:21+00:00","twitter_card":"summary_large_image","twitter_misc":{"Tiempo de lectura":"4 minutos"},"schema":{"@context":"https:\/\/schema.org","@graph":[{"@type":"WebPage","@id":"https:\/\/cancampus.ca\/en\/programas\/chemistry\/","url":"https:\/\/cancampus.ca\/en\/programas\/chemistry\/","name":"Ingl\u00e9s de qu\u00edmica - CanCampus","isPartOf":{"@id":"https:\/\/cancampus.ca\/#website"},"datePublished":"2020-02-24T15:27:18+00:00","dateModified":"2024-10-09T12:41:21+00:00","breadcrumb":{"@id":"https:\/\/cancampus.ca\/en\/programas\/chemistry\/#breadcrumb"},"inLanguage":"es","potentialAction":[{"@type":"ReadAction","target":["https:\/\/cancampus.ca\/en\/programas\/chemistry\/"]}]},{"@type":"BreadcrumbList","@id":"https:\/\/cancampus.ca\/en\/programas\/chemistry\/#breadcrumb","itemListElement":[{"@type":"ListItem","position":1,"name":"In\u00edcio","item":"https:\/\/cancampus.ca\/"},{"@type":"ListItem","position":2,"name":"Programas","item":"https:\/\/cancampus.ca\/en\/programas\/"},{"@type":"ListItem","position":3,"name":"Chemistry English"}]},{"@type":"WebSite","@id":"https:\/\/cancampus.ca\/#website","url":"https:\/\/cancampus.ca\/","name":"CanCampus - \u00a1Experimente el aprendizaje!","description":"\u00a1Experimente el aprendizaje!","publisher":{"@id":"https:\/\/cancampus.ca\/#organization"},"potentialAction":[{"@type":"SearchAction","target":{"@type":"EntryPoint","urlTemplate":"https:\/\/cancampus.ca\/?s={search_term_string}"},"query-input":{"@type":"PropertyValueSpecification","valueRequired":true,"valueName":"search_term_string"}}],"inLanguage":"es"},{"@type":"Organization","@id":"https:\/\/cancampus.ca\/#organization","name":"CanCampus Canad\u00e1","url":"https:\/\/cancampus.ca\/","logo":{"@type":"ImageObject","inLanguage":"es","@id":"https:\/\/cancampus.ca\/#\/schema\/logo\/image\/","url":"http:\/\/box5226.temp.domains\/~cancampu\/wp-content\/uploads\/2020\/03\/13.png","contentUrl":"http:\/\/box5226.temp.domains\/~cancampu\/wp-content\/uploads\/2020\/03\/13.png","width":3072,"height":1536,"caption":"CanCampus Canada"},"image":{"@id":"https:\/\/cancampus.ca\/#\/schema\/logo\/image\/"},"sameAs":["https:\/\/www.facebook.com\/cancampus.ca","https:\/\/www.instagram.com\/cancampus_ca\/","https:\/\/www.linkedin.com\/in\/cancampus\/"]}]}},"_links":{"self":[{"href":"https:\/\/cancampus.ca\/es\/wp-json\/wp\/v2\/pages\/2939","targetHints":{"allow":["GET"]}}],"collection":[{"href":"https:\/\/cancampus.ca\/es\/wp-json\/wp\/v2\/pages"}],"about":[{"href":"https:\/\/cancampus.ca\/es\/wp-json\/wp\/v2\/types\/page"}],"author":[{"embeddable":true,"href":"https:\/\/cancampus.ca\/es\/wp-json\/wp\/v2\/users\/2"}],"replies":[{"embeddable":true,"href":"https:\/\/cancampus.ca\/es\/wp-json\/wp\/v2\/comments?post=2939"}],"version-history":[{"count":2,"href":"https:\/\/cancampus.ca\/es\/wp-json\/wp\/v2\/pages\/2939\/revisions"}],"predecessor-version":[{"id":5344,"href":"https:\/\/cancampus.ca\/es\/wp-json\/wp\/v2\/pages\/2939\/revisions\/5344"}],"up":[{"embeddable":true,"href":"https:\/\/cancampus.ca\/es\/wp-json\/wp\/v2\/pages\/3039"}],"wp:attachment":[{"href":"https:\/\/cancampus.ca\/es\/wp-json\/wp\/v2\/media?parent=2939"}],"curies":[{"name":"wp","href":"https:\/\/api.w.org\/{rel}","templated":true}]}}