{"id":3621,"date":"2020-06-04T23:25:35","date_gmt":"2020-06-05T02:25:35","guid":{"rendered":"http:\/\/box5226.temp.domains\/~cancampu\/?page_id=3621"},"modified":"2024-10-09T08:46:21","modified_gmt":"2024-10-09T12:46:21","slug":"english-for-all","status":"publish","type":"page","link":"https:\/\/cancampus.ca\/es\/programas\/english-for-all\/","title":{"rendered":"Ingl\u00e9s para todos"},"content":{"rendered":"<p><section class=\"fw-main-row\"  >\n\t<div class=\"fw-container-fluid\">\n\t\t<div class=\"fw-row\">\n\t<div class=\"fw-col-xs-12\">\n\t\n<div class=\"owl-carousel owl-theme\">\n                     <div class=\"position-center header-content-full header-content\" role=\"banner\" style=\"background-image:url(\/\/cancampus.ca\/wp-content\/uploads\/2020\/04\/business_a-e1598309874489.jpg);\">\n                <div class=\"container\">\n            <div class=\"row\">\n                <div class=\"col-xs-12 col-sm-12 header-area\">\n                    <div class=\"header-area-inner header-text\">\n                        <div><span class=\"subtitle\"><span class=\"\"><\/span>Ingl\u00e9s para todos<\/span><\/div>\n                        <h1 class=\"title\"><\/h1>\n                        <p><span style=\"color: #ffffff;\"><em>Ingl\u00e9s para todos \u00a0<\/em>fue desarrollado para ti que deseas mejorar tu dominio del idioma ingl\u00e9s, enfocado en tus necesidades y permitiendo la personalizaci\u00f3n con tu estilo de vida.<\/span><\/p>                        <div class=\"btn-section\">\n                                                                                <\/div>\n                    <\/div>\n                <\/div>\n            <\/div>\n        <\/div>\n    <\/div>\n    <\/div><\/div>\n<\/div>\n\n\t<\/div>\n<\/section>\n<section class=\"fw-main-row\"  >\n\t<div class=\"fw-container\">\n\t\t<div class=\"fw-row\">\n\t<div class=\"fw-col-xs-12\">\n\t\n\t<div class=\"fw-divider-space\" style=\"padding-top: 40px;\"><\/div>\n<\/div>\n<\/div>\n\n\t<\/div>\n<\/section>\n<section class=\"fw-main-row\" style=\"background-color:#ffffff;\" >\n\t<div class=\"fw-container-fluid\">\n\t\t<div class=\"fw-row\">\n\t<div class=\"fw-col-xs-12 fw-col-sm-2\">\n\t<\/div>\n<div class=\"fw-col-xs-12 fw-col-sm-8\">\n\t<div class=\"fw-accordion\">\n\t\t\t<h3 class=\"fw-accordion-title\">Indicado para<\/h3>\n\t\t<div class=\"fw-accordion-content\">\n\t\t\t<p>Profesionales y estudiantes que desean mejorar el idioma ingl\u00e9s.<\/p>\n\t\t<\/div>\n\t\t\t<h3 class=\"fw-accordion-title\">Idioma<\/h3>\n\t\t<div class=\"fw-accordion-content\">\n\t\t\t<p>Todos los niveles.<\/p>\n\t\t<\/div>\n\t\t\t<h3 class=\"fw-accordion-title\">Local<\/h3>\n\t\t<div class=\"fw-accordion-content\">\n\t\t\t<p>Toronto, Vancouver, Montreal y Charlottetown.<\/p>\n\t\t<\/div>\n\t\t\t<h3 class=\"fw-accordion-title\">Inversi\u00f3n<\/h3>\n\t\t<div class=\"fw-accordion-content\">\n\t\t\t<p>Cons\u00faltenos<\/p>\n\t\t<\/div>\n\t\t\t<h3 class=\"fw-accordion-title\">Fecha<\/h3>\n\t\t<div class=\"fw-accordion-content\">\n\t\t\t<p>Disponible todo el a\u00f1o.<\/p>\n\t\t<\/div>\n\t<\/div><\/div>\n<div class=\"fw-col-xs-12 fw-col-sm-2\">\n\t<\/div>\n<\/div>\n\n\t<\/div>\n<\/section>\n<section class=\"fw-main-row\"  >\n\t<div class=\"fw-container\">\n\t\t<div class=\"fw-row\">\n\t<div class=\"fw-col-xs-12\">\n\t\n\t<div class=\"fw-divider-space\" style=\"padding-top: 30px;\"><\/div>\n<\/div>\n<\/div>\n\n\t<\/div>\n<\/section>\n<section class=\"fw-main-row\" style=\"background-color:#f3f7fe;\" >\n\t<div class=\"fw-container-fluid\">\n\t\t<div class=\"fw-row\">\n\t<div class=\"fw-col-xs-12\">\n\t       \n<div id=\"why-us\" class=\"\">\n    <div class=\"row\">\n                    <div class=\"col-xs-12 col-sm-12 col-md-5 col-xl-6 col-lg-6 why-us-left-bg\" style=\"background-image:url(\/\/cancampus.ca\/wp-content\/uploads\/2020\/01\/21175-scaled.jpg);\">\n            <\/div>\n            <div class=\"col-xs-12 col-sm-12 col-md-7 col-xl-6 col-lg-6 wrap-padding bg-img-left\">\n                <div class=\"section-title\">\n                    <div>\n                        <span>El programa<\/span>\n                        <h3>Expande tus habilidades<\/h3>\n                    <\/div>\n                <\/div>\n                                    <div class=\"about_content\">\n                        <p>Sabemos que el ingl\u00e9s es fundamental hoy en d\u00eda y nada mejor que viajar y seguir aprendiendo un idioma.<\/p><p>\u00a1Sin mencionar que no hay l\u00edmite de edad para esta experiencia! Ya sea que sea un estudiante de 20 a\u00f1os, un ejecutivo de 50 a\u00f1os o una familia o equipo de profesionales y amigos a quienes les gustar\u00eda aprender juntos, hemos seleccionado el entorno ideal en funci\u00f3n de sus expectativas.<\/p><p>Planificamos para grupos, empresas o particulares, optimizando sus vacaciones.<\/p><p>\u00a1Ponte en contacto y descubre m\u00e1s detalles!<\/p>                                            <\/div>\n                            <\/div>\n                    <\/div>\n<\/div>\n<\/div>\n<\/div>\n\n\t<\/div>\n<\/section>\n<section class=\"fw-main-row\" style=\"background-color:#f3f7fe;\" >\n\t<div class=\"fw-container-fluid\">\n\t\t<div class=\"fw-row\">\n\t<div class=\"fw-col-xs-12\">\n\t\n<div id=\"why-us\" class=\"\">\n    <div class=\"row\">\n                            <div class=\"col-xs-12 col-sm-12 col-md-7 col-xl-6 col-lg-6 wrap-padding bg-img-right\">\n                <div class=\"section-title\">\n                    <div>\n                        <span>\u00a1Ingl\u00e9s para todos! \u00a1De este a oeste!<\/span>\n                        <h3>Construye tu programa<\/h3>\n                    <\/div>\n                <\/div>\n                                    <div class=\"about_content\">\n                        <p>Haremos que su experiencia internacional sea m\u00e1s natural, placentera y efectiva, de acuerdo a sus expectativas.<\/p><p>Adem\u00e1s de las clases de competencia, podemos incluir experiencias como:<\/p><ul><li>Gastronom\u00eda, artes, entre otros;<\/li><li>Cursos de ex\u00e1menes preparatorios para CELPIP e IELTS;<\/li><li>Cursos preparatorios de admisi\u00f3n a universidades.<\/li><\/ul><p><strong>\u00a1Explora lugares de inter\u00e9s!<\/strong><\/p><p><strong>Vancouver<\/strong><\/p><ul><li>Gastown<\/li><li>Puente colgante de Capilano<\/li><li>Calle Robson<\/li><li>Entre otros<\/li><\/ul><p><strong>Toronto<\/strong><\/p><ul><li>Torre CN<\/li><li>Acuario de Ripleys<\/li><li>Casa Loma<\/li><li>Entre otros<\/li><\/ul><p><strong>Montreal<\/strong><\/p><ul><li>Viejo montreal<\/li><li>Jardin Botanique (Jard\u00edn Bot\u00e1nico)<\/li><li>Parc Jean Drapeau<\/li><li>Entre otros<\/li><\/ul><p><strong>Charlottetown<\/strong><\/p><ul><li>Bas\u00edlica de San Dunstan<\/li><li>Prince Edward Battery y Victoria Park<\/li><li>Peakes Wharf y Confederation Landing<\/li><li>Entre otros<\/li><\/ul>                                            <\/div>\n                            <\/div>\n            <div class=\"col-xs-12 col-sm-12 col-md-5 col-xl-6 col-lg-6 why-us-left-bg\" style=\"background-image:url(\/\/cancampus.ca\/wp-content\/uploads\/2020\/01\/PCXGT5.jpg);\">\n            <\/div>\n            <\/div>\n<\/div>\n<\/div>\n<\/div>\n\n\t<\/div>\n<\/section>\n<section class=\"fw-main-row\" style=\"background-color:#f3f7fe;\" >\n\t<div class=\"fw-container-fluid\">\n\t\t<div class=\"fw-row\">\n\t<div class=\"fw-col-xs-12\">\n\t\n<div id=\"why-us\" class=\"\">\n    <div class=\"row\">\n                    <div class=\"col-xs-12 col-sm-12 col-md-5 col-xl-6 col-lg-6 why-us-left-bg\" style=\"background-image:url(\/\/cancampus.ca\/wp-content\/uploads\/2020\/04\/keyssar_hbs_072_1280.jpg);\">\n            <\/div>\n            <div class=\"col-xs-12 col-sm-12 col-md-7 col-xl-6 col-lg-6 wrap-padding bg-img-left\">\n                <div class=\"section-title\">\n                    <div>\n                        <span>Inversiones<\/span>\n                        <h3><\/h3>\n                    <\/div>\n                <\/div>\n                                    <div class=\"about_content\">\n                        <p>Cons\u00faltanos los valores y opciones de pago.<\/p>                                            <\/div>\n                            <\/div>\n                    <\/div>\n<\/div>\n<\/div>\n<\/div>\n\n\t<\/div>\n<\/section>\n<section class=\"fw-main-row\" style=\"background-color:#ee8320;\" >\n\t<div class=\"fw-container\">\n\t\t<div class=\"fw-row\">\n\t<div class=\"fw-col-xs-12\">\n\t\n\n<div id=\"instructor\" class=\"call-to-action-area\">\n    <div class=\"container\">\n        <div class=\"row justify-content-xl-between justify-content-lg-center justify-content-center\">\n            <div class=\"col-xl-6 col-lg-7 col-md-10\">\n                <div class=\"call-to-action-content\">\n                    <div class=\"post-heading-left\">\n                        <h3 class=\"text-white\">Obt\u00e9n tu programa<\/h3>\n                    <\/div>\n                    <div class=\"text-white\">\n                                                    <p>Un buen curso, en instituciones acreditadas, con un equipo local, es la oportunidad \u00fanica para su experiencia internacional, ampliando sus habilidades en ingl\u00e9s.<\/p><p>Haga clic y obtenga su programa ahora.<\/p>                                            <\/div>\n                    <div class=\"call-to-action-btn\">\n                                                    <a href=\"https:\/\/cancampus.ca\/es\/contato\/\">\n                                Consiguelo aqui <i class=\"fas fa-arrow-right\"><\/i><\/a>\n                                            <\/div>\n                <\/div>\n            <\/div>\n                            <div class=\"col-xl-5 col-lg-0\">\n                    <div class=\"part-img\">\n                        <img decoding=\"async\" src=\"\/\/cancampus.ca\/wp-content\/uploads\/2020\/01\/instructor.png\"  alt=\"Obt\u00e9n tu programa\"\/>\n                    <\/div>\n                <\/div>\n                    <\/div>\n    <\/div>\n<\/div><\/div>\n<\/div>\n\n\t<\/div>\n<\/section>\n<\/p>","protected":false},"excerpt":{"rendered":"<p>English for All English for All \u00a0foi desenvolvido para voc\u00ea que deseja aperfei\u00e7oar sua profici\u00eancia na l\u00edngua inglesa, focado em [&hellip;]<\/p>","protected":false},"author":2,"featured_media":0,"parent":3039,"menu_order":0,"comment_status":"closed","ping_status":"closed","template":"template-parts\/lernen-pagefullwidth.php","meta":{"_joinchat":[],"footnotes":""},"class_list":["post-3621","page","type-page","status-publish","hentry"],"yoast_head":"<!-- This site is optimized with the Yoast SEO plugin v27.2 - https:\/\/yoast.com\/product\/yoast-seo-wordpress\/ -->\n<title>Ingl\u00eas para Todos - CanCampus<\/title>\n<meta name=\"robots\" content=\"index, follow, max-snippet:-1, max-image-preview:large, max-video-preview:-1\" \/>\n<link rel=\"canonical\" href=\"http:\/\/cancampus.ca\/es\/programas\/english-for-all\/\" \/>\n<meta property=\"og:locale\" content=\"es_ES\" \/>\n<meta property=\"og:type\" content=\"article\" \/>\n<meta property=\"og:title\" content=\"Ingl\u00eas para Todos - CanCampus\" \/>\n<meta property=\"og:description\" content=\"English for All English for All \u00a0foi desenvolvido para voc\u00ea que deseja aperfei\u00e7oar sua profici\u00eancia na l\u00edngua inglesa, focado em [&hellip;]\" \/>\n<meta property=\"og:url\" content=\"http:\/\/cancampus.ca\/es\/programas\/english-for-all\/\" \/>\n<meta property=\"og:site_name\" content=\"CanCampus\" \/>\n<meta property=\"article:publisher\" content=\"https:\/\/www.facebook.com\/cancampus.ca\" \/>\n<meta property=\"article:modified_time\" content=\"2024-10-09T12:46:21+00:00\" \/>\n<meta name=\"twitter:card\" content=\"summary_large_image\" \/>\n<meta name=\"twitter:label1\" content=\"Tiempo de lectura\" \/>\n\t<meta name=\"twitter:data1\" content=\"3 minutos\" \/>\n<script type=\"application\/ld+json\" class=\"yoast-schema-graph\">{\"@context\":\"https:\/\/schema.org\",\"@graph\":[{\"@type\":\"WebPage\",\"@id\":\"http:\/\/cancampus.ca\/programas\/english-for-all\/\",\"url\":\"http:\/\/cancampus.ca\/programas\/english-for-all\/\",\"name\":\"Ingl\u00eas para Todos - CanCampus\",\"isPartOf\":{\"@id\":\"https:\/\/cancampus.ca\/#website\"},\"datePublished\":\"2020-06-05T02:25:35+00:00\",\"dateModified\":\"2024-10-09T12:46:21+00:00\",\"breadcrumb\":{\"@id\":\"http:\/\/cancampus.ca\/programas\/english-for-all\/#breadcrumb\"},\"inLanguage\":\"es\",\"potentialAction\":[{\"@type\":\"ReadAction\",\"target\":[\"http:\/\/cancampus.ca\/programas\/english-for-all\/\"]}]},{\"@type\":\"BreadcrumbList\",\"@id\":\"http:\/\/cancampus.ca\/programas\/english-for-all\/#breadcrumb\",\"itemListElement\":[{\"@type\":\"ListItem\",\"position\":1,\"name\":\"In\u00edcio\",\"item\":\"https:\/\/cancampus.ca\/\"},{\"@type\":\"ListItem\",\"position\":2,\"name\":\"Programas\",\"item\":\"https:\/\/cancampus.ca\/en\/programas\/\"},{\"@type\":\"ListItem\",\"position\":3,\"name\":\"Ingl\u00eas para Todos\"}]},{\"@type\":\"WebSite\",\"@id\":\"https:\/\/cancampus.ca\/#website\",\"url\":\"https:\/\/cancampus.ca\/\",\"name\":\"CanCampus - Experince Learning!\",\"description\":\"Experience Learning!\",\"publisher\":{\"@id\":\"https:\/\/cancampus.ca\/#organization\"},\"potentialAction\":[{\"@type\":\"SearchAction\",\"target\":{\"@type\":\"EntryPoint\",\"urlTemplate\":\"https:\/\/cancampus.ca\/?s={search_term_string}\"},\"query-input\":{\"@type\":\"PropertyValueSpecification\",\"valueRequired\":true,\"valueName\":\"search_term_string\"}}],\"inLanguage\":\"es\"},{\"@type\":\"Organization\",\"@id\":\"https:\/\/cancampus.ca\/#organization\",\"name\":\"CanCampus Canada\",\"url\":\"https:\/\/cancampus.ca\/\",\"logo\":{\"@type\":\"ImageObject\",\"inLanguage\":\"es\",\"@id\":\"https:\/\/cancampus.ca\/#\/schema\/logo\/image\/\",\"url\":\"http:\/\/box5226.temp.domains\/~cancampu\/wp-content\/uploads\/2020\/03\/13.png\",\"contentUrl\":\"http:\/\/box5226.temp.domains\/~cancampu\/wp-content\/uploads\/2020\/03\/13.png\",\"width\":3072,\"height\":1536,\"caption\":\"CanCampus Canada\"},\"image\":{\"@id\":\"https:\/\/cancampus.ca\/#\/schema\/logo\/image\/\"},\"sameAs\":[\"https:\/\/www.facebook.com\/cancampus.ca\",\"https:\/\/www.instagram.com\/cancampus_ca\/\",\"https:\/\/www.linkedin.com\/in\/cancampus\/\"]}]}<\/script>\n<!-- \/ Yoast SEO plugin. -->","yoast_head_json":{"title":"Ingl\u00e9s para todos - CanCampus","robots":{"index":"index","follow":"follow","max-snippet":"max-snippet:-1","max-image-preview":"max-image-preview:large","max-video-preview":"max-video-preview:-1"},"canonical":"http:\/\/cancampus.ca\/es\/programas\/english-for-all\/","og_locale":"es_ES","og_type":"article","og_title":"Ingl\u00eas para Todos - CanCampus","og_description":"English for All English for All \u00a0foi desenvolvido para voc\u00ea que deseja aperfei\u00e7oar sua profici\u00eancia na l\u00edngua inglesa, focado em [&hellip;]","og_url":"http:\/\/cancampus.ca\/es\/programas\/english-for-all\/","og_site_name":"CanCampus","article_publisher":"https:\/\/www.facebook.com\/cancampus.ca","article_modified_time":"2024-10-09T12:46:21+00:00","twitter_card":"summary_large_image","twitter_misc":{"Tiempo de lectura":"3 minutos"},"schema":{"@context":"https:\/\/schema.org","@graph":[{"@type":"WebPage","@id":"http:\/\/cancampus.ca\/programas\/english-for-all\/","url":"http:\/\/cancampus.ca\/programas\/english-for-all\/","name":"Ingl\u00e9s para todos - CanCampus","isPartOf":{"@id":"https:\/\/cancampus.ca\/#website"},"datePublished":"2020-06-05T02:25:35+00:00","dateModified":"2024-10-09T12:46:21+00:00","breadcrumb":{"@id":"http:\/\/cancampus.ca\/programas\/english-for-all\/#breadcrumb"},"inLanguage":"es","potentialAction":[{"@type":"ReadAction","target":["http:\/\/cancampus.ca\/programas\/english-for-all\/"]}]},{"@type":"BreadcrumbList","@id":"http:\/\/cancampus.ca\/programas\/english-for-all\/#breadcrumb","itemListElement":[{"@type":"ListItem","position":1,"name":"In\u00edcio","item":"https:\/\/cancampus.ca\/"},{"@type":"ListItem","position":2,"name":"Programas","item":"https:\/\/cancampus.ca\/en\/programas\/"},{"@type":"ListItem","position":3,"name":"Ingl\u00eas para Todos"}]},{"@type":"WebSite","@id":"https:\/\/cancampus.ca\/#website","url":"https:\/\/cancampus.ca\/","name":"CanCampus - \u00a1Experimente el aprendizaje!","description":"\u00a1Experimente el aprendizaje!","publisher":{"@id":"https:\/\/cancampus.ca\/#organization"},"potentialAction":[{"@type":"SearchAction","target":{"@type":"EntryPoint","urlTemplate":"https:\/\/cancampus.ca\/?s={search_term_string}"},"query-input":{"@type":"PropertyValueSpecification","valueRequired":true,"valueName":"search_term_string"}}],"inLanguage":"es"},{"@type":"Organization","@id":"https:\/\/cancampus.ca\/#organization","name":"CanCampus Canad\u00e1","url":"https:\/\/cancampus.ca\/","logo":{"@type":"ImageObject","inLanguage":"es","@id":"https:\/\/cancampus.ca\/#\/schema\/logo\/image\/","url":"http:\/\/box5226.temp.domains\/~cancampu\/wp-content\/uploads\/2020\/03\/13.png","contentUrl":"http:\/\/box5226.temp.domains\/~cancampu\/wp-content\/uploads\/2020\/03\/13.png","width":3072,"height":1536,"caption":"CanCampus Canada"},"image":{"@id":"https:\/\/cancampus.ca\/#\/schema\/logo\/image\/"},"sameAs":["https:\/\/www.facebook.com\/cancampus.ca","https:\/\/www.instagram.com\/cancampus_ca\/","https:\/\/www.linkedin.com\/in\/cancampus\/"]}]}},"_links":{"self":[{"href":"https:\/\/cancampus.ca\/es\/wp-json\/wp\/v2\/pages\/3621","targetHints":{"allow":["GET"]}}],"collection":[{"href":"https:\/\/cancampus.ca\/es\/wp-json\/wp\/v2\/pages"}],"about":[{"href":"https:\/\/cancampus.ca\/es\/wp-json\/wp\/v2\/types\/page"}],"author":[{"embeddable":true,"href":"https:\/\/cancampus.ca\/es\/wp-json\/wp\/v2\/users\/2"}],"replies":[{"embeddable":true,"href":"https:\/\/cancampus.ca\/es\/wp-json\/wp\/v2\/comments?post=3621"}],"version-history":[{"count":2,"href":"https:\/\/cancampus.ca\/es\/wp-json\/wp\/v2\/pages\/3621\/revisions"}],"predecessor-version":[{"id":5364,"href":"https:\/\/cancampus.ca\/es\/wp-json\/wp\/v2\/pages\/3621\/revisions\/5364"}],"up":[{"embeddable":true,"href":"https:\/\/cancampus.ca\/es\/wp-json\/wp\/v2\/pages\/3039"}],"wp:attachment":[{"href":"https:\/\/cancampus.ca\/es\/wp-json\/wp\/v2\/media?parent=3621"}],"curies":[{"name":"wp","href":"https:\/\/api.w.org\/{rel}","templated":true}]}}