{"id":3654,"date":"2020-06-05T01:09:37","date_gmt":"2020-06-05T04:09:37","guid":{"rendered":"http:\/\/box5226.temp.domains\/~cancampu\/?page_id=3654"},"modified":"2024-10-09T08:48:05","modified_gmt":"2024-10-09T12:48:05","slug":"university-program","status":"publish","type":"page","link":"https:\/\/cancampus.ca\/es\/university-program\/","title":{"rendered":"Consejos para universidades"},"content":{"rendered":"<p><section class=\"fw-main-row\"  >\n\t<div class=\"fw-container-fluid\">\n\t\t<div class=\"fw-row\">\n\t<div class=\"fw-col-xs-12\">\n\t\n<div class=\"owl-carousel owl-theme\">\n                     <div class=\"position-center equal-margin header-content\" role=\"banner\" style=\"background-image:url(\/\/cancampus.ca\/wp-content\/uploads\/2020\/07\/Design-sem-nome-33.png);\">\n                <div class=\"container\">\n            <div class=\"row\">\n                <div class=\"col-xs-12 col-sm-12 header-area\">\n                    <div class=\"header-area-inner header-text\">\n                        <div><span class=\"subtitle\"><span class=\"\"><\/span>Consejos para universidades<\/span><\/div>\n                        <h1 class=\"title\"><\/h1>\n                        <p>Enfocado para aquellos que desean asistir a la universidad, desde estudios universitarios hasta estudios posdoctorales en Canad\u00e1, mejorando su plan de estudios profesional y su experiencia cultural internacional.<\/p>                        <div class=\"btn-section\">\n                                                                                <\/div>\n                    <\/div>\n                <\/div>\n            <\/div>\n        <\/div>\n    <\/div>\n    <\/div><\/div>\n<\/div>\n\n\t<\/div>\n<\/section>\n<section class=\"fw-main-row\"  >\n\t<div class=\"fw-container\">\n\t\t<div class=\"fw-row\">\n\t<div class=\"fw-col-xs-12\">\n\t\n\t<div class=\"fw-divider-space\" style=\"padding-top: 40px;\"><\/div>\n<\/div>\n<\/div>\n\n\t<\/div>\n<\/section>\n<section class=\"fw-main-row\" style=\"background-color:#f3f7fe;\" >\n\t<div class=\"fw-container-fluid\">\n\t\t<div class=\"fw-row\">\n\t<div class=\"fw-col-xs-12\">\n\t       \n<div id=\"why-us\" class=\"\">\n    <div class=\"row\">\n                            <div class=\"col-xs-12 col-sm-12 col-md-7 col-xl-6 col-lg-6 wrap-padding bg-img-right\">\n                <div class=\"section-title\">\n                    <div>\n                        <span>Estudios en canad\u00e1<\/span>\n                        <h3><\/h3>\n                    <\/div>\n                <\/div>\n                                    <div class=\"about_content\">\n                        <p>Canad\u00e1 es un pa\u00eds con altos niveles de educaci\u00f3n, siendo reconocido internacionalmente como uno de los 10 mejores pa\u00edses para estudiar.<\/p><p>Con un sistema educativo basado entre <em>colegios<\/em>, con cursos m\u00e1s din\u00e1micos enfocados al mercado laboral y de corta duraci\u00f3n, y universidades, que son cursos acad\u00e9micos y de larga duraci\u00f3n.&nbsp;<\/p><p>Ser un tecn\u00f3logo <em>Doctor<\/em>, Canad\u00e1 cuenta con la instituci\u00f3n que le permite su crecimiento acad\u00e9mico de acuerdo a sus objetivos.<\/p><p>En 2017, aproximadamente 23.000 brasile\u00f1os fueron a Canad\u00e1 para continuar sus estudios, convirti\u00e9ndolo as\u00ed en el pa\u00eds con mayor destino para estudiantes brasile\u00f1os, seg\u00fan ccbc.org.br.<\/p><p>EL <em>Oficina Canadiense de Educaci\u00f3n Internacional <\/em>(cbie.ca), asociaci\u00f3n que agrupa a m\u00e1s de 150 universidades canadienses, datos de matr\u00edcula de m\u00e1s de 1.2 millones de estudiantes, tiene los siguientes datos que nos aseguran lo f\u00e1cil que es estudiar en Canad\u00e1:<\/p><ul><li><strong>642.480<\/strong> los estudiantes internacionales fueron a Canad\u00e1 en todos los niveles de estudio en 2019;<\/li><li><strong>9 de 10<\/strong> los estudiantes internacionales recomiendan Canad\u00e1 como destino de estudio;<\/li><li><strong>6 de 10<\/strong> Los estudiantes internacionales planean solicitar la residencia permanente en Canad\u00e1.<\/li><\/ul><p>Al finalizar el curso, adem\u00e1s de obtener una formaci\u00f3n internacional, habr\u00e1s mejorado tu ingl\u00e9s, estar\u00e1s preparado para una vida en el extranjero y podr\u00e1s seguir una carrera en Canad\u00e1 o en cualquier otro pa\u00eds.<\/p>                                            <\/div>\n                            <\/div>\n            <div class=\"col-xs-12 col-sm-12 col-md-5 col-xl-6 col-lg-6 why-us-left-bg\" style=\"background-image:url(\/\/cancampus.ca\/wp-content\/uploads\/2020\/07\/Design-sem-nome6.png);\">\n            <\/div>\n            <\/div>\n<\/div>\n<\/div>\n<\/div>\n\n\t<\/div>\n<\/section>\n<section class=\"fw-main-row\" style=\"background-color:#f3f7fe;\" >\n\t<div class=\"fw-container-fluid\">\n\t\t<div class=\"fw-row\">\n\t<div class=\"fw-col-xs-12\">\n\t\n<div id=\"why-us\" class=\"\">\n    <div class=\"row\">\n                    <div class=\"col-xs-12 col-sm-12 col-md-5 col-xl-6 col-lg-6 why-us-left-bg\" style=\"background-image:url(\/\/cancampus.ca\/wp-content\/uploads\/2020\/07\/Design-sem-nome11.png);\">\n            <\/div>\n            <div class=\"col-xs-12 col-sm-12 col-md-7 col-xl-6 col-lg-6 wrap-padding bg-img-left\">\n                <div class=\"section-title\">\n                    <div>\n                        <span>Asesor universitario<\/span>\n                        <h3><\/h3>\n                    <\/div>\n                <\/div>\n                                    <div class=\"about_content\">\n                        <p>Es posible encontrar el colegio o universidad ideal a trav\u00e9s de nuestros consejos. Identificamos las mejores instituciones seg\u00fan su objetivo y expectativas.<\/p><p>Para aquellos que ya han realizado un curso t\u00e9cnico y por encima de los cr\u00e9ditos de las asignaturas ya cursadas se pueden mencionar en la requisici\u00f3n y si se aceptan eliminan materiales \/ horas del curso inscrito De esta forma reducir\u00e1s el tiempo del curso y en consecuencia tus costes.<\/p><p>CanCampus desmitificar\u00e1 lo que la gente ha dicho en t\u00e9rminos de estudiar en el extranjero, como: \u201ces dif\u00edcil poder estudiar en el extranjero\u201d, \u201cno podr\u00e1s obtener una visa de estudiante tan f\u00e1cil\u201d, \u201cel costo de vida es alto &quot;,&quot; Es dif\u00edcil adaptarse en otro pa\u00eds &quot;.<\/p><p>El costo de vida, la receptividad de los canadienses, los documentos necesarios, en definitiva, todo lo que necesitas para tomar la decisi\u00f3n acertada, te mostraremos que es tan simple como puedas imaginar y adem\u00e1s de que contar\u00e1s con nuestro asesoramiento en todas las etapas hasta la conclusi\u00f3n.<\/p>                                            <\/div>\n                            <\/div>\n                    <\/div>\n<\/div>\n<\/div>\n<\/div>\n\n\t<\/div>\n<\/section>\n<section class=\"fw-main-row\" style=\"background-color:#f3f7fe;\" >\n\t<div class=\"fw-container\">\n\t\t<div class=\"fw-row\">\n\t<div class=\"fw-col-xs-12\">\n\t\n<div id=\"why-us\" class=\"\">\n    <div class=\"row\">\n                            <div class=\"col-xs-12 col-sm-12 col-md-7 col-xl-6 col-lg-6 wrap-padding bg-img-right\">\n                <div class=\"section-title\">\n                    <div>\n                        <span>Consultivo<\/span>\n                        <h3><\/h3>\n                    <\/div>\n                <\/div>\n                                    <div class=\"about_content\">\n                        <p>A trav\u00e9s de CanCampus tendr\u00e1s:<\/p><ul><li>Asesoramiento individual para identificar sus expectativas;<\/li><li>Asistencia para identificar instituciones, presentar un presupuesto de costo de vida y planificar el registro;<\/li><li>Registro y seguimiento del proceso de admisi\u00f3n con la instituci\u00f3n;<\/li><li>Indicaci\u00f3n de consultor\u00eda de inmigraci\u00f3n, solicitud de visa y otros documentos oficiales;<\/li><li>Preparaci\u00f3n para su vida antes y despu\u00e9s del viaje.<\/li><\/ul>                                            <\/div>\n                            <\/div>\n            <div class=\"col-xs-12 col-sm-12 col-md-5 col-xl-6 col-lg-6 why-us-left-bg\" style=\"background-image:url(\/\/cancampus.ca\/wp-content\/uploads\/2020\/07\/Design-sem-nome-32.png);\">\n            <\/div>\n            <\/div>\n<\/div>\n<\/div>\n<\/div>\n\n<div class=\"fw-row\">\n\t<div class=\"fw-col-xs-12\">\n\t<div class=\"text-block post-heading-center section-title mb-60\">\n\t<span><\/span>\n\t<h2><\/h2>\n\t\t\t<p>Con los consejos de CanCampus puedes planificar tu futuro acad\u00e9mico de forma m\u00e1s f\u00e1cil y segura.<\/p><p>&nbsp;<\/p><p>Hay varios pasos que conducen a la inscripci\u00f3n en una instituci\u00f3n canadiense y te presentaremos todos estos pasos, asisti\u00e9ndote en todos los puntos necesarios para que alcances tu meta.<\/p><p>&nbsp;<\/p><p>Vea a continuaci\u00f3n el cronograma del proceso y las fechas l\u00edmite de admisi\u00f3n para el comienzo del a\u00f1o escolar en septiembre.<\/p>\t<\/div>\n<\/div>\n<\/div>\n\n<div class=\"fw-row\">\n\t<div class=\"fw-col-xs-12 fw-col-sm-2\">\n\t<div class=\"fw-iconbox clearfix fw-iconbox-1\">\n\t<div class=\"fw-iconbox-image\">\n\t\t<i class=\"fa fa-pencil-square-o\"><\/i>\n\t<\/div>\n\t<div class=\"fw-iconbox-aside\">\n\t\t<div class=\"fw-iconbox-title\">\n\t\t\t<h3>enero<\/h3>\n\t\t<\/div>\n\t\t<div class=\"fw-iconbox-text\">\n\t\t\t<p>Plazo de registro y entrega de documentaci\u00f3n.<\/p>\n\t\t<\/div>\n\t<\/div>\n<\/div><\/div>\n<div class=\"fw-col-xs-12 fw-col-sm-2\">\n\t<div class=\"fw-iconbox clearfix fw-iconbox-1\">\n\t<div class=\"fw-iconbox-image\">\n\t\t<i class=\"fa fa-check-circle-o\"><\/i>\n\t<\/div>\n\t<div class=\"fw-iconbox-aside\">\n\t\t<div class=\"fw-iconbox-title\">\n\t\t\t<h3>febrero<\/h3>\n\t\t<\/div>\n\t\t<div class=\"fw-iconbox-text\">\n\t\t\t<p>Inicio del plazo de respuesta de registro.<\/p>\n\t\t<\/div>\n\t<\/div>\n<\/div><\/div>\n<div class=\"fw-col-xs-12 fw-col-sm-2\">\n\t<div class=\"fw-iconbox clearfix fw-iconbox-1\">\n\t<div class=\"fw-iconbox-image\">\n\t\t<i class=\"fa fa-cogs\"><\/i>\n\t<\/div>\n\t<div class=\"fw-iconbox-aside\">\n\t\t<div class=\"fw-iconbox-title\">\n\t\t\t<h3>Mayo<\/h3>\n\t\t<\/div>\n\t\t<div class=\"fw-iconbox-text\">\n\t\t\t<p>Solicitud de visa de estudiante en el consulado.<\/p>\n\t\t<\/div>\n\t<\/div>\n<\/div><\/div>\n<div class=\"fw-col-xs-12 fw-col-sm-2\">\n\t<div class=\"fw-iconbox clearfix fw-iconbox-1\">\n\t<div class=\"fw-iconbox-image\">\n\t\t<i class=\"fa fa-dollar\"><\/i>\n\t<\/div>\n\t<div class=\"fw-iconbox-aside\">\n\t\t<div class=\"fw-iconbox-title\">\n\t\t\t<h3>junio<\/h3>\n\t\t<\/div>\n\t\t<div class=\"fw-iconbox-text\">\n\t\t\t<p>Plazo de pago del 1er semestre.<\/p>\n\t\t<\/div>\n\t<\/div>\n<\/div><\/div>\n<div class=\"fw-col-xs-12 fw-col-sm-2\">\n\t<div class=\"fw-iconbox clearfix fw-iconbox-1\">\n\t<div class=\"fw-iconbox-image\">\n\t\t<i class=\"fa fa-suitcase\"><\/i>\n\t<\/div>\n\t<div class=\"fw-iconbox-aside\">\n\t\t<div class=\"fw-iconbox-title\">\n\t\t\t<h3>julio<\/h3>\n\t\t<\/div>\n\t\t<div class=\"fw-iconbox-text\">\n\t\t\t<p>Preparativos para su entrada a Canad\u00e1.<\/p>\n\t\t<\/div>\n\t<\/div>\n<\/div><\/div>\n<div class=\"fw-col-xs-12 fw-col-sm-2\">\n\t<div class=\"fw-iconbox clearfix fw-iconbox-1\">\n\t<div class=\"fw-iconbox-image\">\n\t\t<i class=\"fa fa-mortar-board\"><\/i>\n\t<\/div>\n\t<div class=\"fw-iconbox-aside\">\n\t\t<div class=\"fw-iconbox-title\">\n\t\t\t<h3>septiembre<\/h3>\n\t\t<\/div>\n\t\t<div class=\"fw-iconbox-text\">\n\t\t\t<p>Inicio del semestre acad\u00e9mico en la instituci\u00f3n canadiense.<\/p>\n\t\t<\/div>\n\t<\/div>\n<\/div><\/div>\n<\/div>\n\n\t<\/div>\n<\/section>\n<section class=\"fw-main-row\" style=\"background-color:#f3f7fe;\" >\n\t<div class=\"fw-container-fluid\">\n\t\t<div class=\"fw-row\">\n\t<div class=\"fw-col-xs-12\">\n\t\n<div id=\"why-us\" class=\"\">\n    <div class=\"row\">\n                    <div class=\"col-xs-12 col-sm-12 col-md-5 col-xl-6 col-lg-6 why-us-left-bg\" style=\"background-image:url(\/\/cancampus.ca\/wp-content\/uploads\/2020\/07\/Design-sem-nome-35.png);\">\n            <\/div>\n            <div class=\"col-xs-12 col-sm-12 col-md-7 col-xl-6 col-lg-6 wrap-padding bg-img-left\">\n                <div class=\"section-title\">\n                    <div>\n                        <span>Inversiones<\/span>\n                        <h3><\/h3>\n                    <\/div>\n                <\/div>\n                                    <div class=\"about_content\">\n                        <p>Los valores var\u00edan seg\u00fan la duraci\u00f3n del curso, ciudad y \u00e1rea de estudio elegida.<\/p><p>Cursos en <em>Universidad<\/em> desde CAD$ 8,000.00 (d\u00f3lares canadienses) \/ a\u00f1o.<\/p><p>Para la mayor\u00eda de los cursos, est\u00e1 legalmente autorizado a trabajar 20 horas (veinte horas) por semana. As\u00ed puedes tener una experiencia profesional adem\u00e1s de acad\u00e9mica, y tambi\u00e9n puedes reducir los costos de esta incre\u00edble experiencia.<\/p><p>Cons\u00faltanos para m\u00e1s informaci\u00f3n.<\/p>                                            <\/div>\n                            <\/div>\n                    <\/div>\n<\/div>\n<\/div>\n<\/div>\n\n\t<\/div>\n<\/section>\n<section class=\"fw-main-row\" style=\"background-color:#ee8320;\" >\n\t<div class=\"fw-container\">\n\t\t<div class=\"fw-row\">\n\t<div class=\"fw-col-xs-12\">\n\t\n\n<div id=\"instructor\" class=\"call-to-action-area\">\n    <div class=\"container\">\n        <div class=\"row justify-content-xl-between justify-content-lg-center justify-content-center\">\n            <div class=\"col-xl-6 col-lg-7 col-md-10\">\n                <div class=\"call-to-action-content\">\n                    <div class=\"post-heading-left\">\n                        <h3 class=\"text-white\">Cont\u00e1ctenos <\/h3>\n                    <\/div>\n                    <div class=\"text-white\">\n                                                    <p><em>Elegir una instituci\u00f3n para estudiar a un nivel superior, con el apoyo de un equipo local que te acompa\u00f1ar\u00e1 de principio a fin y tendr\u00e1s la mejor experiencia de tu vida, es el objetivo de CanCampus.<\/em><\/p><p><em>Ponte en contacto y obt\u00e9n m\u00e1s detalles. <\/em><\/p>                                            <\/div>\n                    <div class=\"call-to-action-btn\">\n                                                    <a href=\"https:\/\/cancampus.ca\/es\/contato\/\">\n                                Consiguelo aqui <i class=\"fas fa-arrow-right\"><\/i><\/a>\n                                            <\/div>\n                <\/div>\n            <\/div>\n                            <div class=\"col-xl-5 col-lg-0\">\n                    <div class=\"part-img\">\n                        <img decoding=\"async\" src=\"\/\/cancampus.ca\/wp-content\/uploads\/2020\/01\/instructor.png\"  alt=\"Cont\u00e1ctenos \"\/>\n                    <\/div>\n                <\/div>\n                    <\/div>\n    <\/div>\n<\/div><\/div>\n<\/div>\n\n\t<\/div>\n<\/section>\n<\/p>","protected":false},"excerpt":{"rendered":"<p>Assessoria para Universidades Focado para os que desejam cursar Universidade, desde a gradua\u00e7\u00e3o at\u00e9 p\u00f3s doutorado no Canad\u00e1, aprimorando seu [&hellip;]<\/p>","protected":false},"author":2,"featured_media":0,"parent":0,"menu_order":0,"comment_status":"closed","ping_status":"closed","template":"template-parts\/lernen-pagefullwidth.php","meta":{"_joinchat":{"telephone":"+5531982119111","message_send":"Ol\u00e1. Gostaria de receber maiores informa\u00e7\u00f5es?"},"footnotes":""},"class_list":["post-3654","page","type-page","status-publish","hentry"],"yoast_head":"<!-- This site is optimized with the Yoast SEO plugin v27.2 - https:\/\/yoast.com\/product\/yoast-seo-wordpress\/ -->\n<title>Assessoria para Universidades - CanCampus<\/title>\n<meta name=\"robots\" content=\"index, follow, max-snippet:-1, max-image-preview:large, max-video-preview:-1\" \/>\n<link rel=\"canonical\" href=\"https:\/\/cancampus.ca\/es\/university-program\/\" \/>\n<meta property=\"og:locale\" content=\"es_ES\" \/>\n<meta property=\"og:type\" content=\"article\" \/>\n<meta property=\"og:title\" content=\"Assessoria para Universidades - CanCampus\" \/>\n<meta property=\"og:description\" content=\"Assessoria para Universidades Focado para os que desejam cursar Universidade, desde a gradua\u00e7\u00e3o at\u00e9 p\u00f3s doutorado no Canad\u00e1, aprimorando seu [&hellip;]\" \/>\n<meta property=\"og:url\" content=\"https:\/\/cancampus.ca\/es\/university-program\/\" \/>\n<meta property=\"og:site_name\" content=\"CanCampus\" \/>\n<meta property=\"article:publisher\" content=\"https:\/\/www.facebook.com\/cancampus.ca\" \/>\n<meta property=\"article:modified_time\" content=\"2024-10-09T12:48:05+00:00\" \/>\n<meta name=\"twitter:card\" content=\"summary_large_image\" \/>\n<meta name=\"twitter:label1\" content=\"Tiempo de lectura\" \/>\n\t<meta name=\"twitter:data1\" content=\"4 minutos\" \/>\n<script type=\"application\/ld+json\" class=\"yoast-schema-graph\">{\"@context\":\"https:\/\/schema.org\",\"@graph\":[{\"@type\":\"WebPage\",\"@id\":\"https:\/\/cancampus.ca\/en\/university-program\/\",\"url\":\"https:\/\/cancampus.ca\/en\/university-program\/\",\"name\":\"Assessoria para Universidades - CanCampus\",\"isPartOf\":{\"@id\":\"https:\/\/cancampus.ca\/#website\"},\"datePublished\":\"2020-06-05T04:09:37+00:00\",\"dateModified\":\"2024-10-09T12:48:05+00:00\",\"breadcrumb\":{\"@id\":\"https:\/\/cancampus.ca\/en\/university-program\/#breadcrumb\"},\"inLanguage\":\"es\",\"potentialAction\":[{\"@type\":\"ReadAction\",\"target\":[\"https:\/\/cancampus.ca\/en\/university-program\/\"]}]},{\"@type\":\"BreadcrumbList\",\"@id\":\"https:\/\/cancampus.ca\/en\/university-program\/#breadcrumb\",\"itemListElement\":[{\"@type\":\"ListItem\",\"position\":1,\"name\":\"In\u00edcio\",\"item\":\"https:\/\/cancampus.ca\/\"},{\"@type\":\"ListItem\",\"position\":2,\"name\":\"Assessoria para Universidades\"}]},{\"@type\":\"WebSite\",\"@id\":\"https:\/\/cancampus.ca\/#website\",\"url\":\"https:\/\/cancampus.ca\/\",\"name\":\"CanCampus - Experince Learning!\",\"description\":\"Experience Learning!\",\"publisher\":{\"@id\":\"https:\/\/cancampus.ca\/#organization\"},\"potentialAction\":[{\"@type\":\"SearchAction\",\"target\":{\"@type\":\"EntryPoint\",\"urlTemplate\":\"https:\/\/cancampus.ca\/?s={search_term_string}\"},\"query-input\":{\"@type\":\"PropertyValueSpecification\",\"valueRequired\":true,\"valueName\":\"search_term_string\"}}],\"inLanguage\":\"es\"},{\"@type\":\"Organization\",\"@id\":\"https:\/\/cancampus.ca\/#organization\",\"name\":\"CanCampus Canada\",\"url\":\"https:\/\/cancampus.ca\/\",\"logo\":{\"@type\":\"ImageObject\",\"inLanguage\":\"es\",\"@id\":\"https:\/\/cancampus.ca\/#\/schema\/logo\/image\/\",\"url\":\"http:\/\/box5226.temp.domains\/~cancampu\/wp-content\/uploads\/2020\/03\/13.png\",\"contentUrl\":\"http:\/\/box5226.temp.domains\/~cancampu\/wp-content\/uploads\/2020\/03\/13.png\",\"width\":3072,\"height\":1536,\"caption\":\"CanCampus Canada\"},\"image\":{\"@id\":\"https:\/\/cancampus.ca\/#\/schema\/logo\/image\/\"},\"sameAs\":[\"https:\/\/www.facebook.com\/cancampus.ca\",\"https:\/\/www.instagram.com\/cancampus_ca\/\",\"https:\/\/www.linkedin.com\/in\/cancampus\/\"]}]}<\/script>\n<!-- \/ Yoast SEO plugin. -->","yoast_head_json":{"title":"Asesoramiento para Universidades - CanCampus","robots":{"index":"index","follow":"follow","max-snippet":"max-snippet:-1","max-image-preview":"max-image-preview:large","max-video-preview":"max-video-preview:-1"},"canonical":"https:\/\/cancampus.ca\/es\/university-program\/","og_locale":"es_ES","og_type":"article","og_title":"Assessoria para Universidades - CanCampus","og_description":"Assessoria para Universidades Focado para os que desejam cursar Universidade, desde a gradua\u00e7\u00e3o at\u00e9 p\u00f3s doutorado no Canad\u00e1, aprimorando seu [&hellip;]","og_url":"https:\/\/cancampus.ca\/es\/university-program\/","og_site_name":"CanCampus","article_publisher":"https:\/\/www.facebook.com\/cancampus.ca","article_modified_time":"2024-10-09T12:48:05+00:00","twitter_card":"summary_large_image","twitter_misc":{"Tiempo de lectura":"4 minutos"},"schema":{"@context":"https:\/\/schema.org","@graph":[{"@type":"WebPage","@id":"https:\/\/cancampus.ca\/en\/university-program\/","url":"https:\/\/cancampus.ca\/en\/university-program\/","name":"Asesoramiento para Universidades - CanCampus","isPartOf":{"@id":"https:\/\/cancampus.ca\/#website"},"datePublished":"2020-06-05T04:09:37+00:00","dateModified":"2024-10-09T12:48:05+00:00","breadcrumb":{"@id":"https:\/\/cancampus.ca\/en\/university-program\/#breadcrumb"},"inLanguage":"es","potentialAction":[{"@type":"ReadAction","target":["https:\/\/cancampus.ca\/en\/university-program\/"]}]},{"@type":"BreadcrumbList","@id":"https:\/\/cancampus.ca\/en\/university-program\/#breadcrumb","itemListElement":[{"@type":"ListItem","position":1,"name":"In\u00edcio","item":"https:\/\/cancampus.ca\/"},{"@type":"ListItem","position":2,"name":"Assessoria para Universidades"}]},{"@type":"WebSite","@id":"https:\/\/cancampus.ca\/#website","url":"https:\/\/cancampus.ca\/","name":"CanCampus - \u00a1Experimente el aprendizaje!","description":"\u00a1Experimente el aprendizaje!","publisher":{"@id":"https:\/\/cancampus.ca\/#organization"},"potentialAction":[{"@type":"SearchAction","target":{"@type":"EntryPoint","urlTemplate":"https:\/\/cancampus.ca\/?s={search_term_string}"},"query-input":{"@type":"PropertyValueSpecification","valueRequired":true,"valueName":"search_term_string"}}],"inLanguage":"es"},{"@type":"Organization","@id":"https:\/\/cancampus.ca\/#organization","name":"CanCampus Canad\u00e1","url":"https:\/\/cancampus.ca\/","logo":{"@type":"ImageObject","inLanguage":"es","@id":"https:\/\/cancampus.ca\/#\/schema\/logo\/image\/","url":"http:\/\/box5226.temp.domains\/~cancampu\/wp-content\/uploads\/2020\/03\/13.png","contentUrl":"http:\/\/box5226.temp.domains\/~cancampu\/wp-content\/uploads\/2020\/03\/13.png","width":3072,"height":1536,"caption":"CanCampus Canada"},"image":{"@id":"https:\/\/cancampus.ca\/#\/schema\/logo\/image\/"},"sameAs":["https:\/\/www.facebook.com\/cancampus.ca","https:\/\/www.instagram.com\/cancampus_ca\/","https:\/\/www.linkedin.com\/in\/cancampus\/"]}]}},"_links":{"self":[{"href":"https:\/\/cancampus.ca\/es\/wp-json\/wp\/v2\/pages\/3654","targetHints":{"allow":["GET"]}}],"collection":[{"href":"https:\/\/cancampus.ca\/es\/wp-json\/wp\/v2\/pages"}],"about":[{"href":"https:\/\/cancampus.ca\/es\/wp-json\/wp\/v2\/types\/page"}],"author":[{"embeddable":true,"href":"https:\/\/cancampus.ca\/es\/wp-json\/wp\/v2\/users\/2"}],"replies":[{"embeddable":true,"href":"https:\/\/cancampus.ca\/es\/wp-json\/wp\/v2\/comments?post=3654"}],"version-history":[{"count":2,"href":"https:\/\/cancampus.ca\/es\/wp-json\/wp\/v2\/pages\/3654\/revisions"}],"predecessor-version":[{"id":5366,"href":"https:\/\/cancampus.ca\/es\/wp-json\/wp\/v2\/pages\/3654\/revisions\/5366"}],"wp:attachment":[{"href":"https:\/\/cancampus.ca\/es\/wp-json\/wp\/v2\/media?parent=3654"}],"curies":[{"name":"wp","href":"https:\/\/api.w.org\/{rel}","templated":true}]}}