{"id":3798,"date":"2020-07-11T13:22:12","date_gmt":"2020-07-11T16:22:12","guid":{"rendered":"http:\/\/box5226.temp.domains\/~cancampu\/?page_id=3798"},"modified":"2021-09-03T15:35:20","modified_gmt":"2021-09-03T19:35:20","slug":"desenho-para-iniciantes","status":"publish","type":"page","link":"https:\/\/cancampus.ca\/es\/programas\/virtual-campus\/desenho-para-iniciantes\/","title":{"rendered":"Dise\u00f1o para principiantes"},"content":{"rendered":"<p><section class=\"fw-main-row\"  >\n\t<div class=\"fw-container-fluid\">\n\t\t<div class=\"fw-row\">\n\t<div class=\"fw-col-xs-12\">\n\t\n<div class=\"owl-carousel owl-theme\">\n                     <div class=\"position-center header-content-full header-content\" role=\"banner\" style=\"background-image:url(\/\/cancampus.ca\/wp-content\/uploads\/2020\/07\/Design-sem-nome-10.png);\">\n                <div class=\"container\">\n            <div class=\"row\">\n                <div class=\"col-xs-12 col-sm-12 header-area\">\n                    <div class=\"header-area-inner header-text\">\n                        <div><span class=\"subtitle\"><span class=\"\"><\/span>Dise\u00f1o para principiantes<\/span><\/div>\n                        <h1 class=\"title\"><\/h1>\n                        <p>\u00a1Perfecciona tus dise\u00f1os practicando tu ingl\u00e9s con profesores nativos!<\/p>                        <div class=\"btn-section\">\n                                                                                <\/div>\n                    <\/div>\n                <\/div>\n            <\/div>\n        <\/div>\n    <\/div>\n    <\/div><\/div>\n<\/div>\n\n\t<\/div>\n<\/section>\n<section class=\"fw-main-row\"  >\n\t<div class=\"fw-container\">\n\t\t<div class=\"fw-row\">\n\t<div class=\"fw-col-xs-12\">\n\t\n\t<div class=\"fw-divider-space\" style=\"padding-top: 40px;\"><\/div>\n<\/div>\n<\/div>\n\n\t<\/div>\n<\/section>\n<section class=\"fw-main-row\" style=\"background-color:#ffffff;\" >\n\t<div class=\"fw-container-fluid\">\n\t\t<div class=\"fw-row\">\n\t<div class=\"fw-col-xs-12 fw-col-sm-2\">\n\t<\/div>\n<div class=\"fw-col-xs-12 fw-col-sm-8\">\n\t<div class=\"fw-accordion\">\n\t\t\t<h3 class=\"fw-accordion-title\">Indicado para<\/h3>\n\t\t<div class=\"fw-accordion-content\">\n\t\t\t<p>J\u00f3venes y adultos a partir de 15 a\u00f1os.<\/p>\n\t\t<\/div>\n\t\t\t<h3 class=\"fw-accordion-title\">Idioma<\/h3>\n\t\t<div class=\"fw-accordion-content\">\n\t\t\t<p>Ingl\u00e9s - nivel b\u00e1sico-intermedio.<\/p>\n\t\t<\/div>\n\t\t\t<h3 class=\"fw-accordion-title\">Local<\/h3>\n\t\t<div class=\"fw-accordion-content\">\n\t\t\t<p>En l\u00ednea, a trav\u00e9s de Zoom. <\/p>\n\t\t<\/div>\n\t\t\t<h3 class=\"fw-accordion-title\">Inversi\u00f3n<\/h3>\n\t\t<div class=\"fw-accordion-content\">\n\t\t\t<p>CAD$ 215,00.<\/p>\n\t\t<\/div>\n\t\t\t<h3 class=\"fw-accordion-title\">Fecha<\/h3>\n\t\t<div class=\"fw-accordion-content\">\n\t\t\t<p>Del 17 al 21 de agosto \/ 2020, con clases de 14:00 a 16:00 horas (hora de Brasilia).<\/p>\n\t\t<\/div>\n\t<\/div><\/div>\n<div class=\"fw-col-xs-12 fw-col-sm-2\">\n\t<\/div>\n<\/div>\n\n\t<\/div>\n<\/section>\n<section class=\"fw-main-row\"  >\n\t<div class=\"fw-container\">\n\t\t<div class=\"fw-row\">\n\t<div class=\"fw-col-xs-12\">\n\t\n\t<div class=\"fw-divider-space\" style=\"padding-top: 30px;\"><\/div>\n<\/div>\n<\/div>\n\n\t<\/div>\n<\/section>\n<section class=\"fw-main-row\" style=\"background-color:#f3f7fe;\" >\n\t<div class=\"fw-container-fluid\">\n\t\t<div class=\"fw-row\">\n\t<div class=\"fw-col-xs-12\">\n\t       \n<div id=\"why-us\" class=\"\">\n    <div class=\"row\">\n                    <div class=\"col-xs-12 col-sm-12 col-md-5 col-xl-6 col-lg-6 why-us-left-bg\" style=\"background-image:url(\/\/cancampus.ca\/wp-content\/uploads\/2020\/07\/Design-sem-nome-7.png);\">\n            <\/div>\n            <div class=\"col-xs-12 col-sm-12 col-md-7 col-xl-6 col-lg-6 wrap-padding bg-img-left\">\n                <div class=\"section-title\">\n                    <div>\n                        <span>El programa<\/span>\n                        <h3>\u00a1Crear! \u00a1Expr\u00e9sate! \u00a1Dibujar! <\/h3>\n                    <\/div>\n                <\/div>\n                                    <div class=\"about_content\">\n                        <p>Este taller virtual fue desarrollado para principiantes y aquellos que desean mejorar sus habilidades de dibujo adem\u00e1s de perfeccionar su comprensi\u00f3n del lenguaje visual.<\/p><p>Utilizar\u00e1 l\u00e1pices de carb\u00f3n, barras de carb\u00f3n y t\u00e9cnica, mientras aprende los conceptos b\u00e1sicos del dibujo observacional. Se explorar\u00e1n la composici\u00f3n, proporci\u00f3n, forma y l\u00ednea a trav\u00e9s de varios ejercicios y proyectos. Definitivamente tendr\u00e1 m\u00e1s confianza con las herramientas b\u00e1sicas de expresi\u00f3n visual.<\/p><p>FECHAS DE CLASES: <strong>17-21 de agosto de 2020<\/strong><\/p><p>HORA: 13:00 - 15:00 (<strong>14:00 - 16:00<\/strong> Hora de Brasilia)<\/p><p>N\u00famero de clases: 5<\/p>                                            <\/div>\n                            <\/div>\n                    <\/div>\n<\/div>\n<\/div>\n<\/div>\n\n\t<\/div>\n<\/section>\n<section class=\"fw-main-row\" style=\"background-color:#f3f7fe;\" >\n\t<div class=\"fw-container-fluid\">\n\t\t<div class=\"fw-row\">\n\t<div class=\"fw-col-xs-12\">\n\t\n<div id=\"why-us\" class=\"\">\n    <div class=\"row\">\n                            <div class=\"col-xs-12 col-sm-12 col-md-7 col-xl-6 col-lg-6 wrap-padding bg-img-right\">\n                <div class=\"section-title\">\n                    <div>\n                        <span>\u00bfC\u00f3mo ser\u00e1?<\/span>\n                        <h3>Calendario de cursos<\/h3>\n                    <\/div>\n                <\/div>\n                                    <div class=\"about_content\">\n                        <p><strong>D\u00cdA 01<\/strong><\/p><p>\u00a1Aprenda por qu\u00e9 todos pueden dibujar!<\/p><p>Exploraremos el dise\u00f1o del hemisferio izquierdo y derecho, las manos y los ojos dominantes, as\u00ed como el contorno versus la forma. Se dar\u00e1 una demostraci\u00f3n y una tarea.<\/p><p><strong>D\u00cdA 02<\/strong><\/p><p>Los estudiantes aprender\u00e1n a medir, explorar la escala y aprender a usar recursos de dibujo mientras prueban carb\u00f3n, bol\u00edgrafo y contenido. Se dar\u00e1 una nueva demostraci\u00f3n y asignaci\u00f3n.<\/p><p><strong>D\u00cdA 03<\/strong><\/p><p>Los estudiantes aprender\u00e1n sobre dibujo de forma libre versus dibujo medido, mezcla de l\u00edneas y formas, as\u00ed como el valor total. Se dar\u00e1 una demostraci\u00f3n, seguida de otra tarea.<\/p><p><strong>D\u00cdA 04<\/strong><\/p><p>Comenzaremos con bocetos r\u00e1pidos y cronometrados. Los estudiantes aprender\u00e1n sobre dibujo inverso, puntos perif\u00e9ricos y focales.<\/p><p><strong>\u00a0<\/strong><\/p><p><strong>\u00a0<\/strong><strong>D\u00cdA 05<\/strong><\/p><p>Continuaremos con nuestros bocetos finales y terminaremos con una revisi\u00f3n final.<\/p>                                            <\/div>\n                            <\/div>\n            <div class=\"col-xs-12 col-sm-12 col-md-5 col-xl-6 col-lg-6 why-us-left-bg\" style=\"background-image:url(\/\/cancampus.ca\/wp-content\/uploads\/2020\/07\/Design-sem-nome-11.png);\">\n            <\/div>\n            <\/div>\n<\/div>\n<\/div>\n<\/div>\n\n\t<\/div>\n<\/section>\n<section class=\"fw-main-row\" style=\"background-color:#f3f7fe;\" >\n\t<div class=\"fw-container-fluid\">\n\t\t<div class=\"fw-row\">\n\t<div class=\"fw-col-xs-12\">\n\t\n<div id=\"why-us\" class=\"\">\n    <div class=\"row\">\n                    <div class=\"col-xs-12 col-sm-12 col-md-5 col-xl-6 col-lg-6 why-us-left-bg\" style=\"background-image:url(\/\/cancampus.ca\/wp-content\/uploads\/2020\/07\/Design-sem-nome-9.png);\">\n            <\/div>\n            <div class=\"col-xs-12 col-sm-12 col-md-7 col-xl-6 col-lg-6 wrap-padding bg-img-left\">\n                <div class=\"section-title\">\n                    <div>\n                        <span>Y como empezar<\/span>\n                        <h3>Materiales necesarios<\/h3>\n                    <\/div>\n                <\/div>\n                                    <div class=\"about_content\">\n                        <p>Palitos de carb\u00f3n o sauce<\/p><p>Goma amasable<\/p><p>Papel de dise\u00f1o de marcador de bol\u00edgrafo de estudio o bol\u00edgrafo negro (muy suave)<\/p><p>Papel de dibujo (40 cm x 50 cm o m\u00e1s)<\/p><p>L\u00e1piz: HB, 2B, 4B y 6B<\/p><p>Cuchillo X-act<\/p><p>Arena<\/p><p>Hisopos<\/p><p><strong>Para participar en una de nuestras clases virtuales<\/strong>, Necesitar\u00e1s:<\/p><ul><li>Una computadora (port\u00e1til o de escritorio, con micr\u00f3fono y c\u00e1mara integrados) o un modelo m\u00e1s nuevo de iPad, tableta, iPhone o tel\u00e9fono inteligente;<\/li><li>Aseg\u00farese de tener la funci\u00f3n de manos libres usando un soporte o tr\u00edpode;<\/li><li>Una conexi\u00f3n WI-FI estable;<\/li><li>La aplicaci\u00f3n Zoom (gratis cuando te registras);<\/li><li>Materiales requeridos seg\u00fan el curso en el que se haya inscrito (consulte las listas de materiales individuales proporcionadas para cada clase, como se describe anteriormente);<\/li><li>Un espacio de trabajo silencioso para crear y unirse a su clase.<\/li><\/ul><p>COSTO: C$165 + C$50 (Tasas e impuestos), por un total de C$ 215,00 (doscientos quince d\u00f3lares canadienses).<\/p>                                            <\/div>\n                            <\/div>\n                    <\/div>\n<\/div>\n<\/div>\n<\/div>\n\n\t<\/div>\n<\/section>\n<section class=\"fw-main-row\" style=\"background-color:#ffffff;background-image:url(http:\/\/box5226.temp.domains\/~cancampu\/wp-content\/uploads\/2020\/01\/2335523-scaled.jpg);\" >\n\t<div class=\"fw-container\">\n\t\t<div class=\"fw-row\">\n\t<div class=\"fw-col-xs-12\">\n\t\n\t<div class=\"fw-divider-space\" style=\"padding-top: 100px;\"><\/div>\n<\/div>\n<\/div>\n\n<div class=\"fw-row\">\n\t<div class=\"fw-col-xs-12\">\n\t<div class=\"text-block post-heading-center section-title mb-60\">\n\t<span>\u00a1Garantiza tu lugar ahora!<\/span>\n\t<h2><\/h2>\n\t<\/div>\n<\/div>\n<\/div>\n\n<div class=\"fw-row\">\n\t<div class=\"fw-col-xs-12 fw-col-sm-6\">\n\t<p>\n<div class=\"wpcf7 no-js\" id=\"wpcf7-f4-o1\" lang=\"en-US\" dir=\"ltr\" data-wpcf7-id=\"4\">\n<div class=\"screen-reader-response\"><p role=\"status\" aria-live=\"polite\" aria-atomic=\"true\"><\/p> <ul><\/ul><\/div>\n<form action=\"\/es\/wp-json\/wp\/v2\/pages\/3798#wpcf7-f4-o1\" method=\"post\" class=\"wpcf7-form init\" aria-label=\"Contact form\" novalidate=\"novalidate\" data-status=\"init\" data-trp-original-action=\"\/es\/wp-json\/wp\/v2\/pages\/3798#wpcf7-f4-o1\">\n<fieldset class=\"hidden-fields-container\"><input type=\"hidden\" name=\"_wpcf7\" value=\"4\" \/><input type=\"hidden\" name=\"_wpcf7_version\" value=\"6.1.3\" \/><input type=\"hidden\" name=\"_wpcf7_locale\" value=\"en_US\" \/><input type=\"hidden\" name=\"_wpcf7_unit_tag\" value=\"wpcf7-f4-o1\" \/><input type=\"hidden\" name=\"_wpcf7_container_post\" value=\"0\" \/><input type=\"hidden\" name=\"_wpcf7_posted_data_hash\" value=\"\" \/>\n<\/fieldset>\n<div class=\"row\">\n\t<div class=\"col-lg-6 col-md-6 col-sm-6 col-xs-12\">\n\t\t<p><span class=\"wpcf7-form-control-wrap\" data-name=\"text-498\"><input size=\"40\" maxlength=\"400\" class=\"wpcf7-form-control wpcf7-text wpcf7-validates-as-required require\" aria-required=\"true\" aria-invalid=\"false\" placeholder=\"Nombre\" value=\"\" type=\"text\" name=\"text-498\" \/><\/span>\n\t\t<\/p>\n\t<\/div>\n\t<div class=\"col-lg-6 col-md-6 col-sm-6 col-xs-12\">\n\t\t<p><span class=\"wpcf7-form-control-wrap\" data-name=\"text-41\"><input size=\"40\" maxlength=\"400\" class=\"wpcf7-form-control wpcf7-text wpcf7-validates-as-required require\" aria-required=\"true\" aria-invalid=\"false\" placeholder=\"Tu correo electr\u00f3nico\" value=\"\" type=\"text\" name=\"text-41\" \/><\/span>\n\t\t<\/p>\n\t<\/div>\n\t<div class=\"col-lg-6 col-md-6 col-sm-6 col-xs-12\">\n\t\t<p><span class=\"wpcf7-form-control-wrap\" data-name=\"tel-81\"><input size=\"40\" maxlength=\"400\" class=\"wpcf7-form-control wpcf7-tel wpcf7-validates-as-required wpcf7-text wpcf7-validates-as-tel require\" aria-required=\"true\" aria-invalid=\"false\" placeholder=\"Tel\u00e9fono\" value=\"\" type=\"tel\" name=\"tel-81\" \/><\/span>\n\t\t<\/p>\n\t<\/div>\n\t<div class=\"col-lg-6 col-md-6 col-sm-6 col-xs-12\">\n\t\t<p><span class=\"wpcf7-form-control-wrap\" data-name=\"textarea-641\"><textarea cols=\"40\" rows=\"10\" maxlength=\"2000\" class=\"wpcf7-form-control wpcf7-textarea wpcf7-validates-as-required\" aria-required=\"true\" aria-invalid=\"false\" placeholder=\"Tu mensaje\" name=\"textarea-641\"><\/textarea><\/span>\n\t\t<\/p>\n\t<\/div>\n\t<div class=\"col-lg-6 col-md-6 col-sm-6 col-xs-12\">\n\t\t<p><input class=\"wpcf7-form-control wpcf7-submit has-spinner prt_btn submitForm\" type=\"submit\" value=\"Enviar\" \/>\n\t\t<\/p>\n\t<\/div>\n<\/div><input type='hidden' class='wpcf7-pum' value='{\"closepopup\":false,\"closedelay\":0,\"openpopup\":false,\"openpopup_id\":0}' \/><div class=\"wpcf7-response-output\" aria-hidden=\"true\"><\/div>\n<input type=\"hidden\" name=\"trp-form-language\" value=\"es\"\/><\/form>\n<\/div>\n<\/p><\/div>\n<div class=\"fw-col-xs-12 fw-col-sm-6\">\n\t<\/div>\n<\/div>\n\n\t<\/div>\n<\/section>\n<\/p>","protected":false},"excerpt":{"rendered":"<p>Desenho para Iniciantes Aperfei\u00e7oe seus desenhos praticando o seu ingl\u00eas com professores nativos! Indicado para Jovens e adultos a partir [&hellip;]<\/p>","protected":false},"author":2,"featured_media":0,"parent":3757,"menu_order":0,"comment_status":"closed","ping_status":"closed","template":"template-parts\/lernen-pagefullwidth.php","meta":{"_joinchat":{"telephone":"+5531982119111","message_send":"Ol\u00e1. Gostaria de receber maiores informa\u00e7\u00f5es?"},"footnotes":""},"class_list":["post-3798","page","type-page","status-publish","hentry"],"yoast_head":"<!-- This site is optimized with the Yoast SEO plugin v27.2 - https:\/\/yoast.com\/product\/yoast-seo-wordpress\/ -->\n<title>Desenho para Iniciantes - CanCampus<\/title>\n<meta name=\"robots\" content=\"index, follow, max-snippet:-1, max-image-preview:large, max-video-preview:-1\" \/>\n<link rel=\"canonical\" href=\"http:\/\/cancampus.ca\/es\/programas\/virtual-campus\/desenho-para-iniciantes\/\" \/>\n<meta property=\"og:locale\" content=\"es_ES\" \/>\n<meta property=\"og:type\" content=\"article\" \/>\n<meta property=\"og:title\" content=\"Desenho para Iniciantes - CanCampus\" \/>\n<meta property=\"og:description\" content=\"Desenho para Iniciantes Aperfei\u00e7oe seus desenhos praticando o seu ingl\u00eas com professores nativos! Indicado para Jovens e adultos a partir [&hellip;]\" \/>\n<meta property=\"og:url\" content=\"http:\/\/cancampus.ca\/es\/programas\/virtual-campus\/desenho-para-iniciantes\/\" \/>\n<meta property=\"og:site_name\" content=\"CanCampus\" \/>\n<meta property=\"article:publisher\" content=\"https:\/\/www.facebook.com\/cancampus.ca\" \/>\n<meta property=\"article:modified_time\" content=\"2021-09-03T19:35:20+00:00\" \/>\n<meta property=\"og:image\" content=\"https:\/\/box5226.temp.domains\/~cancampu\/wp-content\/uploads\/2020\/01\/2335523-scaled-300x200.jpg\" \/>\n<meta name=\"twitter:card\" content=\"summary_large_image\" \/>\n<meta name=\"twitter:label1\" content=\"Tiempo de lectura\" \/>\n\t<meta name=\"twitter:data1\" content=\"4 minutos\" \/>\n<script type=\"application\/ld+json\" class=\"yoast-schema-graph\">{\"@context\":\"https:\/\/schema.org\",\"@graph\":[{\"@type\":\"WebPage\",\"@id\":\"http:\/\/cancampus.ca\/tr\/programas\/virtual-campus\/desenho-para-iniciantes\/\",\"url\":\"http:\/\/cancampus.ca\/tr\/programas\/virtual-campus\/desenho-para-iniciantes\/\",\"name\":\"Desenho para Iniciantes - CanCampus\",\"isPartOf\":{\"@id\":\"https:\/\/cancampus.ca\/#website\"},\"primaryImageOfPage\":{\"@id\":\"http:\/\/cancampus.ca\/tr\/programas\/virtual-campus\/desenho-para-iniciantes\/#primaryimage\"},\"image\":{\"@id\":\"http:\/\/cancampus.ca\/tr\/programas\/virtual-campus\/desenho-para-iniciantes\/#primaryimage\"},\"thumbnailUrl\":\"https:\/\/box5226.temp.domains\/~cancampu\/wp-content\/uploads\/2020\/01\/2335523-scaled-300x200.jpg\",\"datePublished\":\"2020-07-11T16:22:12+00:00\",\"dateModified\":\"2021-09-03T19:35:20+00:00\",\"breadcrumb\":{\"@id\":\"http:\/\/cancampus.ca\/tr\/programas\/virtual-campus\/desenho-para-iniciantes\/#breadcrumb\"},\"inLanguage\":\"es\",\"potentialAction\":[{\"@type\":\"ReadAction\",\"target\":[\"http:\/\/cancampus.ca\/tr\/programas\/virtual-campus\/desenho-para-iniciantes\/\"]}]},{\"@type\":\"ImageObject\",\"inLanguage\":\"es\",\"@id\":\"http:\/\/cancampus.ca\/tr\/programas\/virtual-campus\/desenho-para-iniciantes\/#primaryimage\",\"url\":\"https:\/\/box5226.temp.domains\/~cancampu\/wp-content\/uploads\/2020\/01\/2335523-scaled-300x200.jpg\",\"contentUrl\":\"https:\/\/box5226.temp.domains\/~cancampu\/wp-content\/uploads\/2020\/01\/2335523-scaled-300x200.jpg\"},{\"@type\":\"BreadcrumbList\",\"@id\":\"http:\/\/cancampus.ca\/tr\/programas\/virtual-campus\/desenho-para-iniciantes\/#breadcrumb\",\"itemListElement\":[{\"@type\":\"ListItem\",\"position\":1,\"name\":\"In\u00edcio\",\"item\":\"https:\/\/cancampus.ca\/\"},{\"@type\":\"ListItem\",\"position\":2,\"name\":\"Programas\",\"item\":\"https:\/\/cancampus.ca\/en\/programas\/\"},{\"@type\":\"ListItem\",\"position\":3,\"name\":\"Cursos Virtuais\",\"item\":\"https:\/\/cancampus.ca\/en\/programas\/virtual-campus\/\"},{\"@type\":\"ListItem\",\"position\":4,\"name\":\"Desenho para Iniciantes\"}]},{\"@type\":\"WebSite\",\"@id\":\"https:\/\/cancampus.ca\/#website\",\"url\":\"https:\/\/cancampus.ca\/\",\"name\":\"CanCampus - Experince Learning!\",\"description\":\"Experience Learning!\",\"publisher\":{\"@id\":\"https:\/\/cancampus.ca\/#organization\"},\"potentialAction\":[{\"@type\":\"SearchAction\",\"target\":{\"@type\":\"EntryPoint\",\"urlTemplate\":\"https:\/\/cancampus.ca\/?s={search_term_string}\"},\"query-input\":{\"@type\":\"PropertyValueSpecification\",\"valueRequired\":true,\"valueName\":\"search_term_string\"}}],\"inLanguage\":\"es\"},{\"@type\":\"Organization\",\"@id\":\"https:\/\/cancampus.ca\/#organization\",\"name\":\"CanCampus Canada\",\"url\":\"https:\/\/cancampus.ca\/\",\"logo\":{\"@type\":\"ImageObject\",\"inLanguage\":\"es\",\"@id\":\"https:\/\/cancampus.ca\/#\/schema\/logo\/image\/\",\"url\":\"http:\/\/box5226.temp.domains\/~cancampu\/wp-content\/uploads\/2020\/03\/13.png\",\"contentUrl\":\"http:\/\/box5226.temp.domains\/~cancampu\/wp-content\/uploads\/2020\/03\/13.png\",\"width\":3072,\"height\":1536,\"caption\":\"CanCampus Canada\"},\"image\":{\"@id\":\"https:\/\/cancampus.ca\/#\/schema\/logo\/image\/\"},\"sameAs\":[\"https:\/\/www.facebook.com\/cancampus.ca\",\"https:\/\/www.instagram.com\/cancampus_ca\/\",\"https:\/\/www.linkedin.com\/in\/cancampus\/\"]}]}<\/script>\n<!-- \/ Yoast SEO plugin. -->","yoast_head_json":{"title":"Dise\u00f1o para principiantes - CanCampus","robots":{"index":"index","follow":"follow","max-snippet":"max-snippet:-1","max-image-preview":"max-image-preview:large","max-video-preview":"max-video-preview:-1"},"canonical":"http:\/\/cancampus.ca\/es\/programas\/virtual-campus\/desenho-para-iniciantes\/","og_locale":"es_ES","og_type":"article","og_title":"Desenho para Iniciantes - CanCampus","og_description":"Desenho para Iniciantes Aperfei\u00e7oe seus desenhos praticando o seu ingl\u00eas com professores nativos! Indicado para Jovens e adultos a partir [&hellip;]","og_url":"http:\/\/cancampus.ca\/es\/programas\/virtual-campus\/desenho-para-iniciantes\/","og_site_name":"CanCampus","article_publisher":"https:\/\/www.facebook.com\/cancampus.ca","article_modified_time":"2021-09-03T19:35:20+00:00","og_image":[{"url":"https:\/\/box5226.temp.domains\/~cancampu\/wp-content\/uploads\/2020\/01\/2335523-scaled-300x200.jpg","type":"","width":"","height":""}],"twitter_card":"summary_large_image","twitter_misc":{"Tiempo de lectura":"4 minutos"},"schema":{"@context":"https:\/\/schema.org","@graph":[{"@type":"WebPage","@id":"http:\/\/cancampus.ca\/tr\/programas\/virtual-campus\/desenho-para-iniciantes\/","url":"http:\/\/cancampus.ca\/tr\/programas\/virtual-campus\/desenho-para-iniciantes\/","name":"Dise\u00f1o para principiantes - CanCampus","isPartOf":{"@id":"https:\/\/cancampus.ca\/#website"},"primaryImageOfPage":{"@id":"http:\/\/cancampus.ca\/tr\/programas\/virtual-campus\/desenho-para-iniciantes\/#primaryimage"},"image":{"@id":"http:\/\/cancampus.ca\/tr\/programas\/virtual-campus\/desenho-para-iniciantes\/#primaryimage"},"thumbnailUrl":"https:\/\/box5226.temp.domains\/~cancampu\/wp-content\/uploads\/2020\/01\/2335523-scaled-300x200.jpg","datePublished":"2020-07-11T16:22:12+00:00","dateModified":"2021-09-03T19:35:20+00:00","breadcrumb":{"@id":"http:\/\/cancampus.ca\/tr\/programas\/virtual-campus\/desenho-para-iniciantes\/#breadcrumb"},"inLanguage":"es","potentialAction":[{"@type":"ReadAction","target":["http:\/\/cancampus.ca\/tr\/programas\/virtual-campus\/desenho-para-iniciantes\/"]}]},{"@type":"ImageObject","inLanguage":"es","@id":"http:\/\/cancampus.ca\/tr\/programas\/virtual-campus\/desenho-para-iniciantes\/#primaryimage","url":"https:\/\/box5226.temp.domains\/~cancampu\/wp-content\/uploads\/2020\/01\/2335523-scaled-300x200.jpg","contentUrl":"https:\/\/box5226.temp.domains\/~cancampu\/wp-content\/uploads\/2020\/01\/2335523-scaled-300x200.jpg"},{"@type":"BreadcrumbList","@id":"http:\/\/cancampus.ca\/tr\/programas\/virtual-campus\/desenho-para-iniciantes\/#breadcrumb","itemListElement":[{"@type":"ListItem","position":1,"name":"In\u00edcio","item":"https:\/\/cancampus.ca\/"},{"@type":"ListItem","position":2,"name":"Programas","item":"https:\/\/cancampus.ca\/en\/programas\/"},{"@type":"ListItem","position":3,"name":"Cursos Virtuais","item":"https:\/\/cancampus.ca\/en\/programas\/virtual-campus\/"},{"@type":"ListItem","position":4,"name":"Desenho para Iniciantes"}]},{"@type":"WebSite","@id":"https:\/\/cancampus.ca\/#website","url":"https:\/\/cancampus.ca\/","name":"CanCampus - \u00a1Experimente el aprendizaje!","description":"\u00a1Experimente el aprendizaje!","publisher":{"@id":"https:\/\/cancampus.ca\/#organization"},"potentialAction":[{"@type":"SearchAction","target":{"@type":"EntryPoint","urlTemplate":"https:\/\/cancampus.ca\/?s={search_term_string}"},"query-input":{"@type":"PropertyValueSpecification","valueRequired":true,"valueName":"search_term_string"}}],"inLanguage":"es"},{"@type":"Organization","@id":"https:\/\/cancampus.ca\/#organization","name":"CanCampus Canad\u00e1","url":"https:\/\/cancampus.ca\/","logo":{"@type":"ImageObject","inLanguage":"es","@id":"https:\/\/cancampus.ca\/#\/schema\/logo\/image\/","url":"http:\/\/box5226.temp.domains\/~cancampu\/wp-content\/uploads\/2020\/03\/13.png","contentUrl":"http:\/\/box5226.temp.domains\/~cancampu\/wp-content\/uploads\/2020\/03\/13.png","width":3072,"height":1536,"caption":"CanCampus Canada"},"image":{"@id":"https:\/\/cancampus.ca\/#\/schema\/logo\/image\/"},"sameAs":["https:\/\/www.facebook.com\/cancampus.ca","https:\/\/www.instagram.com\/cancampus_ca\/","https:\/\/www.linkedin.com\/in\/cancampus\/"]}]}},"_links":{"self":[{"href":"https:\/\/cancampus.ca\/es\/wp-json\/wp\/v2\/pages\/3798","targetHints":{"allow":["GET"]}}],"collection":[{"href":"https:\/\/cancampus.ca\/es\/wp-json\/wp\/v2\/pages"}],"about":[{"href":"https:\/\/cancampus.ca\/es\/wp-json\/wp\/v2\/types\/page"}],"author":[{"embeddable":true,"href":"https:\/\/cancampus.ca\/es\/wp-json\/wp\/v2\/users\/2"}],"replies":[{"embeddable":true,"href":"https:\/\/cancampus.ca\/es\/wp-json\/wp\/v2\/comments?post=3798"}],"version-history":[{"count":0,"href":"https:\/\/cancampus.ca\/es\/wp-json\/wp\/v2\/pages\/3798\/revisions"}],"up":[{"embeddable":true,"href":"https:\/\/cancampus.ca\/es\/wp-json\/wp\/v2\/pages\/3757"}],"wp:attachment":[{"href":"https:\/\/cancampus.ca\/es\/wp-json\/wp\/v2\/media?parent=3798"}],"curies":[{"name":"wp","href":"https:\/\/api.w.org\/{rel}","templated":true}]}}