{"id":4566,"date":"2020-12-18T16:39:29","date_gmt":"2020-12-18T19:39:29","guid":{"rendered":"http:\/\/box5226.temp.domains\/~cancampu\/?page_id=4566"},"modified":"2021-09-03T17:01:35","modified_gmt":"2021-09-03T21:01:35","slug":"environmental-studies","status":"publish","type":"page","link":"https:\/\/cancampus.ca\/es\/programas\/environmental-studies\/","title":{"rendered":"Estudios ambientales"},"content":{"rendered":"<p><section class=\"fw-main-row\"  >\n\t<div class=\"fw-container-fluid\">\n\t\t<div class=\"fw-row\">\n\t<div class=\"fw-col-xs-12\">\n\t\n<div class=\"owl-carousel owl-theme\">\n                     <div class=\"header-content-full header-content\" role=\"banner\" style=\"background-image:url(\/\/cancampus.ca\/wp-content\/uploads\/2020\/12\/environmental-consulting-services-banner.jpg);\">\n                <div class=\"container\">\n            <div class=\"row\">\n                <div class=\"col-xs-12 col-sm-12 header-area\">\n                    <div class=\"header-area-inner header-text\">\n                        <div><span class=\"subtitle\"><span class=\"\"><\/span> Estudios ambientales<\/span><\/div>\n                        <h1 class=\"title\"><\/h1>\n                        <p>A estudiantes y profesionales del \u00e1rea de Gesti\u00f3n Ambiental, Arquitectura y Urbanismo y otras \u00e1reas que busquen la integraci\u00f3n del hombre de manera sustentable al medio ambiente.<\/p>                        <div class=\"btn-section\">\n                                                                                <\/div>\n                    <\/div>\n                <\/div>\n            <\/div>\n        <\/div>\n    <\/div>\n    <\/div><\/div>\n<\/div>\n\n\t<\/div>\n<\/section>\n<section class=\"fw-main-row\"  >\n\t<div class=\"fw-container\">\n\t\t<div class=\"fw-row\">\n\t<div class=\"fw-col-xs-12\">\n\t\n\t<div class=\"fw-divider-space\" style=\"padding-top: 40px;\"><\/div>\n<\/div>\n<\/div>\n\n\t<\/div>\n<\/section>\n<section class=\"fw-main-row\" style=\"background-color:#ffffff;\" >\n\t<div class=\"fw-container-fluid\">\n\t\t<div class=\"fw-row\">\n\t<div class=\"fw-col-xs-12 fw-col-sm-2\">\n\t<\/div>\n<div class=\"fw-col-xs-12 fw-col-sm-8\">\n\t<div class=\"fw-accordion\">\n\t\t\t<h3 class=\"fw-accordion-title\">Indicado para<\/h3>\n\t\t<div class=\"fw-accordion-content\">\n\t\t\t<p>Profesionales y estudiantes de Gesti\u00f3n Ambiental, Arquitectura y Urbanismo, Agronom\u00eda, Geolog\u00eda, entre otros.<\/p>\n\t\t<\/div>\n\t\t\t<h3 class=\"fw-accordion-title\">Idioma<\/h3>\n\t\t<div class=\"fw-accordion-content\">\n\t\t\t<p>Ingl\u00e9s de nivel intermedio.<\/p>\n\t\t<\/div>\n\t\t\t<h3 class=\"fw-accordion-title\">Local<\/h3>\n\t\t<div class=\"fw-accordion-content\">\n\t\t\t<p>Charlottetown (PEI - Isla del Pr\u00edncipe Eduardo).<\/p>\n\t\t<\/div>\n\t\t\t<h3 class=\"fw-accordion-title\">Inversi\u00f3n<\/h3>\n\t\t<div class=\"fw-accordion-content\">\n\t\t\t<p>Desde CAD$ 1,555.00 por semana.<\/p>\n\t\t<\/div>\n\t\t\t<h3 class=\"fw-accordion-title\">Fecha<\/h3>\n\t\t<div class=\"fw-accordion-content\">\n\t\t\t<p>Opciones para junio y julio de 2021. Cons\u00faltanos para otras fechas.<\/p>\n\t\t<\/div>\n\t<\/div><\/div>\n<div class=\"fw-col-xs-12 fw-col-sm-2\">\n\t<\/div>\n<\/div>\n\n\t<\/div>\n<\/section>\n<section class=\"fw-main-row\"  >\n\t<div class=\"fw-container\">\n\t\t<div class=\"fw-row\">\n\t<div class=\"fw-col-xs-12\">\n\t\n\t<div class=\"fw-divider-space\" style=\"padding-top: 30px;\"><\/div>\n<\/div>\n<\/div>\n\n\t<\/div>\n<\/section>\n<section class=\"fw-main-row\" style=\"background-color:#f3f7fe;\" >\n\t<div class=\"fw-container-fluid\">\n\t\t<div class=\"fw-row\">\n\t<div class=\"fw-col-xs-12\">\n\t       \n<div id=\"why-us\" class=\"\">\n    <div class=\"row\">\n                    <div class=\"col-xs-12 col-sm-12 col-md-5 col-xl-6 col-lg-6 why-us-left-bg\" style=\"background-image:url(\/\/cancampus.ca\/wp-content\/uploads\/2020\/12\/GettyImages-1175502310.jpg);\">\n            <\/div>\n            <div class=\"col-xs-12 col-sm-12 col-md-7 col-xl-6 col-lg-6 wrap-padding bg-img-left\">\n                <div class=\"section-title\">\n                    <div>\n                        <span>El programa<\/span>\n                        <h3>Expande tus habilidades<\/h3>\n                    <\/div>\n                <\/div>\n                                    <div class=\"about_content\">\n                        <p>Trabaj\u00f3 en asociaci\u00f3n con<em> Universidad de la isla del pr\u00edncipe eduardo<\/em>, una de las universidades canadienses m\u00e1s grandes y reconocidas, el programa <strong><em>Estudios ambientales<\/em><\/strong> est\u00e1 enfocado a estudiantes universitarios y profesionales que quieran mejorar su lenguaje instrumental, no solo fortaleciendo su vocabulario, sino tambi\u00e9n en el contexto de sus actividades profesionales en un entorno de sostenibilidad y buenas pr\u00e1cticas ambientales.<\/p><p>El programa cuenta con diversas actividades, como clases pragm\u00e1ticas y visitas a empresas canadienses de los m\u00e1s diversos segmentos, con el objetivo de una mayor oportunidad de contacto y networking con emprendedores y profesionales.<\/p><p>Al finalizar este curso, adem\u00e1s de mejorar sus habilidades en el idioma ingl\u00e9s, tambi\u00e9n recibir\u00e1 un certificado universitario en <em>Estudios ambientales.<\/em><\/p><p>Ofrecemos programas de team building con cursos personalizados para empresas que est\u00e9n interesadas en invertir en su equipo.<\/p>                                            <\/div>\n                            <\/div>\n                    <\/div>\n<\/div>\n<\/div>\n<\/div>\n\n\t<\/div>\n<\/section>\n<section class=\"fw-main-row\" style=\"background-color:#f3f7fe;\" >\n\t<div class=\"fw-container-fluid\">\n\t\t<div class=\"fw-row\">\n\t<div class=\"fw-col-xs-12\">\n\t\n<div id=\"why-us\" class=\"\">\n    <div class=\"row\">\n                            <div class=\"col-xs-12 col-sm-12 col-md-7 col-xl-6 col-lg-6 wrap-padding bg-img-right\">\n                <div class=\"section-title\">\n                    <div>\n                        <span>Conferencias, networking y cultura<\/span>\n                        <h3>\u00a1Todo para que vayas m\u00e1s lejos!<\/h3>\n                    <\/div>\n                <\/div>\n                                    <div class=\"about_content\">\n                        <p><strong>Discursos<\/strong><\/p><ul><li>Cambio clim\u00e1tico y adaptaci\u00f3n<\/li><li>Presentaci\u00f3n Partido Verde, partido oficial de oposici\u00f3n de la Isla del Pr\u00edncipe Eduardo en el gobierno provincial<\/li><\/ul><p><strong>Temas cubiertos en el curso\u00a0<\/strong><\/p><ul><li>Problemas ambientales en el contexto global<\/li><li>Protecci\u00f3n de v\u00edas fluviales<\/li><li>Cambio clim\u00e1tico y erosiones de la costa de la Isla del Pr\u00edncipe Eduardo<\/li><li>Pr\u00e1cticas de sostenibilidad: gesti\u00f3n de residuos, energ\u00eda verde y transporte<\/li><li>Papel de la agricultura en la protecci\u00f3n del medio ambiente<\/li><li>Agricultura ecol\u00f3gica<\/li><li>Ingenier\u00eda de Dise\u00f1o Sostenible<\/li><li>Arquitectura sostenible<\/li><\/ul><p><strong>Duraci\u00f3n del curso de 04 semanas<\/strong><\/p><ul><li>60 horas - clases did\u00e1cticas<\/li><li>20 horas - interacci\u00f3n colaborativa (en grupo)<\/li><li>20 horas: visita empresas &quot;fuera del sitio&quot;<\/li><\/ul><p>Tenemos otras opciones para la duraci\u00f3n del curso: cont\u00e1ctanos.<\/p>                                            <\/div>\n                            <\/div>\n            <div class=\"col-xs-12 col-sm-12 col-md-5 col-xl-6 col-lg-6 why-us-left-bg\" style=\"background-image:url(\/\/cancampus.ca\/wp-content\/uploads\/2020\/12\/Design-sem-nome-31.png);\">\n            <\/div>\n            <\/div>\n<\/div>\n<\/div>\n<\/div>\n\n\t<\/div>\n<\/section>\n<section class=\"fw-main-row\" style=\"background-color:#f3f7fe;\" >\n\t<div class=\"fw-container-fluid\">\n\t\t<div class=\"fw-row\">\n\t<div class=\"fw-col-xs-12\">\n\t\n<div id=\"why-us\" class=\"\">\n    <div class=\"row\">\n                    <div class=\"col-xs-12 col-sm-12 col-md-5 col-xl-6 col-lg-6 why-us-left-bg\" style=\"background-image:url(\/\/cancampus.ca\/wp-content\/uploads\/2020\/12\/Design-sem-nome-74.png);\">\n            <\/div>\n            <div class=\"col-xs-12 col-sm-12 col-md-7 col-xl-6 col-lg-6 wrap-padding bg-img-left\">\n                <div class=\"section-title\">\n                    <div>\n                        <span>Inversiones<\/span>\n                        <h3><\/h3>\n                    <\/div>\n                <\/div>\n                                    <div class=\"about_content\">\n                        <p>Desde CAD$ 1,555.00 * (aprox. USD$ 1,165.00 **)<\/p><p><em>valor por semana, incluido el turismo y el alojamiento en una residencia universitaria de mayo a agosto<\/em>.<\/p><p><em>Cons\u00faltanos para otras fechas y <\/em><em>opciones de pago.<\/em><\/p><p><em>\u00a0<\/em>*dolar canadiense<\/p><p>**D\u00f3lar americano<\/p>                                            <\/div>\n                            <\/div>\n                    <\/div>\n<\/div>\n<\/div>\n<\/div>\n\n\t<\/div>\n<\/section>\n<section class=\"fw-main-row\" style=\"background-color:#ee8320;\" >\n\t<div class=\"fw-container\">\n\t\t<div class=\"fw-row\">\n\t<div class=\"fw-col-xs-12\">\n\t\n\n<div id=\"instructor\" class=\"call-to-action-area\">\n    <div class=\"container\">\n        <div class=\"row justify-content-xl-between justify-content-lg-center justify-content-center\">\n            <div class=\"col-xl-6 col-lg-7 col-md-10\">\n                <div class=\"call-to-action-content\">\n                    <div class=\"post-heading-left\">\n                        <h3 class=\"text-white\">Obt\u00e9n tu programa<\/h3>\n                    <\/div>\n                    <div class=\"text-white\">\n                                                    <p>Un buen curso, con una excelente universidad, con un equipo local, que te acompa\u00f1ar\u00e1. Finalmente, una oportunidad \u00fanica para su experiencia profesional y personal.<\/p><p>Haga clic y obtenga su programa ahora.<\/p>                                            <\/div>\n                    <div class=\"call-to-action-btn\">\n                                                    <a href=\"https:\/\/www.convergepay.com\/hosted-payments?ssl_txn_auth_token=1fjVPOxZTI6fmdNA5nNRfAAAAXIoreTJ\">\n                                Consiguelo aqui <i class=\"fas fa-arrow-right\"><\/i><\/a>\n                                            <\/div>\n                <\/div>\n            <\/div>\n                            <div class=\"col-xl-5 col-lg-0\">\n                    <div class=\"part-img\">\n                        <img decoding=\"async\" src=\"\/\/cancampus.ca\/wp-content\/uploads\/2020\/01\/instructor.png\"  alt=\"Obt\u00e9n tu programa\"\/>\n                    <\/div>\n                <\/div>\n                    <\/div>\n    <\/div>\n<\/div><\/div>\n<\/div>\n\n\t<\/div>\n<\/section>\n<\/p>","protected":false},"excerpt":{"rendered":"<p>Environmental Studies Aos estudantes e profissionais da \u00e1rea de Gest\u00e3o Ambiental, Arquitetura e Urbanismo e demais \u00e1reas que buscam a [&hellip;]<\/p>","protected":false},"author":2,"featured_media":0,"parent":3039,"menu_order":0,"comment_status":"closed","ping_status":"closed","template":"template-parts\/lernen-pagefullwidth.php","meta":{"_joinchat":{"telephone":"+5531982119111","message_send":"Ol\u00e1. Gostaria de receber maiores informa\u00e7\u00f5es?"},"footnotes":""},"class_list":["post-4566","page","type-page","status-publish","hentry"],"yoast_head":"<!-- This site is optimized with the Yoast SEO plugin v27.2 - https:\/\/yoast.com\/product\/yoast-seo-wordpress\/ -->\n<title>Environmental Studies - CanCampus<\/title>\n<meta name=\"robots\" content=\"index, follow, max-snippet:-1, max-image-preview:large, max-video-preview:-1\" \/>\n<link rel=\"canonical\" href=\"https:\/\/cancampus.ca\/es\/programas\/environmental-studies\/\" \/>\n<meta property=\"og:locale\" content=\"es_ES\" \/>\n<meta property=\"og:type\" content=\"article\" \/>\n<meta property=\"og:title\" content=\"Environmental Studies - CanCampus\" \/>\n<meta property=\"og:description\" content=\"Environmental Studies Aos estudantes e profissionais da \u00e1rea de Gest\u00e3o Ambiental, Arquitetura e Urbanismo e demais \u00e1reas que buscam a [&hellip;]\" \/>\n<meta property=\"og:url\" content=\"https:\/\/cancampus.ca\/es\/programas\/environmental-studies\/\" \/>\n<meta property=\"og:site_name\" content=\"CanCampus\" \/>\n<meta property=\"article:publisher\" content=\"https:\/\/www.facebook.com\/cancampus.ca\" \/>\n<meta property=\"article:modified_time\" content=\"2021-09-03T21:01:35+00:00\" \/>\n<meta name=\"twitter:card\" content=\"summary_large_image\" \/>\n<meta name=\"twitter:label1\" content=\"Tiempo de lectura\" \/>\n\t<meta name=\"twitter:data1\" content=\"3 minutos\" \/>\n<script type=\"application\/ld+json\" class=\"yoast-schema-graph\">{\"@context\":\"https:\/\/schema.org\",\"@graph\":[{\"@type\":\"WebPage\",\"@id\":\"https:\/\/cancampus.ca\/en\/programas\/environmental-studies\/\",\"url\":\"https:\/\/cancampus.ca\/en\/programas\/environmental-studies\/\",\"name\":\"Environmental Studies - CanCampus\",\"isPartOf\":{\"@id\":\"https:\/\/cancampus.ca\/#website\"},\"datePublished\":\"2020-12-18T19:39:29+00:00\",\"dateModified\":\"2021-09-03T21:01:35+00:00\",\"breadcrumb\":{\"@id\":\"https:\/\/cancampus.ca\/en\/programas\/environmental-studies\/#breadcrumb\"},\"inLanguage\":\"es\",\"potentialAction\":[{\"@type\":\"ReadAction\",\"target\":[\"https:\/\/cancampus.ca\/en\/programas\/environmental-studies\/\"]}]},{\"@type\":\"BreadcrumbList\",\"@id\":\"https:\/\/cancampus.ca\/en\/programas\/environmental-studies\/#breadcrumb\",\"itemListElement\":[{\"@type\":\"ListItem\",\"position\":1,\"name\":\"In\u00edcio\",\"item\":\"https:\/\/cancampus.ca\/\"},{\"@type\":\"ListItem\",\"position\":2,\"name\":\"Programas\",\"item\":\"https:\/\/cancampus.ca\/en\/programas\/\"},{\"@type\":\"ListItem\",\"position\":3,\"name\":\"Environmental Studies\"}]},{\"@type\":\"WebSite\",\"@id\":\"https:\/\/cancampus.ca\/#website\",\"url\":\"https:\/\/cancampus.ca\/\",\"name\":\"CanCampus - Experince Learning!\",\"description\":\"Experience Learning!\",\"publisher\":{\"@id\":\"https:\/\/cancampus.ca\/#organization\"},\"potentialAction\":[{\"@type\":\"SearchAction\",\"target\":{\"@type\":\"EntryPoint\",\"urlTemplate\":\"https:\/\/cancampus.ca\/?s={search_term_string}\"},\"query-input\":{\"@type\":\"PropertyValueSpecification\",\"valueRequired\":true,\"valueName\":\"search_term_string\"}}],\"inLanguage\":\"es\"},{\"@type\":\"Organization\",\"@id\":\"https:\/\/cancampus.ca\/#organization\",\"name\":\"CanCampus Canada\",\"url\":\"https:\/\/cancampus.ca\/\",\"logo\":{\"@type\":\"ImageObject\",\"inLanguage\":\"es\",\"@id\":\"https:\/\/cancampus.ca\/#\/schema\/logo\/image\/\",\"url\":\"http:\/\/box5226.temp.domains\/~cancampu\/wp-content\/uploads\/2020\/03\/13.png\",\"contentUrl\":\"http:\/\/box5226.temp.domains\/~cancampu\/wp-content\/uploads\/2020\/03\/13.png\",\"width\":3072,\"height\":1536,\"caption\":\"CanCampus Canada\"},\"image\":{\"@id\":\"https:\/\/cancampus.ca\/#\/schema\/logo\/image\/\"},\"sameAs\":[\"https:\/\/www.facebook.com\/cancampus.ca\",\"https:\/\/www.instagram.com\/cancampus_ca\/\",\"https:\/\/www.linkedin.com\/in\/cancampus\/\"]}]}<\/script>\n<!-- \/ Yoast SEO plugin. -->","yoast_head_json":{"title":"Estudios medioambientales - CanCampus","robots":{"index":"index","follow":"follow","max-snippet":"max-snippet:-1","max-image-preview":"max-image-preview:large","max-video-preview":"max-video-preview:-1"},"canonical":"https:\/\/cancampus.ca\/es\/programas\/environmental-studies\/","og_locale":"es_ES","og_type":"article","og_title":"Environmental Studies - CanCampus","og_description":"Environmental Studies Aos estudantes e profissionais da \u00e1rea de Gest\u00e3o Ambiental, Arquitetura e Urbanismo e demais \u00e1reas que buscam a [&hellip;]","og_url":"https:\/\/cancampus.ca\/es\/programas\/environmental-studies\/","og_site_name":"CanCampus","article_publisher":"https:\/\/www.facebook.com\/cancampus.ca","article_modified_time":"2021-09-03T21:01:35+00:00","twitter_card":"summary_large_image","twitter_misc":{"Tiempo de lectura":"3 minutos"},"schema":{"@context":"https:\/\/schema.org","@graph":[{"@type":"WebPage","@id":"https:\/\/cancampus.ca\/en\/programas\/environmental-studies\/","url":"https:\/\/cancampus.ca\/en\/programas\/environmental-studies\/","name":"Estudios medioambientales - CanCampus","isPartOf":{"@id":"https:\/\/cancampus.ca\/#website"},"datePublished":"2020-12-18T19:39:29+00:00","dateModified":"2021-09-03T21:01:35+00:00","breadcrumb":{"@id":"https:\/\/cancampus.ca\/en\/programas\/environmental-studies\/#breadcrumb"},"inLanguage":"es","potentialAction":[{"@type":"ReadAction","target":["https:\/\/cancampus.ca\/en\/programas\/environmental-studies\/"]}]},{"@type":"BreadcrumbList","@id":"https:\/\/cancampus.ca\/en\/programas\/environmental-studies\/#breadcrumb","itemListElement":[{"@type":"ListItem","position":1,"name":"In\u00edcio","item":"https:\/\/cancampus.ca\/"},{"@type":"ListItem","position":2,"name":"Programas","item":"https:\/\/cancampus.ca\/en\/programas\/"},{"@type":"ListItem","position":3,"name":"Environmental Studies"}]},{"@type":"WebSite","@id":"https:\/\/cancampus.ca\/#website","url":"https:\/\/cancampus.ca\/","name":"CanCampus - \u00a1Experimente el aprendizaje!","description":"\u00a1Experimente el aprendizaje!","publisher":{"@id":"https:\/\/cancampus.ca\/#organization"},"potentialAction":[{"@type":"SearchAction","target":{"@type":"EntryPoint","urlTemplate":"https:\/\/cancampus.ca\/?s={search_term_string}"},"query-input":{"@type":"PropertyValueSpecification","valueRequired":true,"valueName":"search_term_string"}}],"inLanguage":"es"},{"@type":"Organization","@id":"https:\/\/cancampus.ca\/#organization","name":"CanCampus Canad\u00e1","url":"https:\/\/cancampus.ca\/","logo":{"@type":"ImageObject","inLanguage":"es","@id":"https:\/\/cancampus.ca\/#\/schema\/logo\/image\/","url":"http:\/\/box5226.temp.domains\/~cancampu\/wp-content\/uploads\/2020\/03\/13.png","contentUrl":"http:\/\/box5226.temp.domains\/~cancampu\/wp-content\/uploads\/2020\/03\/13.png","width":3072,"height":1536,"caption":"CanCampus Canada"},"image":{"@id":"https:\/\/cancampus.ca\/#\/schema\/logo\/image\/"},"sameAs":["https:\/\/www.facebook.com\/cancampus.ca","https:\/\/www.instagram.com\/cancampus_ca\/","https:\/\/www.linkedin.com\/in\/cancampus\/"]}]}},"_links":{"self":[{"href":"https:\/\/cancampus.ca\/es\/wp-json\/wp\/v2\/pages\/4566","targetHints":{"allow":["GET"]}}],"collection":[{"href":"https:\/\/cancampus.ca\/es\/wp-json\/wp\/v2\/pages"}],"about":[{"href":"https:\/\/cancampus.ca\/es\/wp-json\/wp\/v2\/types\/page"}],"author":[{"embeddable":true,"href":"https:\/\/cancampus.ca\/es\/wp-json\/wp\/v2\/users\/2"}],"replies":[{"embeddable":true,"href":"https:\/\/cancampus.ca\/es\/wp-json\/wp\/v2\/comments?post=4566"}],"version-history":[{"count":0,"href":"https:\/\/cancampus.ca\/es\/wp-json\/wp\/v2\/pages\/4566\/revisions"}],"up":[{"embeddable":true,"href":"https:\/\/cancampus.ca\/es\/wp-json\/wp\/v2\/pages\/3039"}],"wp:attachment":[{"href":"https:\/\/cancampus.ca\/es\/wp-json\/wp\/v2\/media?parent=4566"}],"curies":[{"name":"wp","href":"https:\/\/api.w.org\/{rel}","templated":true}]}}