{"id":4790,"date":"2021-07-22T16:54:34","date_gmt":"2021-07-22T20:54:34","guid":{"rendered":"http:\/\/box5226.temp.domains\/~cancampu\/?page_id=4790"},"modified":"2021-09-03T15:38:42","modified_gmt":"2021-09-03T19:38:42","slug":"english-at-home","status":"publish","type":"page","link":"https:\/\/cancampus.ca\/es\/programas\/virtual-campus\/english-at-home\/","title":{"rendered":"Ingl\u00e9s en casa"},"content":{"rendered":"<p><section class=\"fw-main-row\"  >\n\t<div class=\"fw-container-fluid\">\n\t\t<div class=\"fw-row\">\n\t<div class=\"fw-col-xs-12\">\n\t\n<div class=\"owl-carousel owl-theme\">\n                     <div class=\"header-content-full header-content\" role=\"banner\" style=\"background-image:url(\/\/cancampus.ca\/wp-content\/uploads\/2021\/07\/color-communication-colorful-material-note-art-1032400-pxhere.com_-scaled.jpg);\">\n                <div class=\"container\">\n            <div class=\"row\">\n                <div class=\"col-xs-12 col-sm-12 header-area\">\n                    <div class=\"header-area-inner header-text\">\n                        <div><span class=\"subtitle\"><span class=\"\"><\/span>Ingl\u00e9s en casa<\/span><\/div>\n                        <h1 class=\"title\"><\/h1>\n                        <p>Estudia ingl\u00e9s con profesores canadienses. \u00a1Practique su pronunciaci\u00f3n, expresiones locales y hable como un nativo desde la comodidad de su hogar!<\/p>                        <div class=\"btn-section\">\n                                                                                <\/div>\n                    <\/div>\n                <\/div>\n            <\/div>\n        <\/div>\n    <\/div>\n    <\/div><\/div>\n<\/div>\n\n\t<\/div>\n<\/section>\n<section class=\"fw-main-row\"  >\n\t<div class=\"fw-container\">\n\t\t<div class=\"fw-row\">\n\t<div class=\"fw-col-xs-12\">\n\t\n\t<div class=\"fw-divider-space\" style=\"padding-top: 40px;\"><\/div>\n<\/div>\n<\/div>\n\n\t<\/div>\n<\/section>\n<section class=\"fw-main-row\" style=\"background-color:#ffffff;\" >\n\t<div class=\"fw-container-fluid\">\n\t\t<div class=\"fw-row\">\n\t<div class=\"fw-col-xs-12 fw-col-sm-2\">\n\t<\/div>\n<div class=\"fw-col-xs-12 fw-col-sm-8\">\n\t<div class=\"fw-accordion\">\n\t\t\t<h3 class=\"fw-accordion-title\">Indicado para<\/h3>\n\t\t<div class=\"fw-accordion-content\">\n\t\t\t<p>todas las edades, a partir de los 16 a\u00f1os<\/p>\n\t\t<\/div>\n\t\t\t<h3 class=\"fw-accordion-title\">Idioma<\/h3>\n\t\t<div class=\"fw-accordion-content\">\n\t\t\t<p>Ingl\u00e9s desde lo b\u00e1sico<\/p>\n\t\t<\/div>\n\t\t\t<h3 class=\"fw-accordion-title\">Local<\/h3>\n\t\t<div class=\"fw-accordion-content\">\n\t\t\t<p>En l\u00ednea a trav\u00e9s de Zoom<\/p>\n\t\t<\/div>\n\t\t\t<h3 class=\"fw-accordion-title\">Inversi\u00f3n<\/h3>\n\t\t<div class=\"fw-accordion-content\">\n\t\t\t<p>Desde C$ 5.00 la clase, con al menos 5 clases semanales<\/p>\n\t\t<\/div>\n\t\t\t<h3 class=\"fw-accordion-title\">Fecha<\/h3>\n\t\t<div class=\"fw-accordion-content\">\n\t\t\t<p>Entradas siempre los lunes. empieza tan pronto como quieras<\/p>\n\t\t<\/div>\n\t<\/div><\/div>\n<div class=\"fw-col-xs-12 fw-col-sm-2\">\n\t<\/div>\n<\/div>\n\n\t<\/div>\n<\/section>\n<section class=\"fw-main-row\"  >\n\t<div class=\"fw-container\">\n\t\t<div class=\"fw-row\">\n\t<div class=\"fw-col-xs-12\">\n\t\n\t<div class=\"fw-divider-space\" style=\"padding-top: 30px;\"><\/div>\n<\/div>\n<\/div>\n\n\t<\/div>\n<\/section>\n<section class=\"fw-main-row\" style=\"background-color:#f3f7fe;\" >\n\t<div class=\"fw-container-fluid\">\n\t\t<div class=\"fw-row\">\n\t<div class=\"fw-col-xs-12\">\n\t       \n<div id=\"why-us\" class=\"\">\n    <div class=\"row\">\n                    <div class=\"col-xs-12 col-sm-12 col-md-5 col-xl-6 col-lg-6 why-us-left-bg\" style=\"background-image:url(\/\/cancampus.ca\/wp-content\/uploads\/2021\/08\/english@home-scaled.jpg);\">\n            <\/div>\n            <div class=\"col-xs-12 col-sm-12 col-md-7 col-xl-6 col-lg-6 wrap-padding bg-img-left\">\n                <div class=\"section-title\">\n                    <div>\n                        <span>El programa<\/span>\n                        <h3>Mejora tu ingl\u00e9s seg\u00fan tus objetivos<\/h3>\n                    <\/div>\n                <\/div>\n                                    <div class=\"about_content\">\n                        <p>Estudia a tu propio ritmo, con clases limitadas y niveladas seg\u00fan tu potencial, con profesores canadienses.<\/p><p>Con entradas flexibles, todos los lunes puedes comenzar tu curso, aprender y trabajar ingl\u00e9s enfocado en tus demandas y metas, en la comodidad de tu propia casa.<\/p><p>Podr\u00e1s programar clases, planificar toda la semana y permitir la flexibilidad en tu horario que tanto necesitas.<\/p><p>Las clases est\u00e1n separadas seg\u00fan su nivel, lo que le permite interactuar con profesores y estudiantes de una manera m\u00e1s segura y confiable. Caminamos a tu ritmo para que puedas crecer en el idioma y lograr tus objetivos personales y profesionales.<\/p><p>Y con atenci\u00f3n dedicada a tus necesidades, nuestros profesores trabajar\u00e1n para que tengas acceso a material especialmente preparado para tu clase, permiti\u00e9ndote arreglar m\u00e1s f\u00e1cilmente lo que se est\u00e1 aprendiendo.<\/p><p>Tambi\u00e9n hay opciones para <strong>Ingles para negocios<\/strong>, <strong>preparaci\u00f3n acad\u00e9mica (<em>Programas Pathway<\/em>)<\/strong>, <strong>pruebas de competencia ling\u00fc\u00edstica (<em>IELTS<\/em>)<\/strong>, adem\u00e1s de nuestro curso en <strong>Ingl\u00e9s para todos<\/strong>.<\/p><p>Y si tu quieres, <a href=\"https:\/\/hansacanada.net\/public\/test-your-english\/start_test\/2p56y0eK0tc\/\">A\u00fan puedes programar una clase de prueba<\/a> y sienta la diferencia de tener una clase dise\u00f1ada para usted y sus necesidades. \u00a1Suscr\u00edbase ahora!<\/p>                                            <\/div>\n                            <\/div>\n                    <\/div>\n<\/div>\n<\/div>\n<\/div>\n\n\t<\/div>\n<\/section>\n<section class=\"fw-main-row\" style=\"background-color:#f3f7fe;\" >\n\t<div class=\"fw-container-fluid\">\n\t\t<div class=\"fw-row\">\n\t<div class=\"fw-col-xs-12\">\n\t\n<div id=\"why-us\" class=\"\">\n    <div class=\"row\">\n                            <div class=\"col-xs-12 col-sm-12 col-md-7 col-xl-6 col-lg-6 wrap-padding bg-img-right\">\n                <div class=\"section-title\">\n                    <div>\n                        <span>\u00bfC\u00f3mo ser\u00e1?<\/span>\n                        <h3>Calendario de cursos<\/h3>\n                    <\/div>\n                <\/div>\n                                    <div class=\"about_content\">\n                        <p><strong>D\u00cdA 01<\/strong><\/p><p>\u00a1Aprenda por qu\u00e9 todos pueden dibujar!<\/p><p>Exploraremos el dise\u00f1o del hemisferio izquierdo y derecho, las manos y los ojos dominantes, as\u00ed como el contorno versus la forma. Se dar\u00e1 una demostraci\u00f3n y una tarea.<\/p><p><strong>D\u00cdA 02<\/strong><\/p><p>Los estudiantes aprender\u00e1n a medir, explorar la escala y aprender a usar recursos de dibujo mientras prueban carb\u00f3n, bol\u00edgrafo y contenido. Se dar\u00e1 una nueva demostraci\u00f3n y asignaci\u00f3n.<\/p><p><strong>D\u00cdA 03<\/strong><\/p><p>Los estudiantes aprender\u00e1n sobre dibujo de forma libre versus dibujo medido, mezcla de l\u00edneas y formas, as\u00ed como el valor total. Se dar\u00e1 una demostraci\u00f3n, seguida de otra tarea.<\/p><p><strong>D\u00cdA 04<\/strong><\/p><p>Comenzaremos con bocetos r\u00e1pidos y cronometrados. Los estudiantes aprender\u00e1n sobre dibujo inverso, puntos perif\u00e9ricos y focales.<\/p><p><strong>\u00a0<\/strong><\/p><p><strong>\u00a0<\/strong><strong>D\u00cdA 05<\/strong><\/p><p>Continuaremos con nuestros bocetos finales y terminaremos con una revisi\u00f3n final.<\/p>                                            <\/div>\n                            <\/div>\n            <div class=\"col-xs-12 col-sm-12 col-md-5 col-xl-6 col-lg-6 why-us-left-bg\" style=\"background-image:url(\/\/cancampus.ca\/wp-content\/uploads\/2020\/07\/Design-sem-nome-11.png);\">\n            <\/div>\n            <\/div>\n<\/div>\n<\/div>\n<\/div>\n\n\t<\/div>\n<\/section>\n<section class=\"fw-main-row\" style=\"background-color:#f3f7fe;\" >\n\t<div class=\"fw-container-fluid\">\n\t\t<div class=\"fw-row\">\n\t<div class=\"fw-col-xs-12\">\n\t\n<div id=\"why-us\" class=\"\">\n    <div class=\"row\">\n                    <div class=\"col-xs-12 col-sm-12 col-md-5 col-xl-6 col-lg-6 why-us-left-bg\" style=\"background-image:url(\/\/cancampus.ca\/wp-content\/uploads\/2021\/07\/word-english-with-globe-over-wooden-background-scaled.jpg);\">\n            <\/div>\n            <div class=\"col-xs-12 col-sm-12 col-md-7 col-xl-6 col-lg-6 wrap-padding bg-img-left\">\n                <div class=\"section-title\">\n                    <div>\n                        <span>Y como empezar<\/span>\n                        <h3>Materiales necesarios<\/h3>\n                    <\/div>\n                <\/div>\n                                    <div class=\"about_content\">\n                        <p>Palitos de carb\u00f3n o sauce<\/p><p>Goma amasable<\/p><p>Papel de dise\u00f1o de marcador de bol\u00edgrafo de estudio o bol\u00edgrafo negro (muy suave)<\/p><p>Papel de dibujo (40 cm x 50 cm o m\u00e1s)<\/p><p>L\u00e1piz: HB, 2B, 4B y 6B<\/p><p>Cuchillo X-act<\/p><p>Arena<\/p><p>Hisopos<\/p><p><strong>Para participar en una de nuestras clases virtuales<\/strong>, Necesitar\u00e1s:<\/p><ul><li>Una computadora (port\u00e1til o de escritorio, con micr\u00f3fono y c\u00e1mara integrados) o un modelo m\u00e1s nuevo de iPad, tableta, iPhone o tel\u00e9fono inteligente;<\/li><li>Aseg\u00farese de tener la funci\u00f3n de manos libres usando un soporte o tr\u00edpode;<\/li><li>Una conexi\u00f3n WI-FI estable;<\/li><li>La aplicaci\u00f3n Zoom (gratis cuando te registras);<\/li><li>Materiales requeridos seg\u00fan el curso en el que se haya inscrito (consulte las listas de materiales individuales proporcionadas para cada clase, como se describe anteriormente);<\/li><li>Un espacio de trabajo silencioso para crear y unirse a su clase.<\/li><\/ul><p>COSTO: C$165 + C$50 (Tasas e impuestos), por un total de C$ 215,00 (doscientos quince d\u00f3lares canadienses).<\/p>                                            <\/div>\n                            <\/div>\n                    <\/div>\n<\/div>\n<\/div>\n<\/div>\n\n<div class=\"fw-row\">\n\t<div class=\"fw-col-xs-12\">\n\t<div class=\"text-block post-heading-center section-title mb-60\">\n\t<span><\/span>\n\t<h2><\/h2>\n\t\t\t<p><a href=\"https:\/\/hansacanada.net\/public\/online_application_from_agency\/en\/2p56y0eK0tc\/\"style=\"background-color:#5cb85c;padding:6px 12px;color:white;font-size:x-large\">\u00a1Reg\u00edstrate ahora!<\/a><\/p>\t<\/div>\n<\/div>\n<\/div>\n\n<div class=\"fw-row\">\n\t<div class=\"fw-col-xs-12\">\n\t<div class=\"text-block post-heading-center section-title mb-60\">\n\t<span><\/span>\n\t<h2><\/h2>\n\t\t\t<p><a href=\"https:\/\/hansacanada.net\/public\/test-your-english\/start_test\/2p56y0eK0tc\/\"style=\"background-color:#5cb85c;padding:6px 12px;color:white;font-size:x-large\">Programe su clase de prueba<\/a><\/p>\t<\/div>\n<\/div>\n<\/div>\n\n\t<\/div>\n<\/section>\n<\/p>","protected":false},"excerpt":{"rendered":"<p>English at Home Estude ingl\u00eas com professores Canadenses. Treine sua pronuncia, express\u00f5es locais\u00a0 e fale como um nativo, enquanto est\u00e1 [&hellip;]<\/p>","protected":false},"author":2,"featured_media":0,"parent":3757,"menu_order":0,"comment_status":"closed","ping_status":"closed","template":"template-parts\/lernen-pagefullwidth.php","meta":{"_joinchat":{"telephone":"+5531982119111","message_send":"Ol\u00e1. Gostaria de receber maiores informa\u00e7\u00f5es?"},"footnotes":""},"class_list":["post-4790","page","type-page","status-publish","hentry"],"yoast_head":"<!-- This site is optimized with the Yoast SEO plugin v27.2 - https:\/\/yoast.com\/product\/yoast-seo-wordpress\/ -->\n<title>English At Home - CanCampus<\/title>\n<meta name=\"robots\" content=\"index, follow, max-snippet:-1, max-image-preview:large, max-video-preview:-1\" \/>\n<link rel=\"canonical\" href=\"https:\/\/cancampus.ca\/es\/programas\/virtual-campus\/english-at-home\/\" \/>\n<meta property=\"og:locale\" content=\"es_ES\" \/>\n<meta property=\"og:type\" content=\"article\" \/>\n<meta property=\"og:title\" content=\"English At Home - CanCampus\" \/>\n<meta property=\"og:description\" content=\"English at Home Estude ingl\u00eas com professores Canadenses. Treine sua pronuncia, express\u00f5es locais\u00a0 e fale como um nativo, enquanto est\u00e1 [&hellip;]\" \/>\n<meta property=\"og:url\" content=\"https:\/\/cancampus.ca\/es\/programas\/virtual-campus\/english-at-home\/\" \/>\n<meta property=\"og:site_name\" content=\"CanCampus\" \/>\n<meta property=\"article:publisher\" content=\"https:\/\/www.facebook.com\/cancampus.ca\" \/>\n<meta property=\"article:modified_time\" content=\"2021-09-03T19:38:42+00:00\" \/>\n<meta name=\"twitter:card\" content=\"summary_large_image\" \/>\n<meta name=\"twitter:label1\" content=\"Tiempo de lectura\" \/>\n\t<meta name=\"twitter:data1\" content=\"4 minutos\" \/>\n<script type=\"application\/ld+json\" class=\"yoast-schema-graph\">{\"@context\":\"https:\/\/schema.org\",\"@graph\":[{\"@type\":\"WebPage\",\"@id\":\"https:\/\/cancampus.ca\/en\/programas\/virtual-campus\/english-at-home\/\",\"url\":\"https:\/\/cancampus.ca\/en\/programas\/virtual-campus\/english-at-home\/\",\"name\":\"English At Home - CanCampus\",\"isPartOf\":{\"@id\":\"https:\/\/cancampus.ca\/#website\"},\"datePublished\":\"2021-07-22T20:54:34+00:00\",\"dateModified\":\"2021-09-03T19:38:42+00:00\",\"breadcrumb\":{\"@id\":\"https:\/\/cancampus.ca\/en\/programas\/virtual-campus\/english-at-home\/#breadcrumb\"},\"inLanguage\":\"es\",\"potentialAction\":[{\"@type\":\"ReadAction\",\"target\":[\"https:\/\/cancampus.ca\/en\/programas\/virtual-campus\/english-at-home\/\"]}]},{\"@type\":\"BreadcrumbList\",\"@id\":\"https:\/\/cancampus.ca\/en\/programas\/virtual-campus\/english-at-home\/#breadcrumb\",\"itemListElement\":[{\"@type\":\"ListItem\",\"position\":1,\"name\":\"In\u00edcio\",\"item\":\"https:\/\/cancampus.ca\/\"},{\"@type\":\"ListItem\",\"position\":2,\"name\":\"Programas\",\"item\":\"https:\/\/cancampus.ca\/en\/programas\/\"},{\"@type\":\"ListItem\",\"position\":3,\"name\":\"Cursos Virtuais\",\"item\":\"https:\/\/cancampus.ca\/en\/programas\/virtual-campus\/\"},{\"@type\":\"ListItem\",\"position\":4,\"name\":\"English At Home\"}]},{\"@type\":\"WebSite\",\"@id\":\"https:\/\/cancampus.ca\/#website\",\"url\":\"https:\/\/cancampus.ca\/\",\"name\":\"CanCampus - Experince Learning!\",\"description\":\"Experience Learning!\",\"publisher\":{\"@id\":\"https:\/\/cancampus.ca\/#organization\"},\"potentialAction\":[{\"@type\":\"SearchAction\",\"target\":{\"@type\":\"EntryPoint\",\"urlTemplate\":\"https:\/\/cancampus.ca\/?s={search_term_string}\"},\"query-input\":{\"@type\":\"PropertyValueSpecification\",\"valueRequired\":true,\"valueName\":\"search_term_string\"}}],\"inLanguage\":\"es\"},{\"@type\":\"Organization\",\"@id\":\"https:\/\/cancampus.ca\/#organization\",\"name\":\"CanCampus Canada\",\"url\":\"https:\/\/cancampus.ca\/\",\"logo\":{\"@type\":\"ImageObject\",\"inLanguage\":\"es\",\"@id\":\"https:\/\/cancampus.ca\/#\/schema\/logo\/image\/\",\"url\":\"http:\/\/box5226.temp.domains\/~cancampu\/wp-content\/uploads\/2020\/03\/13.png\",\"contentUrl\":\"http:\/\/box5226.temp.domains\/~cancampu\/wp-content\/uploads\/2020\/03\/13.png\",\"width\":3072,\"height\":1536,\"caption\":\"CanCampus Canada\"},\"image\":{\"@id\":\"https:\/\/cancampus.ca\/#\/schema\/logo\/image\/\"},\"sameAs\":[\"https:\/\/www.facebook.com\/cancampus.ca\",\"https:\/\/www.instagram.com\/cancampus_ca\/\",\"https:\/\/www.linkedin.com\/in\/cancampus\/\"]}]}<\/script>\n<!-- \/ Yoast SEO plugin. -->","yoast_head_json":{"title":"Portugu\u00eas en casa - CanCampus","robots":{"index":"index","follow":"follow","max-snippet":"max-snippet:-1","max-image-preview":"max-image-preview:large","max-video-preview":"max-video-preview:-1"},"canonical":"https:\/\/cancampus.ca\/es\/programas\/virtual-campus\/english-at-home\/","og_locale":"es_ES","og_type":"article","og_title":"English At Home - CanCampus","og_description":"English at Home Estude ingl\u00eas com professores Canadenses. Treine sua pronuncia, express\u00f5es locais\u00a0 e fale como um nativo, enquanto est\u00e1 [&hellip;]","og_url":"https:\/\/cancampus.ca\/es\/programas\/virtual-campus\/english-at-home\/","og_site_name":"CanCampus","article_publisher":"https:\/\/www.facebook.com\/cancampus.ca","article_modified_time":"2021-09-03T19:38:42+00:00","twitter_card":"summary_large_image","twitter_misc":{"Tiempo de lectura":"4 minutos"},"schema":{"@context":"https:\/\/schema.org","@graph":[{"@type":"WebPage","@id":"https:\/\/cancampus.ca\/en\/programas\/virtual-campus\/english-at-home\/","url":"https:\/\/cancampus.ca\/en\/programas\/virtual-campus\/english-at-home\/","name":"Portugu\u00eas en casa - CanCampus","isPartOf":{"@id":"https:\/\/cancampus.ca\/#website"},"datePublished":"2021-07-22T20:54:34+00:00","dateModified":"2021-09-03T19:38:42+00:00","breadcrumb":{"@id":"https:\/\/cancampus.ca\/en\/programas\/virtual-campus\/english-at-home\/#breadcrumb"},"inLanguage":"es","potentialAction":[{"@type":"ReadAction","target":["https:\/\/cancampus.ca\/en\/programas\/virtual-campus\/english-at-home\/"]}]},{"@type":"BreadcrumbList","@id":"https:\/\/cancampus.ca\/en\/programas\/virtual-campus\/english-at-home\/#breadcrumb","itemListElement":[{"@type":"ListItem","position":1,"name":"In\u00edcio","item":"https:\/\/cancampus.ca\/"},{"@type":"ListItem","position":2,"name":"Programas","item":"https:\/\/cancampus.ca\/en\/programas\/"},{"@type":"ListItem","position":3,"name":"Cursos Virtuais","item":"https:\/\/cancampus.ca\/en\/programas\/virtual-campus\/"},{"@type":"ListItem","position":4,"name":"English At Home"}]},{"@type":"WebSite","@id":"https:\/\/cancampus.ca\/#website","url":"https:\/\/cancampus.ca\/","name":"CanCampus - \u00a1Experimente el aprendizaje!","description":"\u00a1Experimente el aprendizaje!","publisher":{"@id":"https:\/\/cancampus.ca\/#organization"},"potentialAction":[{"@type":"SearchAction","target":{"@type":"EntryPoint","urlTemplate":"https:\/\/cancampus.ca\/?s={search_term_string}"},"query-input":{"@type":"PropertyValueSpecification","valueRequired":true,"valueName":"search_term_string"}}],"inLanguage":"es"},{"@type":"Organization","@id":"https:\/\/cancampus.ca\/#organization","name":"CanCampus Canad\u00e1","url":"https:\/\/cancampus.ca\/","logo":{"@type":"ImageObject","inLanguage":"es","@id":"https:\/\/cancampus.ca\/#\/schema\/logo\/image\/","url":"http:\/\/box5226.temp.domains\/~cancampu\/wp-content\/uploads\/2020\/03\/13.png","contentUrl":"http:\/\/box5226.temp.domains\/~cancampu\/wp-content\/uploads\/2020\/03\/13.png","width":3072,"height":1536,"caption":"CanCampus Canada"},"image":{"@id":"https:\/\/cancampus.ca\/#\/schema\/logo\/image\/"},"sameAs":["https:\/\/www.facebook.com\/cancampus.ca","https:\/\/www.instagram.com\/cancampus_ca\/","https:\/\/www.linkedin.com\/in\/cancampus\/"]}]}},"_links":{"self":[{"href":"https:\/\/cancampus.ca\/es\/wp-json\/wp\/v2\/pages\/4790","targetHints":{"allow":["GET"]}}],"collection":[{"href":"https:\/\/cancampus.ca\/es\/wp-json\/wp\/v2\/pages"}],"about":[{"href":"https:\/\/cancampus.ca\/es\/wp-json\/wp\/v2\/types\/page"}],"author":[{"embeddable":true,"href":"https:\/\/cancampus.ca\/es\/wp-json\/wp\/v2\/users\/2"}],"replies":[{"embeddable":true,"href":"https:\/\/cancampus.ca\/es\/wp-json\/wp\/v2\/comments?post=4790"}],"version-history":[{"count":0,"href":"https:\/\/cancampus.ca\/es\/wp-json\/wp\/v2\/pages\/4790\/revisions"}],"up":[{"embeddable":true,"href":"https:\/\/cancampus.ca\/es\/wp-json\/wp\/v2\/pages\/3757"}],"wp:attachment":[{"href":"https:\/\/cancampus.ca\/es\/wp-json\/wp\/v2\/media?parent=4790"}],"curies":[{"name":"wp","href":"https:\/\/api.w.org\/{rel}","templated":true}]}}