{"id":1205,"date":"2019-07-18T19:38:31","date_gmt":"2019-07-18T22:38:31","guid":{"rendered":""},"modified":"2024-10-09T08:40:34","modified_gmt":"2024-10-09T12:40:34","slug":"business","status":"publish","type":"page","link":"https:\/\/cancampus.ca\/fr\/programas\/business\/","title":{"rendered":"Anglais des affaires"},"content":{"rendered":"<p><section class=\"fw-main-row\"  >\n\t<div class=\"fw-container-fluid\">\n\t\t<div class=\"fw-row\">\n\t<div class=\"fw-col-xs-12\">\n\t\n<div class=\"owl-carousel owl-theme\">\n                     <div class=\"position-center header-content-full header-content\" role=\"banner\" style=\"background-image:url(\/\/cancampus.ca\/wp-content\/uploads\/2020\/04\/business_b.jpg);\">\n                <div class=\"container\">\n            <div class=\"row\">\n                <div class=\"col-xs-12 col-sm-12 header-area\">\n                    <div class=\"header-area-inner header-text\">\n                        <div><span class=\"subtitle\"><span class=\"\"><\/span> Anglais des affaires<\/span><\/div>\n                        <h1 class=\"title\"><\/h1>\n                        <p>Centr\u00e9 sur vous, professionnel et \u00e9tudiant dans le domaine de l&#039;entreprise, nous avons d\u00e9velopp\u00e9 notre parcours en <em>Anglais des affaires<\/em> pour renforcer vos comp\u00e9tences en trading.<\/p>                        <div class=\"btn-section\">\n                                                                                <\/div>\n                    <\/div>\n                <\/div>\n            <\/div>\n        <\/div>\n    <\/div>\n    <\/div><\/div>\n<\/div>\n\n\t<\/div>\n<\/section>\n<section class=\"fw-main-row\"  >\n\t<div class=\"fw-container\">\n\t\t<div class=\"fw-row\">\n\t<div class=\"fw-col-xs-12\">\n\t\n\t<div class=\"fw-divider-space\" style=\"padding-top: 40px;\"><\/div>\n<\/div>\n<\/div>\n\n\t<\/div>\n<\/section>\n<section class=\"fw-main-row\" style=\"background-color:#ffffff;\" >\n\t<div class=\"fw-container-fluid\">\n\t\t<div class=\"fw-row\">\n\t<div class=\"fw-col-xs-12 fw-col-sm-2\">\n\t<\/div>\n<div class=\"fw-col-xs-12 fw-col-sm-8\">\n\t<div class=\"fw-accordion\">\n\t\t\t<h3 class=\"fw-accordion-title\">Indiqu\u00e9 pour<\/h3>\n\t\t<div class=\"fw-accordion-content\">\n\t\t\t<p>Professionnels et \u00e9tudiants en entreprise.<\/p>\n\t\t<\/div>\n\t\t\t<h3 class=\"fw-accordion-title\">Langue<\/h3>\n\t\t<div class=\"fw-accordion-content\">\n\t\t\t<p>Anglais niveau interm\u00e9diaire.<\/p>\n\t\t<\/div>\n\t\t\t<h3 class=\"fw-accordion-title\">Local<\/h3>\n\t\t<div class=\"fw-accordion-content\">\n\t\t\t<p>Brantford, Toronto et Niagara.<\/p>\n\t\t<\/div>\n\t\t\t<h3 class=\"fw-accordion-title\">Investissement<\/h3>\n\t\t<div class=\"fw-accordion-content\">\n\t\t\t<p>\u00c0 partir de CAD$ 1\u00a0555,00 par semaine.<\/p>\n\t\t<\/div>\n\t\t\t<h3 class=\"fw-accordion-title\">Date<\/h3>\n\t\t<div class=\"fw-accordion-content\">\n\t\t\t<p>Options pour juin et juillet 2021. Nous consulter pour les autres dates.<\/p>\n\t\t<\/div>\n\t<\/div><\/div>\n<div class=\"fw-col-xs-12 fw-col-sm-2\">\n\t<\/div>\n<\/div>\n\n\t<\/div>\n<\/section>\n<section class=\"fw-main-row\"  >\n\t<div class=\"fw-container\">\n\t\t<div class=\"fw-row\">\n\t<div class=\"fw-col-xs-12\">\n\t\n\t<div class=\"fw-divider-space\" style=\"padding-top: 30px;\"><\/div>\n<\/div>\n<\/div>\n\n\t<\/div>\n<\/section>\n<section class=\"fw-main-row\" style=\"background-color:#f3f7fe;\" >\n\t<div class=\"fw-container-fluid\">\n\t\t<div class=\"fw-row\">\n\t<div class=\"fw-col-xs-12\">\n\t       \n<div id=\"why-us\" class=\"\">\n    <div class=\"row\">\n                    <div class=\"col-xs-12 col-sm-12 col-md-5 col-xl-6 col-lg-6 why-us-left-bg\" style=\"background-image:url(\/\/cancampus.ca\/wp-content\/uploads\/2020\/01\/2537035-scaled.jpg);\">\n            <\/div>\n            <div class=\"col-xs-12 col-sm-12 col-md-7 col-xl-6 col-lg-6 wrap-padding bg-img-left\">\n                <div class=\"section-title\">\n                    <div>\n                        <span>Le programme<\/span>\n                        <h3>D\u00e9veloppez vos comp\u00e9tences<\/h3>\n                    <\/div>\n                <\/div>\n                                    <div class=\"about_content\">\n                        <p>A travaill\u00e9 en partenariat avec\u00a0<em>Universit\u00e9 Wilfrid Laurier<\/em>, l&#039;une des universit\u00e9s canadiennes les plus importantes et les plus reconnues, le programme\u00a0<strong><em>Anglais des affaires<\/em><\/strong> s&#039;adresse aux \u00e9tudiants universitaires et aux professionnels qui souhaitent am\u00e9liorer leur langage instrumental, non seulement en renfor\u00e7ant leur vocabulaire, mais \u00e9galement en ce qui concerne le contexte de leurs activit\u00e9s professionnelles dans un environnement commercial mondialis\u00e9.<\/p><p>Le programme comprend plusieurs activit\u00e9s, telles que des cours pragmatiques et des visites d&#039;entreprises canadiennes des segments les plus divers, visant \u00e0 accro\u00eetre les possibilit\u00e9s de contact et de r\u00e9seautage avec les entrepreneurs et les professionnels.<\/p><p>\u00c0 la fin de ce cours, en plus d&#039;avoir perfectionn\u00e9 vos comp\u00e9tences linguistiques en anglais, vous recevrez \u00e9galement un certificat universitaire en <em>Commerce international.<\/em><\/p><p>Nous proposons des programmes de team building avec des cours personnalis\u00e9s pour les entreprises int\u00e9ress\u00e9es \u00e0 investir dans leur \u00e9quipe.<\/p>                                            <\/div>\n                            <\/div>\n                    <\/div>\n<\/div>\n<\/div>\n<\/div>\n\n\t<\/div>\n<\/section>\n<section class=\"fw-main-row\" style=\"background-color:#f3f7fe;\" >\n\t<div class=\"fw-container-fluid\">\n\t\t<div class=\"fw-row\">\n\t<div class=\"fw-col-xs-12\">\n\t\n<div id=\"why-us\" class=\"\">\n    <div class=\"row\">\n                            <div class=\"col-xs-12 col-sm-12 col-md-7 col-xl-6 col-lg-6 wrap-padding bg-img-right\">\n                <div class=\"section-title\">\n                    <div>\n                        <span>Conf\u00e9rences, r\u00e9seautage et culture<\/span>\n                        <h3>Tout pour aller plus loin !<\/h3>\n                    <\/div>\n                <\/div>\n                                    <div class=\"about_content\">\n                        <p><strong>Discours<\/strong><\/p><ul><li>Entrepreneuriat<\/li><li>Start up &amp; Innovation<\/li><li>R\u00e9seautage 101<\/li><\/ul><p><strong>Th\u00e8mes abord\u00e9s dans le cours\u00a0<\/strong><\/p><ul><li>comp\u00e9tences en communication d&#039;entreprise<\/li><li>Leadership, marketing et n\u00e9gociation<\/li><li>Ressources humaines \u2013 \u00c9tiquette, entretiens, \u00e9thique des affaires<\/li><li>Faire des pr\u00e9sentations, diriger et participer \u00e0 des r\u00e9unions<\/li><li>\u00c9change international<\/li><li>Entre autres<\/li><\/ul><p><strong>Dur\u00e9e du cours de 04 semaines<\/strong><\/p><ul><li>70 heures \u2013 cours didactiques<\/li><li>30 heures \u2013 interaction collaborative (en groupe)<\/li><li>20 heures \u2013 visite des entreprises \u00ab\u00a0hors site\u00a0\u00bb<\/li><\/ul><p>Nous avons d&#039;autres options pour la dur\u00e9e du cours : contactez-nous.<\/p><p><strong>Explorer!<\/strong><\/p><ul><li>Tour CN<\/li><li>Match de baseball au stade Rogers Centre*<\/li><li>Jeu de Hockey *<\/li><li>Chutes du Niagara, Maid of the Mist et Clifton Hill<\/li><li>Shopping \u2013 Premier Outlet et Eaton Centre<\/li><li>ROM (Mus\u00e9e royal de l&#039;Ontario) ou AGO (Mus\u00e9e des beaux-arts de l&#039;Ontario)<\/li><li>Salle d&#039;enregistrement<\/li><li>Quartier des distilleries<\/li><li>Parc d&#039;attractions du pays des merveilles*<\/li><\/ul><p>*Saisonnier<\/p>                                            <\/div>\n                            <\/div>\n            <div class=\"col-xs-12 col-sm-12 col-md-5 col-xl-6 col-lg-6 why-us-left-bg\" style=\"background-image:url(\/\/cancampus.ca\/wp-content\/uploads\/2020\/01\/Canva-Aerial-View-of-Sports-Stadium-during-Daytime-scaled.jpg);\">\n            <\/div>\n            <\/div>\n<\/div>\n<\/div>\n<\/div>\n\n\t<\/div>\n<\/section>\n<section class=\"fw-main-row\" style=\"background-color:#f3f7fe;\" >\n\t<div class=\"fw-container-fluid\">\n\t\t<div class=\"fw-row\">\n\t<div class=\"fw-col-xs-12\">\n\t\n<div id=\"why-us\" class=\"\">\n    <div class=\"row\">\n                    <div class=\"col-xs-12 col-sm-12 col-md-5 col-xl-6 col-lg-6 why-us-left-bg\" style=\"background-image:url(\/\/cancampus.ca\/wp-content\/uploads\/2020\/04\/keyssar_hbs_072_1280.jpg);\">\n            <\/div>\n            <div class=\"col-xs-12 col-sm-12 col-md-7 col-xl-6 col-lg-6 wrap-padding bg-img-left\">\n                <div class=\"section-title\">\n                    <div>\n                        <span>Investissements<\/span>\n                        <h3><\/h3>\n                    <\/div>\n                <\/div>\n                                    <div class=\"about_content\">\n                        <p>\u00c0 partir de CAD$ 1\u00a0555,00* (environ USD$ 1\u00a0165,00**)<\/p><p><em>tarif \u00e0 la semaine, comprenant le tourisme et l&#039;h\u00e9bergement en r\u00e9sidence universitaire de mai \u00e0 ao\u00fbt<\/em>.<\/p><p><em>Nous consulter pour d&#039;autres dates et <\/em><em>options de versement.<\/em><\/p><p><em>\u00a0<\/em>*Dollar canadien<\/p><p>**Dollar am\u00e9ricain<\/p>                                            <\/div>\n                            <\/div>\n                    <\/div>\n<\/div>\n<\/div>\n<\/div>\n\n\t<\/div>\n<\/section>\n<section class=\"fw-main-row\" style=\"background-color:#ee8320;\" >\n\t<div class=\"fw-container\">\n\t\t<div class=\"fw-row\">\n\t<div class=\"fw-col-xs-12\">\n\t\n\n<div id=\"instructor\" class=\"call-to-action-area\">\n    <div class=\"container\">\n        <div class=\"row justify-content-xl-between justify-content-lg-center justify-content-center\">\n            <div class=\"col-xl-6 col-lg-7 col-md-10\">\n                <div class=\"call-to-action-content\">\n                    <div class=\"post-heading-left\">\n                        <h3 class=\"text-white\">achetez votre programme<\/h3>\n                    <\/div>\n                    <div class=\"text-white\">\n                                                    <p>Un bon parcours, avec une excellente universit\u00e9, avec une \u00e9quipe locale qui vous accompagnera. Enfin, une opportunit\u00e9 unique pour votre exp\u00e9rience professionnelle et personnelle.<\/p><p>Cliquez et achetez votre programme maintenant.<\/p>                                            <\/div>\n                    <div class=\"call-to-action-btn\">\n                                                    <a href=\"https:\/\/cancampus.ca\/fr\/contato\/\">\n                                Achetez ici <i class=\"fas fa-arrow-right\"><\/i><\/a>\n                                            <\/div>\n                <\/div>\n            <\/div>\n                            <div class=\"col-xl-5 col-lg-0\">\n                    <div class=\"part-img\">\n                        <img decoding=\"async\" src=\"\/\/cancampus.ca\/wp-content\/uploads\/2020\/01\/instructor.png\"  alt=\"achetez votre programme\"\/>\n                    <\/div>\n                <\/div>\n                    <\/div>\n    <\/div>\n<\/div><\/div>\n<\/div>\n\n\t<\/div>\n<\/section>\n<\/p>","protected":false},"excerpt":{"rendered":"<p>Business English Focado em voc\u00ea, profissional e estudante da \u00e1rea de neg\u00f3cios, desenvolvemos nosso curso de Business English para fortalecer [&hellip;]<\/p>","protected":false},"author":2,"featured_media":0,"parent":3039,"menu_order":0,"comment_status":"closed","ping_status":"closed","template":"template-parts\/lernen-pagefullwidth.php","meta":{"_joinchat":{"telephone":"+5531982119111","message_send":"Ol\u00e1. Gostaria de receber maiores informa\u00e7\u00f5es?"},"footnotes":""},"class_list":["post-1205","page","type-page","status-publish","hentry"],"yoast_head":"<!-- This site is optimized with the Yoast SEO plugin v27.2 - https:\/\/yoast.com\/product\/yoast-seo-wordpress\/ -->\n<title>Business English - CanCampus<\/title>\n<meta name=\"robots\" content=\"index, follow, max-snippet:-1, max-image-preview:large, max-video-preview:-1\" \/>\n<link rel=\"canonical\" href=\"http:\/\/cancampus.ca\/fr\/programas\/business\/\" \/>\n<meta property=\"og:locale\" content=\"fr_FR\" \/>\n<meta property=\"og:type\" content=\"article\" \/>\n<meta property=\"og:title\" content=\"Business English - CanCampus\" \/>\n<meta property=\"og:description\" content=\"Business English Focado em voc\u00ea, profissional e estudante da \u00e1rea de neg\u00f3cios, desenvolvemos nosso curso de Business English para fortalecer [&hellip;]\" \/>\n<meta property=\"og:url\" content=\"http:\/\/cancampus.ca\/fr\/programas\/business\/\" \/>\n<meta property=\"og:site_name\" content=\"CanCampus\" \/>\n<meta property=\"article:publisher\" content=\"https:\/\/www.facebook.com\/cancampus.ca\" \/>\n<meta property=\"article:modified_time\" content=\"2024-10-09T12:40:34+00:00\" \/>\n<meta name=\"twitter:card\" content=\"summary_large_image\" \/>\n<meta name=\"twitter:label1\" content=\"Dur\u00e9e de lecture estim\u00e9e\" \/>\n\t<meta name=\"twitter:data1\" content=\"4 minutes\" \/>\n<script type=\"application\/ld+json\" class=\"yoast-schema-graph\">{\"@context\":\"https:\/\/schema.org\",\"@graph\":[{\"@type\":\"WebPage\",\"@id\":\"http:\/\/cancampus.ca\/programas\/business\/\",\"url\":\"http:\/\/cancampus.ca\/programas\/business\/\",\"name\":\"Business English - CanCampus\",\"isPartOf\":{\"@id\":\"https:\/\/cancampus.ca\/#website\"},\"datePublished\":\"2019-07-18T22:38:31+00:00\",\"dateModified\":\"2024-10-09T12:40:34+00:00\",\"breadcrumb\":{\"@id\":\"http:\/\/cancampus.ca\/programas\/business\/#breadcrumb\"},\"inLanguage\":\"fr-FR\",\"potentialAction\":[{\"@type\":\"ReadAction\",\"target\":[\"http:\/\/cancampus.ca\/programas\/business\/\"]}]},{\"@type\":\"BreadcrumbList\",\"@id\":\"http:\/\/cancampus.ca\/programas\/business\/#breadcrumb\",\"itemListElement\":[{\"@type\":\"ListItem\",\"position\":1,\"name\":\"In\u00edcio\",\"item\":\"https:\/\/cancampus.ca\/\"},{\"@type\":\"ListItem\",\"position\":2,\"name\":\"Programas\",\"item\":\"https:\/\/cancampus.ca\/en\/programas\/\"},{\"@type\":\"ListItem\",\"position\":3,\"name\":\"Business English\"}]},{\"@type\":\"WebSite\",\"@id\":\"https:\/\/cancampus.ca\/#website\",\"url\":\"https:\/\/cancampus.ca\/\",\"name\":\"CanCampus - Experince Learning!\",\"description\":\"Experience Learning!\",\"publisher\":{\"@id\":\"https:\/\/cancampus.ca\/#organization\"},\"potentialAction\":[{\"@type\":\"SearchAction\",\"target\":{\"@type\":\"EntryPoint\",\"urlTemplate\":\"https:\/\/cancampus.ca\/?s={search_term_string}\"},\"query-input\":{\"@type\":\"PropertyValueSpecification\",\"valueRequired\":true,\"valueName\":\"search_term_string\"}}],\"inLanguage\":\"fr-FR\"},{\"@type\":\"Organization\",\"@id\":\"https:\/\/cancampus.ca\/#organization\",\"name\":\"CanCampus Canada\",\"url\":\"https:\/\/cancampus.ca\/\",\"logo\":{\"@type\":\"ImageObject\",\"inLanguage\":\"fr-FR\",\"@id\":\"https:\/\/cancampus.ca\/#\/schema\/logo\/image\/\",\"url\":\"http:\/\/box5226.temp.domains\/~cancampu\/wp-content\/uploads\/2020\/03\/13.png\",\"contentUrl\":\"http:\/\/box5226.temp.domains\/~cancampu\/wp-content\/uploads\/2020\/03\/13.png\",\"width\":3072,\"height\":1536,\"caption\":\"CanCampus Canada\"},\"image\":{\"@id\":\"https:\/\/cancampus.ca\/#\/schema\/logo\/image\/\"},\"sameAs\":[\"https:\/\/www.facebook.com\/cancampus.ca\",\"https:\/\/www.instagram.com\/cancampus_ca\/\",\"https:\/\/www.linkedin.com\/in\/cancampus\/\"]}]}<\/script>\n<!-- \/ Yoast SEO plugin. -->","yoast_head_json":{"title":"Anglais des affaires - CanCampus","robots":{"index":"index","follow":"follow","max-snippet":"max-snippet:-1","max-image-preview":"max-image-preview:large","max-video-preview":"max-video-preview:-1"},"canonical":"http:\/\/cancampus.ca\/fr\/programas\/business\/","og_locale":"fr_FR","og_type":"article","og_title":"Business English - CanCampus","og_description":"Business English Focado em voc\u00ea, profissional e estudante da \u00e1rea de neg\u00f3cios, desenvolvemos nosso curso de Business English para fortalecer [&hellip;]","og_url":"http:\/\/cancampus.ca\/fr\/programas\/business\/","og_site_name":"CanCampus","article_publisher":"https:\/\/www.facebook.com\/cancampus.ca","article_modified_time":"2024-10-09T12:40:34+00:00","twitter_card":"summary_large_image","twitter_misc":{"Dur\u00e9e de lecture estim\u00e9e":"4 minutes"},"schema":{"@context":"https:\/\/schema.org","@graph":[{"@type":"WebPage","@id":"http:\/\/cancampus.ca\/programas\/business\/","url":"http:\/\/cancampus.ca\/programas\/business\/","name":"Anglais des affaires - CanCampus","isPartOf":{"@id":"https:\/\/cancampus.ca\/#website"},"datePublished":"2019-07-18T22:38:31+00:00","dateModified":"2024-10-09T12:40:34+00:00","breadcrumb":{"@id":"http:\/\/cancampus.ca\/programas\/business\/#breadcrumb"},"inLanguage":"fr-FR","potentialAction":[{"@type":"ReadAction","target":["http:\/\/cancampus.ca\/programas\/business\/"]}]},{"@type":"BreadcrumbList","@id":"http:\/\/cancampus.ca\/programas\/business\/#breadcrumb","itemListElement":[{"@type":"ListItem","position":1,"name":"In\u00edcio","item":"https:\/\/cancampus.ca\/"},{"@type":"ListItem","position":2,"name":"Programas","item":"https:\/\/cancampus.ca\/en\/programas\/"},{"@type":"ListItem","position":3,"name":"Business English"}]},{"@type":"WebSite","@id":"https:\/\/cancampus.ca\/#website","url":"https:\/\/cancampus.ca\/","name":"CanCampus - Exp\u00e9rimentez l&#039;apprentissage\u00a0!","description":"Exp\u00e9rimentez l&#039;apprentissage\u00a0!","publisher":{"@id":"https:\/\/cancampus.ca\/#organization"},"potentialAction":[{"@type":"SearchAction","target":{"@type":"EntryPoint","urlTemplate":"https:\/\/cancampus.ca\/?s={search_term_string}"},"query-input":{"@type":"PropertyValueSpecification","valueRequired":true,"valueName":"search_term_string"}}],"inLanguage":"fr-FR"},{"@type":"Organization","@id":"https:\/\/cancampus.ca\/#organization","name":"CanCampus Canada","url":"https:\/\/cancampus.ca\/","logo":{"@type":"ImageObject","inLanguage":"fr-FR","@id":"https:\/\/cancampus.ca\/#\/schema\/logo\/image\/","url":"http:\/\/box5226.temp.domains\/~cancampu\/wp-content\/uploads\/2020\/03\/13.png","contentUrl":"http:\/\/box5226.temp.domains\/~cancampu\/wp-content\/uploads\/2020\/03\/13.png","width":3072,"height":1536,"caption":"CanCampus Canada"},"image":{"@id":"https:\/\/cancampus.ca\/#\/schema\/logo\/image\/"},"sameAs":["https:\/\/www.facebook.com\/cancampus.ca","https:\/\/www.instagram.com\/cancampus_ca\/","https:\/\/www.linkedin.com\/in\/cancampus\/"]}]}},"_links":{"self":[{"href":"https:\/\/cancampus.ca\/fr\/wp-json\/wp\/v2\/pages\/1205","targetHints":{"allow":["GET"]}}],"collection":[{"href":"https:\/\/cancampus.ca\/fr\/wp-json\/wp\/v2\/pages"}],"about":[{"href":"https:\/\/cancampus.ca\/fr\/wp-json\/wp\/v2\/types\/page"}],"author":[{"embeddable":true,"href":"https:\/\/cancampus.ca\/fr\/wp-json\/wp\/v2\/users\/2"}],"replies":[{"embeddable":true,"href":"https:\/\/cancampus.ca\/fr\/wp-json\/wp\/v2\/comments?post=1205"}],"version-history":[{"count":2,"href":"https:\/\/cancampus.ca\/fr\/wp-json\/wp\/v2\/pages\/1205\/revisions"}],"predecessor-version":[{"id":5342,"href":"https:\/\/cancampus.ca\/fr\/wp-json\/wp\/v2\/pages\/1205\/revisions\/5342"}],"up":[{"embeddable":true,"href":"https:\/\/cancampus.ca\/fr\/wp-json\/wp\/v2\/pages\/3039"}],"wp:attachment":[{"href":"https:\/\/cancampus.ca\/fr\/wp-json\/wp\/v2\/media?parent=1205"}],"curies":[{"name":"wp","href":"https:\/\/api.w.org\/{rel}","templated":true}]}}