{"id":3654,"date":"2020-06-05T01:09:37","date_gmt":"2020-06-05T04:09:37","guid":{"rendered":"http:\/\/box5226.temp.domains\/~cancampu\/?page_id=3654"},"modified":"2024-10-09T08:48:05","modified_gmt":"2024-10-09T12:48:05","slug":"university-program","status":"publish","type":"page","link":"https:\/\/cancampus.ca\/fr\/university-program\/","title":{"rendered":"Conseils pour les universit\u00e9s"},"content":{"rendered":"<p><section class=\"fw-main-row\"  >\n\t<div class=\"fw-container-fluid\">\n\t\t<div class=\"fw-row\">\n\t<div class=\"fw-col-xs-12\">\n\t\n<div class=\"owl-carousel owl-theme\">\n                     <div class=\"position-center equal-margin header-content\" role=\"banner\" style=\"background-image:url(\/\/cancampus.ca\/wp-content\/uploads\/2020\/07\/Design-sem-nome-33.png);\">\n                <div class=\"container\">\n            <div class=\"row\">\n                <div class=\"col-xs-12 col-sm-12 header-area\">\n                    <div class=\"header-area-inner header-text\">\n                        <div><span class=\"subtitle\"><span class=\"\"><\/span>Conseils pour les universit\u00e9s<\/span><\/div>\n                        <h1 class=\"title\"><\/h1>\n                        <p>Ax\u00e9 sur ceux qui souhaitent fr\u00e9quenter l&#039;universit\u00e9, du premier cycle au postdoctoral au Canada, am\u00e9liorant leur programme professionnel et leur exp\u00e9rience culturelle internationale.<\/p>                        <div class=\"btn-section\">\n                                                                                <\/div>\n                    <\/div>\n                <\/div>\n            <\/div>\n        <\/div>\n    <\/div>\n    <\/div><\/div>\n<\/div>\n\n\t<\/div>\n<\/section>\n<section class=\"fw-main-row\"  >\n\t<div class=\"fw-container\">\n\t\t<div class=\"fw-row\">\n\t<div class=\"fw-col-xs-12\">\n\t\n\t<div class=\"fw-divider-space\" style=\"padding-top: 40px;\"><\/div>\n<\/div>\n<\/div>\n\n\t<\/div>\n<\/section>\n<section class=\"fw-main-row\" style=\"background-color:#f3f7fe;\" >\n\t<div class=\"fw-container-fluid\">\n\t\t<div class=\"fw-row\">\n\t<div class=\"fw-col-xs-12\">\n\t       \n<div id=\"why-us\" class=\"\">\n    <div class=\"row\">\n                            <div class=\"col-xs-12 col-sm-12 col-md-7 col-xl-6 col-lg-6 wrap-padding bg-img-right\">\n                <div class=\"section-title\">\n                    <div>\n                        <span>\u00c9tudes au Canada<\/span>\n                        <h3><\/h3>\n                    <\/div>\n                <\/div>\n                                    <div class=\"about_content\">\n                        <p>Le Canada est un pays avec des niveaux d&#039;\u00e9ducation \u00e9lev\u00e9s, reconnu internationalement comme l&#039;un des 10 meilleurs pays pour \u00e9tudier.<\/p><p>Avec un syst\u00e8me \u00e9ducatif bas\u00e9 entre <em>coll\u00e8ges<\/em>, avec des formations plus dynamiques ax\u00e9es sur le march\u00e9 du travail et de courte dur\u00e9e, et les universit\u00e9s, qui sont des formations acad\u00e9miques et de longue dur\u00e9e.&nbsp;<\/p><p>\u00eatre un technologue pour <em>Doctorat<\/em>, le Canada a l&#039;institution qui permet sa croissance acad\u00e9mique selon ses objectifs.<\/p><p>En 2017, environ 23 000 Br\u00e9siliens sont all\u00e9s au Canada pour poursuivre leurs \u00e9tudes, ce qui en fait le pays avec la plus grande destination pour les \u00e9tudiants br\u00e9siliens, selon ccbc.org.br.<\/p><p>O <em>Bureau canadien de l&#039;\u00e9ducation internationale <\/em>(cbie.ca), une association qui regroupe plus de 150 universit\u00e9s canadiennes, des donn\u00e9es d&#039;inscription pour plus de 1,2 million d&#039;\u00e9tudiants, poss\u00e8de les donn\u00e9es suivantes qui nous assurent \u00e0 quel point il est facile d&#039;\u00e9tudier au Canada :<\/p><ul><li><strong>642.480<\/strong> les \u00e9tudiants internationaux sont all\u00e9s au Canada \u00e0 tous les niveaux d&#039;\u00e9tudes en 2019;<\/li><li><strong>9 sur 10<\/strong> les \u00e9tudiants internationaux recommandent le Canada comme destination d&#039;\u00e9tudes;<\/li><li><strong>6 sur 10<\/strong> les \u00e9tudiants internationaux pr\u00e9voient demander la r\u00e9sidence permanente au Canada.<\/li><\/ul><p>\u00c0 la fin du cours, en plus d&#039;obtenir une \u00e9ducation internationale, vous aurez am\u00e9lior\u00e9 votre anglais, serez pr\u00e9par\u00e9 \u00e0 une vie \u00e0 l&#039;\u00e9tranger et pourrez poursuivre une carri\u00e8re au Canada ou dans tout autre pays.<\/p>                                            <\/div>\n                            <\/div>\n            <div class=\"col-xs-12 col-sm-12 col-md-5 col-xl-6 col-lg-6 why-us-left-bg\" style=\"background-image:url(\/\/cancampus.ca\/wp-content\/uploads\/2020\/07\/Design-sem-nome6.png);\">\n            <\/div>\n            <\/div>\n<\/div>\n<\/div>\n<\/div>\n\n\t<\/div>\n<\/section>\n<section class=\"fw-main-row\" style=\"background-color:#f3f7fe;\" >\n\t<div class=\"fw-container-fluid\">\n\t\t<div class=\"fw-row\">\n\t<div class=\"fw-col-xs-12\">\n\t\n<div id=\"why-us\" class=\"\">\n    <div class=\"row\">\n                    <div class=\"col-xs-12 col-sm-12 col-md-5 col-xl-6 col-lg-6 why-us-left-bg\" style=\"background-image:url(\/\/cancampus.ca\/wp-content\/uploads\/2020\/07\/Design-sem-nome11.png);\">\n            <\/div>\n            <div class=\"col-xs-12 col-sm-12 col-md-7 col-xl-6 col-lg-6 wrap-padding bg-img-left\">\n                <div class=\"section-title\">\n                    <div>\n                        <span>Conseil universitaire<\/span>\n                        <h3><\/h3>\n                    <\/div>\n                <\/div>\n                                    <div class=\"about_content\">\n                        <p>Il est possible de trouver le coll\u00e8ge ou l&#039;universit\u00e9 id\u00e9al gr\u00e2ce \u00e0 nos conseils. Nous identifions les meilleurs \u00e9tablissements en fonction de votre objectif et de vos attentes.<\/p><p>Pour ceux qui ont d\u00e9j\u00e0 suivi un cours technique et ou sup\u00e9rieur, les cr\u00e9dits pour les mati\u00e8res d\u00e9j\u00e0 suivies peuvent \u00eatre mentionn\u00e9s dans la r\u00e9quisition et en cas d&#039;acceptation, vous \u00e9liminerez les mati\u00e8res\/heures du cours inscrit ! De cette fa\u00e7on, vous r\u00e9duisez le temps de cours et par cons\u00e9quent vos co\u00fbts.<\/p><p>CanCampus d\u00e9mystifiera ce que les gens ont dit sur les \u00e9tudes \u00e0 l&#039;\u00e9tranger, par exemple : \u00ab\u00a0c&#039;est difficile d&#039;\u00e9tudier \u00e0 l&#039;\u00e9tranger\u00a0\u00bb, \u00ab\u00a0vous n&#039;obtiendrez pas un visa \u00e9tudiant aussi facilement\u00a0\u00bb, \u00ab\u00a0le co\u00fbt de la vie est \u00e9lev\u00e9\u00a0\u00bb, \u00ab\u00a0il est difficile de s&#039;adapter dans un autre pays \u00bb.<\/p><p>Le co\u00fbt de la vie, la r\u00e9ceptivit\u00e9 des Canadiens, les documents n\u00e9cessaires, bref, tout ce dont vous avez besoin pour prendre la bonne d\u00e9cision, nous vous montrerons que c&#039;est aussi simple que vous pouvez l&#039;imaginer et en plus vous aurez notre assistance \u00e0 toutes les \u00e9tapes jusqu&#039;\u00e0 la conclusion.<\/p>                                            <\/div>\n                            <\/div>\n                    <\/div>\n<\/div>\n<\/div>\n<\/div>\n\n\t<\/div>\n<\/section>\n<section class=\"fw-main-row\" style=\"background-color:#f3f7fe;\" >\n\t<div class=\"fw-container\">\n\t\t<div class=\"fw-row\">\n\t<div class=\"fw-col-xs-12\">\n\t\n<div id=\"why-us\" class=\"\">\n    <div class=\"row\">\n                            <div class=\"col-xs-12 col-sm-12 col-md-7 col-xl-6 col-lg-6 wrap-padding bg-img-right\">\n                <div class=\"section-title\">\n                    <div>\n                        <span>Consultatif<\/span>\n                        <h3><\/h3>\n                    <\/div>\n                <\/div>\n                                    <div class=\"about_content\">\n                        <p>Gr\u00e2ce \u00e0 CanCampus, vous aurez :<\/p><ul><li>Un accompagnement individuel pour identifier vos attentes ;<\/li><li>Aide \u00e0 l&#039;identification des institutions, pr\u00e9sentation d&#039;un budget pour le co\u00fbt de la vie et planification de leur application\u00a0;<\/li><li>Inscription et suivi du processus d&#039;admission aupr\u00e8s de l&#039;\u00e9tablissement\u00a0;<\/li><li>Indication de consultation pour l&#039;immigration, demande de visas et autres documents officiels\u00a0;<\/li><li>Pr\u00e9paration \u00e0 votre vie avant et apr\u00e8s le voyage.<\/li><\/ul>                                            <\/div>\n                            <\/div>\n            <div class=\"col-xs-12 col-sm-12 col-md-5 col-xl-6 col-lg-6 why-us-left-bg\" style=\"background-image:url(\/\/cancampus.ca\/wp-content\/uploads\/2020\/07\/Design-sem-nome-32.png);\">\n            <\/div>\n            <\/div>\n<\/div>\n<\/div>\n<\/div>\n\n<div class=\"fw-row\">\n\t<div class=\"fw-col-xs-12\">\n\t<div class=\"text-block post-heading-center section-title mb-60\">\n\t<span><\/span>\n\t<h2><\/h2>\n\t\t\t<p>Avec l&#039;aide de CanCampus, vous pouvez planifier votre avenir universitaire plus facilement et en toute s\u00e9curit\u00e9.<\/p><p>&nbsp;<\/p><p>Il y a plusieurs \u00e9tapes avant de s&#039;inscrire dans une institution canadienne et nous vous pr\u00e9senterons toutes ces \u00e9tapes, vous aidant dans tous les points n\u00e9cessaires afin d&#039;atteindre votre objectif.<\/p><p>&nbsp;<\/p><p>Voir ci-dessous pour le calendrier du processus d&#039;admission et les dates limites pour la rentr\u00e9e scolaire en septembre.<\/p>\t<\/div>\n<\/div>\n<\/div>\n\n<div class=\"fw-row\">\n\t<div class=\"fw-col-xs-12 fw-col-sm-2\">\n\t<div class=\"fw-iconbox clearfix fw-iconbox-1\">\n\t<div class=\"fw-iconbox-image\">\n\t\t<i class=\"fa fa-pencil-square-o\"><\/i>\n\t<\/div>\n\t<div class=\"fw-iconbox-aside\">\n\t\t<div class=\"fw-iconbox-title\">\n\t\t\t<h3>janvier<\/h3>\n\t\t<\/div>\n\t\t<div class=\"fw-iconbox-text\">\n\t\t\t<p>Date limite d&#039;inscription et de remise des documents.<\/p>\n\t\t<\/div>\n\t<\/div>\n<\/div><\/div>\n<div class=\"fw-col-xs-12 fw-col-sm-2\">\n\t<div class=\"fw-iconbox clearfix fw-iconbox-1\">\n\t<div class=\"fw-iconbox-image\">\n\t\t<i class=\"fa fa-check-circle-o\"><\/i>\n\t<\/div>\n\t<div class=\"fw-iconbox-aside\">\n\t\t<div class=\"fw-iconbox-title\">\n\t\t\t<h3>f\u00e9vrier<\/h3>\n\t\t<\/div>\n\t\t<div class=\"fw-iconbox-text\">\n\t\t\t<p>D\u00e9but de la p\u00e9riode de r\u00e9ponse de l&#039;application.<\/p>\n\t\t<\/div>\n\t<\/div>\n<\/div><\/div>\n<div class=\"fw-col-xs-12 fw-col-sm-2\">\n\t<div class=\"fw-iconbox clearfix fw-iconbox-1\">\n\t<div class=\"fw-iconbox-image\">\n\t\t<i class=\"fa fa-cogs\"><\/i>\n\t<\/div>\n\t<div class=\"fw-iconbox-aside\">\n\t\t<div class=\"fw-iconbox-title\">\n\t\t\t<h3>Peut<\/h3>\n\t\t<\/div>\n\t\t<div class=\"fw-iconbox-text\">\n\t\t\t<p>Demande de visa \u00e9tudiant au consulat.<\/p>\n\t\t<\/div>\n\t<\/div>\n<\/div><\/div>\n<div class=\"fw-col-xs-12 fw-col-sm-2\">\n\t<div class=\"fw-iconbox clearfix fw-iconbox-1\">\n\t<div class=\"fw-iconbox-image\">\n\t\t<i class=\"fa fa-dollar\"><\/i>\n\t<\/div>\n\t<div class=\"fw-iconbox-aside\">\n\t\t<div class=\"fw-iconbox-title\">\n\t\t\t<h3>juin<\/h3>\n\t\t<\/div>\n\t\t<div class=\"fw-iconbox-text\">\n\t\t\t<p>Date limite de paiement pour le 1er semestre.<\/p>\n\t\t<\/div>\n\t<\/div>\n<\/div><\/div>\n<div class=\"fw-col-xs-12 fw-col-sm-2\">\n\t<div class=\"fw-iconbox clearfix fw-iconbox-1\">\n\t<div class=\"fw-iconbox-image\">\n\t\t<i class=\"fa fa-suitcase\"><\/i>\n\t<\/div>\n\t<div class=\"fw-iconbox-aside\">\n\t\t<div class=\"fw-iconbox-title\">\n\t\t\t<h3>juillet<\/h3>\n\t\t<\/div>\n\t\t<div class=\"fw-iconbox-text\">\n\t\t\t<p>Les pr\u00e9paratifs pour votre entr\u00e9e au Canada.<\/p>\n\t\t<\/div>\n\t<\/div>\n<\/div><\/div>\n<div class=\"fw-col-xs-12 fw-col-sm-2\">\n\t<div class=\"fw-iconbox clearfix fw-iconbox-1\">\n\t<div class=\"fw-iconbox-image\">\n\t\t<i class=\"fa fa-mortar-board\"><\/i>\n\t<\/div>\n\t<div class=\"fw-iconbox-aside\">\n\t\t<div class=\"fw-iconbox-title\">\n\t\t\t<h3>septembre<\/h3>\n\t\t<\/div>\n\t\t<div class=\"fw-iconbox-text\">\n\t\t\t<p>D\u00e9but du semestre acad\u00e9mique \u00e0 l&#039;institution canadienne.<\/p>\n\t\t<\/div>\n\t<\/div>\n<\/div><\/div>\n<\/div>\n\n\t<\/div>\n<\/section>\n<section class=\"fw-main-row\" style=\"background-color:#f3f7fe;\" >\n\t<div class=\"fw-container-fluid\">\n\t\t<div class=\"fw-row\">\n\t<div class=\"fw-col-xs-12\">\n\t\n<div id=\"why-us\" class=\"\">\n    <div class=\"row\">\n                    <div class=\"col-xs-12 col-sm-12 col-md-5 col-xl-6 col-lg-6 why-us-left-bg\" style=\"background-image:url(\/\/cancampus.ca\/wp-content\/uploads\/2020\/07\/Design-sem-nome-35.png);\">\n            <\/div>\n            <div class=\"col-xs-12 col-sm-12 col-md-7 col-xl-6 col-lg-6 wrap-padding bg-img-left\">\n                <div class=\"section-title\">\n                    <div>\n                        <span>Investissements<\/span>\n                        <h3><\/h3>\n                    <\/div>\n                <\/div>\n                                    <div class=\"about_content\">\n                        <p>Les prix varient en fonction de la dur\u00e9e des cours, de la ville et du domaine d&#039;\u00e9tudes choisi.<\/p><p>Les cours en <em>Universit\u00e9<\/em> \u00e0 partir de CAD$ 8 000,00 (dollars canadiens)\/an.<\/p><p>Pour la plupart des cours, vous \u00eates l\u00e9galement autoris\u00e9 \u00e0 travailler 20 heures (vingt heures) par semaine. Ainsi, vous pouvez avoir une exp\u00e9rience professionnelle en plus de l&#039;acad\u00e9mique, et pouvez \u00e9galement r\u00e9duire les co\u00fbts de cette exp\u00e9rience incroyable.<\/p><p>Contactez-nous pour plus d&#039;informations.<\/p>                                            <\/div>\n                            <\/div>\n                    <\/div>\n<\/div>\n<\/div>\n<\/div>\n\n\t<\/div>\n<\/section>\n<section class=\"fw-main-row\" style=\"background-color:#ee8320;\" >\n\t<div class=\"fw-container\">\n\t\t<div class=\"fw-row\">\n\t<div class=\"fw-col-xs-12\">\n\t\n\n<div id=\"instructor\" class=\"call-to-action-area\">\n    <div class=\"container\">\n        <div class=\"row justify-content-xl-between justify-content-lg-center justify-content-center\">\n            <div class=\"col-xl-6 col-lg-7 col-md-10\">\n                <div class=\"call-to-action-content\">\n                    <div class=\"post-heading-left\">\n                        <h3 class=\"text-white\">Nous contacter <\/h3>\n                    <\/div>\n                    <div class=\"text-white\">\n                                                    <p><em>Choisir un \u00e9tablissement pour suivre des \u00e9tudes sup\u00e9rieures, avec le soutien d&#039;une \u00e9quipe locale qui vous accompagnera du d\u00e9but \u00e0 la fin et vivre la meilleure exp\u00e9rience de votre vie, est l&#039;objectif de CanCampus.<\/em><\/p><p><em>Contactez-nous et obtenez plus de d\u00e9tails. <\/em><\/p>                                            <\/div>\n                    <div class=\"call-to-action-btn\">\n                                                    <a href=\"https:\/\/cancampus.ca\/fr\/contato\/\">\n                                Achetez ici <i class=\"fas fa-arrow-right\"><\/i><\/a>\n                                            <\/div>\n                <\/div>\n            <\/div>\n                            <div class=\"col-xl-5 col-lg-0\">\n                    <div class=\"part-img\">\n                        <img decoding=\"async\" src=\"\/\/cancampus.ca\/wp-content\/uploads\/2020\/01\/instructor.png\"  alt=\"Nous contacter \"\/>\n                    <\/div>\n                <\/div>\n                    <\/div>\n    <\/div>\n<\/div><\/div>\n<\/div>\n\n\t<\/div>\n<\/section>\n<\/p>","protected":false},"excerpt":{"rendered":"<p>Assessoria para Universidades Focado para os que desejam cursar Universidade, desde a gradua\u00e7\u00e3o at\u00e9 p\u00f3s doutorado no Canad\u00e1, aprimorando seu [&hellip;]<\/p>","protected":false},"author":2,"featured_media":0,"parent":0,"menu_order":0,"comment_status":"closed","ping_status":"closed","template":"template-parts\/lernen-pagefullwidth.php","meta":{"_joinchat":{"telephone":"+5531982119111","message_send":"Ol\u00e1. Gostaria de receber maiores informa\u00e7\u00f5es?"},"footnotes":""},"class_list":["post-3654","page","type-page","status-publish","hentry"],"yoast_head":"<!-- This site is optimized with the Yoast SEO plugin v27.2 - https:\/\/yoast.com\/product\/yoast-seo-wordpress\/ -->\n<title>Assessoria para Universidades - CanCampus<\/title>\n<meta name=\"robots\" content=\"index, follow, max-snippet:-1, max-image-preview:large, max-video-preview:-1\" \/>\n<link rel=\"canonical\" href=\"https:\/\/cancampus.ca\/fr\/university-program\/\" \/>\n<meta property=\"og:locale\" content=\"fr_FR\" \/>\n<meta property=\"og:type\" content=\"article\" \/>\n<meta property=\"og:title\" content=\"Assessoria para Universidades - CanCampus\" \/>\n<meta property=\"og:description\" content=\"Assessoria para Universidades Focado para os que desejam cursar Universidade, desde a gradua\u00e7\u00e3o at\u00e9 p\u00f3s doutorado no Canad\u00e1, aprimorando seu [&hellip;]\" \/>\n<meta property=\"og:url\" content=\"https:\/\/cancampus.ca\/fr\/university-program\/\" \/>\n<meta property=\"og:site_name\" content=\"CanCampus\" \/>\n<meta property=\"article:publisher\" content=\"https:\/\/www.facebook.com\/cancampus.ca\" \/>\n<meta property=\"article:modified_time\" content=\"2024-10-09T12:48:05+00:00\" \/>\n<meta name=\"twitter:card\" content=\"summary_large_image\" \/>\n<meta name=\"twitter:label1\" content=\"Dur\u00e9e de lecture estim\u00e9e\" \/>\n\t<meta name=\"twitter:data1\" content=\"4 minutes\" \/>\n<script type=\"application\/ld+json\" class=\"yoast-schema-graph\">{\"@context\":\"https:\/\/schema.org\",\"@graph\":[{\"@type\":\"WebPage\",\"@id\":\"https:\/\/cancampus.ca\/en\/university-program\/\",\"url\":\"https:\/\/cancampus.ca\/en\/university-program\/\",\"name\":\"Assessoria para Universidades - CanCampus\",\"isPartOf\":{\"@id\":\"https:\/\/cancampus.ca\/#website\"},\"datePublished\":\"2020-06-05T04:09:37+00:00\",\"dateModified\":\"2024-10-09T12:48:05+00:00\",\"breadcrumb\":{\"@id\":\"https:\/\/cancampus.ca\/en\/university-program\/#breadcrumb\"},\"inLanguage\":\"fr-FR\",\"potentialAction\":[{\"@type\":\"ReadAction\",\"target\":[\"https:\/\/cancampus.ca\/en\/university-program\/\"]}]},{\"@type\":\"BreadcrumbList\",\"@id\":\"https:\/\/cancampus.ca\/en\/university-program\/#breadcrumb\",\"itemListElement\":[{\"@type\":\"ListItem\",\"position\":1,\"name\":\"In\u00edcio\",\"item\":\"https:\/\/cancampus.ca\/\"},{\"@type\":\"ListItem\",\"position\":2,\"name\":\"Assessoria para Universidades\"}]},{\"@type\":\"WebSite\",\"@id\":\"https:\/\/cancampus.ca\/#website\",\"url\":\"https:\/\/cancampus.ca\/\",\"name\":\"CanCampus - Experince Learning!\",\"description\":\"Experience Learning!\",\"publisher\":{\"@id\":\"https:\/\/cancampus.ca\/#organization\"},\"potentialAction\":[{\"@type\":\"SearchAction\",\"target\":{\"@type\":\"EntryPoint\",\"urlTemplate\":\"https:\/\/cancampus.ca\/?s={search_term_string}\"},\"query-input\":{\"@type\":\"PropertyValueSpecification\",\"valueRequired\":true,\"valueName\":\"search_term_string\"}}],\"inLanguage\":\"fr-FR\"},{\"@type\":\"Organization\",\"@id\":\"https:\/\/cancampus.ca\/#organization\",\"name\":\"CanCampus Canada\",\"url\":\"https:\/\/cancampus.ca\/\",\"logo\":{\"@type\":\"ImageObject\",\"inLanguage\":\"fr-FR\",\"@id\":\"https:\/\/cancampus.ca\/#\/schema\/logo\/image\/\",\"url\":\"http:\/\/box5226.temp.domains\/~cancampu\/wp-content\/uploads\/2020\/03\/13.png\",\"contentUrl\":\"http:\/\/box5226.temp.domains\/~cancampu\/wp-content\/uploads\/2020\/03\/13.png\",\"width\":3072,\"height\":1536,\"caption\":\"CanCampus Canada\"},\"image\":{\"@id\":\"https:\/\/cancampus.ca\/#\/schema\/logo\/image\/\"},\"sameAs\":[\"https:\/\/www.facebook.com\/cancampus.ca\",\"https:\/\/www.instagram.com\/cancampus_ca\/\",\"https:\/\/www.linkedin.com\/in\/cancampus\/\"]}]}<\/script>\n<!-- \/ Yoast SEO plugin. -->","yoast_head_json":{"title":"Conseils pour les universit\u00e9s - CanCampus","robots":{"index":"index","follow":"follow","max-snippet":"max-snippet:-1","max-image-preview":"max-image-preview:large","max-video-preview":"max-video-preview:-1"},"canonical":"https:\/\/cancampus.ca\/fr\/university-program\/","og_locale":"fr_FR","og_type":"article","og_title":"Assessoria para Universidades - CanCampus","og_description":"Assessoria para Universidades Focado para os que desejam cursar Universidade, desde a gradua\u00e7\u00e3o at\u00e9 p\u00f3s doutorado no Canad\u00e1, aprimorando seu [&hellip;]","og_url":"https:\/\/cancampus.ca\/fr\/university-program\/","og_site_name":"CanCampus","article_publisher":"https:\/\/www.facebook.com\/cancampus.ca","article_modified_time":"2024-10-09T12:48:05+00:00","twitter_card":"summary_large_image","twitter_misc":{"Dur\u00e9e de lecture estim\u00e9e":"4 minutes"},"schema":{"@context":"https:\/\/schema.org","@graph":[{"@type":"WebPage","@id":"https:\/\/cancampus.ca\/en\/university-program\/","url":"https:\/\/cancampus.ca\/en\/university-program\/","name":"Conseils pour les universit\u00e9s - CanCampus","isPartOf":{"@id":"https:\/\/cancampus.ca\/#website"},"datePublished":"2020-06-05T04:09:37+00:00","dateModified":"2024-10-09T12:48:05+00:00","breadcrumb":{"@id":"https:\/\/cancampus.ca\/en\/university-program\/#breadcrumb"},"inLanguage":"fr-FR","potentialAction":[{"@type":"ReadAction","target":["https:\/\/cancampus.ca\/en\/university-program\/"]}]},{"@type":"BreadcrumbList","@id":"https:\/\/cancampus.ca\/en\/university-program\/#breadcrumb","itemListElement":[{"@type":"ListItem","position":1,"name":"In\u00edcio","item":"https:\/\/cancampus.ca\/"},{"@type":"ListItem","position":2,"name":"Assessoria para Universidades"}]},{"@type":"WebSite","@id":"https:\/\/cancampus.ca\/#website","url":"https:\/\/cancampus.ca\/","name":"CanCampus - Exp\u00e9rimentez l&#039;apprentissage\u00a0!","description":"Exp\u00e9rimentez l&#039;apprentissage\u00a0!","publisher":{"@id":"https:\/\/cancampus.ca\/#organization"},"potentialAction":[{"@type":"SearchAction","target":{"@type":"EntryPoint","urlTemplate":"https:\/\/cancampus.ca\/?s={search_term_string}"},"query-input":{"@type":"PropertyValueSpecification","valueRequired":true,"valueName":"search_term_string"}}],"inLanguage":"fr-FR"},{"@type":"Organization","@id":"https:\/\/cancampus.ca\/#organization","name":"CanCampus Canada","url":"https:\/\/cancampus.ca\/","logo":{"@type":"ImageObject","inLanguage":"fr-FR","@id":"https:\/\/cancampus.ca\/#\/schema\/logo\/image\/","url":"http:\/\/box5226.temp.domains\/~cancampu\/wp-content\/uploads\/2020\/03\/13.png","contentUrl":"http:\/\/box5226.temp.domains\/~cancampu\/wp-content\/uploads\/2020\/03\/13.png","width":3072,"height":1536,"caption":"CanCampus Canada"},"image":{"@id":"https:\/\/cancampus.ca\/#\/schema\/logo\/image\/"},"sameAs":["https:\/\/www.facebook.com\/cancampus.ca","https:\/\/www.instagram.com\/cancampus_ca\/","https:\/\/www.linkedin.com\/in\/cancampus\/"]}]}},"_links":{"self":[{"href":"https:\/\/cancampus.ca\/fr\/wp-json\/wp\/v2\/pages\/3654","targetHints":{"allow":["GET"]}}],"collection":[{"href":"https:\/\/cancampus.ca\/fr\/wp-json\/wp\/v2\/pages"}],"about":[{"href":"https:\/\/cancampus.ca\/fr\/wp-json\/wp\/v2\/types\/page"}],"author":[{"embeddable":true,"href":"https:\/\/cancampus.ca\/fr\/wp-json\/wp\/v2\/users\/2"}],"replies":[{"embeddable":true,"href":"https:\/\/cancampus.ca\/fr\/wp-json\/wp\/v2\/comments?post=3654"}],"version-history":[{"count":2,"href":"https:\/\/cancampus.ca\/fr\/wp-json\/wp\/v2\/pages\/3654\/revisions"}],"predecessor-version":[{"id":5366,"href":"https:\/\/cancampus.ca\/fr\/wp-json\/wp\/v2\/pages\/3654\/revisions\/5366"}],"wp:attachment":[{"href":"https:\/\/cancampus.ca\/fr\/wp-json\/wp\/v2\/media?parent=3654"}],"curies":[{"name":"wp","href":"https:\/\/api.w.org\/{rel}","templated":true}]}}