{"id":3697,"date":"2020-06-19T16:56:03","date_gmt":"2020-06-19T19:56:03","guid":{"rendered":"http:\/\/box5226.temp.domains\/~cancampu\/?page_id=3697"},"modified":"2021-09-03T17:41:12","modified_gmt":"2021-09-03T21:41:12","slug":"english-cooking-lessons","status":"publish","type":"page","link":"https:\/\/cancampus.ca\/fr\/programas\/english-cooking-lessons\/","title":{"rendered":"Chef virtuel pour adolescents"},"content":{"rendered":"<p><section class=\"fw-main-row\"  >\n\t<div class=\"fw-container-fluid\">\n\t\t<div class=\"fw-row\">\n\t<div class=\"fw-col-xs-12\">\n\t\n<div class=\"owl-carousel owl-theme\">\n                     <div class=\"position-center header-content-full header-content\" role=\"banner\" style=\"background-image:url(\/\/cancampus.ca\/wp-content\/uploads\/2020\/06\/6699.jpg);\">\n                <div class=\"container\">\n            <div class=\"row\">\n                <div class=\"col-xs-12 col-sm-12 header-area\">\n                    <div class=\"header-area-inner header-text\">\n                        <div><span class=\"subtitle\"><span class=\"\"><\/span>Virtual Teen Chef Canada<\/span><\/div>\n                        <h1 class=\"title\"><\/h1>\n                        <p>Cuisiner, jouer et apprendre : c&#039;est le <em>Chef virtuel pour adolescents<\/em>! Mettons-nous la main \u00e0 la p\u00e2te sur ce cours de cuisine canadienne pendant que vous cuisinez avec votre anglais!<\/p>                        <div class=\"btn-section\">\n                                                                                <\/div>\n                    <\/div>\n                <\/div>\n            <\/div>\n        <\/div>\n    <\/div>\n    <\/div><\/div>\n<\/div>\n\n\t<\/div>\n<\/section>\n<section class=\"fw-main-row\"  >\n\t<div class=\"fw-container\">\n\t\t<div class=\"fw-row\">\n\t<div class=\"fw-col-xs-12\">\n\t\n\t<div class=\"fw-divider-space\" style=\"padding-top: 40px;\"><\/div>\n<\/div>\n<\/div>\n\n\t<\/div>\n<\/section>\n<section class=\"fw-main-row\" style=\"background-color:#ffffff;\" >\n\t<div class=\"fw-container-fluid\">\n\t\t<div class=\"fw-row\">\n\t<div class=\"fw-col-xs-12 fw-col-sm-2\">\n\t<\/div>\n<div class=\"fw-col-xs-12 fw-col-sm-8\">\n\t<div class=\"fw-accordion\">\n\t\t\t<h3 class=\"fw-accordion-title\">Indiqu\u00e9 pour<\/h3>\n\t\t<div class=\"fw-accordion-content\">\n\t\t\t<p>Etudiants de 12 \u00e0 16 ans.<\/p>\n\t\t<\/div>\n\t\t\t<h3 class=\"fw-accordion-title\">Langue<\/h3>\n\t\t<div class=\"fw-accordion-content\">\n\t\t\t<p>Anglais - niveau de base-interm\u00e9diaire.<\/p>\n\t\t<\/div>\n\t\t\t<h3 class=\"fw-accordion-title\">Local<\/h3>\n\t\t<div class=\"fw-accordion-content\">\n\t\t\t<p>En ligne, via Zoom.<\/p>\n\t\t<\/div>\n\t\t\t<h3 class=\"fw-accordion-title\">Investissement<\/h3>\n\t\t<div class=\"fw-accordion-content\">\n\t\t\t<p>CAD$ 330,00.<\/p>\n\t\t<\/div>\n\t\t\t<h3 class=\"fw-accordion-title\">Date<\/h3>\n\t\t<div class=\"fw-accordion-content\">\n\t\t\t<p>Disponible pour juillet\/20, avec 08 cours, 02 par semaine (toujours les mardis et jeudis).<\/p>\n\t\t<\/div>\n\t<\/div><\/div>\n<div class=\"fw-col-xs-12 fw-col-sm-2\">\n\t<\/div>\n<\/div>\n\n\t<\/div>\n<\/section>\n<section class=\"fw-main-row\"  >\n\t<div class=\"fw-container\">\n\t\t<div class=\"fw-row\">\n\t<div class=\"fw-col-xs-12\">\n\t\n\t<div class=\"fw-divider-space\" style=\"padding-top: 30px;\"><\/div>\n<\/div>\n<\/div>\n\n\t<\/div>\n<\/section>\n<section class=\"fw-main-row\" style=\"background-color:#f3f7fe;\" >\n\t<div class=\"fw-container-fluid\">\n\t\t<div class=\"fw-row\">\n\t<div class=\"fw-col-xs-12\">\n\t       \n<div id=\"why-us\" class=\"\">\n    <div class=\"row\">\n                    <div class=\"col-xs-12 col-sm-12 col-md-5 col-xl-6 col-lg-6 why-us-left-bg\" style=\"background-image:url(\/\/cancampus.ca\/wp-content\/uploads\/2020\/06\/7424.jpg);\">\n            <\/div>\n            <div class=\"col-xs-12 col-sm-12 col-md-7 col-xl-6 col-lg-6 wrap-padding bg-img-left\">\n                <div class=\"section-title\">\n                    <div>\n                        <span>Le programme<\/span>\n                        <h3>Cuisiner! S&#039;amuser! Apprendre!<\/h3>\n                    <\/div>\n                <\/div>\n                                    <div class=\"about_content\">\n                        <p><strong>Teen Chef Canada!<\/strong><\/p><p>Pas d&#039;horaire pour les vacances de juillet ?<br \/>Nous avons une d\u00e9licieuse suggestion!<\/p><p>LES <em>CanCampus<\/em> avec le <em>\u00c9tudier \u00e0 l&#039;\u00e9tranger au Canada<\/em> vous propose un cours d&#039;anglais pendant que vous cuisinez !<\/p><p>C&#039;est une fa\u00e7on interactive d&#039;am\u00e9liorer la langue anglaise, de cuisiner avec des participants du monde entier tout en d\u00e9couvrant la cuisine et la culture canadiennes.<\/p><p>Pendant le cours, les \u00e9tudiants se concentreront sur le vocabulaire, les strat\u00e9gies sur la fa\u00e7on d&#039;exprimer leurs id\u00e9es en cuisinant, en jouant, entre autres activit\u00e9s o\u00f9 ils devront parler, lire et \u00e9crire.<\/p>                                            <\/div>\n                            <\/div>\n                    <\/div>\n<\/div>\n<\/div>\n<\/div>\n\n\t<\/div>\n<\/section>\n<section class=\"fw-main-row\" style=\"background-color:#f3f7fe;\" >\n\t<div class=\"fw-container-fluid\">\n\t\t<div class=\"fw-row\">\n\t<div class=\"fw-col-xs-12\">\n\t\n<div id=\"why-us\" class=\"\">\n    <div class=\"row\">\n                            <div class=\"col-xs-12 col-sm-12 col-md-7 col-xl-6 col-lg-6 wrap-padding bg-img-right\">\n                <div class=\"section-title\">\n                    <div>\n                        <span>Cuisinez, jouez et apprenez<\/span>\n                        <h3>\u00c0 propos du programme<\/h3>\n                    <\/div>\n                <\/div>\n                                    <div class=\"about_content\">\n                        <p><strong>Indiqu\u00e9 pour<\/strong> participants entre 12 et 16 ans.<\/p><p><strong>Prix<\/strong>: CAD$330.00 \u00e0 payer le 01\/07\/2020 (montant non remboursable).<\/p><p><strong>Dates des cours<\/strong>: Toujours les mardis et jeudis de juillet\/2020, commen\u00e7ant le 7 et se terminant le 30.<\/p><p><strong>le moment d&#039;aller en classe<\/strong>: de 9h00 \u00e0 11h30 (heure de Brasilia)<\/p><p><strong>Inscriptions<\/strong>: Contactez-nous pour postuler.<\/p><p><strong>Inscription jusqu&#039;au<\/strong>: 30\/06\/2020.<\/p><p>Les places sont limit\u00e9es !<\/p>                                            <\/div>\n                            <\/div>\n            <div class=\"col-xs-12 col-sm-12 col-md-5 col-xl-6 col-lg-6 why-us-left-bg\" style=\"background-image:url(\/\/cancampus.ca\/wp-content\/uploads\/2020\/06\/8222-1.jpg);\">\n            <\/div>\n            <\/div>\n<\/div>\n<\/div>\n<\/div>\n\n\t<\/div>\n<\/section>\n<section class=\"fw-main-row\" style=\"background-color:#ffffff;background-image:url(http:\/\/box5226.temp.domains\/~cancampu\/wp-content\/uploads\/2020\/01\/2335523-scaled.jpg);\" >\n\t<div class=\"fw-container\">\n\t\t<div class=\"fw-row\">\n\t<div class=\"fw-col-xs-12\">\n\t\n\t<div class=\"fw-divider-space\" style=\"padding-top: 100px;\"><\/div>\n<\/div>\n<\/div>\n\n<div class=\"fw-row\">\n\t<div class=\"fw-col-xs-12\">\n\t<div class=\"text-block post-heading-center section-title mb-60\">\n\t<span>S\u00e9curisez votre place maintenant!<\/span>\n\t<h2><\/h2>\n\t<\/div>\n<\/div>\n<\/div>\n\n<div class=\"fw-row\">\n\t<div class=\"fw-col-xs-12 fw-col-sm-6\">\n\t<p>\n<div class=\"wpcf7 no-js\" id=\"wpcf7-f4-o1\" lang=\"en-US\" dir=\"ltr\" data-wpcf7-id=\"4\">\n<div class=\"screen-reader-response\"><p role=\"status\" aria-live=\"polite\" aria-atomic=\"true\"><\/p> <ul><\/ul><\/div>\n<form action=\"\/fr\/wp-json\/wp\/v2\/pages\/3697#wpcf7-f4-o1\" method=\"post\" class=\"wpcf7-form init\" aria-label=\"Contact form\" novalidate=\"novalidate\" data-status=\"init\" data-trp-original-action=\"\/fr\/wp-json\/wp\/v2\/pages\/3697#wpcf7-f4-o1\">\n<fieldset class=\"hidden-fields-container\"><input type=\"hidden\" name=\"_wpcf7\" value=\"4\" \/><input type=\"hidden\" name=\"_wpcf7_version\" value=\"6.1.3\" \/><input type=\"hidden\" name=\"_wpcf7_locale\" value=\"en_US\" \/><input type=\"hidden\" name=\"_wpcf7_unit_tag\" value=\"wpcf7-f4-o1\" \/><input type=\"hidden\" name=\"_wpcf7_container_post\" value=\"0\" \/><input type=\"hidden\" name=\"_wpcf7_posted_data_hash\" value=\"\" \/>\n<\/fieldset>\n<div class=\"row\">\n\t<div class=\"col-lg-6 col-md-6 col-sm-6 col-xs-12\">\n\t\t<p><span class=\"wpcf7-form-control-wrap\" data-name=\"text-498\"><input size=\"40\" maxlength=\"400\" class=\"wpcf7-form-control wpcf7-text wpcf7-validates-as-required require\" aria-required=\"true\" aria-invalid=\"false\" placeholder=\"Nom\" value=\"\" type=\"text\" name=\"text-498\" \/><\/span>\n\t\t<\/p>\n\t<\/div>\n\t<div class=\"col-lg-6 col-md-6 col-sm-6 col-xs-12\">\n\t\t<p><span class=\"wpcf7-form-control-wrap\" data-name=\"text-41\"><input size=\"40\" maxlength=\"400\" class=\"wpcf7-form-control wpcf7-text wpcf7-validates-as-required require\" aria-required=\"true\" aria-invalid=\"false\" placeholder=\"Votre-e-mail\" value=\"\" type=\"text\" name=\"text-41\" \/><\/span>\n\t\t<\/p>\n\t<\/div>\n\t<div class=\"col-lg-6 col-md-6 col-sm-6 col-xs-12\">\n\t\t<p><span class=\"wpcf7-form-control-wrap\" data-name=\"tel-81\"><input size=\"40\" maxlength=\"400\" class=\"wpcf7-form-control wpcf7-tel wpcf7-validates-as-required wpcf7-text wpcf7-validates-as-tel require\" aria-required=\"true\" aria-invalid=\"false\" placeholder=\"T\u00e9l\u00e9phone\" value=\"\" type=\"tel\" name=\"tel-81\" \/><\/span>\n\t\t<\/p>\n\t<\/div>\n\t<div class=\"col-lg-6 col-md-6 col-sm-6 col-xs-12\">\n\t\t<p><span class=\"wpcf7-form-control-wrap\" data-name=\"textarea-641\"><textarea cols=\"40\" rows=\"10\" maxlength=\"2000\" class=\"wpcf7-form-control wpcf7-textarea wpcf7-validates-as-required\" aria-required=\"true\" aria-invalid=\"false\" placeholder=\"Votre message\" name=\"textarea-641\"><\/textarea><\/span>\n\t\t<\/p>\n\t<\/div>\n\t<div class=\"col-lg-6 col-md-6 col-sm-6 col-xs-12\">\n\t\t<p><input class=\"wpcf7-form-control wpcf7-submit has-spinner prt_btn submitForm\" type=\"submit\" value=\"envoyer\" \/>\n\t\t<\/p>\n\t<\/div>\n<\/div><input type='hidden' class='wpcf7-pum' value='{\"closepopup\":false,\"closedelay\":0,\"openpopup\":false,\"openpopup_id\":0}' \/><div class=\"wpcf7-response-output\" aria-hidden=\"true\"><\/div>\n<input type=\"hidden\" name=\"trp-form-language\" value=\"fr\"\/><\/form>\n<\/div>\n<\/p><\/div>\n<div class=\"fw-col-xs-12 fw-col-sm-6\">\n\t<\/div>\n<\/div>\n\n\t<\/div>\n<\/section>\n<\/p>","protected":false},"excerpt":{"rendered":"<p>Virtual Teen Chef Canada Cozinhar, jogar e aprender: este \u00e9 o Virtual Teen Chef! Vamos colocar a m\u00e3o na massa [&hellip;]<\/p>","protected":false},"author":2,"featured_media":0,"parent":3039,"menu_order":0,"comment_status":"closed","ping_status":"closed","template":"template-parts\/lernen-pagefullwidth.php","meta":{"_joinchat":{"telephone":"+5531982119111","message_send":"Ol\u00e1. Gostaria de receber maiores informa\u00e7\u00f5es?"},"footnotes":""},"class_list":["post-3697","page","type-page","status-publish","hentry"],"yoast_head":"<!-- This site is optimized with the Yoast SEO plugin v27.2 - https:\/\/yoast.com\/product\/yoast-seo-wordpress\/ -->\n<title>Virtual Teen Chef - CanCampus<\/title>\n<meta name=\"robots\" content=\"index, follow, max-snippet:-1, max-image-preview:large, max-video-preview:-1\" \/>\n<link rel=\"canonical\" href=\"https:\/\/cancampus.ca\/fr\/programas\/english-cooking-lessons\/\" \/>\n<meta property=\"og:locale\" content=\"fr_FR\" \/>\n<meta property=\"og:type\" content=\"article\" \/>\n<meta property=\"og:title\" content=\"Virtual Teen Chef - CanCampus\" \/>\n<meta property=\"og:description\" content=\"Virtual Teen Chef Canada Cozinhar, jogar e aprender: este \u00e9 o Virtual Teen Chef! Vamos colocar a m\u00e3o na massa [&hellip;]\" \/>\n<meta property=\"og:url\" content=\"https:\/\/cancampus.ca\/fr\/programas\/english-cooking-lessons\/\" \/>\n<meta property=\"og:site_name\" content=\"CanCampus\" \/>\n<meta property=\"article:publisher\" content=\"https:\/\/www.facebook.com\/cancampus.ca\" \/>\n<meta property=\"article:modified_time\" content=\"2021-09-03T21:41:12+00:00\" \/>\n<meta property=\"og:image\" content=\"https:\/\/box5226.temp.domains\/~cancampu\/wp-content\/uploads\/2020\/01\/2335523-scaled-300x200.jpg\" \/>\n<meta name=\"twitter:card\" content=\"summary_large_image\" \/>\n<meta name=\"twitter:label1\" content=\"Dur\u00e9e de lecture estim\u00e9e\" \/>\n\t<meta name=\"twitter:data1\" content=\"3 minutes\" \/>\n<script type=\"application\/ld+json\" class=\"yoast-schema-graph\">{\"@context\":\"https:\/\/schema.org\",\"@graph\":[{\"@type\":\"WebPage\",\"@id\":\"https:\/\/cancampus.ca\/fr\/programas\/english-cooking-lessons\/\",\"url\":\"https:\/\/cancampus.ca\/fr\/programas\/english-cooking-lessons\/\",\"name\":\"Virtual Teen Chef - CanCampus\",\"isPartOf\":{\"@id\":\"https:\/\/cancampus.ca\/#website\"},\"primaryImageOfPage\":{\"@id\":\"https:\/\/cancampus.ca\/fr\/programas\/english-cooking-lessons\/#primaryimage\"},\"image\":{\"@id\":\"https:\/\/cancampus.ca\/fr\/programas\/english-cooking-lessons\/#primaryimage\"},\"thumbnailUrl\":\"https:\/\/box5226.temp.domains\/~cancampu\/wp-content\/uploads\/2020\/01\/2335523-scaled-300x200.jpg\",\"datePublished\":\"2020-06-19T19:56:03+00:00\",\"dateModified\":\"2021-09-03T21:41:12+00:00\",\"breadcrumb\":{\"@id\":\"https:\/\/cancampus.ca\/fr\/programas\/english-cooking-lessons\/#breadcrumb\"},\"inLanguage\":\"fr-FR\",\"potentialAction\":[{\"@type\":\"ReadAction\",\"target\":[\"https:\/\/cancampus.ca\/fr\/programas\/english-cooking-lessons\/\"]}]},{\"@type\":\"ImageObject\",\"inLanguage\":\"fr-FR\",\"@id\":\"https:\/\/cancampus.ca\/fr\/programas\/english-cooking-lessons\/#primaryimage\",\"url\":\"https:\/\/box5226.temp.domains\/~cancampu\/wp-content\/uploads\/2020\/01\/2335523-scaled-300x200.jpg\",\"contentUrl\":\"https:\/\/box5226.temp.domains\/~cancampu\/wp-content\/uploads\/2020\/01\/2335523-scaled-300x200.jpg\"},{\"@type\":\"BreadcrumbList\",\"@id\":\"https:\/\/cancampus.ca\/fr\/programas\/english-cooking-lessons\/#breadcrumb\",\"itemListElement\":[{\"@type\":\"ListItem\",\"position\":1,\"name\":\"In\u00edcio\",\"item\":\"https:\/\/cancampus.ca\/\"},{\"@type\":\"ListItem\",\"position\":2,\"name\":\"Programas\",\"item\":\"https:\/\/cancampus.ca\/en\/programas\/\"},{\"@type\":\"ListItem\",\"position\":3,\"name\":\"Virtual Teen Chef\"}]},{\"@type\":\"WebSite\",\"@id\":\"https:\/\/cancampus.ca\/#website\",\"url\":\"https:\/\/cancampus.ca\/\",\"name\":\"CanCampus - Experince Learning!\",\"description\":\"Experience Learning!\",\"publisher\":{\"@id\":\"https:\/\/cancampus.ca\/#organization\"},\"potentialAction\":[{\"@type\":\"SearchAction\",\"target\":{\"@type\":\"EntryPoint\",\"urlTemplate\":\"https:\/\/cancampus.ca\/?s={search_term_string}\"},\"query-input\":{\"@type\":\"PropertyValueSpecification\",\"valueRequired\":true,\"valueName\":\"search_term_string\"}}],\"inLanguage\":\"fr-FR\"},{\"@type\":\"Organization\",\"@id\":\"https:\/\/cancampus.ca\/#organization\",\"name\":\"CanCampus Canada\",\"url\":\"https:\/\/cancampus.ca\/\",\"logo\":{\"@type\":\"ImageObject\",\"inLanguage\":\"fr-FR\",\"@id\":\"https:\/\/cancampus.ca\/#\/schema\/logo\/image\/\",\"url\":\"http:\/\/box5226.temp.domains\/~cancampu\/wp-content\/uploads\/2020\/03\/13.png\",\"contentUrl\":\"http:\/\/box5226.temp.domains\/~cancampu\/wp-content\/uploads\/2020\/03\/13.png\",\"width\":3072,\"height\":1536,\"caption\":\"CanCampus Canada\"},\"image\":{\"@id\":\"https:\/\/cancampus.ca\/#\/schema\/logo\/image\/\"},\"sameAs\":[\"https:\/\/www.facebook.com\/cancampus.ca\",\"https:\/\/www.instagram.com\/cancampus_ca\/\",\"https:\/\/www.linkedin.com\/in\/cancampus\/\"]}]}<\/script>\n<!-- \/ Yoast SEO plugin. -->","yoast_head_json":{"title":"Chef virtuel pour adolescents - CanCampus","robots":{"index":"index","follow":"follow","max-snippet":"max-snippet:-1","max-image-preview":"max-image-preview:large","max-video-preview":"max-video-preview:-1"},"canonical":"https:\/\/cancampus.ca\/fr\/programas\/english-cooking-lessons\/","og_locale":"fr_FR","og_type":"article","og_title":"Virtual Teen Chef - CanCampus","og_description":"Virtual Teen Chef Canada Cozinhar, jogar e aprender: este \u00e9 o Virtual Teen Chef! Vamos colocar a m\u00e3o na massa [&hellip;]","og_url":"https:\/\/cancampus.ca\/fr\/programas\/english-cooking-lessons\/","og_site_name":"CanCampus","article_publisher":"https:\/\/www.facebook.com\/cancampus.ca","article_modified_time":"2021-09-03T21:41:12+00:00","og_image":[{"url":"https:\/\/box5226.temp.domains\/~cancampu\/wp-content\/uploads\/2020\/01\/2335523-scaled-300x200.jpg","type":"","width":"","height":""}],"twitter_card":"summary_large_image","twitter_misc":{"Dur\u00e9e de lecture estim\u00e9e":"3 minutes"},"schema":{"@context":"https:\/\/schema.org","@graph":[{"@type":"WebPage","@id":"https:\/\/cancampus.ca\/fr\/programas\/english-cooking-lessons\/","url":"https:\/\/cancampus.ca\/fr\/programas\/english-cooking-lessons\/","name":"Chef virtuel pour adolescents - CanCampus","isPartOf":{"@id":"https:\/\/cancampus.ca\/#website"},"primaryImageOfPage":{"@id":"https:\/\/cancampus.ca\/fr\/programas\/english-cooking-lessons\/#primaryimage"},"image":{"@id":"https:\/\/cancampus.ca\/fr\/programas\/english-cooking-lessons\/#primaryimage"},"thumbnailUrl":"https:\/\/box5226.temp.domains\/~cancampu\/wp-content\/uploads\/2020\/01\/2335523-scaled-300x200.jpg","datePublished":"2020-06-19T19:56:03+00:00","dateModified":"2021-09-03T21:41:12+00:00","breadcrumb":{"@id":"https:\/\/cancampus.ca\/fr\/programas\/english-cooking-lessons\/#breadcrumb"},"inLanguage":"fr-FR","potentialAction":[{"@type":"ReadAction","target":["https:\/\/cancampus.ca\/fr\/programas\/english-cooking-lessons\/"]}]},{"@type":"ImageObject","inLanguage":"fr-FR","@id":"https:\/\/cancampus.ca\/fr\/programas\/english-cooking-lessons\/#primaryimage","url":"https:\/\/box5226.temp.domains\/~cancampu\/wp-content\/uploads\/2020\/01\/2335523-scaled-300x200.jpg","contentUrl":"https:\/\/box5226.temp.domains\/~cancampu\/wp-content\/uploads\/2020\/01\/2335523-scaled-300x200.jpg"},{"@type":"BreadcrumbList","@id":"https:\/\/cancampus.ca\/fr\/programas\/english-cooking-lessons\/#breadcrumb","itemListElement":[{"@type":"ListItem","position":1,"name":"In\u00edcio","item":"https:\/\/cancampus.ca\/"},{"@type":"ListItem","position":2,"name":"Programas","item":"https:\/\/cancampus.ca\/en\/programas\/"},{"@type":"ListItem","position":3,"name":"Virtual Teen Chef"}]},{"@type":"WebSite","@id":"https:\/\/cancampus.ca\/#website","url":"https:\/\/cancampus.ca\/","name":"CanCampus - Exp\u00e9rimentez l&#039;apprentissage\u00a0!","description":"Exp\u00e9rimentez l&#039;apprentissage\u00a0!","publisher":{"@id":"https:\/\/cancampus.ca\/#organization"},"potentialAction":[{"@type":"SearchAction","target":{"@type":"EntryPoint","urlTemplate":"https:\/\/cancampus.ca\/?s={search_term_string}"},"query-input":{"@type":"PropertyValueSpecification","valueRequired":true,"valueName":"search_term_string"}}],"inLanguage":"fr-FR"},{"@type":"Organization","@id":"https:\/\/cancampus.ca\/#organization","name":"CanCampus Canada","url":"https:\/\/cancampus.ca\/","logo":{"@type":"ImageObject","inLanguage":"fr-FR","@id":"https:\/\/cancampus.ca\/#\/schema\/logo\/image\/","url":"http:\/\/box5226.temp.domains\/~cancampu\/wp-content\/uploads\/2020\/03\/13.png","contentUrl":"http:\/\/box5226.temp.domains\/~cancampu\/wp-content\/uploads\/2020\/03\/13.png","width":3072,"height":1536,"caption":"CanCampus Canada"},"image":{"@id":"https:\/\/cancampus.ca\/#\/schema\/logo\/image\/"},"sameAs":["https:\/\/www.facebook.com\/cancampus.ca","https:\/\/www.instagram.com\/cancampus_ca\/","https:\/\/www.linkedin.com\/in\/cancampus\/"]}]}},"_links":{"self":[{"href":"https:\/\/cancampus.ca\/fr\/wp-json\/wp\/v2\/pages\/3697","targetHints":{"allow":["GET"]}}],"collection":[{"href":"https:\/\/cancampus.ca\/fr\/wp-json\/wp\/v2\/pages"}],"about":[{"href":"https:\/\/cancampus.ca\/fr\/wp-json\/wp\/v2\/types\/page"}],"author":[{"embeddable":true,"href":"https:\/\/cancampus.ca\/fr\/wp-json\/wp\/v2\/users\/2"}],"replies":[{"embeddable":true,"href":"https:\/\/cancampus.ca\/fr\/wp-json\/wp\/v2\/comments?post=3697"}],"version-history":[{"count":0,"href":"https:\/\/cancampus.ca\/fr\/wp-json\/wp\/v2\/pages\/3697\/revisions"}],"up":[{"embeddable":true,"href":"https:\/\/cancampus.ca\/fr\/wp-json\/wp\/v2\/pages\/3039"}],"wp:attachment":[{"href":"https:\/\/cancampus.ca\/fr\/wp-json\/wp\/v2\/media?parent=3697"}],"curies":[{"name":"wp","href":"https:\/\/api.w.org\/{rel}","templated":true}]}}