{"id":4297,"date":"2020-08-24T18:59:24","date_gmt":"2020-08-24T21:59:24","guid":{"rendered":"http:\/\/box5226.temp.domains\/~cancampu\/?page_id=4297"},"modified":"2024-10-09T07:41:47","modified_gmt":"2024-10-09T11:41:47","slug":"regular-term-courses","status":"publish","type":"page","link":"https:\/\/cancampus.ca\/fr\/programas\/regular-term-courses\/","title":{"rendered":"Les universit\u00e9s"},"content":{"rendered":"<p><section class=\"fw-main-row\"  >\n\t<div class=\"fw-container-fluid\">\n\t\t<div class=\"fw-row\">\n\t<div class=\"fw-col-xs-12\">\n\t\n<div class=\"owl-carousel owl-theme\">\n                     <div class=\"equal-margin header-content\" role=\"banner\" style=\"background-image:url(\/\/cancampus.ca\/wp-content\/uploads\/2020\/08\/Canva-Blue-and-Gold-Cover-Book-on-Brown-Wooden-Shelf-scaled.jpg);\">\n                <div class=\"container\">\n            <div class=\"row\">\n                <div class=\"col-xs-12 col-sm-12 header-area\">\n                    <div class=\"header-area-inner header-text\">\n                        <div><span class=\"subtitle\"><span class=\"\"><\/span>Les universit\u00e9s<\/span><\/div>\n                        <h1 class=\"title\"><\/h1>\n                        <p>A vous qui souhaitez exercer une profession internationale.<\/p>                        <div class=\"btn-section\">\n                                                                                <\/div>\n                    <\/div>\n                <\/div>\n            <\/div>\n        <\/div>\n    <\/div>\n    <\/div><\/div>\n<\/div>\n\n\t<\/div>\n<\/section>\n<section class=\"fw-main-row\"  >\n\t<div class=\"fw-container\">\n\t\t<div class=\"fw-row\">\n\t<div class=\"fw-col-xs-12\">\n\t\n\t<div class=\"fw-divider-space\" style=\"padding-top: 40px;\"><\/div>\n       <div class=\"text-block post-heading-center section-title mb-60\">\n\t<span><\/span>\n\t<h2><\/h2>\n\t\t\t<p>\u00c9tudier &quot;Coll\u00e8ge&quot; ou Universit\u00e9, jusqu&#039;\u00e0 un dipl\u00f4me postdoctoral, au Canada est accessible et sans trop de bureaucratie.<\/p><p>&nbsp;<\/p><table width=\"573\"><tbody><tr><td style=\"text-align: center;\" width=\"100\">Taper<\/td><td width=\"67\">Se concentrer<\/td><td width=\"203\">Dur\u00e9e<\/td><td width=\"203\">Indiqu\u00e9 pour<\/td><\/tr><tr><td width=\"100\">Universit\u00e9<\/td><td width=\"67\">Programmes acad\u00e9miques et professionnels<\/td><td width=\"203\">Entre 03 \u00e0 04 ans<\/td><td width=\"203\">Pour les futurs professionnels en qu\u00eate d&#039;am\u00e9lioration de carri\u00e8re et de domaines de recherche<\/td><\/tr><tr><td width=\"100\">Universit\u00e9<\/td><td width=\"67\">Technicien<\/td><td width=\"203\">Entre 01 et 03 ans<\/td><td width=\"203\">Pour les futurs professionnels \u00e0 la recherche d&#039;une entr\u00e9e rapide sur le march\u00e9 du travail<\/td><\/tr><\/tbody><\/table><p>&nbsp;<\/p><p>Ensemble, nous planifierons avec toutes les exigences n\u00e9cessaires de mani\u00e8re simple et pratique pour que vous puissiez r\u00e9aliser cette exp\u00e9rience internationale.<\/p><p>&nbsp;<\/p><p>Notre objectif est de travailler sur votre profil, d&#039;analyser vos besoins, de pr\u00e9senter des villes et des \u00ab Coll\u00e8ges \u00bb ou Universit\u00e9s align\u00e9s sur vos attentes.\u00a0<\/p><p>&nbsp;<\/p><p>Pour ceux qui ont besoin d&#039;am\u00e9liorer leur anglais pour entrer dans les \u00e9tablissements canadiens, CanCampus peut \u00e9galement vous aider \u00e0 atteindre vos objectifs.<\/p><p>&nbsp;<\/p><p>&nbsp;<\/p><p>Cliquez et apprenez-en plus.<\/p>\t<\/div>\n<\/div>\n<\/div>\n\n<div class=\"fw-row\">\n\t<div class=\"fw-col-xs-12 fw-col-sm-3\">\n\t<\/div>\n<div class=\"fw-col-xs-12 fw-col-sm-3\">\n\t<div class=\"text-block post-heading-center section-title mb-60\">\n\t<span><\/span>\n\t<h2><\/h2>\n\t\t\t<p><a href=\"https:\/\/cancampus.ca\/fr\/programas\/arts-courses\/\">Arts &amp; Musique<\/a><\/p><p><a href=\"https:\/\/cancampus.ca\/fr\/programas\/human-social-sciences\/\">Sciences Humaines &amp; Sociales<\/a><\/p><p><a href=\"https:\/\/cancampus.ca\/fr\/programas\/health-sciences\/\">Sciences m\u00e9dicales<\/a><\/p><p><a href=\"https:\/\/cancampus.ca\/fr\/programas\/nature-sciences\/\">Sciences naturelles<\/a><\/p>\t<\/div>\n<\/div>\n<div class=\"fw-col-xs-12 fw-col-sm-3\">\n\t<div class=\"text-block post-heading-center section-title mb-60\">\n\t<span><\/span>\n\t<h2><\/h2>\n\t\t\t<p><a href=\"https:\/\/cancampus.ca\/fr\/programas\/law\/\">Droit et domaines connexes<\/a><\/p><p><a href=\"https:\/\/cancampus.ca\/fr\/programas\/engineering\/\">Ing\u00e9nierie<\/a><\/p><p><a href=\"https:\/\/cancampus.ca\/fr\/programas\/education-courses\/\">Education &amp; Didactique<\/a><\/p><p><a href=\"https:\/\/cancampus.ca\/fr\/programas\/business-courses\/\">TI &amp; TIC<\/a><\/p>\t<\/div>\n<\/div>\n<div class=\"fw-col-xs-12 fw-col-sm-3\">\n\t<\/div>\n<\/div>\n\n\t<\/div>\n<\/section>\n<section class=\"fw-main-row\" style=\"background-color:#ee8320;\" >\n\t<div class=\"fw-container\">\n\t\t<div class=\"fw-row\">\n\t<div class=\"fw-col-xs-12\">\n\t\n\n<div id=\"instructor\" class=\"call-to-action-area\">\n    <div class=\"container\">\n        <div class=\"row justify-content-xl-between justify-content-lg-center justify-content-center\">\n            <div class=\"col-xl-6 col-lg-7 col-md-10\">\n                <div class=\"call-to-action-content\">\n                    <div class=\"post-heading-left\">\n                        <h3 class=\"text-white\">achetez votre programme<\/h3>\n                    <\/div>\n                    <div class=\"text-white\">\n                                                    <p>Un bon cours en ligne, pratiquer la langue anglaise avec des locuteurs natifs, d\u00e9velopper votre c\u00f4t\u00e9 artistique et dans le confort de votre foyer, est une opportunit\u00e9 unique pour votre exp\u00e9rience.<\/p>                                            <\/div>\n                    <div class=\"call-to-action-btn\">\n                                                    <a href=\"https:\/\/cancampus.ca\/fr\/contato\/\">\n                                Obtenez votre programme! <i class=\"fas fa-arrow-right\"><\/i><\/a>\n                                            <\/div>\n                <\/div>\n            <\/div>\n                            <div class=\"col-xl-5 col-lg-0\">\n                    <div class=\"part-img\">\n                        <img decoding=\"async\" src=\"\/\/cancampus.ca\/wp-content\/uploads\/2020\/01\/instructor.png\"  alt=\"achetez votre programme\"\/>\n                    <\/div>\n                <\/div>\n                    <\/div>\n    <\/div>\n<\/div><\/div>\n<\/div>\n\n\t<\/div>\n<\/section>\n<\/p>","protected":false},"excerpt":{"rendered":"<p>Universidades A voc\u00ea que deseja seguir com uma profiss\u00e3o internacional. Cursar &#8220;College&#8221; ou Universidade, at\u00e9 um p\u00f3s-doutorado, no Canad\u00e1 \u00e9 [&hellip;]<\/p>","protected":false},"author":2,"featured_media":0,"parent":3039,"menu_order":0,"comment_status":"closed","ping_status":"closed","template":"template-parts\/lernen-pagefullwidth.php","meta":{"_joinchat":{"telephone":"+5511988262414","message_send":"Ol\u00e1. Gostaria de receber maiores informa\u00e7\u00f5es?"},"footnotes":""},"class_list":["post-4297","page","type-page","status-publish","hentry"],"yoast_head":"<!-- This site is optimized with the Yoast SEO plugin v27.2 - https:\/\/yoast.com\/product\/yoast-seo-wordpress\/ -->\n<title>Universidades - CanCampus<\/title>\n<meta name=\"robots\" content=\"index, follow, max-snippet:-1, max-image-preview:large, max-video-preview:-1\" \/>\n<link rel=\"canonical\" href=\"http:\/\/cancampus.ca\/fr\/programas\/regular-term-courses\/\" \/>\n<meta property=\"og:locale\" content=\"fr_FR\" \/>\n<meta property=\"og:type\" content=\"article\" \/>\n<meta property=\"og:title\" content=\"Universidades - CanCampus\" \/>\n<meta property=\"og:description\" content=\"Universidades A voc\u00ea que deseja seguir com uma profiss\u00e3o internacional. Cursar &quot;College&quot; ou Universidade, at\u00e9 um p\u00f3s-doutorado, no Canad\u00e1 \u00e9 [&hellip;]\" \/>\n<meta property=\"og:url\" content=\"http:\/\/cancampus.ca\/fr\/programas\/regular-term-courses\/\" \/>\n<meta property=\"og:site_name\" content=\"CanCampus\" \/>\n<meta property=\"article:publisher\" content=\"https:\/\/www.facebook.com\/cancampus.ca\" \/>\n<meta property=\"article:modified_time\" content=\"2024-10-09T11:41:47+00:00\" \/>\n<meta name=\"twitter:card\" content=\"summary_large_image\" \/>\n<meta name=\"twitter:label1\" content=\"Dur\u00e9e de lecture estim\u00e9e\" \/>\n\t<meta name=\"twitter:data1\" content=\"2 minutes\" \/>\n<script type=\"application\/ld+json\" class=\"yoast-schema-graph\">{\"@context\":\"https:\/\/schema.org\",\"@graph\":[{\"@type\":\"WebPage\",\"@id\":\"http:\/\/cancampus.ca\/programas\/regular-term-courses\/\",\"url\":\"http:\/\/cancampus.ca\/programas\/regular-term-courses\/\",\"name\":\"Universidades - CanCampus\",\"isPartOf\":{\"@id\":\"https:\/\/cancampus.ca\/#website\"},\"datePublished\":\"2020-08-24T21:59:24+00:00\",\"dateModified\":\"2024-10-09T11:41:47+00:00\",\"breadcrumb\":{\"@id\":\"http:\/\/cancampus.ca\/programas\/regular-term-courses\/#breadcrumb\"},\"inLanguage\":\"fr-FR\",\"potentialAction\":[{\"@type\":\"ReadAction\",\"target\":[\"http:\/\/cancampus.ca\/programas\/regular-term-courses\/\"]}]},{\"@type\":\"BreadcrumbList\",\"@id\":\"http:\/\/cancampus.ca\/programas\/regular-term-courses\/#breadcrumb\",\"itemListElement\":[{\"@type\":\"ListItem\",\"position\":1,\"name\":\"In\u00edcio\",\"item\":\"https:\/\/cancampus.ca\/\"},{\"@type\":\"ListItem\",\"position\":2,\"name\":\"Programas\",\"item\":\"https:\/\/cancampus.ca\/en\/programas\/\"},{\"@type\":\"ListItem\",\"position\":3,\"name\":\"Universidades\"}]},{\"@type\":\"WebSite\",\"@id\":\"https:\/\/cancampus.ca\/#website\",\"url\":\"https:\/\/cancampus.ca\/\",\"name\":\"CanCampus - Experince Learning!\",\"description\":\"Experience Learning!\",\"publisher\":{\"@id\":\"https:\/\/cancampus.ca\/#organization\"},\"potentialAction\":[{\"@type\":\"SearchAction\",\"target\":{\"@type\":\"EntryPoint\",\"urlTemplate\":\"https:\/\/cancampus.ca\/?s={search_term_string}\"},\"query-input\":{\"@type\":\"PropertyValueSpecification\",\"valueRequired\":true,\"valueName\":\"search_term_string\"}}],\"inLanguage\":\"fr-FR\"},{\"@type\":\"Organization\",\"@id\":\"https:\/\/cancampus.ca\/#organization\",\"name\":\"CanCampus Canada\",\"url\":\"https:\/\/cancampus.ca\/\",\"logo\":{\"@type\":\"ImageObject\",\"inLanguage\":\"fr-FR\",\"@id\":\"https:\/\/cancampus.ca\/#\/schema\/logo\/image\/\",\"url\":\"http:\/\/box5226.temp.domains\/~cancampu\/wp-content\/uploads\/2020\/03\/13.png\",\"contentUrl\":\"http:\/\/box5226.temp.domains\/~cancampu\/wp-content\/uploads\/2020\/03\/13.png\",\"width\":3072,\"height\":1536,\"caption\":\"CanCampus Canada\"},\"image\":{\"@id\":\"https:\/\/cancampus.ca\/#\/schema\/logo\/image\/\"},\"sameAs\":[\"https:\/\/www.facebook.com\/cancampus.ca\",\"https:\/\/www.instagram.com\/cancampus_ca\/\",\"https:\/\/www.linkedin.com\/in\/cancampus\/\"]}]}<\/script>\n<!-- \/ Yoast SEO plugin. -->","yoast_head_json":{"title":"Universit\u00e9s - CanCampus","robots":{"index":"index","follow":"follow","max-snippet":"max-snippet:-1","max-image-preview":"max-image-preview:large","max-video-preview":"max-video-preview:-1"},"canonical":"http:\/\/cancampus.ca\/fr\/programas\/regular-term-courses\/","og_locale":"fr_FR","og_type":"article","og_title":"Universidades - CanCampus","og_description":"Universidades A voc\u00ea que deseja seguir com uma profiss\u00e3o internacional. Cursar \"College\" ou Universidade, at\u00e9 um p\u00f3s-doutorado, no Canad\u00e1 \u00e9 [&hellip;]","og_url":"http:\/\/cancampus.ca\/fr\/programas\/regular-term-courses\/","og_site_name":"CanCampus","article_publisher":"https:\/\/www.facebook.com\/cancampus.ca","article_modified_time":"2024-10-09T11:41:47+00:00","twitter_card":"summary_large_image","twitter_misc":{"Dur\u00e9e de lecture estim\u00e9e":"2 minutes"},"schema":{"@context":"https:\/\/schema.org","@graph":[{"@type":"WebPage","@id":"http:\/\/cancampus.ca\/programas\/regular-term-courses\/","url":"http:\/\/cancampus.ca\/programas\/regular-term-courses\/","name":"Universit\u00e9s - CanCampus","isPartOf":{"@id":"https:\/\/cancampus.ca\/#website"},"datePublished":"2020-08-24T21:59:24+00:00","dateModified":"2024-10-09T11:41:47+00:00","breadcrumb":{"@id":"http:\/\/cancampus.ca\/programas\/regular-term-courses\/#breadcrumb"},"inLanguage":"fr-FR","potentialAction":[{"@type":"ReadAction","target":["http:\/\/cancampus.ca\/programas\/regular-term-courses\/"]}]},{"@type":"BreadcrumbList","@id":"http:\/\/cancampus.ca\/programas\/regular-term-courses\/#breadcrumb","itemListElement":[{"@type":"ListItem","position":1,"name":"In\u00edcio","item":"https:\/\/cancampus.ca\/"},{"@type":"ListItem","position":2,"name":"Programas","item":"https:\/\/cancampus.ca\/en\/programas\/"},{"@type":"ListItem","position":3,"name":"Universidades"}]},{"@type":"WebSite","@id":"https:\/\/cancampus.ca\/#website","url":"https:\/\/cancampus.ca\/","name":"CanCampus - Exp\u00e9rimentez l&#039;apprentissage\u00a0!","description":"Exp\u00e9rimentez l&#039;apprentissage\u00a0!","publisher":{"@id":"https:\/\/cancampus.ca\/#organization"},"potentialAction":[{"@type":"SearchAction","target":{"@type":"EntryPoint","urlTemplate":"https:\/\/cancampus.ca\/?s={search_term_string}"},"query-input":{"@type":"PropertyValueSpecification","valueRequired":true,"valueName":"search_term_string"}}],"inLanguage":"fr-FR"},{"@type":"Organization","@id":"https:\/\/cancampus.ca\/#organization","name":"CanCampus Canada","url":"https:\/\/cancampus.ca\/","logo":{"@type":"ImageObject","inLanguage":"fr-FR","@id":"https:\/\/cancampus.ca\/#\/schema\/logo\/image\/","url":"http:\/\/box5226.temp.domains\/~cancampu\/wp-content\/uploads\/2020\/03\/13.png","contentUrl":"http:\/\/box5226.temp.domains\/~cancampu\/wp-content\/uploads\/2020\/03\/13.png","width":3072,"height":1536,"caption":"CanCampus Canada"},"image":{"@id":"https:\/\/cancampus.ca\/#\/schema\/logo\/image\/"},"sameAs":["https:\/\/www.facebook.com\/cancampus.ca","https:\/\/www.instagram.com\/cancampus_ca\/","https:\/\/www.linkedin.com\/in\/cancampus\/"]}]}},"_links":{"self":[{"href":"https:\/\/cancampus.ca\/fr\/wp-json\/wp\/v2\/pages\/4297","targetHints":{"allow":["GET"]}}],"collection":[{"href":"https:\/\/cancampus.ca\/fr\/wp-json\/wp\/v2\/pages"}],"about":[{"href":"https:\/\/cancampus.ca\/fr\/wp-json\/wp\/v2\/types\/page"}],"author":[{"embeddable":true,"href":"https:\/\/cancampus.ca\/fr\/wp-json\/wp\/v2\/users\/2"}],"replies":[{"embeddable":true,"href":"https:\/\/cancampus.ca\/fr\/wp-json\/wp\/v2\/comments?post=4297"}],"version-history":[{"count":2,"href":"https:\/\/cancampus.ca\/fr\/wp-json\/wp\/v2\/pages\/4297\/revisions"}],"predecessor-version":[{"id":5334,"href":"https:\/\/cancampus.ca\/fr\/wp-json\/wp\/v2\/pages\/4297\/revisions\/5334"}],"up":[{"embeddable":true,"href":"https:\/\/cancampus.ca\/fr\/wp-json\/wp\/v2\/pages\/3039"}],"wp:attachment":[{"href":"https:\/\/cancampus.ca\/fr\/wp-json\/wp\/v2\/media?parent=4297"}],"curies":[{"name":"wp","href":"https:\/\/api.w.org\/{rel}","templated":true}]}}