{"id":4471,"date":"2020-12-14T15:29:17","date_gmt":"2020-12-14T18:29:17","guid":{"rendered":"http:\/\/box5226.temp.domains\/~cancampu\/?page_id=4471"},"modified":"2024-10-09T08:39:47","modified_gmt":"2024-10-09T12:39:47","slug":"cursos-certificados","status":"publish","type":"page","link":"https:\/\/cancampus.ca\/fr\/programas\/cursos-certificados\/","title":{"rendered":"Cours certifi\u00e9s"},"content":{"rendered":"<p><section class=\"fw-main-row\"  >\n\t<div class=\"fw-container-fluid\">\n\t\t<div class=\"fw-row\">\n\t<div class=\"fw-col-xs-12\">\n\t\n<div class=\"owl-carousel owl-theme\">\n                     <div class=\"header-content-full header-content\" role=\"banner\" style=\"background-image:url(\/\/cancampus.ca\/wp-content\/uploads\/2020\/12\/Design-sem-nome-38.png);\">\n                <div class=\"container\">\n            <div class=\"row\">\n                <div class=\"col-xs-12 col-sm-12 header-area\">\n                    <div class=\"header-area-inner header-text\">\n                        <div><span class=\"subtitle\"><span class=\"\"><\/span> Certificats et dipl\u00f4mes<\/span><\/div>\n                        <h1 class=\"title\"><\/h1>\n                        <p>Pour les passionn\u00e9s d&#039;affaires qui souhaitent une entr\u00e9e rapide sur le march\u00e9 du travail.<\/p>                        <div class=\"btn-section\">\n                                                                                <\/div>\n                    <\/div>\n                <\/div>\n            <\/div>\n        <\/div>\n    <\/div>\n    <\/div><\/div>\n<\/div>\n\n\t<\/div>\n<\/section>\n<section class=\"fw-main-row\"  >\n\t<div class=\"fw-container\">\n\t\t<div class=\"fw-row\">\n\t<div class=\"fw-col-xs-12\">\n\t\n\t<div class=\"fw-divider-space\" style=\"padding-top: 30px;\"><\/div>\n<\/div>\n<\/div>\n\n\t<\/div>\n<\/section>\n<section class=\"fw-main-row\" style=\"background-color:#f3f7fe;\" >\n\t<div class=\"fw-container-fluid\">\n\t\t<div class=\"fw-row\">\n\t<div class=\"fw-col-xs-12\">\n\t       \n<div id=\"why-us\" class=\"\">\n    <div class=\"row\">\n                    <div class=\"col-xs-12 col-sm-12 col-md-5 col-xl-6 col-lg-6 why-us-left-bg\" style=\"background-image:url(\/\/cancampus.ca\/wp-content\/uploads\/2020\/12\/Design-sem-nome-49.png);\">\n            <\/div>\n            <div class=\"col-xs-12 col-sm-12 col-md-7 col-xl-6 col-lg-6 wrap-padding bg-img-left\">\n                <div class=\"section-title\">\n                    <div>\n                        <span>Logiciel<\/span>\n                        <h3><\/h3>\n                    <\/div>\n                <\/div>\n                                    <div class=\"about_content\">\n                        <p style=\"font-weight: 400;\">Se concentrant sur des sujets sp\u00e9cifiques pour une meilleure absorption du contenu dans un court laps de temps, les cours avec certificats ou dipl\u00f4mes sont excellents pour ceux qui recherchent une insertion rapide sur le march\u00e9 du travail.<\/p><p style=\"font-weight: 400;\">Dans ce cours, l&#039;anglais instrumental, le d\u00e9veloppement professionnel et, surtout, l&#039;exp\u00e9rience professionnelle sont pratiqu\u00e9s dans un environnement mondialis\u00e9 et tr\u00e8s dynamique.<\/p><p style=\"font-weight: 400;\"><p style=\"font-weight: 400;\">L&#039;\u00e9tudiant pourra poursuivre sa carri\u00e8re au Canada ou retourner dans son pays avec un cursus diff\u00e9renci\u00e9.<\/p><p style=\"font-weight: 400;\"><p style=\"font-weight: 400;\"><strong>AGR\u00c9\u00c9<\/strong><\/p><ul><li>Certifi\u00e9 en communication d&#039;entreprise<\/li><li>Certificat en exp\u00e9rience des affaires<\/li><li>Certifi\u00e9 en gestion d&#039;entreprise<\/li><li>Certifi\u00e9 en commerce et commerce international<\/li><\/ul><p style=\"font-weight: 400;\"><strong>DIPL\u00d4ME UNIVERSITAIRE<\/strong><\/p><ul><li>Dipl\u00f4me en communication d&#039;entreprise<\/li><li>Dipl\u00f4me en gestion des affaires internationales<\/li><li>Dipl\u00f4me en gestion de supervision<\/li><li>Dipl\u00f4me en service client<\/li><li>Dipl\u00f4me en gestion h\u00f4teli\u00e8re<\/li><li>Dipl\u00f4me en op\u00e9rations h\u00f4teli\u00e8res<\/li><li>Dipl\u00f4me en vente et marketing h\u00f4telier<\/li><li>Dipl\u00f4me en marketing num\u00e9rique: professionnel des m\u00e9dias sociaux<\/li><li>Dipl\u00f4me en marketing num\u00e9rique: gestion et conception de sites Web<\/li><\/ul>                                            <\/div>\n                            <\/div>\n                    <\/div>\n<\/div>\n<\/div>\n<\/div>\n\n\t<\/div>\n<\/section>\n<section class=\"fw-main-row\" style=\"background-color:#f3f7fe;\" >\n\t<div class=\"fw-container-fluid\">\n\t\t<div class=\"fw-row\">\n\t<div class=\"fw-col-xs-12\">\n\t\n<div id=\"why-us\" class=\"\">\n    <div class=\"row\">\n                            <div class=\"col-xs-12 col-sm-12 col-md-7 col-xl-6 col-lg-6 wrap-padding bg-img-right\">\n                <div class=\"section-title\">\n                    <div>\n                        <span>Villes et investissements<\/span>\n                        <h3><\/h3>\n                    <\/div>\n                <\/div>\n                                    <div class=\"about_content\">\n                        <p style=\"font-weight: 400;\"><strong>VILLES O NOUS OP\u00c9RONS<\/strong><\/p><p style=\"font-weight: 400;\">Des cours de certificat et de dipl\u00f4me sont offerts dans les villes suivantes :<\/p><p style=\"font-weight: 400;\"><p style=\"font-weight: 400;\">Vancouver, Colombie-Britannique)<\/p><p style=\"font-weight: 400;\">Toronto, Ontario)<\/p><p style=\"font-weight: 400;\">Montreal, Quebec)<\/p><p style=\"font-weight: 400;\"><p style=\"font-weight: 400;\"><strong>INVESTISSEMENT<\/strong><\/p><p style=\"font-weight: 400;\">Cours \u00e0 partir de CAD$ 7 000,00 \/ an.<\/p><p style=\"font-weight: 400;\">Contactez-nous pour plus de d\u00e9tails et les modes de paiement.<\/p>                                            <\/div>\n                            <\/div>\n            <div class=\"col-xs-12 col-sm-12 col-md-5 col-xl-6 col-lg-6 why-us-left-bg\" style=\"background-image:url(\/\/cancampus.ca\/wp-content\/uploads\/2020\/12\/Design-sem-nome-30.png);\">\n            <\/div>\n            <\/div>\n<\/div>\n<\/div>\n<\/div>\n\n\t<\/div>\n<\/section>\n<section class=\"fw-main-row\" style=\"background-color:#ee8320;\" >\n\t<div class=\"fw-container\">\n\t\t<div class=\"fw-row\">\n\t<div class=\"fw-col-xs-12\">\n\t\n\n<div id=\"instructor\" class=\"call-to-action-area\">\n    <div class=\"container\">\n        <div class=\"row justify-content-xl-between justify-content-lg-center justify-content-center\">\n            <div class=\"col-xl-6 col-lg-7 col-md-10\">\n                <div class=\"call-to-action-content\">\n                    <div class=\"post-heading-left\">\n                        <h3 class=\"text-white\">achetez votre programme<\/h3>\n                    <\/div>\n                    <div class=\"text-white\">\n                                                    <p>Un bon parcours, avec une excellente universit\u00e9, avec une \u00e9quipe locale qui vous accompagnera. Enfin, une opportunit\u00e9 unique pour votre exp\u00e9rience professionnelle et personnelle.<\/p><p>Cliquez et achetez votre programme maintenant.<\/p>                                            <\/div>\n                    <div class=\"call-to-action-btn\">\n                                                    <a href=\"https:\/\/cancampus.ca\/fr\/contato\/\">\n                                Achetez ici <i class=\"fas fa-arrow-right\"><\/i><\/a>\n                                            <\/div>\n                <\/div>\n            <\/div>\n                            <div class=\"col-xl-5 col-lg-0\">\n                    <div class=\"part-img\">\n                        <img decoding=\"async\" src=\"\/\/cancampus.ca\/wp-content\/uploads\/2020\/01\/instructor.png\"  alt=\"achetez votre programme\"\/>\n                    <\/div>\n                <\/div>\n                    <\/div>\n    <\/div>\n<\/div><\/div>\n<\/div>\n\n\t<\/div>\n<\/section>\n<\/p>","protected":false},"excerpt":{"rendered":"<p>Certificados &#038; Diplomas Para entusiastas em neg\u00f3cios que desejam uma inser\u00e7\u00e3o r\u00e1pida no mercado de trabalho. Programas Com foco em [&hellip;]<\/p>","protected":false},"author":2,"featured_media":0,"parent":3039,"menu_order":0,"comment_status":"closed","ping_status":"closed","template":"template-parts\/lernen-pagefullwidth.php","meta":{"_joinchat":{"telephone":"+5531982119111","message_send":"Ol\u00e1. Gostaria de receber maiores informa\u00e7\u00f5es?"},"footnotes":""},"class_list":["post-4471","page","type-page","status-publish","hentry"],"yoast_head":"<!-- This site is optimized with the Yoast SEO plugin v27.2 - https:\/\/yoast.com\/product\/yoast-seo-wordpress\/ -->\n<title>Cursos Certificados - CanCampus<\/title>\n<meta name=\"robots\" content=\"index, follow, max-snippet:-1, max-image-preview:large, max-video-preview:-1\" \/>\n<link rel=\"canonical\" href=\"https:\/\/cancampus.ca\/fr\/programas\/cursos-certificados\/\" \/>\n<meta property=\"og:locale\" content=\"fr_FR\" \/>\n<meta property=\"og:type\" content=\"article\" \/>\n<meta property=\"og:title\" content=\"Cursos Certificados - CanCampus\" \/>\n<meta property=\"og:description\" content=\"Certificados &amp; Diplomas Para entusiastas em neg\u00f3cios que desejam uma inser\u00e7\u00e3o r\u00e1pida no mercado de trabalho. Programas Com foco em [&hellip;]\" \/>\n<meta property=\"og:url\" content=\"https:\/\/cancampus.ca\/fr\/programas\/cursos-certificados\/\" \/>\n<meta property=\"og:site_name\" content=\"CanCampus\" \/>\n<meta property=\"article:publisher\" content=\"https:\/\/www.facebook.com\/cancampus.ca\" \/>\n<meta property=\"article:modified_time\" content=\"2024-10-09T12:39:47+00:00\" \/>\n<meta name=\"twitter:card\" content=\"summary_large_image\" \/>\n<meta name=\"twitter:label1\" content=\"Dur\u00e9e de lecture estim\u00e9e\" \/>\n\t<meta name=\"twitter:data1\" content=\"4 minutes\" \/>\n<script type=\"application\/ld+json\" class=\"yoast-schema-graph\">{\"@context\":\"https:\/\/schema.org\",\"@graph\":[{\"@type\":\"WebPage\",\"@id\":\"https:\/\/cancampus.ca\/en\/programas\/cursos-certificados\/\",\"url\":\"https:\/\/cancampus.ca\/en\/programas\/cursos-certificados\/\",\"name\":\"Cursos Certificados - CanCampus\",\"isPartOf\":{\"@id\":\"https:\/\/cancampus.ca\/#website\"},\"datePublished\":\"2020-12-14T18:29:17+00:00\",\"dateModified\":\"2024-10-09T12:39:47+00:00\",\"breadcrumb\":{\"@id\":\"https:\/\/cancampus.ca\/en\/programas\/cursos-certificados\/#breadcrumb\"},\"inLanguage\":\"fr-FR\",\"potentialAction\":[{\"@type\":\"ReadAction\",\"target\":[\"https:\/\/cancampus.ca\/en\/programas\/cursos-certificados\/\"]}]},{\"@type\":\"BreadcrumbList\",\"@id\":\"https:\/\/cancampus.ca\/en\/programas\/cursos-certificados\/#breadcrumb\",\"itemListElement\":[{\"@type\":\"ListItem\",\"position\":1,\"name\":\"In\u00edcio\",\"item\":\"https:\/\/cancampus.ca\/\"},{\"@type\":\"ListItem\",\"position\":2,\"name\":\"Programas\",\"item\":\"https:\/\/cancampus.ca\/en\/programas\/\"},{\"@type\":\"ListItem\",\"position\":3,\"name\":\"Cursos Certificados\"}]},{\"@type\":\"WebSite\",\"@id\":\"https:\/\/cancampus.ca\/#website\",\"url\":\"https:\/\/cancampus.ca\/\",\"name\":\"CanCampus - Experince Learning!\",\"description\":\"Experience Learning!\",\"publisher\":{\"@id\":\"https:\/\/cancampus.ca\/#organization\"},\"potentialAction\":[{\"@type\":\"SearchAction\",\"target\":{\"@type\":\"EntryPoint\",\"urlTemplate\":\"https:\/\/cancampus.ca\/?s={search_term_string}\"},\"query-input\":{\"@type\":\"PropertyValueSpecification\",\"valueRequired\":true,\"valueName\":\"search_term_string\"}}],\"inLanguage\":\"fr-FR\"},{\"@type\":\"Organization\",\"@id\":\"https:\/\/cancampus.ca\/#organization\",\"name\":\"CanCampus Canada\",\"url\":\"https:\/\/cancampus.ca\/\",\"logo\":{\"@type\":\"ImageObject\",\"inLanguage\":\"fr-FR\",\"@id\":\"https:\/\/cancampus.ca\/#\/schema\/logo\/image\/\",\"url\":\"http:\/\/box5226.temp.domains\/~cancampu\/wp-content\/uploads\/2020\/03\/13.png\",\"contentUrl\":\"http:\/\/box5226.temp.domains\/~cancampu\/wp-content\/uploads\/2020\/03\/13.png\",\"width\":3072,\"height\":1536,\"caption\":\"CanCampus Canada\"},\"image\":{\"@id\":\"https:\/\/cancampus.ca\/#\/schema\/logo\/image\/\"},\"sameAs\":[\"https:\/\/www.facebook.com\/cancampus.ca\",\"https:\/\/www.instagram.com\/cancampus_ca\/\",\"https:\/\/www.linkedin.com\/in\/cancampus\/\"]}]}<\/script>\n<!-- \/ Yoast SEO plugin. -->","yoast_head_json":{"title":"Cours certifi\u00e9s - CanCampus","robots":{"index":"index","follow":"follow","max-snippet":"max-snippet:-1","max-image-preview":"max-image-preview:large","max-video-preview":"max-video-preview:-1"},"canonical":"https:\/\/cancampus.ca\/fr\/programas\/cursos-certificados\/","og_locale":"fr_FR","og_type":"article","og_title":"Cursos Certificados - CanCampus","og_description":"Certificados & Diplomas Para entusiastas em neg\u00f3cios que desejam uma inser\u00e7\u00e3o r\u00e1pida no mercado de trabalho. Programas Com foco em [&hellip;]","og_url":"https:\/\/cancampus.ca\/fr\/programas\/cursos-certificados\/","og_site_name":"CanCampus","article_publisher":"https:\/\/www.facebook.com\/cancampus.ca","article_modified_time":"2024-10-09T12:39:47+00:00","twitter_card":"summary_large_image","twitter_misc":{"Dur\u00e9e de lecture estim\u00e9e":"4 minutes"},"schema":{"@context":"https:\/\/schema.org","@graph":[{"@type":"WebPage","@id":"https:\/\/cancampus.ca\/en\/programas\/cursos-certificados\/","url":"https:\/\/cancampus.ca\/en\/programas\/cursos-certificados\/","name":"Cours certifi\u00e9s - CanCampus","isPartOf":{"@id":"https:\/\/cancampus.ca\/#website"},"datePublished":"2020-12-14T18:29:17+00:00","dateModified":"2024-10-09T12:39:47+00:00","breadcrumb":{"@id":"https:\/\/cancampus.ca\/en\/programas\/cursos-certificados\/#breadcrumb"},"inLanguage":"fr-FR","potentialAction":[{"@type":"ReadAction","target":["https:\/\/cancampus.ca\/en\/programas\/cursos-certificados\/"]}]},{"@type":"BreadcrumbList","@id":"https:\/\/cancampus.ca\/en\/programas\/cursos-certificados\/#breadcrumb","itemListElement":[{"@type":"ListItem","position":1,"name":"In\u00edcio","item":"https:\/\/cancampus.ca\/"},{"@type":"ListItem","position":2,"name":"Programas","item":"https:\/\/cancampus.ca\/en\/programas\/"},{"@type":"ListItem","position":3,"name":"Cursos Certificados"}]},{"@type":"WebSite","@id":"https:\/\/cancampus.ca\/#website","url":"https:\/\/cancampus.ca\/","name":"CanCampus - Exp\u00e9rimentez l&#039;apprentissage\u00a0!","description":"Exp\u00e9rimentez l&#039;apprentissage\u00a0!","publisher":{"@id":"https:\/\/cancampus.ca\/#organization"},"potentialAction":[{"@type":"SearchAction","target":{"@type":"EntryPoint","urlTemplate":"https:\/\/cancampus.ca\/?s={search_term_string}"},"query-input":{"@type":"PropertyValueSpecification","valueRequired":true,"valueName":"search_term_string"}}],"inLanguage":"fr-FR"},{"@type":"Organization","@id":"https:\/\/cancampus.ca\/#organization","name":"CanCampus Canada","url":"https:\/\/cancampus.ca\/","logo":{"@type":"ImageObject","inLanguage":"fr-FR","@id":"https:\/\/cancampus.ca\/#\/schema\/logo\/image\/","url":"http:\/\/box5226.temp.domains\/~cancampu\/wp-content\/uploads\/2020\/03\/13.png","contentUrl":"http:\/\/box5226.temp.domains\/~cancampu\/wp-content\/uploads\/2020\/03\/13.png","width":3072,"height":1536,"caption":"CanCampus Canada"},"image":{"@id":"https:\/\/cancampus.ca\/#\/schema\/logo\/image\/"},"sameAs":["https:\/\/www.facebook.com\/cancampus.ca","https:\/\/www.instagram.com\/cancampus_ca\/","https:\/\/www.linkedin.com\/in\/cancampus\/"]}]}},"_links":{"self":[{"href":"https:\/\/cancampus.ca\/fr\/wp-json\/wp\/v2\/pages\/4471","targetHints":{"allow":["GET"]}}],"collection":[{"href":"https:\/\/cancampus.ca\/fr\/wp-json\/wp\/v2\/pages"}],"about":[{"href":"https:\/\/cancampus.ca\/fr\/wp-json\/wp\/v2\/types\/page"}],"author":[{"embeddable":true,"href":"https:\/\/cancampus.ca\/fr\/wp-json\/wp\/v2\/users\/2"}],"replies":[{"embeddable":true,"href":"https:\/\/cancampus.ca\/fr\/wp-json\/wp\/v2\/comments?post=4471"}],"version-history":[{"count":2,"href":"https:\/\/cancampus.ca\/fr\/wp-json\/wp\/v2\/pages\/4471\/revisions"}],"predecessor-version":[{"id":5340,"href":"https:\/\/cancampus.ca\/fr\/wp-json\/wp\/v2\/pages\/4471\/revisions\/5340"}],"up":[{"embeddable":true,"href":"https:\/\/cancampus.ca\/fr\/wp-json\/wp\/v2\/pages\/3039"}],"wp:attachment":[{"href":"https:\/\/cancampus.ca\/fr\/wp-json\/wp\/v2\/media?parent=4471"}],"curies":[{"name":"wp","href":"https:\/\/api.w.org\/{rel}","templated":true}]}}