{"id":4692,"date":"2021-05-18T09:25:54","date_gmt":"2021-05-18T13:25:54","guid":{"rendered":"http:\/\/box5226.temp.domains\/~cancampu\/?page_id=4692"},"modified":"2021-07-26T15:25:53","modified_gmt":"2021-07-26T19:25:53","slug":"paymytuition","status":"publish","type":"page","link":"https:\/\/cancampus.ca\/fr\/paymytuition\/","title":{"rendered":"payer mes frais de scolarit\u00e9"},"content":{"rendered":"<p><section class=\"fw-main-row\"  >\n\t<div class=\"fw-container-fluid\">\n\t\t<div class=\"fw-row\">\n\t<div class=\"fw-col-xs-12\">\n\t\n<div class=\"owl-carousel owl-theme\">\n                     <div class=\"equal-margin header-content\" role=\"banner\" style=\"background-image:url(\/\/cancampus.ca\/wp-content\/uploads\/2021\/05\/Design-sem-nome-72.png);\">\n                <div class=\"container\">\n            <div class=\"row\">\n                <div class=\"col-xs-12 col-sm-12 header-area\">\n                    <div class=\"header-area-inner header-text\">\n                        <div><span class=\"subtitle\">Paiement <\/span><\/div>\n                        <h1 class=\"title\">PayerMesCours<\/h1>\n                                                <div class=\"btn-section\">\n                                                                                <\/div>\n                    <\/div>\n                <\/div>\n            <\/div>\n        <\/div>\n    <\/div>\n    <\/div><\/div>\n<\/div>\n\n\t<\/div>\n<\/section>\n<section class=\"fw-main-row\"  >\n\t<div class=\"fw-container\">\n\t\t<div class=\"fw-row\">\n\t<div class=\"fw-col-xs-12\">\n\t\n\t<div class=\"fw-divider-space\" style=\"padding-top: 60px;\"><\/div>\n<\/div>\n<\/div>\n\n\t<\/div>\n<\/section>\n<section class=\"fw-main-row\"  >\n\t<div class=\"fw-container\">\n\t\t<div class=\"fw-row\">\n\t<div class=\"fw-col-xs-12 fw-col-sm-6\">\n\t       <div class=\"text-block post-heading-center section-title mb-60\">\n\t<span>Payer avec PayMyTuition<\/span>\n\t<h2><\/h2>\n\t\t\t<p>Apr\u00e8s avoir re\u00e7u votre facture, r\u00e9glez vos frais via PayMyTuition en cliquant sur le lien ci-contre.<\/p>\t<\/div>\n<\/div>\n<div class=\"fw-col-xs-12 fw-col-sm-4\">\n\t<a href=\"https:\/\/www.paymytuition.com\/paynow\/cancampus\" target=\"_blank\" ><img loading=\"lazy\" decoding=\"async\" src=\"https:\/\/cancampus.ca\/wp-content\/uploads\/2021\/07\/link-271x61.png\" alt=\"https:\/\/cancampus.ca\/wp-content\/uploads\/2021\/07\/link-271x61.png\" width=\"271\" height=\"61\" \/><\/a><\/div>\n<\/div>\n\n\t<\/div>\n<\/section>\n<section class=\"fw-main-row\"  >\n\t<div class=\"fw-container\">\n\t\t<div class=\"fw-row\">\n\t<div class=\"fw-col-xs-12\">\n\t<div class=\"text-block post-heading-center section-title mb-60\">\n\t<span>Paiement international avec PayMyTuition<\/span>\n\t<h2><\/h2>\n\t\t\t<p>CanCampus Canada accepte PayMyTuition pour les paiements internationaux.<\/p><p>&nbsp;<\/p><p>PayMyTuition propose plusieurs fa\u00e7ons de payer rapidement, simplement et en toute s\u00e9curit\u00e9, dans votre devise locale.<\/p><p>&nbsp;<\/p><p>Consultez les instructions \u00e9tape par \u00e9tape, fournies en plusieurs langues ci-dessous, sur la fa\u00e7on d&#039;acc\u00e9der \u00e0 ce service et de payer via PayMyTuition\u00a0:<\/p><p>&nbsp;<\/p><p><a href=\"http:\/\/box5226.temp.domains\/~cancampu\/wp-content\/uploads\/2021\/05\/Payment-Steps-Portuguese-min.pdf\">Portugais<\/a> |\u00a0<a href=\"http:\/\/box5226.temp.domains\/~cancampu\/wp-content\/uploads\/2021\/05\/Payment-Steps-English-min.pdf\">Anglais<\/a> |\u00a0<a href=\"http:\/\/box5226.temp.domains\/~cancampu\/wp-content\/uploads\/2021\/05\/Payment-Steps-French-min.pdf\">fran\u00e7ais<\/a> |\u00a0<a href=\"http:\/\/box5226.temp.domains\/~cancampu\/wp-content\/uploads\/2021\/05\/Payment-Steps-Spanish-min.pdf\">Espanol<\/a> |\u00a0<a href=\"http:\/\/box5226.temp.domains\/~cancampu\/wp-content\/uploads\/2021\/05\/Payment-Steps-Turkish-min.pdf\">turc<\/a><\/p>\t<\/div>\n<\/div>\n<\/div>\n\n<div class=\"fw-row\">\n\t<div class=\"fw-col-xs-12\">\n\t<div class=\"text-block post-heading-center section-title mb-60\">\n\t<span><\/span>\n\t<h2><\/h2>\n\t\t\t<p style=\"text-align: center;\"><strong>Information additionnelle<\/strong><\/p><p style=\"text-align: center;\">\u00a0<\/p><p style=\"text-align: center;\">\u2022 <a href=\"https:\/\/www.youtube.com\/watch?v=4CIy-gdyoP8&amp;feature=youtu.be\">Comment effectuer un paiement avec PayMyTuition<\/a> (vid\u00e9o)<br \/>\u2022 <a href=\"https:\/\/www.paymytuition.com\/faqs\">Questions courantes<\/a><\/p><p>&nbsp;<\/p><p style=\"text-align: center;\"><strong>Informations de support client PayMyTuition<\/strong><\/p><p>&nbsp;<\/p><p style=\"text-align: center;\">Appelez l&#039;un des <a href=\"https:\/\/www.paymytuition.com\/contact-us\">num\u00e9ros de t\u00e9l\u00e9phone locaux<\/a> pour un soutien suppl\u00e9mentaire. Vous pouvez \u00e9galement contacter le support PayMyTuition par e-mail <a href=\"mailto:support@paymytuition.com\">support@paymytuition.com<\/a> ou via la page d&#039;assistance.<\/p><p>&nbsp;<\/p><p style=\"text-align: center;\">Quel que soit le fuseau horaire dans lequel vous vous trouvez, vous aurez une \u00e9quipe de support client d\u00e9di\u00e9e \u00e0 votre disposition via chat en direct, e-mail et t\u00e9l\u00e9phone pour r\u00e9pondre \u00e0 toutes vos questions et vous aider \u00e0 effectuer votre paiement.<\/p>\t<\/div>\n<\/div>\n<\/div>\n\n\t<\/div>\n<\/section>\n<\/p>","protected":false},"excerpt":{"rendered":"<p>Pagamento PayMyTuition Pague com a PayMyTuition Ap\u00f3s receber a sua fatura, pague suas taxas via PayMyTuition clicando no link ao [&hellip;]<\/p>","protected":false},"author":2,"featured_media":0,"parent":0,"menu_order":0,"comment_status":"closed","ping_status":"closed","template":"template-parts\/lernen-pagefullwidth.php","meta":{"_joinchat":[],"footnotes":""},"class_list":["post-4692","page","type-page","status-publish","hentry"],"yoast_head":"<!-- This site is optimized with the Yoast SEO plugin v27.2 - https:\/\/yoast.com\/product\/yoast-seo-wordpress\/ -->\n<title>paymytuition - CanCampus<\/title>\n<meta name=\"robots\" content=\"index, follow, max-snippet:-1, max-image-preview:large, max-video-preview:-1\" \/>\n<link rel=\"canonical\" href=\"http:\/\/cancampus.ca\/fr\/paymytuition\/\" \/>\n<meta property=\"og:locale\" content=\"fr_FR\" \/>\n<meta property=\"og:type\" content=\"article\" \/>\n<meta property=\"og:title\" content=\"paymytuition - CanCampus\" \/>\n<meta property=\"og:description\" content=\"Pagamento PayMyTuition Pague com a PayMyTuition Ap\u00f3s receber a sua fatura, pague suas taxas via PayMyTuition clicando no link ao [&hellip;]\" \/>\n<meta property=\"og:url\" content=\"http:\/\/cancampus.ca\/fr\/paymytuition\/\" \/>\n<meta property=\"og:site_name\" content=\"CanCampus\" \/>\n<meta property=\"article:publisher\" content=\"https:\/\/www.facebook.com\/cancampus.ca\" \/>\n<meta property=\"article:modified_time\" content=\"2021-07-26T19:25:53+00:00\" \/>\n<meta property=\"og:image\" content=\"http:\/\/cancampus.ca\/wp-content\/uploads\/2021\/07\/link-271x61.png\" \/>\n<meta name=\"twitter:card\" content=\"summary_large_image\" \/>\n<meta name=\"twitter:label1\" content=\"Dur\u00e9e de lecture estim\u00e9e\" \/>\n\t<meta name=\"twitter:data1\" content=\"2 minutes\" \/>\n<script type=\"application\/ld+json\" class=\"yoast-schema-graph\">{\"@context\":\"https:\/\/schema.org\",\"@graph\":[{\"@type\":\"WebPage\",\"@id\":\"http:\/\/cancampus.ca\/paymytuition\/\",\"url\":\"http:\/\/cancampus.ca\/paymytuition\/\",\"name\":\"paymytuition - CanCampus\",\"isPartOf\":{\"@id\":\"https:\/\/cancampus.ca\/#website\"},\"primaryImageOfPage\":{\"@id\":\"http:\/\/cancampus.ca\/paymytuition\/#primaryimage\"},\"image\":{\"@id\":\"http:\/\/cancampus.ca\/paymytuition\/#primaryimage\"},\"thumbnailUrl\":\"http:\/\/cancampus.ca\/wp-content\/uploads\/2021\/07\/link-271x61.png\",\"datePublished\":\"2021-05-18T13:25:54+00:00\",\"dateModified\":\"2021-07-26T19:25:53+00:00\",\"breadcrumb\":{\"@id\":\"http:\/\/cancampus.ca\/paymytuition\/#breadcrumb\"},\"inLanguage\":\"fr-FR\",\"potentialAction\":[{\"@type\":\"ReadAction\",\"target\":[\"http:\/\/cancampus.ca\/paymytuition\/\"]}]},{\"@type\":\"ImageObject\",\"inLanguage\":\"fr-FR\",\"@id\":\"http:\/\/cancampus.ca\/paymytuition\/#primaryimage\",\"url\":\"http:\/\/cancampus.ca\/wp-content\/uploads\/2021\/07\/link-271x61.png\",\"contentUrl\":\"http:\/\/cancampus.ca\/wp-content\/uploads\/2021\/07\/link-271x61.png\"},{\"@type\":\"BreadcrumbList\",\"@id\":\"http:\/\/cancampus.ca\/paymytuition\/#breadcrumb\",\"itemListElement\":[{\"@type\":\"ListItem\",\"position\":1,\"name\":\"In\u00edcio\",\"item\":\"https:\/\/cancampus.ca\/\"},{\"@type\":\"ListItem\",\"position\":2,\"name\":\"paymytuition\"}]},{\"@type\":\"WebSite\",\"@id\":\"https:\/\/cancampus.ca\/#website\",\"url\":\"https:\/\/cancampus.ca\/\",\"name\":\"CanCampus - Experince Learning!\",\"description\":\"Experience Learning!\",\"publisher\":{\"@id\":\"https:\/\/cancampus.ca\/#organization\"},\"potentialAction\":[{\"@type\":\"SearchAction\",\"target\":{\"@type\":\"EntryPoint\",\"urlTemplate\":\"https:\/\/cancampus.ca\/?s={search_term_string}\"},\"query-input\":{\"@type\":\"PropertyValueSpecification\",\"valueRequired\":true,\"valueName\":\"search_term_string\"}}],\"inLanguage\":\"fr-FR\"},{\"@type\":\"Organization\",\"@id\":\"https:\/\/cancampus.ca\/#organization\",\"name\":\"CanCampus Canada\",\"url\":\"https:\/\/cancampus.ca\/\",\"logo\":{\"@type\":\"ImageObject\",\"inLanguage\":\"fr-FR\",\"@id\":\"https:\/\/cancampus.ca\/#\/schema\/logo\/image\/\",\"url\":\"http:\/\/box5226.temp.domains\/~cancampu\/wp-content\/uploads\/2020\/03\/13.png\",\"contentUrl\":\"http:\/\/box5226.temp.domains\/~cancampu\/wp-content\/uploads\/2020\/03\/13.png\",\"width\":3072,\"height\":1536,\"caption\":\"CanCampus Canada\"},\"image\":{\"@id\":\"https:\/\/cancampus.ca\/#\/schema\/logo\/image\/\"},\"sameAs\":[\"https:\/\/www.facebook.com\/cancampus.ca\",\"https:\/\/www.instagram.com\/cancampus_ca\/\",\"https:\/\/www.linkedin.com\/in\/cancampus\/\"]}]}<\/script>\n<!-- \/ Yoast SEO plugin. -->","yoast_head_json":{"title":"payermescours - CanCampus","robots":{"index":"index","follow":"follow","max-snippet":"max-snippet:-1","max-image-preview":"max-image-preview:large","max-video-preview":"max-video-preview:-1"},"canonical":"http:\/\/cancampus.ca\/fr\/paymytuition\/","og_locale":"fr_FR","og_type":"article","og_title":"paymytuition - CanCampus","og_description":"Pagamento PayMyTuition Pague com a PayMyTuition Ap\u00f3s receber a sua fatura, pague suas taxas via PayMyTuition clicando no link ao [&hellip;]","og_url":"http:\/\/cancampus.ca\/fr\/paymytuition\/","og_site_name":"CanCampus","article_publisher":"https:\/\/www.facebook.com\/cancampus.ca","article_modified_time":"2021-07-26T19:25:53+00:00","og_image":[{"url":"http:\/\/cancampus.ca\/wp-content\/uploads\/2021\/07\/link-271x61.png","type":"","width":"","height":""}],"twitter_card":"summary_large_image","twitter_misc":{"Dur\u00e9e de lecture estim\u00e9e":"2 minutes"},"schema":{"@context":"https:\/\/schema.org","@graph":[{"@type":"WebPage","@id":"http:\/\/cancampus.ca\/paymytuition\/","url":"http:\/\/cancampus.ca\/paymytuition\/","name":"payermescours - CanCampus","isPartOf":{"@id":"https:\/\/cancampus.ca\/#website"},"primaryImageOfPage":{"@id":"http:\/\/cancampus.ca\/paymytuition\/#primaryimage"},"image":{"@id":"http:\/\/cancampus.ca\/paymytuition\/#primaryimage"},"thumbnailUrl":"http:\/\/cancampus.ca\/wp-content\/uploads\/2021\/07\/link-271x61.png","datePublished":"2021-05-18T13:25:54+00:00","dateModified":"2021-07-26T19:25:53+00:00","breadcrumb":{"@id":"http:\/\/cancampus.ca\/paymytuition\/#breadcrumb"},"inLanguage":"fr-FR","potentialAction":[{"@type":"ReadAction","target":["http:\/\/cancampus.ca\/paymytuition\/"]}]},{"@type":"ImageObject","inLanguage":"fr-FR","@id":"http:\/\/cancampus.ca\/paymytuition\/#primaryimage","url":"http:\/\/cancampus.ca\/wp-content\/uploads\/2021\/07\/link-271x61.png","contentUrl":"http:\/\/cancampus.ca\/wp-content\/uploads\/2021\/07\/link-271x61.png"},{"@type":"BreadcrumbList","@id":"http:\/\/cancampus.ca\/paymytuition\/#breadcrumb","itemListElement":[{"@type":"ListItem","position":1,"name":"In\u00edcio","item":"https:\/\/cancampus.ca\/"},{"@type":"ListItem","position":2,"name":"paymytuition"}]},{"@type":"WebSite","@id":"https:\/\/cancampus.ca\/#website","url":"https:\/\/cancampus.ca\/","name":"CanCampus - Exp\u00e9rimentez l&#039;apprentissage\u00a0!","description":"Exp\u00e9rimentez l&#039;apprentissage\u00a0!","publisher":{"@id":"https:\/\/cancampus.ca\/#organization"},"potentialAction":[{"@type":"SearchAction","target":{"@type":"EntryPoint","urlTemplate":"https:\/\/cancampus.ca\/?s={search_term_string}"},"query-input":{"@type":"PropertyValueSpecification","valueRequired":true,"valueName":"search_term_string"}}],"inLanguage":"fr-FR"},{"@type":"Organization","@id":"https:\/\/cancampus.ca\/#organization","name":"CanCampus Canada","url":"https:\/\/cancampus.ca\/","logo":{"@type":"ImageObject","inLanguage":"fr-FR","@id":"https:\/\/cancampus.ca\/#\/schema\/logo\/image\/","url":"http:\/\/box5226.temp.domains\/~cancampu\/wp-content\/uploads\/2020\/03\/13.png","contentUrl":"http:\/\/box5226.temp.domains\/~cancampu\/wp-content\/uploads\/2020\/03\/13.png","width":3072,"height":1536,"caption":"CanCampus Canada"},"image":{"@id":"https:\/\/cancampus.ca\/#\/schema\/logo\/image\/"},"sameAs":["https:\/\/www.facebook.com\/cancampus.ca","https:\/\/www.instagram.com\/cancampus_ca\/","https:\/\/www.linkedin.com\/in\/cancampus\/"]}]}},"_links":{"self":[{"href":"https:\/\/cancampus.ca\/fr\/wp-json\/wp\/v2\/pages\/4692","targetHints":{"allow":["GET"]}}],"collection":[{"href":"https:\/\/cancampus.ca\/fr\/wp-json\/wp\/v2\/pages"}],"about":[{"href":"https:\/\/cancampus.ca\/fr\/wp-json\/wp\/v2\/types\/page"}],"author":[{"embeddable":true,"href":"https:\/\/cancampus.ca\/fr\/wp-json\/wp\/v2\/users\/2"}],"replies":[{"embeddable":true,"href":"https:\/\/cancampus.ca\/fr\/wp-json\/wp\/v2\/comments?post=4692"}],"version-history":[{"count":0,"href":"https:\/\/cancampus.ca\/fr\/wp-json\/wp\/v2\/pages\/4692\/revisions"}],"wp:attachment":[{"href":"https:\/\/cancampus.ca\/fr\/wp-json\/wp\/v2\/media?parent=4692"}],"curies":[{"name":"wp","href":"https:\/\/api.w.org\/{rel}","templated":true}]}}