{"id":4790,"date":"2021-07-22T16:54:34","date_gmt":"2021-07-22T20:54:34","guid":{"rendered":"http:\/\/box5226.temp.domains\/~cancampu\/?page_id=4790"},"modified":"2021-09-03T15:38:42","modified_gmt":"2021-09-03T19:38:42","slug":"english-at-home","status":"publish","type":"page","link":"https:\/\/cancampus.ca\/fr\/programas\/virtual-campus\/english-at-home\/","title":{"rendered":"Anglais \u00e0 la maison"},"content":{"rendered":"<p><section class=\"fw-main-row\"  >\n\t<div class=\"fw-container-fluid\">\n\t\t<div class=\"fw-row\">\n\t<div class=\"fw-col-xs-12\">\n\t\n<div class=\"owl-carousel owl-theme\">\n                     <div class=\"header-content-full header-content\" role=\"banner\" style=\"background-image:url(\/\/cancampus.ca\/wp-content\/uploads\/2021\/07\/color-communication-colorful-material-note-art-1032400-pxhere.com_-scaled.jpg);\">\n                <div class=\"container\">\n            <div class=\"row\">\n                <div class=\"col-xs-12 col-sm-12 header-area\">\n                    <div class=\"header-area-inner header-text\">\n                        <div><span class=\"subtitle\"><span class=\"\"><\/span>Anglais \u00e0 la maison<\/span><\/div>\n                        <h1 class=\"title\"><\/h1>\n                        <p>\u00c9tudiez l&#039;anglais avec des professeurs canadiens. Pratiquez votre prononciation, vos expressions locales et parlez comme un natif dans le confort de votre foyer !<\/p>                        <div class=\"btn-section\">\n                                                                                <\/div>\n                    <\/div>\n                <\/div>\n            <\/div>\n        <\/div>\n    <\/div>\n    <\/div><\/div>\n<\/div>\n\n\t<\/div>\n<\/section>\n<section class=\"fw-main-row\"  >\n\t<div class=\"fw-container\">\n\t\t<div class=\"fw-row\">\n\t<div class=\"fw-col-xs-12\">\n\t\n\t<div class=\"fw-divider-space\" style=\"padding-top: 40px;\"><\/div>\n<\/div>\n<\/div>\n\n\t<\/div>\n<\/section>\n<section class=\"fw-main-row\" style=\"background-color:#ffffff;\" >\n\t<div class=\"fw-container-fluid\">\n\t\t<div class=\"fw-row\">\n\t<div class=\"fw-col-xs-12 fw-col-sm-2\">\n\t<\/div>\n<div class=\"fw-col-xs-12 fw-col-sm-8\">\n\t<div class=\"fw-accordion\">\n\t\t\t<h3 class=\"fw-accordion-title\">Indiqu\u00e9 pour<\/h3>\n\t\t<div class=\"fw-accordion-content\">\n\t\t\t<p>tous \u00e2ges, \u00e0 partir de 16 ans<\/p>\n\t\t<\/div>\n\t\t\t<h3 class=\"fw-accordion-title\">Langue<\/h3>\n\t\t<div class=\"fw-accordion-content\">\n\t\t\t<p>Anglais des bases<\/p>\n\t\t<\/div>\n\t\t\t<h3 class=\"fw-accordion-title\">Local<\/h3>\n\t\t<div class=\"fw-accordion-content\">\n\t\t\t<p>En ligne via Zoom<\/p>\n\t\t<\/div>\n\t\t\t<h3 class=\"fw-accordion-title\">Investissement<\/h3>\n\t\t<div class=\"fw-accordion-content\">\n\t\t\t<p>A partir de C$ 5.00 le cours, avec au moins 5 cours hebdomadaires<\/p>\n\t\t<\/div>\n\t\t\t<h3 class=\"fw-accordion-title\">Date<\/h3>\n\t\t<div class=\"fw-accordion-content\">\n\t\t\t<p>Entr\u00e9es toujours le lundi. commencez d\u00e8s que vous le souhaitez<\/p>\n\t\t<\/div>\n\t<\/div><\/div>\n<div class=\"fw-col-xs-12 fw-col-sm-2\">\n\t<\/div>\n<\/div>\n\n\t<\/div>\n<\/section>\n<section class=\"fw-main-row\"  >\n\t<div class=\"fw-container\">\n\t\t<div class=\"fw-row\">\n\t<div class=\"fw-col-xs-12\">\n\t\n\t<div class=\"fw-divider-space\" style=\"padding-top: 30px;\"><\/div>\n<\/div>\n<\/div>\n\n\t<\/div>\n<\/section>\n<section class=\"fw-main-row\" style=\"background-color:#f3f7fe;\" >\n\t<div class=\"fw-container-fluid\">\n\t\t<div class=\"fw-row\">\n\t<div class=\"fw-col-xs-12\">\n\t       \n<div id=\"why-us\" class=\"\">\n    <div class=\"row\">\n                    <div class=\"col-xs-12 col-sm-12 col-md-5 col-xl-6 col-lg-6 why-us-left-bg\" style=\"background-image:url(\/\/cancampus.ca\/wp-content\/uploads\/2021\/08\/english@home-scaled.jpg);\">\n            <\/div>\n            <div class=\"col-xs-12 col-sm-12 col-md-7 col-xl-6 col-lg-6 wrap-padding bg-img-left\">\n                <div class=\"section-title\">\n                    <div>\n                        <span>Le programme<\/span>\n                        <h3>Am\u00e9liorez votre anglais en fonction de vos objectifs<\/h3>\n                    <\/div>\n                <\/div>\n                                    <div class=\"about_content\">\n                        <p>\u00c9tudiez \u00e0 votre rythme, avec des cours limit\u00e9s et nivel\u00e9s selon votre potentiel, avec des professeurs canadiens.<\/p><p>Avec des entr\u00e9es flexibles, chaque lundi, vous pouvez commencer votre cours, apprendre et travailler l&#039;anglais en vous concentrant sur vos exigences et vos objectifs, dans le confort de votre foyer.<\/p><p>Vous pourrez programmer des cours, planifier votre semaine enti\u00e8re et permettre la flexibilit\u00e9 dans votre emploi du temps dont vous avez cruellement besoin.<\/p><p>Les cours sont s\u00e9par\u00e9s en fonction de votre niveau, vous permettant d&#039;interagir avec les enseignants et les \u00e9tudiants de mani\u00e8re plus s\u00fbre et plus confiante. Nous marchons \u00e0 votre rythme pour que vous puissiez grandir dans la langue et atteindre vos objectifs personnels et professionnels.<\/p><p>Et avec une attention d\u00e9di\u00e9e \u00e0 vos besoins, nos professeurs travailleront pour que vous ayez acc\u00e8s \u00e0 du mat\u00e9riel sp\u00e9cialement pr\u00e9par\u00e9 pour votre classe, vous permettant de corriger plus facilement ce qui est appris.<\/p><p>Il existe \u00e9galement des options pour <strong>Anglais des affaires<\/strong>, <strong>pr\u00e9paration acad\u00e9mique (<em>Programmes Pathway<\/em>)<\/strong>, <strong>tests de comp\u00e9tences linguistiques (<em>IELTS<\/em>)<\/strong>, en plus de notre cours en <strong>anglais pour tous<\/strong>.<\/p><p>Et si tu veux, <a href=\"https:\/\/hansacanada.net\/public\/test-your-english\/start_test\/2p56y0eK0tc\/\">Vous pouvez toujours programmer un cours d&#039;essai<\/a> et ressentez la diff\u00e9rence d&#039;avoir un cours con\u00e7u pour vous et vos besoins. Abonnez-vous maintenant!<\/p>                                            <\/div>\n                            <\/div>\n                    <\/div>\n<\/div>\n<\/div>\n<\/div>\n\n\t<\/div>\n<\/section>\n<section class=\"fw-main-row\" style=\"background-color:#f3f7fe;\" >\n\t<div class=\"fw-container-fluid\">\n\t\t<div class=\"fw-row\">\n\t<div class=\"fw-col-xs-12\">\n\t\n<div id=\"why-us\" class=\"\">\n    <div class=\"row\">\n                            <div class=\"col-xs-12 col-sm-12 col-md-7 col-xl-6 col-lg-6 wrap-padding bg-img-right\">\n                <div class=\"section-title\">\n                    <div>\n                        <span>Comment sera-ce?<\/span>\n                        <h3>Horaire des cours<\/h3>\n                    <\/div>\n                <\/div>\n                                    <div class=\"about_content\">\n                        <p><strong>JOUR 01<\/strong><\/p><p>D\u00e9couvrez pourquoi tout le monde peut dessiner !<\/p><p>Nous explorerons la conception des h\u00e9misph\u00e8res gauche et droit, les mains et les yeux dominants, ainsi que le contour par rapport \u00e0 la forme. Une d\u00e9monstration et une attribution seront donn\u00e9es.<\/p><p><strong>JOUR 02<\/strong><\/p><p>Les \u00e9l\u00e8ves apprendront \u00e0 mesurer, \u00e0 explorer l&#039;\u00e9chelle et \u00e0 utiliser des ressources de dessin tout en exp\u00e9rimentant avec le fusain, le stylo et le contenu. Une nouvelle d\u00e9monstration et attribution sera donn\u00e9e.<\/p><p><strong>JOUR 03<\/strong><\/p><p>Les \u00e9tudiants apprendront le dessin de forme libre par rapport au dessin mesur\u00e9, au m\u00e9lange de lignes et de formes et \u00e0 la valeur totale. Une d\u00e9monstration sera donn\u00e9e, suivie d&#039;une autre t\u00e2che.<\/p><p><strong>JOUR 04<\/strong><\/p><p>Nous allons commencer par des croquis rapides et chronom\u00e9tr\u00e9s. Les \u00e9tudiants apprendront le dessin invers\u00e9, les points p\u00e9riph\u00e9riques et focaux.<\/p><p><strong>\u00a0<\/strong><\/p><p><strong>\u00a0<\/strong><strong>JOUR 05<\/strong><\/p><p>Nous continuerons avec nos \u00e9bauches finales et terminerons par un examen final.<\/p>                                            <\/div>\n                            <\/div>\n            <div class=\"col-xs-12 col-sm-12 col-md-5 col-xl-6 col-lg-6 why-us-left-bg\" style=\"background-image:url(\/\/cancampus.ca\/wp-content\/uploads\/2020\/07\/Design-sem-nome-11.png);\">\n            <\/div>\n            <\/div>\n<\/div>\n<\/div>\n<\/div>\n\n\t<\/div>\n<\/section>\n<section class=\"fw-main-row\" style=\"background-color:#f3f7fe;\" >\n\t<div class=\"fw-container-fluid\">\n\t\t<div class=\"fw-row\">\n\t<div class=\"fw-col-xs-12\">\n\t\n<div id=\"why-us\" class=\"\">\n    <div class=\"row\">\n                    <div class=\"col-xs-12 col-sm-12 col-md-5 col-xl-6 col-lg-6 why-us-left-bg\" style=\"background-image:url(\/\/cancampus.ca\/wp-content\/uploads\/2021\/07\/word-english-with-globe-over-wooden-background-scaled.jpg);\">\n            <\/div>\n            <div class=\"col-xs-12 col-sm-12 col-md-7 col-xl-6 col-lg-6 wrap-padding bg-img-left\">\n                <div class=\"section-title\">\n                    <div>\n                        <span>Et comment commencer ?<\/span>\n                        <h3>Mat\u00e9riel n\u00e9cessaire<\/h3>\n                    <\/div>\n                <\/div>\n                                    <div class=\"about_content\">\n                        <p>B\u00e2tons de charbon de bois ou de saule<\/p><p>Caoutchouc froiss\u00e9<\/p><p>Papier de mise en page pour stylo \u00e0 bille ou stylo de studio noir (tr\u00e8s lisse)<\/p><p>Papier \u00e0 dessin (40 cm x 50 cm ou plus)<\/p><p>Crayons : HB, 2B, 4B et 6B<\/p><p>couteau X-acto<\/p><p>papier de verre<\/p><p>cotons-tiges<\/p><p><strong>Pour rejoindre l&#039;une de nos classes virtuelles<\/strong>, tu auras besoin:<\/p><ul><li>Un ordinateur (ordinateur portable ou de bureau, avec microphone et appareil photo int\u00e9gr\u00e9s) ou un iPad, une tablette, un iPhone ou un smartphone plus r\u00e9cent\u00a0;<\/li><li>Assurez-vous d&#039;avoir une capacit\u00e9 mains libres \u00e0 l&#039;aide d&#039;un support ou d&#039;un tr\u00e9pied\u00a0;<\/li><li>Une connexion WI-FI stable\u00a0;<\/li><li>L&#039;application Zoom (gratuite lors de votre inscription) ;<\/li><li>Mat\u00e9riel requis en fonction du cours auquel vous vous \u00eates inscrit (voir les listes de mat\u00e9riel individuelles fournies pour chaque classe comme d\u00e9crit ci-dessus);<\/li><li>Un espace de travail silencieux pour cr\u00e9er et rejoindre votre classe.<\/li><\/ul><p>COT : C$165 + C$50 (Frais et taxes), totalisant C$ 215,00 (deux cent quinze dollars canadiens).<\/p>                                            <\/div>\n                            <\/div>\n                    <\/div>\n<\/div>\n<\/div>\n<\/div>\n\n<div class=\"fw-row\">\n\t<div class=\"fw-col-xs-12\">\n\t<div class=\"text-block post-heading-center section-title mb-60\">\n\t<span><\/span>\n\t<h2><\/h2>\n\t\t\t<p><a href=\"https:\/\/hansacanada.net\/public\/online_application_from_agency\/en\/2p56y0eK0tc\/\"style=\"background-color:#5cb85c;padding:6px 12px;color:white;font-size:x-large\">S&#039;inscrire maintenant!<\/a><\/p>\t<\/div>\n<\/div>\n<\/div>\n\n<div class=\"fw-row\">\n\t<div class=\"fw-col-xs-12\">\n\t<div class=\"text-block post-heading-center section-title mb-60\">\n\t<span><\/span>\n\t<h2><\/h2>\n\t\t\t<p><a href=\"https:\/\/hansacanada.net\/public\/test-your-english\/start_test\/2p56y0eK0tc\/\"style=\"background-color:#5cb85c;padding:6px 12px;color:white;font-size:x-large\">Planifiez votre cours d&#039;essai<\/a><\/p>\t<\/div>\n<\/div>\n<\/div>\n\n\t<\/div>\n<\/section>\n<\/p>","protected":false},"excerpt":{"rendered":"<p>English at Home Estude ingl\u00eas com professores Canadenses. Treine sua pronuncia, express\u00f5es locais\u00a0 e fale como um nativo, enquanto est\u00e1 [&hellip;]<\/p>","protected":false},"author":2,"featured_media":0,"parent":3757,"menu_order":0,"comment_status":"closed","ping_status":"closed","template":"template-parts\/lernen-pagefullwidth.php","meta":{"_joinchat":{"telephone":"+5531982119111","message_send":"Ol\u00e1. Gostaria de receber maiores informa\u00e7\u00f5es?"},"footnotes":""},"class_list":["post-4790","page","type-page","status-publish","hentry"],"yoast_head":"<!-- This site is optimized with the Yoast SEO plugin v27.2 - https:\/\/yoast.com\/product\/yoast-seo-wordpress\/ -->\n<title>English At Home - CanCampus<\/title>\n<meta name=\"robots\" content=\"index, follow, max-snippet:-1, max-image-preview:large, max-video-preview:-1\" \/>\n<link rel=\"canonical\" href=\"https:\/\/cancampus.ca\/fr\/programas\/virtual-campus\/english-at-home\/\" \/>\n<meta property=\"og:locale\" content=\"fr_FR\" \/>\n<meta property=\"og:type\" content=\"article\" \/>\n<meta property=\"og:title\" content=\"English At Home - CanCampus\" \/>\n<meta property=\"og:description\" content=\"English at Home Estude ingl\u00eas com professores Canadenses. Treine sua pronuncia, express\u00f5es locais\u00a0 e fale como um nativo, enquanto est\u00e1 [&hellip;]\" \/>\n<meta property=\"og:url\" content=\"https:\/\/cancampus.ca\/fr\/programas\/virtual-campus\/english-at-home\/\" \/>\n<meta property=\"og:site_name\" content=\"CanCampus\" \/>\n<meta property=\"article:publisher\" content=\"https:\/\/www.facebook.com\/cancampus.ca\" \/>\n<meta property=\"article:modified_time\" content=\"2021-09-03T19:38:42+00:00\" \/>\n<meta name=\"twitter:card\" content=\"summary_large_image\" \/>\n<meta name=\"twitter:label1\" content=\"Dur\u00e9e de lecture estim\u00e9e\" \/>\n\t<meta name=\"twitter:data1\" content=\"4 minutes\" \/>\n<script type=\"application\/ld+json\" class=\"yoast-schema-graph\">{\"@context\":\"https:\/\/schema.org\",\"@graph\":[{\"@type\":\"WebPage\",\"@id\":\"https:\/\/cancampus.ca\/en\/programas\/virtual-campus\/english-at-home\/\",\"url\":\"https:\/\/cancampus.ca\/en\/programas\/virtual-campus\/english-at-home\/\",\"name\":\"English At Home - CanCampus\",\"isPartOf\":{\"@id\":\"https:\/\/cancampus.ca\/#website\"},\"datePublished\":\"2021-07-22T20:54:34+00:00\",\"dateModified\":\"2021-09-03T19:38:42+00:00\",\"breadcrumb\":{\"@id\":\"https:\/\/cancampus.ca\/en\/programas\/virtual-campus\/english-at-home\/#breadcrumb\"},\"inLanguage\":\"fr-FR\",\"potentialAction\":[{\"@type\":\"ReadAction\",\"target\":[\"https:\/\/cancampus.ca\/en\/programas\/virtual-campus\/english-at-home\/\"]}]},{\"@type\":\"BreadcrumbList\",\"@id\":\"https:\/\/cancampus.ca\/en\/programas\/virtual-campus\/english-at-home\/#breadcrumb\",\"itemListElement\":[{\"@type\":\"ListItem\",\"position\":1,\"name\":\"In\u00edcio\",\"item\":\"https:\/\/cancampus.ca\/\"},{\"@type\":\"ListItem\",\"position\":2,\"name\":\"Programas\",\"item\":\"https:\/\/cancampus.ca\/en\/programas\/\"},{\"@type\":\"ListItem\",\"position\":3,\"name\":\"Cursos Virtuais\",\"item\":\"https:\/\/cancampus.ca\/en\/programas\/virtual-campus\/\"},{\"@type\":\"ListItem\",\"position\":4,\"name\":\"English At Home\"}]},{\"@type\":\"WebSite\",\"@id\":\"https:\/\/cancampus.ca\/#website\",\"url\":\"https:\/\/cancampus.ca\/\",\"name\":\"CanCampus - Experince Learning!\",\"description\":\"Experience Learning!\",\"publisher\":{\"@id\":\"https:\/\/cancampus.ca\/#organization\"},\"potentialAction\":[{\"@type\":\"SearchAction\",\"target\":{\"@type\":\"EntryPoint\",\"urlTemplate\":\"https:\/\/cancampus.ca\/?s={search_term_string}\"},\"query-input\":{\"@type\":\"PropertyValueSpecification\",\"valueRequired\":true,\"valueName\":\"search_term_string\"}}],\"inLanguage\":\"fr-FR\"},{\"@type\":\"Organization\",\"@id\":\"https:\/\/cancampus.ca\/#organization\",\"name\":\"CanCampus Canada\",\"url\":\"https:\/\/cancampus.ca\/\",\"logo\":{\"@type\":\"ImageObject\",\"inLanguage\":\"fr-FR\",\"@id\":\"https:\/\/cancampus.ca\/#\/schema\/logo\/image\/\",\"url\":\"http:\/\/box5226.temp.domains\/~cancampu\/wp-content\/uploads\/2020\/03\/13.png\",\"contentUrl\":\"http:\/\/box5226.temp.domains\/~cancampu\/wp-content\/uploads\/2020\/03\/13.png\",\"width\":3072,\"height\":1536,\"caption\":\"CanCampus Canada\"},\"image\":{\"@id\":\"https:\/\/cancampus.ca\/#\/schema\/logo\/image\/\"},\"sameAs\":[\"https:\/\/www.facebook.com\/cancampus.ca\",\"https:\/\/www.instagram.com\/cancampus_ca\/\",\"https:\/\/www.linkedin.com\/in\/cancampus\/\"]}]}<\/script>\n<!-- \/ Yoast SEO plugin. -->","yoast_head_json":{"title":"Portugu\u00eas \u00e0 la maison - CanCampus","robots":{"index":"index","follow":"follow","max-snippet":"max-snippet:-1","max-image-preview":"max-image-preview:large","max-video-preview":"max-video-preview:-1"},"canonical":"https:\/\/cancampus.ca\/fr\/programas\/virtual-campus\/english-at-home\/","og_locale":"fr_FR","og_type":"article","og_title":"English At Home - CanCampus","og_description":"English at Home Estude ingl\u00eas com professores Canadenses. Treine sua pronuncia, express\u00f5es locais\u00a0 e fale como um nativo, enquanto est\u00e1 [&hellip;]","og_url":"https:\/\/cancampus.ca\/fr\/programas\/virtual-campus\/english-at-home\/","og_site_name":"CanCampus","article_publisher":"https:\/\/www.facebook.com\/cancampus.ca","article_modified_time":"2021-09-03T19:38:42+00:00","twitter_card":"summary_large_image","twitter_misc":{"Dur\u00e9e de lecture estim\u00e9e":"4 minutes"},"schema":{"@context":"https:\/\/schema.org","@graph":[{"@type":"WebPage","@id":"https:\/\/cancampus.ca\/en\/programas\/virtual-campus\/english-at-home\/","url":"https:\/\/cancampus.ca\/en\/programas\/virtual-campus\/english-at-home\/","name":"Portugu\u00eas \u00e0 la maison - CanCampus","isPartOf":{"@id":"https:\/\/cancampus.ca\/#website"},"datePublished":"2021-07-22T20:54:34+00:00","dateModified":"2021-09-03T19:38:42+00:00","breadcrumb":{"@id":"https:\/\/cancampus.ca\/en\/programas\/virtual-campus\/english-at-home\/#breadcrumb"},"inLanguage":"fr-FR","potentialAction":[{"@type":"ReadAction","target":["https:\/\/cancampus.ca\/en\/programas\/virtual-campus\/english-at-home\/"]}]},{"@type":"BreadcrumbList","@id":"https:\/\/cancampus.ca\/en\/programas\/virtual-campus\/english-at-home\/#breadcrumb","itemListElement":[{"@type":"ListItem","position":1,"name":"In\u00edcio","item":"https:\/\/cancampus.ca\/"},{"@type":"ListItem","position":2,"name":"Programas","item":"https:\/\/cancampus.ca\/en\/programas\/"},{"@type":"ListItem","position":3,"name":"Cursos Virtuais","item":"https:\/\/cancampus.ca\/en\/programas\/virtual-campus\/"},{"@type":"ListItem","position":4,"name":"English At Home"}]},{"@type":"WebSite","@id":"https:\/\/cancampus.ca\/#website","url":"https:\/\/cancampus.ca\/","name":"CanCampus - Exp\u00e9rimentez l&#039;apprentissage\u00a0!","description":"Exp\u00e9rimentez l&#039;apprentissage\u00a0!","publisher":{"@id":"https:\/\/cancampus.ca\/#organization"},"potentialAction":[{"@type":"SearchAction","target":{"@type":"EntryPoint","urlTemplate":"https:\/\/cancampus.ca\/?s={search_term_string}"},"query-input":{"@type":"PropertyValueSpecification","valueRequired":true,"valueName":"search_term_string"}}],"inLanguage":"fr-FR"},{"@type":"Organization","@id":"https:\/\/cancampus.ca\/#organization","name":"CanCampus Canada","url":"https:\/\/cancampus.ca\/","logo":{"@type":"ImageObject","inLanguage":"fr-FR","@id":"https:\/\/cancampus.ca\/#\/schema\/logo\/image\/","url":"http:\/\/box5226.temp.domains\/~cancampu\/wp-content\/uploads\/2020\/03\/13.png","contentUrl":"http:\/\/box5226.temp.domains\/~cancampu\/wp-content\/uploads\/2020\/03\/13.png","width":3072,"height":1536,"caption":"CanCampus Canada"},"image":{"@id":"https:\/\/cancampus.ca\/#\/schema\/logo\/image\/"},"sameAs":["https:\/\/www.facebook.com\/cancampus.ca","https:\/\/www.instagram.com\/cancampus_ca\/","https:\/\/www.linkedin.com\/in\/cancampus\/"]}]}},"_links":{"self":[{"href":"https:\/\/cancampus.ca\/fr\/wp-json\/wp\/v2\/pages\/4790","targetHints":{"allow":["GET"]}}],"collection":[{"href":"https:\/\/cancampus.ca\/fr\/wp-json\/wp\/v2\/pages"}],"about":[{"href":"https:\/\/cancampus.ca\/fr\/wp-json\/wp\/v2\/types\/page"}],"author":[{"embeddable":true,"href":"https:\/\/cancampus.ca\/fr\/wp-json\/wp\/v2\/users\/2"}],"replies":[{"embeddable":true,"href":"https:\/\/cancampus.ca\/fr\/wp-json\/wp\/v2\/comments?post=4790"}],"version-history":[{"count":0,"href":"https:\/\/cancampus.ca\/fr\/wp-json\/wp\/v2\/pages\/4790\/revisions"}],"up":[{"embeddable":true,"href":"https:\/\/cancampus.ca\/fr\/wp-json\/wp\/v2\/pages\/3757"}],"wp:attachment":[{"href":"https:\/\/cancampus.ca\/fr\/wp-json\/wp\/v2\/media?parent=4790"}],"curies":[{"name":"wp","href":"https:\/\/api.w.org\/{rel}","templated":true}]}}