{"id":5380,"date":"2025-02-19T18:03:49","date_gmt":"2025-02-19T23:03:49","guid":{"rendered":"https:\/\/cancampus.ca\/?page_id=5380"},"modified":"2025-03-26T15:07:24","modified_gmt":"2025-03-26T19:07:24","slug":"ift","status":"publish","type":"page","link":"https:\/\/cancampus.ca\/fr\/ift\/","title":{"rendered":"International Field Trip"},"content":{"rendered":"<p><section class=\"fw-main-row\"  >\n\t<div class=\"fw-container-fluid\">\n\t\t<div class=\"fw-row\">\n\t<div class=\"fw-col-xs-12\">\n\t\n<div class=\"owl-carousel owl-theme\">\n                     <div class=\"position-center header-content-full header-content\" role=\"banner\" style=\"background-image:url(\/\/cancampus.ca\/wp-content\/uploads\/2025\/03\/DSC_1488-Edit-1-edited-3000x1687-1-scaled.jpg);\">\n                <div class=\"container\">\n            <div class=\"row\">\n                <div class=\"col-xs-12 col-sm-12 header-area\">\n                    <div class=\"header-area-inner header-text\">\n                        <div><span class=\"subtitle\"><span class=\"base-color\"><\/span>International Field Trip<\/span><\/div>\n                        <h1 class=\"title\"><\/h1>\n                        <p><span style=\"color: #ffffff;\">Expandimos os horizontes de seus alunos atrav\u00e9s de uma experi\u00eancia educacional \u00fanica no Canad\u00e1!<\/span><\/p>                        <div class=\"btn-section\">\n                                                                                <\/div>\n                    <\/div>\n                <\/div>\n            <\/div>\n        <\/div>\n    <\/div>\n    <\/div><\/div>\n<\/div>\n\n\t<\/div>\n<\/section>\n<section class=\"fw-main-row\"  >\n\t<div class=\"fw-container\">\n\t\t<div class=\"fw-row\">\n\t<div class=\"fw-col-xs-12\">\n\t\n\t<div class=\"fw-divider-space\" style=\"padding-top: 80px;\"><\/div>\n<\/div>\n<\/div>\n\n\t<\/div>\n<\/section>\n<section class=\"fw-main-row\" style=\"background-color:#f3f7fe;\" >\n\t<div class=\"fw-container-fluid\">\n\t\t<div class=\"fw-row\">\n\t<div class=\"fw-col-xs-12\">\n\t       \n<div id=\"why-us\" class=\"\">\n    <div class=\"row\">\n                    <div class=\"col-xs-12 col-sm-12 col-md-5 col-xl-6 col-lg-6 why-us-left-bg\" style=\"background-image:url(\/\/cancampus.ca\/wp-content\/uploads\/2025\/03\/WhatsApp-Image-2025-03-04-at-10.51.50-PM-1.jpeg);\">\n            <\/div>\n            <div class=\"col-xs-12 col-sm-12 col-md-7 col-xl-6 col-lg-6 wrap-padding bg-img-left\">\n                <div class=\"section-title\">\n                    <div>\n                        <span>Uma Experi\u00eancia Imersiva na Educa\u00e7\u00e3o Canadense!<\/span>\n                        <h3>Le programme<\/h3>\n                    <\/div>\n                <\/div>\n                                    <div class=\"about_content\">\n                        <p>Somos a extens\u00e3o internacional da sua escola, conectando estudantes brasileiros \u00e0s melhores oportunidades de aprendizado e crescimento no exterior.<\/p><p>\ud83c\udf0e Vamos al\u00e9m de uma viagem acad\u00eamica! Criamos um programa que equilibra educa\u00e7\u00e3o, divers\u00e3o e desenvolvimento pessoal, proporcionando viv\u00eancias que inspiram um futuro acad\u00eamico global.<\/p><p><strong>Por Que Escolher a CanCampus?<\/strong><\/p><p><strong>Somos brasileiros no Canad\u00e1!<\/strong> Conhecemos as expectativas dos estudantes brasileiros e oferecemos uma experi\u00eancia completa, segura e enriquecedora de costa a costa canadense.<\/p><p>\u2705 Nosso time acompanha cada etapa da jornada! Da organiza\u00e7\u00e3o no Brasil ao suporte total no Canad\u00e1, garantimos que a experi\u00eancia seja tranquila e inesquec\u00edvel.<\/p><p>\ud83c\udf93 Acesso exclusivo \u00e0s melhores universidades e escolas canadenses<br \/>\ud83d\ude80 Atividades din\u00e2micas que estimulam aprendizado e trabalho em equipe<br \/>\ud83c\udfad Imers\u00e3o cultural vibrante com esportes, gastronomia e turismo<br \/>\ud83d\udd11 Viv\u00eancia transformadora que ajuda os alunos a enxergarem um futuro acad\u00eamico global<\/p>                                            <\/div>\n                            <\/div>\n                    <\/div>\n<\/div>\n<\/div>\n<\/div>\n\n\t<\/div>\n<\/section>\n<section class=\"fw-main-row\" style=\"background-color:#f3f7fe;\" >\n\t<div class=\"fw-container-fluid\">\n\t\t<div class=\"fw-row\">\n\t<div class=\"fw-col-xs-12\">\n\t\n<div id=\"why-us\" class=\"\">\n    <div class=\"row\">\n                            <div class=\"col-xs-12 col-sm-12 col-md-7 col-xl-6 col-lg-6 wrap-padding bg-img-right\">\n                <div class=\"section-title\">\n                    <div>\n                        <span>Roteiros que combinam aprendizado, cultura e divers\u00e3o no Canad\u00e1!<\/span>\n                        <h3><\/h3>\n                    <\/div>\n                <\/div>\n                                    <div class=\"about_content\">\n                        <p><strong>O Que Est\u00e1 Incluso?<\/strong><\/p><p>\ud83d\udccd Hospedagem: Acomoda\u00e7\u00f5es de qualidade durante toda a viagem.<br \/>\ud83d\ude90 Transporte terrestre: Motorista especializado garantindo conforto e seguran\u00e7a.<br \/>\ud83d\uddfa Guias bil\u00edngues: Acompanhamento em portugu\u00eas para suporte e imers\u00e3o cultural.<br \/>\ud83c\udf7d Refei\u00e7\u00f5es: Alimenta\u00e7\u00e3o selecionada para os participantes.<br \/>\ud83c\udf9f Ingressos para atra\u00e7\u00f5es tur\u00edsticas: Museus, eventos culturais, entretenimento e visitas a institui\u00e7\u00f5es governamentais.<br \/>\ud83c\udfeb Visitas \u00e0s universidades: Acesso exclusivo e guiado \u00e0s universidades parceiras da CanCampus.<br \/>\ud83c\udf89 Entretenimento: Atividades para integra\u00e7\u00e3o dos alunos \u00e0 cultura canadense.<\/p><p><strong>Exemplo de Roteiros<\/strong><\/p><p>New Brunswick \u2013 5 a 7 dias<br \/>\ud83c\udfeb Visitas a High Schools e Universidades: imers\u00e3o acad\u00eamica com acesso a institui\u00e7\u00f5es renomadas.<br \/>\ud83e\udd1d Imers\u00e3o Cultural: Atividades como building team, h\u00f3quei e experi\u00eancias \u00fanicas que ampliam a vis\u00e3o de mundo dos alunos.<br \/>\ud83c\udf89 Divers\u00e3o Garantida: Trilhas, passeios interativos e atra\u00e7\u00f5es para uma experi\u00eancia envolvente.<\/p><p>Toronto \u2013 5 a 7 dias<br \/>\ud83c\udfdb Explora\u00e7\u00e3o Acad\u00eamica: Visitas guiadas \u00e0s melhores universidades da regi\u00e3o, com insights sobre cursos e oportunidades.<br \/>\ud83c\udfad Cultura &amp; Entretenimento: Descubra o melhor do Canad\u00e1 com esportes, gastronomia e atra\u00e7\u00f5es culturais ic\u00f4nicas.<br \/>\ud83c\udf1f Turismo e Divers\u00e3o: Conhe\u00e7a pontos tur\u00edsticos mundialmente famosos e aproveite cada momento dessa experi\u00eancia!<\/p>                                            <\/div>\n                            <\/div>\n            <div class=\"col-xs-12 col-sm-12 col-md-5 col-xl-6 col-lg-6 why-us-left-bg\" style=\"background-image:url(\/\/cancampus.ca\/wp-content\/uploads\/2025\/03\/WhatsApp-Image-2025-03-04-at-10.59.16-PM.jpeg);\">\n            <\/div>\n            <\/div>\n<\/div>\n<\/div>\n<\/div>\n\n\t<\/div>\n<\/section>\n<section class=\"fw-main-row\"  >\n\t<div class=\"fw-container\">\n\t\t<div class=\"fw-row\">\n\t<div class=\"fw-col-xs-12\">\n\t\n\t<div class=\"fw-divider-space\" style=\"padding-top: 100px;\"><\/div>\n<\/div>\n<\/div>\n\n\t<\/div>\n<\/section>\n<section class=\"fw-main-row\" style=\"background-color:#ee8320;\" >\n\t<div class=\"fw-container\">\n\t\t<div class=\"fw-row\">\n\t<div class=\"fw-col-xs-12\">\n\t\n\n<div id=\"instructor\" class=\"call-to-action-area\">\n    <div class=\"container\">\n        <div class=\"row justify-content-xl-between justify-content-lg-center justify-content-center\">\n            <div class=\"col-xl-6 col-lg-7 col-md-10\">\n                <div class=\"call-to-action-content\">\n                    <div class=\"post-heading-left\">\n                        <h3 class=\"text-white\">Seu Parceiro Brasileiro no Canad\u00e1!<\/h3>\n                    <\/div>\n                    <div class=\"text-white\">\n                                                    <p>\ud83d\udce9 Entre em contato e descubra como sua escola pode oferecer essa experi\u00eancia \u00fanica para seus alunos!<\/p><p>\ud83d\udccd Toronto, Canad\u00e1<br \/>\ud83d\udcde +55 (11) 98826-2414 \/ +1 (416) 231-2522<br \/>\ud83d\udce7 contact@cancampus.ca<\/p>                                            <\/div>\n                    <div class=\"call-to-action-btn\">\n                                                    <a href=\"https:\/\/cancampus.ca\/fr\/contato\/\">\n                                Achetez ici <i class=\"fas fa-arrow-right\"><\/i><\/a>\n                                            <\/div>\n                <\/div>\n            <\/div>\n                            <div class=\"col-xl-5 col-lg-0\">\n                    <div class=\"part-img\">\n                        <img decoding=\"async\" src=\"\/\/cancampus.ca\/wp-content\/uploads\/2020\/01\/instructor.png\"  alt=\"Seu Parceiro Brasileiro no Canad\u00e1!\"\/>\n                    <\/div>\n                <\/div>\n                    <\/div>\n    <\/div>\n<\/div><\/div>\n<\/div>\n\n\t<\/div>\n<\/section>\n<section class=\"fw-main-row\"  >\n\t<div class=\"fw-container\">\n\t\t<div class=\"fw-row\">\n\t<div class=\"fw-col-xs-12\">\n\t\n\t<div class=\"fw-divider-space\" style=\"padding-top: 100px;\"><\/div>\n<\/div>\n<\/div>\n\n\t<\/div>\n<\/section>\n<\/p>","protected":false},"excerpt":{"rendered":"<p>International Field Trip Expandimos os horizontes de seus alunos atrav\u00e9s de uma experi\u00eancia educacional \u00fanica no Canad\u00e1! Uma Experi\u00eancia Imersiva [&hellip;]<\/p>","protected":false},"author":2,"featured_media":0,"parent":0,"menu_order":0,"comment_status":"closed","ping_status":"closed","template":"template-parts\/lernen-pagefullwidth.php","meta":{"_joinchat":[],"footnotes":""},"class_list":["post-5380","page","type-page","status-publish","hentry"],"yoast_head":"<!-- This site is optimized with the Yoast SEO plugin v27.2 - https:\/\/yoast.com\/product\/yoast-seo-wordpress\/ -->\n<title>International Field Trip - CanCampus<\/title>\n<meta name=\"robots\" content=\"index, follow, max-snippet:-1, max-image-preview:large, max-video-preview:-1\" \/>\n<link rel=\"canonical\" href=\"https:\/\/cancampus.ca\/fr\/ift\/\" \/>\n<meta property=\"og:locale\" content=\"fr_FR\" \/>\n<meta property=\"og:type\" content=\"article\" \/>\n<meta property=\"og:title\" content=\"International Field Trip - CanCampus\" \/>\n<meta property=\"og:description\" content=\"International Field Trip Expandimos os horizontes de seus alunos atrav\u00e9s de uma experi\u00eancia educacional \u00fanica no Canad\u00e1! Uma Experi\u00eancia Imersiva [&hellip;]\" \/>\n<meta property=\"og:url\" content=\"https:\/\/cancampus.ca\/fr\/ift\/\" \/>\n<meta property=\"og:site_name\" content=\"CanCampus\" \/>\n<meta property=\"article:publisher\" content=\"https:\/\/www.facebook.com\/cancampus.ca\" \/>\n<meta property=\"article:modified_time\" content=\"2025-03-26T19:07:24+00:00\" \/>\n<meta name=\"twitter:card\" content=\"summary_large_image\" \/>\n<meta name=\"twitter:label1\" content=\"Dur\u00e9e de lecture estim\u00e9e\" \/>\n\t<meta name=\"twitter:data1\" content=\"3 minutes\" \/>\n<script type=\"application\/ld+json\" class=\"yoast-schema-graph\">{\"@context\":\"https:\/\/schema.org\",\"@graph\":[{\"@type\":\"WebPage\",\"@id\":\"https:\/\/cancampus.ca\/tr\/ift\/\",\"url\":\"https:\/\/cancampus.ca\/tr\/ift\/\",\"name\":\"International Field Trip - CanCampus\",\"isPartOf\":{\"@id\":\"https:\/\/cancampus.ca\/#website\"},\"datePublished\":\"2025-02-19T23:03:49+00:00\",\"dateModified\":\"2025-03-26T19:07:24+00:00\",\"breadcrumb\":{\"@id\":\"https:\/\/cancampus.ca\/tr\/ift\/#breadcrumb\"},\"inLanguage\":\"fr-FR\",\"potentialAction\":[{\"@type\":\"ReadAction\",\"target\":[\"https:\/\/cancampus.ca\/tr\/ift\/\"]}]},{\"@type\":\"BreadcrumbList\",\"@id\":\"https:\/\/cancampus.ca\/tr\/ift\/#breadcrumb\",\"itemListElement\":[{\"@type\":\"ListItem\",\"position\":1,\"name\":\"In\u00edcio\",\"item\":\"https:\/\/cancampus.ca\/\"},{\"@type\":\"ListItem\",\"position\":2,\"name\":\"International Field Trip\"}]},{\"@type\":\"WebSite\",\"@id\":\"https:\/\/cancampus.ca\/#website\",\"url\":\"https:\/\/cancampus.ca\/\",\"name\":\"CanCampus - Experince Learning!\",\"description\":\"Experience Learning!\",\"publisher\":{\"@id\":\"https:\/\/cancampus.ca\/#organization\"},\"potentialAction\":[{\"@type\":\"SearchAction\",\"target\":{\"@type\":\"EntryPoint\",\"urlTemplate\":\"https:\/\/cancampus.ca\/?s={search_term_string}\"},\"query-input\":{\"@type\":\"PropertyValueSpecification\",\"valueRequired\":true,\"valueName\":\"search_term_string\"}}],\"inLanguage\":\"fr-FR\"},{\"@type\":\"Organization\",\"@id\":\"https:\/\/cancampus.ca\/#organization\",\"name\":\"CanCampus Canada\",\"url\":\"https:\/\/cancampus.ca\/\",\"logo\":{\"@type\":\"ImageObject\",\"inLanguage\":\"fr-FR\",\"@id\":\"https:\/\/cancampus.ca\/#\/schema\/logo\/image\/\",\"url\":\"http:\/\/box5226.temp.domains\/~cancampu\/wp-content\/uploads\/2020\/03\/13.png\",\"contentUrl\":\"http:\/\/box5226.temp.domains\/~cancampu\/wp-content\/uploads\/2020\/03\/13.png\",\"width\":3072,\"height\":1536,\"caption\":\"CanCampus Canada\"},\"image\":{\"@id\":\"https:\/\/cancampus.ca\/#\/schema\/logo\/image\/\"},\"sameAs\":[\"https:\/\/www.facebook.com\/cancampus.ca\",\"https:\/\/www.instagram.com\/cancampus_ca\/\",\"https:\/\/www.linkedin.com\/in\/cancampus\/\"]}]}<\/script>\n<!-- \/ Yoast SEO plugin. -->","yoast_head_json":{"title":"International Field Trip - CanCampus","robots":{"index":"index","follow":"follow","max-snippet":"max-snippet:-1","max-image-preview":"max-image-preview:large","max-video-preview":"max-video-preview:-1"},"canonical":"https:\/\/cancampus.ca\/fr\/ift\/","og_locale":"fr_FR","og_type":"article","og_title":"International Field Trip - CanCampus","og_description":"International Field Trip Expandimos os horizontes de seus alunos atrav\u00e9s de uma experi\u00eancia educacional \u00fanica no Canad\u00e1! Uma Experi\u00eancia Imersiva [&hellip;]","og_url":"https:\/\/cancampus.ca\/fr\/ift\/","og_site_name":"CanCampus","article_publisher":"https:\/\/www.facebook.com\/cancampus.ca","article_modified_time":"2025-03-26T19:07:24+00:00","twitter_card":"summary_large_image","twitter_misc":{"Dur\u00e9e de lecture estim\u00e9e":"3 minutes"},"schema":{"@context":"https:\/\/schema.org","@graph":[{"@type":"WebPage","@id":"https:\/\/cancampus.ca\/tr\/ift\/","url":"https:\/\/cancampus.ca\/tr\/ift\/","name":"International Field Trip - CanCampus","isPartOf":{"@id":"https:\/\/cancampus.ca\/#website"},"datePublished":"2025-02-19T23:03:49+00:00","dateModified":"2025-03-26T19:07:24+00:00","breadcrumb":{"@id":"https:\/\/cancampus.ca\/tr\/ift\/#breadcrumb"},"inLanguage":"fr-FR","potentialAction":[{"@type":"ReadAction","target":["https:\/\/cancampus.ca\/tr\/ift\/"]}]},{"@type":"BreadcrumbList","@id":"https:\/\/cancampus.ca\/tr\/ift\/#breadcrumb","itemListElement":[{"@type":"ListItem","position":1,"name":"In\u00edcio","item":"https:\/\/cancampus.ca\/"},{"@type":"ListItem","position":2,"name":"International Field Trip"}]},{"@type":"WebSite","@id":"https:\/\/cancampus.ca\/#website","url":"https:\/\/cancampus.ca\/","name":"CanCampus - Exp\u00e9rimentez l&#039;apprentissage\u00a0!","description":"Exp\u00e9rimentez l&#039;apprentissage\u00a0!","publisher":{"@id":"https:\/\/cancampus.ca\/#organization"},"potentialAction":[{"@type":"SearchAction","target":{"@type":"EntryPoint","urlTemplate":"https:\/\/cancampus.ca\/?s={search_term_string}"},"query-input":{"@type":"PropertyValueSpecification","valueRequired":true,"valueName":"search_term_string"}}],"inLanguage":"fr-FR"},{"@type":"Organization","@id":"https:\/\/cancampus.ca\/#organization","name":"CanCampus Canada","url":"https:\/\/cancampus.ca\/","logo":{"@type":"ImageObject","inLanguage":"fr-FR","@id":"https:\/\/cancampus.ca\/#\/schema\/logo\/image\/","url":"http:\/\/box5226.temp.domains\/~cancampu\/wp-content\/uploads\/2020\/03\/13.png","contentUrl":"http:\/\/box5226.temp.domains\/~cancampu\/wp-content\/uploads\/2020\/03\/13.png","width":3072,"height":1536,"caption":"CanCampus Canada"},"image":{"@id":"https:\/\/cancampus.ca\/#\/schema\/logo\/image\/"},"sameAs":["https:\/\/www.facebook.com\/cancampus.ca","https:\/\/www.instagram.com\/cancampus_ca\/","https:\/\/www.linkedin.com\/in\/cancampus\/"]}]}},"_links":{"self":[{"href":"https:\/\/cancampus.ca\/fr\/wp-json\/wp\/v2\/pages\/5380","targetHints":{"allow":["GET"]}}],"collection":[{"href":"https:\/\/cancampus.ca\/fr\/wp-json\/wp\/v2\/pages"}],"about":[{"href":"https:\/\/cancampus.ca\/fr\/wp-json\/wp\/v2\/types\/page"}],"author":[{"embeddable":true,"href":"https:\/\/cancampus.ca\/fr\/wp-json\/wp\/v2\/users\/2"}],"replies":[{"embeddable":true,"href":"https:\/\/cancampus.ca\/fr\/wp-json\/wp\/v2\/comments?post=5380"}],"version-history":[{"count":28,"href":"https:\/\/cancampus.ca\/fr\/wp-json\/wp\/v2\/pages\/5380\/revisions"}],"predecessor-version":[{"id":5460,"href":"https:\/\/cancampus.ca\/fr\/wp-json\/wp\/v2\/pages\/5380\/revisions\/5460"}],"wp:attachment":[{"href":"https:\/\/cancampus.ca\/fr\/wp-json\/wp\/v2\/media?parent=5380"}],"curies":[{"name":"wp","href":"https:\/\/api.w.org\/{rel}","templated":true}]}}