{"id":2939,"date":"2020-02-24T12:27:18","date_gmt":"2020-02-24T15:27:18","guid":{"rendered":"http:\/\/box5226.temp.domains\/~cancampu\/?page_id=2939"},"modified":"2024-10-09T08:41:21","modified_gmt":"2024-10-09T12:41:21","slug":"chemistry","status":"publish","type":"page","link":"https:\/\/cancampus.ca\/tr\/programas\/chemistry\/","title":{"rendered":"Kimya \u0130ngilizcesi"},"content":{"rendered":"<p><section class=\"fw-main-row\"  >\n\t<div class=\"fw-container-fluid\">\n\t\t<div class=\"fw-row\">\n\t<div class=\"fw-col-xs-12\">\n\t\n<div class=\"owl-carousel owl-theme\">\n                     <div class=\"position-center header-content-full header-content\" role=\"banner\" style=\"background-image:url(\/\/cancampus.ca\/wp-content\/uploads\/2020\/04\/Canva-null.jpg);\">\n                <div class=\"container\">\n            <div class=\"row\">\n                <div class=\"col-xs-12 col-sm-12 header-area\">\n                    <div class=\"header-area-inner header-text\">\n                        <div><span class=\"subtitle\"><span class=\"base-color\"><\/span>Kimya \u0130ngilizcesi<\/span><\/div>\n                        <h1 class=\"title\"><\/h1>\n                        <p><span style=\"color: #ffffff;\">Size, profesyonel ve Kimya alan\u0131n\u0131n \u00f6\u011frencisi odakl\u0131 olarak, kursunu geli\u015ftirdik.\u00a0<em>Kimya \u0130ngilizcesi<\/em>\u00a0i\u015f becerilerinizi g\u00fc\u00e7lendirmek i\u00e7in.<\/span><\/p>                        <div class=\"btn-section\">\n                                                                                <\/div>\n                    <\/div>\n                <\/div>\n            <\/div>\n        <\/div>\n    <\/div>\n    <\/div><\/div>\n<\/div>\n\n\t<\/div>\n<\/section>\n<section class=\"fw-main-row\"  >\n\t<div class=\"fw-container\">\n\t\t<div class=\"fw-row\">\n\t<div class=\"fw-col-xs-12\">\n\t\n\t<div class=\"fw-divider-space\" style=\"padding-top: 40px;\"><\/div>\n<\/div>\n<\/div>\n\n\t<\/div>\n<\/section>\n<section class=\"fw-main-row\" style=\"background-color:#ffffff;\" >\n\t<div class=\"fw-container-fluid\">\n\t\t<div class=\"fw-row\">\n\t<div class=\"fw-col-xs-12 fw-col-sm-2\">\n\t<\/div>\n<div class=\"fw-col-xs-12 fw-col-sm-8\">\n\t<div class=\"fw-accordion\">\n\t\t\t<h3 class=\"fw-accordion-title\">Belirtilen<\/h3>\n\t\t<div class=\"fw-accordion-content\">\n\t\t\t<p>Kimya, end\u00fcstriyel s\u00fcre\u00e7ler ve malzeme uzmanlar\u0131 ve \u00f6\u011frenciler.<\/p>\n\t\t<\/div>\n\t\t\t<h3 class=\"fw-accordion-title\">Dil<\/h3>\n\t\t<div class=\"fw-accordion-content\">\n\t\t\t<p>Orta d\u00fczey \u0130ngilizce.<\/p>\n\t\t<\/div>\n\t\t\t<h3 class=\"fw-accordion-title\">Yerel<\/h3>\n\t\t<div class=\"fw-accordion-content\">\n\t\t\t<p>Brantford, Toronto ve Niagara.<\/p>\n\t\t<\/div>\n\t\t\t<h3 class=\"fw-accordion-title\">Yat\u0131r\u0131m<\/h3>\n\t\t<div class=\"fw-accordion-content\">\n\t\t\t<p>Haftada CAD$ 1.555.00&#039;dan ba\u015flayarak.<\/p>\n\t\t<\/div>\n\t\t\t<h3 class=\"fw-accordion-title\">tarih<\/h3>\n\t\t<div class=\"fw-accordion-content\">\n\t\t\t<p>Haziran ve Temmuz 2021 se\u00e7enekleri. Di\u011fer tarihler i\u00e7in bize dan\u0131\u015f\u0131n.<\/p>\n\t\t<\/div>\n\t<\/div><\/div>\n<div class=\"fw-col-xs-12 fw-col-sm-2\">\n\t<\/div>\n<\/div>\n\n\t<\/div>\n<\/section>\n<section class=\"fw-main-row\"  >\n\t<div class=\"fw-container\">\n\t\t<div class=\"fw-row\">\n\t<div class=\"fw-col-xs-12\">\n\t\n\t<div class=\"fw-divider-space\" style=\"padding-top: 30px;\"><\/div>\n<\/div>\n<\/div>\n\n\t<\/div>\n<\/section>\n<section class=\"fw-main-row\" style=\"background-color:#f3f7fe;\" >\n\t<div class=\"fw-container-fluid\">\n\t\t<div class=\"fw-row\">\n\t<div class=\"fw-col-xs-12\">\n\t       \n<div id=\"why-us\" class=\"\">\n    <div class=\"row\">\n                    <div class=\"col-xs-12 col-sm-12 col-md-5 col-xl-6 col-lg-6 why-us-left-bg\" style=\"background-image:url(\/\/cancampus.ca\/wp-content\/uploads\/2020\/02\/O6M3H50-scaled.jpg);\">\n            <\/div>\n            <div class=\"col-xs-12 col-sm-12 col-md-7 col-xl-6 col-lg-6 wrap-padding bg-img-left\">\n                <div class=\"section-title\">\n                    <div>\n                        <span>Program<\/span>\n                        <h3>Becerilerinizi geni\u015fletin<\/h3>\n                    <\/div>\n                <\/div>\n                                    <div class=\"about_content\">\n                        <p>\u0130le ortak \u00e7al\u0131\u015ft\u0131\u00a0<em>Wilfrid Laurier \u00dcniversitesi<\/em>, Kanada&#039;n\u0131n en b\u00fcy\u00fck ve en tan\u0131nm\u0131\u015f \u00fcniversitelerinden biri olan\u00a0<strong><em>Kimya \u0130ngilizcesi<\/em><\/strong><em>\u00a0<\/em>sadece kelime da\u011farc\u0131\u011f\u0131n\u0131 g\u00fc\u00e7lendirmekle kalmay\u0131p, ayn\u0131 zamanda k\u00fcreselle\u015fmi\u015f bir i\u015f ortam\u0131nda mesleki faaliyetlerinin ba\u011flam\u0131yla ilgili olarak ara\u00e7sal dillerini geli\u015ftirmek isteyen \u00fcniversite \u00f6\u011frencileri ve profesyonellere odaklanmaktad\u0131r.<\/p><p>Program\u0131n, kat\u0131l\u0131mc\u0131n\u0131n profesyonel ger\u00e7ekli\u011fiyle daha fazla temas kurmay\u0131 ama\u00e7layan pragmatik derslerden Kanada laboratuvarlar\u0131na ziyaretlere kadar profesyonel kimlik bilgilerinizi y\u00fckseltmenize olanak tan\u0131yan \u00e7e\u015fitli aktiviteler vard\u0131r.<\/p><p>Bu kursu tamamlad\u0131ktan sonra, \u0130ngilizce dil becerilerinizi geli\u015ftirmenin yan\u0131 s\u0131ra, bir \u00fcniversite sertifikas\u0131 da alacaks\u0131n\u0131z. <em>Kimya \u0130ngilizcesi<\/em>.<\/p><p>Ekibinize yat\u0131r\u0131m yapmakla ilgilenen \u015firketler i\u00e7in \u00f6zelle\u015ftirilmi\u015f kurslar i\u00e7eren ekip olu\u015fturma programlar\u0131 sunuyoruz.<\/p>                                            <\/div>\n                            <\/div>\n                    <\/div>\n<\/div>\n<\/div>\n<\/div>\n\n\t<\/div>\n<\/section>\n<section class=\"fw-main-row\" style=\"background-color:#f3f7fe;\" >\n\t<div class=\"fw-container-fluid\">\n\t\t<div class=\"fw-row\">\n\t<div class=\"fw-col-xs-12\">\n\t\n<div id=\"why-us\" class=\"\">\n    <div class=\"row\">\n                            <div class=\"col-xs-12 col-sm-12 col-md-7 col-xl-6 col-lg-6 wrap-padding bg-img-right\">\n                <div class=\"section-title\">\n                    <div>\n                        <span>Dersler, A\u011f Olu\u015fturma ve K\u00fclt\u00fcr<\/span>\n                        <h3>Daha ileri gitmeniz i\u00e7in her \u015fey!<\/h3>\n                    <\/div>\n                <\/div>\n                                    <div class=\"about_content\">\n                        <p><strong>Konu\u015fmalar<\/strong><\/p><ul><li>Kimyada Kariyer<\/li><li>Finansman F\u0131rsatlar\u0131<\/li><li>Jeokimya S\u00fcrd\u00fcr\u00fclebilirlik<\/li><\/ul><p><strong>Kursta anlat\u0131lan konular\u00a0<\/strong><\/p><ul><li>Bilim ve Ara\u015ft\u0131rma \u0130leti\u015fimi becerileri<\/li><li>Kanada K\u00fclt\u00fcr Dersi<\/li><li>Di\u011ferleri aras\u0131nda<\/li><\/ul><p><strong>04 haftal\u0131k kurs s\u00fcresi<\/strong><\/p><ul><li>36 saat - didaktik dersler<\/li><li>12 saat - profesyonellerle etkile\u015fim<\/li><li>30 saat - kimya sekt\u00f6r\u00fcndeki laboratuvarlara, ara\u015ft\u0131rma merkezlerine ve end\u00fcstrilere ziyaret<\/li><li>40 saat - B\u00f6lgede birka\u00e7 ders<\/li><\/ul><p>Kurs s\u00fcresi i\u00e7in ba\u015fka se\u00e7eneklerimiz de var: bize ula\u015f\u0131n.<\/p><p><strong>Ke\u015ffetmek!<\/strong><\/p><ul><li>CN Kulesi<\/li><li>Rogers Center stadyumunda beyzbol ma\u00e7\u0131 *<\/li><li>Hokey oyunu *<\/li><li>Niagara \u015eelalesi, Maid of the Mist ve Clifton Hill<\/li><li>Al\u0131\u015fveri\u015f - Premier Outlet ve Eaton Merkezi<\/li><li>ROM (Royal Ontario M\u00fczesi) veya AGO (Ontario Sanat Galerisi)<\/li><li>Kay\u0131t odas\u0131<\/li><li>Distillery B\u00f6lgesi<\/li><li>Wonderland E\u011flence Park\u0131 *<\/li><\/ul><p>* Mevsimsel<\/p>                                            <\/div>\n                            <\/div>\n            <div class=\"col-xs-12 col-sm-12 col-md-5 col-xl-6 col-lg-6 why-us-left-bg\" style=\"background-image:url(\/\/cancampus.ca\/wp-content\/uploads\/2020\/01\/Canva-Cn-Tower-Seattle-scaled.jpg);\">\n            <\/div>\n            <\/div>\n<\/div>\n<\/div>\n<\/div>\n\n\t<\/div>\n<\/section>\n<section class=\"fw-main-row\" style=\"background-color:#f3f7fe;\" >\n\t<div class=\"fw-container-fluid\">\n\t\t<div class=\"fw-row\">\n\t<div class=\"fw-col-xs-12\">\n\t\n<div id=\"why-us\" class=\"\">\n    <div class=\"row\">\n                    <div class=\"col-xs-12 col-sm-12 col-md-5 col-xl-6 col-lg-6 why-us-left-bg\" style=\"background-image:url(\/\/cancampus.ca\/wp-content\/uploads\/2020\/04\/keyssar_hbs_072_1280.jpg);\">\n            <\/div>\n            <div class=\"col-xs-12 col-sm-12 col-md-7 col-xl-6 col-lg-6 wrap-padding bg-img-left\">\n                <div class=\"section-title\">\n                    <div>\n                        <span>Yat\u0131r\u0131mlar<\/span>\n                        <h3><\/h3>\n                    <\/div>\n                <\/div>\n                                    <div class=\"about_content\">\n                        <p>CAD$ 1.555,00 * (yakla\u015f\u0131k USD$ 1.165,00 **)<\/p><p><em>May\u0131s&#039;tan A\u011fustos&#039;a kadar bir \u00fcniversite yurdunda turizm ve konaklama dahil haftal\u0131k de\u011fer<\/em>.<\/p><p><em>Di\u011fer tarihler i\u00e7in bize dan\u0131\u015f\u0131n ve <\/em><em>taksit se\u00e7enekleri.<\/em><\/p><p><em>\u00a0<\/em>*Kanada Dolar\u0131<\/p><p>**Amerikan dolar\u0131<\/p>                                            <\/div>\n                            <\/div>\n                    <\/div>\n<\/div>\n<\/div>\n<\/div>\n\n\t<\/div>\n<\/section>\n<section class=\"fw-main-row\" style=\"background-color:#ee8320;\" >\n\t<div class=\"fw-container\">\n\t\t<div class=\"fw-row\">\n\t<div class=\"fw-col-xs-12\">\n\t\n\n<div id=\"instructor\" class=\"call-to-action-area\">\n    <div class=\"container\">\n        <div class=\"row justify-content-xl-between justify-content-lg-center justify-content-center\">\n            <div class=\"col-xl-6 col-lg-7 col-md-10\">\n                <div class=\"call-to-action-content\">\n                    <div class=\"post-heading-left\">\n                        <h3 class=\"text-white\">Program\u0131n\u0131z\u0131 al\u0131n<\/h3>\n                    <\/div>\n                    <div class=\"text-white\">\n                                                    <p>Size e\u015flik edecek yerel bir ekiple m\u00fckemmel bir \u00fcniversite ile iyi bir kurs. Son olarak, profesyonel ve ki\u015fisel deneyiminiz i\u00e7in e\u015fsiz bir f\u0131rsat.<\/p><p>\u015eimdi t\u0131klay\u0131n ve program\u0131n\u0131z\u0131 al\u0131n.<\/p>                                            <\/div>\n                    <div class=\"call-to-action-btn\">\n                                                    <a href=\"https:\/\/cancampus.ca\/tr\/contato\/\">\n                                Buradan al\u0131n <i class=\"fas fa-arrow-right\"><\/i><\/a>\n                                            <\/div>\n                <\/div>\n            <\/div>\n                            <div class=\"col-xl-5 col-lg-0\">\n                    <div class=\"part-img\">\n                        <img decoding=\"async\" src=\"\/\/cancampus.ca\/wp-content\/uploads\/2020\/01\/instructor.png\"  alt=\"Program\u0131n\u0131z\u0131 al\u0131n\"\/>\n                    <\/div>\n                <\/div>\n                    <\/div>\n    <\/div>\n<\/div><\/div>\n<\/div>\n\n\t<\/div>\n<\/section>\n<\/p>","protected":false},"excerpt":{"rendered":"<p>Chemistry English Focado em voc\u00ea, profissional e estudante da \u00e1rea de Qu\u00edmica, desenvolvemos o curso de\u00a0Chemistry English\u00a0para fortalecer suas habilidades [&hellip;]<\/p>","protected":false},"author":2,"featured_media":0,"parent":3039,"menu_order":0,"comment_status":"closed","ping_status":"closed","template":"template-parts\/lernen-pagefullwidth.php","meta":{"_joinchat":[],"footnotes":""},"class_list":["post-2939","page","type-page","status-publish","hentry"],"yoast_head":"<!-- This site is optimized with the Yoast SEO plugin v27.2 - https:\/\/yoast.com\/product\/yoast-seo-wordpress\/ -->\n<title>Chemistry English - CanCampus<\/title>\n<meta name=\"robots\" content=\"index, follow, max-snippet:-1, max-image-preview:large, max-video-preview:-1\" \/>\n<link rel=\"canonical\" href=\"https:\/\/cancampus.ca\/tr\/programas\/chemistry\/\" \/>\n<meta property=\"og:locale\" content=\"tr_TR\" \/>\n<meta property=\"og:type\" content=\"article\" \/>\n<meta property=\"og:title\" content=\"Chemistry English - CanCampus\" \/>\n<meta property=\"og:description\" content=\"Chemistry English Focado em voc\u00ea, profissional e estudante da \u00e1rea de Qu\u00edmica, desenvolvemos o curso de\u00a0Chemistry English\u00a0para fortalecer suas habilidades [&hellip;]\" \/>\n<meta property=\"og:url\" content=\"https:\/\/cancampus.ca\/tr\/programas\/chemistry\/\" \/>\n<meta property=\"og:site_name\" content=\"CanCampus\" \/>\n<meta property=\"article:publisher\" content=\"https:\/\/www.facebook.com\/cancampus.ca\" \/>\n<meta property=\"article:modified_time\" content=\"2024-10-09T12:41:21+00:00\" \/>\n<meta name=\"twitter:card\" content=\"summary_large_image\" \/>\n<meta name=\"twitter:label1\" content=\"Tahmini okuma s\u00fcresi\" \/>\n\t<meta name=\"twitter:data1\" content=\"4 dakika\" \/>\n<script type=\"application\/ld+json\" class=\"yoast-schema-graph\">{\"@context\":\"https:\/\/schema.org\",\"@graph\":[{\"@type\":\"WebPage\",\"@id\":\"https:\/\/cancampus.ca\/en\/programas\/chemistry\/\",\"url\":\"https:\/\/cancampus.ca\/en\/programas\/chemistry\/\",\"name\":\"Chemistry English - CanCampus\",\"isPartOf\":{\"@id\":\"https:\/\/cancampus.ca\/#website\"},\"datePublished\":\"2020-02-24T15:27:18+00:00\",\"dateModified\":\"2024-10-09T12:41:21+00:00\",\"breadcrumb\":{\"@id\":\"https:\/\/cancampus.ca\/en\/programas\/chemistry\/#breadcrumb\"},\"inLanguage\":\"tr\",\"potentialAction\":[{\"@type\":\"ReadAction\",\"target\":[\"https:\/\/cancampus.ca\/en\/programas\/chemistry\/\"]}]},{\"@type\":\"BreadcrumbList\",\"@id\":\"https:\/\/cancampus.ca\/en\/programas\/chemistry\/#breadcrumb\",\"itemListElement\":[{\"@type\":\"ListItem\",\"position\":1,\"name\":\"In\u00edcio\",\"item\":\"https:\/\/cancampus.ca\/\"},{\"@type\":\"ListItem\",\"position\":2,\"name\":\"Programas\",\"item\":\"https:\/\/cancampus.ca\/en\/programas\/\"},{\"@type\":\"ListItem\",\"position\":3,\"name\":\"Chemistry English\"}]},{\"@type\":\"WebSite\",\"@id\":\"https:\/\/cancampus.ca\/#website\",\"url\":\"https:\/\/cancampus.ca\/\",\"name\":\"CanCampus - Experince Learning!\",\"description\":\"Experience Learning!\",\"publisher\":{\"@id\":\"https:\/\/cancampus.ca\/#organization\"},\"potentialAction\":[{\"@type\":\"SearchAction\",\"target\":{\"@type\":\"EntryPoint\",\"urlTemplate\":\"https:\/\/cancampus.ca\/?s={search_term_string}\"},\"query-input\":{\"@type\":\"PropertyValueSpecification\",\"valueRequired\":true,\"valueName\":\"search_term_string\"}}],\"inLanguage\":\"tr\"},{\"@type\":\"Organization\",\"@id\":\"https:\/\/cancampus.ca\/#organization\",\"name\":\"CanCampus Canada\",\"url\":\"https:\/\/cancampus.ca\/\",\"logo\":{\"@type\":\"ImageObject\",\"inLanguage\":\"tr\",\"@id\":\"https:\/\/cancampus.ca\/#\/schema\/logo\/image\/\",\"url\":\"http:\/\/box5226.temp.domains\/~cancampu\/wp-content\/uploads\/2020\/03\/13.png\",\"contentUrl\":\"http:\/\/box5226.temp.domains\/~cancampu\/wp-content\/uploads\/2020\/03\/13.png\",\"width\":3072,\"height\":1536,\"caption\":\"CanCampus Canada\"},\"image\":{\"@id\":\"https:\/\/cancampus.ca\/#\/schema\/logo\/image\/\"},\"sameAs\":[\"https:\/\/www.facebook.com\/cancampus.ca\",\"https:\/\/www.instagram.com\/cancampus_ca\/\",\"https:\/\/www.linkedin.com\/in\/cancampus\/\"]}]}<\/script>\n<!-- \/ Yoast SEO plugin. -->","yoast_head_json":{"title":"Kimya \u0130ngilizcesi - CanCampus","robots":{"index":"index","follow":"follow","max-snippet":"max-snippet:-1","max-image-preview":"max-image-preview:large","max-video-preview":"max-video-preview:-1"},"canonical":"https:\/\/cancampus.ca\/tr\/programas\/chemistry\/","og_locale":"tr_TR","og_type":"article","og_title":"Chemistry English - CanCampus","og_description":"Chemistry English Focado em voc\u00ea, profissional e estudante da \u00e1rea de Qu\u00edmica, desenvolvemos o curso de\u00a0Chemistry English\u00a0para fortalecer suas habilidades [&hellip;]","og_url":"https:\/\/cancampus.ca\/tr\/programas\/chemistry\/","og_site_name":"CanCampus","article_publisher":"https:\/\/www.facebook.com\/cancampus.ca","article_modified_time":"2024-10-09T12:41:21+00:00","twitter_card":"summary_large_image","twitter_misc":{"Tahmini okuma s\u00fcresi":"4 dakika"},"schema":{"@context":"https:\/\/schema.org","@graph":[{"@type":"WebPage","@id":"https:\/\/cancampus.ca\/en\/programas\/chemistry\/","url":"https:\/\/cancampus.ca\/en\/programas\/chemistry\/","name":"Kimya \u0130ngilizcesi - CanCampus","isPartOf":{"@id":"https:\/\/cancampus.ca\/#website"},"datePublished":"2020-02-24T15:27:18+00:00","dateModified":"2024-10-09T12:41:21+00:00","breadcrumb":{"@id":"https:\/\/cancampus.ca\/en\/programas\/chemistry\/#breadcrumb"},"inLanguage":"tr","potentialAction":[{"@type":"ReadAction","target":["https:\/\/cancampus.ca\/en\/programas\/chemistry\/"]}]},{"@type":"BreadcrumbList","@id":"https:\/\/cancampus.ca\/en\/programas\/chemistry\/#breadcrumb","itemListElement":[{"@type":"ListItem","position":1,"name":"In\u00edcio","item":"https:\/\/cancampus.ca\/"},{"@type":"ListItem","position":2,"name":"Programas","item":"https:\/\/cancampus.ca\/en\/programas\/"},{"@type":"ListItem","position":3,"name":"Chemistry English"}]},{"@type":"WebSite","@id":"https:\/\/cancampus.ca\/#website","url":"https:\/\/cancampus.ca\/","name":"CanCampus - \u00d6\u011frenmeyi Deneyimleyin!","description":"\u00d6\u011frenmeyi Deneyimleyin!","publisher":{"@id":"https:\/\/cancampus.ca\/#organization"},"potentialAction":[{"@type":"SearchAction","target":{"@type":"EntryPoint","urlTemplate":"https:\/\/cancampus.ca\/?s={search_term_string}"},"query-input":{"@type":"PropertyValueSpecification","valueRequired":true,"valueName":"search_term_string"}}],"inLanguage":"tr"},{"@type":"Organization","@id":"https:\/\/cancampus.ca\/#organization","name":"CanKamp\u00fcs Kanada","url":"https:\/\/cancampus.ca\/","logo":{"@type":"ImageObject","inLanguage":"tr","@id":"https:\/\/cancampus.ca\/#\/schema\/logo\/image\/","url":"http:\/\/box5226.temp.domains\/~cancampu\/wp-content\/uploads\/2020\/03\/13.png","contentUrl":"http:\/\/box5226.temp.domains\/~cancampu\/wp-content\/uploads\/2020\/03\/13.png","width":3072,"height":1536,"caption":"CanCampus Canada"},"image":{"@id":"https:\/\/cancampus.ca\/#\/schema\/logo\/image\/"},"sameAs":["https:\/\/www.facebook.com\/cancampus.ca","https:\/\/www.instagram.com\/cancampus_ca\/","https:\/\/www.linkedin.com\/in\/cancampus\/"]}]}},"_links":{"self":[{"href":"https:\/\/cancampus.ca\/tr\/wp-json\/wp\/v2\/pages\/2939","targetHints":{"allow":["GET"]}}],"collection":[{"href":"https:\/\/cancampus.ca\/tr\/wp-json\/wp\/v2\/pages"}],"about":[{"href":"https:\/\/cancampus.ca\/tr\/wp-json\/wp\/v2\/types\/page"}],"author":[{"embeddable":true,"href":"https:\/\/cancampus.ca\/tr\/wp-json\/wp\/v2\/users\/2"}],"replies":[{"embeddable":true,"href":"https:\/\/cancampus.ca\/tr\/wp-json\/wp\/v2\/comments?post=2939"}],"version-history":[{"count":2,"href":"https:\/\/cancampus.ca\/tr\/wp-json\/wp\/v2\/pages\/2939\/revisions"}],"predecessor-version":[{"id":5344,"href":"https:\/\/cancampus.ca\/tr\/wp-json\/wp\/v2\/pages\/2939\/revisions\/5344"}],"up":[{"embeddable":true,"href":"https:\/\/cancampus.ca\/tr\/wp-json\/wp\/v2\/pages\/3039"}],"wp:attachment":[{"href":"https:\/\/cancampus.ca\/tr\/wp-json\/wp\/v2\/media?parent=2939"}],"curies":[{"name":"wp","href":"https:\/\/api.w.org\/{rel}","templated":true}]}}