{"id":3039,"date":"2020-03-01T17:39:14","date_gmt":"2020-03-01T20:39:14","guid":{"rendered":"http:\/\/box5226.temp.domains\/~cancampu\/?page_id=3039"},"modified":"2024-08-30T08:53:36","modified_gmt":"2024-08-30T12:53:36","slug":"programas","status":"publish","type":"page","link":"https:\/\/cancampus.ca\/tr\/programas\/","title":{"rendered":"Dersleri"},"content":{"rendered":"<p><section class=\"fw-main-row\"  >\n\t<div class=\"fw-container-fluid\">\n\t\t<div class=\"fw-row\">\n\t<div class=\"fw-col-xs-12\">\n\t\n<div class=\"owl-carousel owl-theme\">\n                     <div class=\"equal-margin header-content\" role=\"banner\" style=\"background-image:url(\/\/cancampus.ca\/wp-content\/uploads\/2020\/01\/Canva-Smiling-Man-and-Woman-Both-Sitting-on-Sofa-Both-Looking-at-Silver-Macbook-scaled.jpg);\">\n                <div class=\"container\">\n            <div class=\"row\">\n                <div class=\"col-xs-12 col-sm-12 header-area\">\n                    <div class=\"header-area-inner header-text\">\n                        <div><span class=\"subtitle\">Kurslar\u0131m\u0131z\u0131 ke\u015ffedin ve<\/span><\/div>\n                        <h1 class=\"title\">becerilerinizi geni\u015fletin!<\/h1>\n                                                <div class=\"btn-section\">\n                                                                                <\/div>\n                    <\/div>\n                <\/div>\n            <\/div>\n        <\/div>\n    <\/div>\n    <\/div><\/div>\n<\/div>\n\n\t<\/div>\n<\/section>\n<section class=\"fw-main-row\"  >\n\t<div class=\"fw-container-fluid\">\n\t\t<div class=\"fw-row\">\n\t<div class=\"fw-col-xs-12\">\n\t\n\t<div class=\"fw-divider-space\" style=\"padding-top: 80px;\"><\/div>\n<\/div>\n<\/div>\n\n<div class=\"fw-row\">\n\t<div class=\"fw-col-xs-12\">\n\t       <div class=\"text-block post-heading-center section-title mb-60\">\n\t<span><\/span>\n\t<h2>Kurslar\u0131m\u0131z\u0131 ke\u015ffedin<\/h2>\n\t\t\t<p>Uluslararas\u0131 bir kursun faydalar\u0131, di\u011ferlerinin yan\u0131 s\u0131ra, bir par\u00e7a Kanada ke\u015ffetmek, farkl\u0131 k\u00fclt\u00fcrleri tan\u0131mak, d\u00fcnya mutfa\u011f\u0131n\u0131n tad\u0131n\u0131 \u00e7\u0131karmak gibi say\u0131s\u0131zd\u0131r.<\/p><p>&nbsp;<\/p><p>Yeni bir deneyim s\u00f6z konusu oldu\u011funda k\u00fc\u00e7\u00fck ayr\u0131nt\u0131lar gerekli hale gelir, bilgiyi geni\u015fletir ve becerileri g\u00fc\u00e7lendirir.<\/p><p>&nbsp;<\/p><p>Kurslar, \u0130ngilizce dilini geli\u015ftirmeyi, i\u015f i\u00e7in yazmay\u0131 cilalamay\u0131 ve g\u00fcnl\u00fck durumlarda daha etkili ileti\u015fim kurmay\u0131 ama\u00e7layan profesyonellere y\u00f6neliktir.<\/p>\t<\/div>\n<\/div>\n<\/div>\n\n<div class=\"fw-row\">\n\t<div class=\"fw-col-xs-12 fw-col-sm-2\">\n\t<\/div>\n<div class=\"fw-col-xs-12 fw-col-sm-2\">\n\t<p><a href=\"\/tr\/regular-term-courses\/\"><img loading=\"lazy\" decoding=\"async\" class=\"aligncenter\" src=\"\/wp-content\/uploads\/2020\/12\/Design-sem-nome-64.png\" alt=\"\" width=\"200\" height=\"1920\" \/><\/a><\/p><p style=\"text-align: center;\"><a href=\"\/tr\/regular-term-courses\/\">\u00dcniversiteler<\/a><\/p><\/div>\n<div class=\"fw-col-xs-12 fw-col-sm-2\">\n\t<p><a href=\"\/tr\/programas\/virtual-campus\/\"><img loading=\"lazy\" decoding=\"async\" class=\"aligncenter\" src=\"\/wp-content\/uploads\/2020\/09\/3269732-2-e1599231003601.jpg\" alt=\"\" width=\"200\" height=\"1920\" \/><\/a><\/p><p style=\"text-align: center;\"><a href=\"\/tr\/programas\/virtual-campus\/\">\u00c7evrimi\u00e7i kurslar<\/a><\/p><\/div>\n<div class=\"fw-col-xs-12 fw-col-sm-2\">\n\t<p style=\"text-align: center;\"><a href=\"\/tr\/programas\/short-term\/\"><img loading=\"lazy\" decoding=\"async\" class=\"alignnone\" src=\"\/wp-content\/uploads\/2020\/08\/Canva-Group-of-People-Having-a-Meeting-2-e1599231496970.jpg\" alt=\"\" width=\"171\" height=\"1920\" \/><\/a><\/p><p style=\"text-align: center;\"><a href=\"\/tr\/programas\/short-term\/\">Sertifikal\u0131 ve K\u0131sa Kurslar<\/a><\/p><\/div>\n<div class=\"fw-col-xs-12 fw-col-sm-2\">\n\t<p><a href=\"\/tr\/programas\/english-for-all\/\"><img loading=\"lazy\" decoding=\"async\" class=\"aligncenter\" src=\"\/wp-content\/uploads\/2020\/09\/30124-2-e1599230957474.jpg\" alt=\"\" width=\"191\" height=\"1920\" \/><\/a><\/p><p style=\"text-align: center;\"><a href=\"\/tr\/programas\/english-for-all\/\">Herkes i\u00e7in \u0130ngilizce<\/a><\/p><\/div>\n<div class=\"fw-col-xs-12 fw-col-sm-2\">\n\t<\/div>\n<\/div>\n\n\t<\/div>\n<\/section>\n<section class=\"fw-main-row\" style=\"background-color:#ee8320;\" >\n\t<div class=\"fw-container-fluid\">\n\t\t<div class=\"fw-row\">\n\t<div class=\"fw-col-xs-12\">\n\t\n\n<div id=\"instructor\" class=\"call-to-action-area\">\n    <div class=\"container\">\n        <div class=\"row justify-content-xl-between justify-content-lg-center justify-content-center\">\n            <div class=\"col-xl-6 col-lg-7 col-md-10\">\n                <div class=\"call-to-action-content\">\n                    <div class=\"post-heading-left\">\n                        <h3 class=\"text-white\">Bizimle ileti\u015fime ge\u00e7in ve daha fazlas\u0131n\u0131 \u00f6\u011frenin.<\/h3>\n                    <\/div>\n                    <div class=\"text-white\">\n                                                    <p>Kurslar\u0131m\u0131z, kariyeriniz i\u00e7in ideal \u0130ngilizceyi sa\u011flar.<\/p><p>Bizimle ileti\u015fime ge\u00e7in ve daha fazlas\u0131n\u0131 \u00f6\u011frenin.<\/p>                                            <\/div>\n                    <div class=\"call-to-action-btn\">\n                                                    <a href=\"\/tr\/contato\/\">\n                                Buraya t\u0131klay\u0131n ve bir g\u00f6z at\u0131n! <i class=\"fas fa-arrow-right\"><\/i><\/a>\n                                            <\/div>\n                <\/div>\n            <\/div>\n                            <div class=\"col-xl-5 col-lg-0\">\n                    <div class=\"part-img\">\n                        <img decoding=\"async\" src=\"\/\/cancampus.ca\/wp-content\/uploads\/2020\/01\/instructor.png\"  alt=\"Bizimle ileti\u015fime ge\u00e7in ve daha fazlas\u0131n\u0131 \u00f6\u011frenin.\"\/>\n                    <\/div>\n                <\/div>\n                    <\/div>\n    <\/div>\n<\/div><\/div>\n<\/div>\n\n\t<\/div>\n<\/section>\n<\/p>","protected":false},"excerpt":{"rendered":"<p>Explore nossos cursos e amplie suas habilidades! Conhe\u00e7a nossos cursos Os benef\u00edcios de um curso internacional s\u00e3o in\u00fameros, tais como [&hellip;]<\/p>","protected":false},"author":2,"featured_media":0,"parent":0,"menu_order":0,"comment_status":"closed","ping_status":"closed","template":"template-parts\/lernen-pagefullwidth.php","meta":{"_joinchat":[],"footnotes":""},"class_list":["post-3039","page","type-page","status-publish","hentry"],"yoast_head":"<!-- This site is optimized with the Yoast SEO plugin v27.2 - https:\/\/yoast.com\/product\/yoast-seo-wordpress\/ -->\n<title>Programas - CanCampus<\/title>\n<meta name=\"robots\" content=\"index, follow, max-snippet:-1, max-image-preview:large, max-video-preview:-1\" \/>\n<link rel=\"canonical\" href=\"https:\/\/cancampus.ca\/tr\/programas\/\" \/>\n<meta property=\"og:locale\" content=\"tr_TR\" \/>\n<meta property=\"og:type\" content=\"article\" \/>\n<meta property=\"og:title\" content=\"Programas - CanCampus\" \/>\n<meta property=\"og:description\" content=\"Explore nossos cursos e amplie suas habilidades! Conhe\u00e7a nossos cursos Os benef\u00edcios de um curso internacional s\u00e3o in\u00fameros, tais como [&hellip;]\" \/>\n<meta property=\"og:url\" content=\"https:\/\/cancampus.ca\/tr\/programas\/\" \/>\n<meta property=\"og:site_name\" content=\"CanCampus\" \/>\n<meta property=\"article:publisher\" content=\"https:\/\/www.facebook.com\/cancampus.ca\" \/>\n<meta property=\"article:modified_time\" content=\"2024-08-30T12:53:36+00:00\" \/>\n<meta name=\"twitter:card\" content=\"summary_large_image\" \/>\n<meta name=\"twitter:label1\" content=\"Tahmini okuma s\u00fcresi\" \/>\n\t<meta name=\"twitter:data1\" content=\"2 dakika\" \/>\n<script type=\"application\/ld+json\" class=\"yoast-schema-graph\">{\"@context\":\"https:\/\/schema.org\",\"@graph\":[{\"@type\":\"WebPage\",\"@id\":\"https:\/\/cancampus.ca\/en\/programas\/\",\"url\":\"https:\/\/cancampus.ca\/en\/programas\/\",\"name\":\"Programas - CanCampus\",\"isPartOf\":{\"@id\":\"https:\/\/cancampus.ca\/#website\"},\"datePublished\":\"2020-03-01T20:39:14+00:00\",\"dateModified\":\"2024-08-30T12:53:36+00:00\",\"breadcrumb\":{\"@id\":\"https:\/\/cancampus.ca\/en\/programas\/#breadcrumb\"},\"inLanguage\":\"tr\",\"potentialAction\":[{\"@type\":\"ReadAction\",\"target\":[\"https:\/\/cancampus.ca\/en\/programas\/\"]}]},{\"@type\":\"BreadcrumbList\",\"@id\":\"https:\/\/cancampus.ca\/en\/programas\/#breadcrumb\",\"itemListElement\":[{\"@type\":\"ListItem\",\"position\":1,\"name\":\"In\u00edcio\",\"item\":\"https:\/\/cancampus.ca\/\"},{\"@type\":\"ListItem\",\"position\":2,\"name\":\"Programas\"}]},{\"@type\":\"WebSite\",\"@id\":\"https:\/\/cancampus.ca\/#website\",\"url\":\"https:\/\/cancampus.ca\/\",\"name\":\"CanCampus - Experince Learning!\",\"description\":\"Experience Learning!\",\"publisher\":{\"@id\":\"https:\/\/cancampus.ca\/#organization\"},\"potentialAction\":[{\"@type\":\"SearchAction\",\"target\":{\"@type\":\"EntryPoint\",\"urlTemplate\":\"https:\/\/cancampus.ca\/?s={search_term_string}\"},\"query-input\":{\"@type\":\"PropertyValueSpecification\",\"valueRequired\":true,\"valueName\":\"search_term_string\"}}],\"inLanguage\":\"tr\"},{\"@type\":\"Organization\",\"@id\":\"https:\/\/cancampus.ca\/#organization\",\"name\":\"CanCampus Canada\",\"url\":\"https:\/\/cancampus.ca\/\",\"logo\":{\"@type\":\"ImageObject\",\"inLanguage\":\"tr\",\"@id\":\"https:\/\/cancampus.ca\/#\/schema\/logo\/image\/\",\"url\":\"http:\/\/box5226.temp.domains\/~cancampu\/wp-content\/uploads\/2020\/03\/13.png\",\"contentUrl\":\"http:\/\/box5226.temp.domains\/~cancampu\/wp-content\/uploads\/2020\/03\/13.png\",\"width\":3072,\"height\":1536,\"caption\":\"CanCampus Canada\"},\"image\":{\"@id\":\"https:\/\/cancampus.ca\/#\/schema\/logo\/image\/\"},\"sameAs\":[\"https:\/\/www.facebook.com\/cancampus.ca\",\"https:\/\/www.instagram.com\/cancampus_ca\/\",\"https:\/\/www.linkedin.com\/in\/cancampus\/\"]}]}<\/script>\n<!-- \/ Yoast SEO plugin. -->","yoast_head_json":{"title":"Programlar - CanKamp\u00fcs","robots":{"index":"index","follow":"follow","max-snippet":"max-snippet:-1","max-image-preview":"max-image-preview:large","max-video-preview":"max-video-preview:-1"},"canonical":"https:\/\/cancampus.ca\/tr\/programas\/","og_locale":"tr_TR","og_type":"article","og_title":"Programas - CanCampus","og_description":"Explore nossos cursos e amplie suas habilidades! Conhe\u00e7a nossos cursos Os benef\u00edcios de um curso internacional s\u00e3o in\u00fameros, tais como [&hellip;]","og_url":"https:\/\/cancampus.ca\/tr\/programas\/","og_site_name":"CanCampus","article_publisher":"https:\/\/www.facebook.com\/cancampus.ca","article_modified_time":"2024-08-30T12:53:36+00:00","twitter_card":"summary_large_image","twitter_misc":{"Tahmini okuma s\u00fcresi":"2 dakika"},"schema":{"@context":"https:\/\/schema.org","@graph":[{"@type":"WebPage","@id":"https:\/\/cancampus.ca\/en\/programas\/","url":"https:\/\/cancampus.ca\/en\/programas\/","name":"Programlar - CanKamp\u00fcs","isPartOf":{"@id":"https:\/\/cancampus.ca\/#website"},"datePublished":"2020-03-01T20:39:14+00:00","dateModified":"2024-08-30T12:53:36+00:00","breadcrumb":{"@id":"https:\/\/cancampus.ca\/en\/programas\/#breadcrumb"},"inLanguage":"tr","potentialAction":[{"@type":"ReadAction","target":["https:\/\/cancampus.ca\/en\/programas\/"]}]},{"@type":"BreadcrumbList","@id":"https:\/\/cancampus.ca\/en\/programas\/#breadcrumb","itemListElement":[{"@type":"ListItem","position":1,"name":"In\u00edcio","item":"https:\/\/cancampus.ca\/"},{"@type":"ListItem","position":2,"name":"Programas"}]},{"@type":"WebSite","@id":"https:\/\/cancampus.ca\/#website","url":"https:\/\/cancampus.ca\/","name":"CanCampus - \u00d6\u011frenmeyi Deneyimleyin!","description":"\u00d6\u011frenmeyi Deneyimleyin!","publisher":{"@id":"https:\/\/cancampus.ca\/#organization"},"potentialAction":[{"@type":"SearchAction","target":{"@type":"EntryPoint","urlTemplate":"https:\/\/cancampus.ca\/?s={search_term_string}"},"query-input":{"@type":"PropertyValueSpecification","valueRequired":true,"valueName":"search_term_string"}}],"inLanguage":"tr"},{"@type":"Organization","@id":"https:\/\/cancampus.ca\/#organization","name":"CanKamp\u00fcs Kanada","url":"https:\/\/cancampus.ca\/","logo":{"@type":"ImageObject","inLanguage":"tr","@id":"https:\/\/cancampus.ca\/#\/schema\/logo\/image\/","url":"http:\/\/box5226.temp.domains\/~cancampu\/wp-content\/uploads\/2020\/03\/13.png","contentUrl":"http:\/\/box5226.temp.domains\/~cancampu\/wp-content\/uploads\/2020\/03\/13.png","width":3072,"height":1536,"caption":"CanCampus Canada"},"image":{"@id":"https:\/\/cancampus.ca\/#\/schema\/logo\/image\/"},"sameAs":["https:\/\/www.facebook.com\/cancampus.ca","https:\/\/www.instagram.com\/cancampus_ca\/","https:\/\/www.linkedin.com\/in\/cancampus\/"]}]}},"_links":{"self":[{"href":"https:\/\/cancampus.ca\/tr\/wp-json\/wp\/v2\/pages\/3039","targetHints":{"allow":["GET"]}}],"collection":[{"href":"https:\/\/cancampus.ca\/tr\/wp-json\/wp\/v2\/pages"}],"about":[{"href":"https:\/\/cancampus.ca\/tr\/wp-json\/wp\/v2\/types\/page"}],"author":[{"embeddable":true,"href":"https:\/\/cancampus.ca\/tr\/wp-json\/wp\/v2\/users\/2"}],"replies":[{"embeddable":true,"href":"https:\/\/cancampus.ca\/tr\/wp-json\/wp\/v2\/comments?post=3039"}],"version-history":[{"count":2,"href":"https:\/\/cancampus.ca\/tr\/wp-json\/wp\/v2\/pages\/3039\/revisions"}],"predecessor-version":[{"id":5287,"href":"https:\/\/cancampus.ca\/tr\/wp-json\/wp\/v2\/pages\/3039\/revisions\/5287"}],"wp:attachment":[{"href":"https:\/\/cancampus.ca\/tr\/wp-json\/wp\/v2\/media?parent=3039"}],"curies":[{"name":"wp","href":"https:\/\/api.w.org\/{rel}","templated":true}]}}