{"id":3654,"date":"2020-06-05T01:09:37","date_gmt":"2020-06-05T04:09:37","guid":{"rendered":"http:\/\/box5226.temp.domains\/~cancampu\/?page_id=3654"},"modified":"2024-10-09T08:48:05","modified_gmt":"2024-10-09T12:48:05","slug":"university-program","status":"publish","type":"page","link":"https:\/\/cancampus.ca\/tr\/university-program\/","title":{"rendered":"\u00dcniversiteler i\u00e7in \u00d6neriler"},"content":{"rendered":"<p><section class=\"fw-main-row\"  >\n\t<div class=\"fw-container-fluid\">\n\t\t<div class=\"fw-row\">\n\t<div class=\"fw-col-xs-12\">\n\t\n<div class=\"owl-carousel owl-theme\">\n                     <div class=\"position-center equal-margin header-content\" role=\"banner\" style=\"background-image:url(\/\/cancampus.ca\/wp-content\/uploads\/2020\/07\/Design-sem-nome-33.png);\">\n                <div class=\"container\">\n            <div class=\"row\">\n                <div class=\"col-xs-12 col-sm-12 header-area\">\n                    <div class=\"header-area-inner header-text\">\n                        <div><span class=\"subtitle\"><span class=\"\"><\/span>\u00dcniversiteler i\u00e7in \u00d6neriler<\/span><\/div>\n                        <h1 class=\"title\"><\/h1>\n                        <p>Kanada&#039;da lisanstan doktora sonras\u0131 \u00e7al\u0131\u015fmalara kadar \u00fcniversiteye gitmek isteyenler, profesyonel m\u00fcfredatlar\u0131n\u0131 ve uluslararas\u0131 k\u00fclt\u00fcrel deneyimlerini geli\u015ftirmek isteyenler i\u00e7in odaklanm\u0131\u015ft\u0131r.<\/p>                        <div class=\"btn-section\">\n                                                                                <\/div>\n                    <\/div>\n                <\/div>\n            <\/div>\n        <\/div>\n    <\/div>\n    <\/div><\/div>\n<\/div>\n\n\t<\/div>\n<\/section>\n<section class=\"fw-main-row\"  >\n\t<div class=\"fw-container\">\n\t\t<div class=\"fw-row\">\n\t<div class=\"fw-col-xs-12\">\n\t\n\t<div class=\"fw-divider-space\" style=\"padding-top: 40px;\"><\/div>\n<\/div>\n<\/div>\n\n\t<\/div>\n<\/section>\n<section class=\"fw-main-row\" style=\"background-color:#f3f7fe;\" >\n\t<div class=\"fw-container-fluid\">\n\t\t<div class=\"fw-row\">\n\t<div class=\"fw-col-xs-12\">\n\t       \n<div id=\"why-us\" class=\"\">\n    <div class=\"row\">\n                            <div class=\"col-xs-12 col-sm-12 col-md-7 col-xl-6 col-lg-6 wrap-padding bg-img-right\">\n                <div class=\"section-title\">\n                    <div>\n                        <span>Kanada&#039;da \u00c7al\u0131\u015fmalar<\/span>\n                        <h3><\/h3>\n                    <\/div>\n                <\/div>\n                                    <div class=\"about_content\">\n                        <p>Kanada, y\u00fcksek e\u011fitim seviyesine sahip bir \u00fclkedir ve uluslararas\u0131 alanda \u00f6\u011frenim g\u00f6rmek i\u00e7in en iyi 10 \u00fclkeden biri olarak tan\u0131nmaktad\u0131r.<\/p><p>Dayal\u0131 bir e\u011fitim sistemi ile <em>kolejler<\/em>i\u015fg\u00fcc\u00fc piyasas\u0131na odaklanan daha dinamik kurslar ve k\u0131sa s\u00fcreli kurslar ve akademik ve uzun s\u00fcreli kurslar olan \u00fcniversiteler.&nbsp;<\/p><p>Teknoloji uzman\u0131 olun <em>Doktora<\/em>Kanada, akademik geli\u015fimini hedeflerine g\u00f6re sa\u011flayan kuruma sahiptir.<\/p><p>Ccbc.org.br&#039;a g\u00f6re, 2017 y\u0131l\u0131nda yakla\u015f\u0131k 23.000 Brezilyal\u0131, e\u011fitimlerine devam etmek i\u00e7in Kanada&#039;ya gitti ve bu da onu Brezilyal\u0131 \u00f6\u011frenciler i\u00e7in en b\u00fcy\u00fck destinasyona sahip \u00fclke haline getirdi.<\/p><p>THE <em>Kanada Uluslararas\u0131 E\u011fitim B\u00fcrosu <\/em>150&#039;den fazla Kanada \u00fcniversitesini bir araya getiren ve 1,2 milyondan fazla \u00f6\u011frencinin kay\u0131t verilerini bir araya getiren bir dernek olan (cbie.ca), Kanada&#039;da e\u011fitim alman\u0131n ne kadar kolay oldu\u011funu bize garanti eden a\u015fa\u011f\u0131daki verilere sahiptir:<\/p><ul><li><strong>642.480<\/strong> uluslararas\u0131 \u00f6\u011frenciler 2019&#039;da t\u00fcm e\u011fitim seviyelerinde Kanada&#039;ya gitti;<\/li><li><strong>10 \u00fczerinden 9<\/strong> uluslararas\u0131 \u00f6\u011frenciler Kanada&#039;y\u0131 e\u011fitim yeri olarak tavsiye ediyor;<\/li><li><strong>10 \u00fczerinden 6<\/strong> uluslararas\u0131 \u00f6\u011frenciler Kanada&#039;da daimi ikamet i\u00e7in ba\u015fvurmay\u0131 planlamaktad\u0131r.<\/li><\/ul><p>Kursun sonunda, uluslararas\u0131 e\u011fitim alman\u0131n yan\u0131 s\u0131ra, \u0130ngilizcenizi geli\u015ftirmi\u015f olacaks\u0131n\u0131z, yurtd\u0131\u015f\u0131nda bir hayata haz\u0131rlanacaks\u0131n\u0131z ve Kanada&#039;da veya ba\u015fka bir \u00fclkede kariyer yapabileceksiniz.<\/p>                                            <\/div>\n                            <\/div>\n            <div class=\"col-xs-12 col-sm-12 col-md-5 col-xl-6 col-lg-6 why-us-left-bg\" style=\"background-image:url(\/\/cancampus.ca\/wp-content\/uploads\/2020\/07\/Design-sem-nome6.png);\">\n            <\/div>\n            <\/div>\n<\/div>\n<\/div>\n<\/div>\n\n\t<\/div>\n<\/section>\n<section class=\"fw-main-row\" style=\"background-color:#f3f7fe;\" >\n\t<div class=\"fw-container-fluid\">\n\t\t<div class=\"fw-row\">\n\t<div class=\"fw-col-xs-12\">\n\t\n<div id=\"why-us\" class=\"\">\n    <div class=\"row\">\n                    <div class=\"col-xs-12 col-sm-12 col-md-5 col-xl-6 col-lg-6 why-us-left-bg\" style=\"background-image:url(\/\/cancampus.ca\/wp-content\/uploads\/2020\/07\/Design-sem-nome11.png);\">\n            <\/div>\n            <div class=\"col-xs-12 col-sm-12 col-md-7 col-xl-6 col-lg-6 wrap-padding bg-img-left\">\n                <div class=\"section-title\">\n                    <div>\n                        <span>\u00dcniversite Dan\u0131\u015fmanl\u0131\u011f\u0131<\/span>\n                        <h3><\/h3>\n                    <\/div>\n                <\/div>\n                                    <div class=\"about_content\">\n                        <p>\u0130deal kolej veya \u00fcniversiteyi dan\u0131\u015fmanl\u0131\u011f\u0131m\u0131zla bulmak m\u00fcmk\u00fcnd\u00fcr. En iyi kurumlar\u0131 ama\u00e7 ve beklentilerine g\u00f6re belirleriz.<\/p><p>Halihaz\u0131rda teknik bir kurs alm\u0131\u015f olanlar ve daha \u00f6nce alm\u0131\u015f olduklar\u0131 konular\u0131n kredilerinin \u00fczerinde talepte belirtilebilir ve kabul edilirse kay\u0131tl\u0131 kurstan materyalleri \/ saatleri \u00e7\u0131kar\u0131rs\u0131n\u0131z! Bu \u015fekilde kurs s\u00fcresini ve dolay\u0131s\u0131yla maliyetlerinizi azaltacaks\u0131n\u0131z.<\/p><p>CanCampus, insanlar\u0131n yurtd\u0131\u015f\u0131nda e\u011fitim hakk\u0131nda s\u00f6ylediklerini a\u00e7\u0131kl\u0131\u011fa kavu\u015fturacak: &quot;Yurtd\u0131\u015f\u0131nda e\u011fitim g\u00f6rmek zor&quot;, &quot;\u00d6\u011frenci vizesi bu kadar kolay alamayacaks\u0131n&quot;, &quot;Ya\u015fam maliyeti y\u00fcksek &quot;,&quot; Ba\u015fka bir \u00fclkede uyum sa\u011flamak zor &quot;.<\/p><p>Ya\u015fam maliyeti, Kanadal\u0131lar\u0131n anlay\u0131\u015f\u0131, gerekli belgeler, k\u0131sacas\u0131, do\u011fru karar\u0131 vermeniz i\u00e7in ihtiyac\u0131n\u0131z olan her \u015fey, hayal edebilece\u011finiz kadar basit oldu\u011funu ve bunun yan\u0131nda t\u00fcm a\u015famalarda tavsiyemizi alaca\u011f\u0131n\u0131z\u0131 g\u00f6sterece\u011fiz. sonu\u00e7.<\/p>                                            <\/div>\n                            <\/div>\n                    <\/div>\n<\/div>\n<\/div>\n<\/div>\n\n\t<\/div>\n<\/section>\n<section class=\"fw-main-row\" style=\"background-color:#f3f7fe;\" >\n\t<div class=\"fw-container\">\n\t\t<div class=\"fw-row\">\n\t<div class=\"fw-col-xs-12\">\n\t\n<div id=\"why-us\" class=\"\">\n    <div class=\"row\">\n                            <div class=\"col-xs-12 col-sm-12 col-md-7 col-xl-6 col-lg-6 wrap-padding bg-img-right\">\n                <div class=\"section-title\">\n                    <div>\n                        <span>Dan\u0131\u015fma<\/span>\n                        <h3><\/h3>\n                    <\/div>\n                <\/div>\n                                    <div class=\"about_content\">\n                        <p>CanCampus arac\u0131l\u0131\u011f\u0131yla \u015funlara sahip olacaks\u0131n\u0131z:<\/p><ul><li>Beklentilerinizi belirlemek i\u00e7in bireysel tavsiye;<\/li><li>Kurumlar\u0131 belirleme, ge\u00e7im b\u00fct\u00e7esi sunma ve kay\u0131t i\u00e7in planlama konusunda yard\u0131m;<\/li><li>Kuruma kabul s\u00fcrecinin kayd\u0131 ve izlenmesi;<\/li><li>G\u00f6\u00e7menlik dan\u0131\u015fmanl\u0131\u011f\u0131, vize ba\u015fvurusu ve di\u011fer resmi belgelerin belirtilmesi;<\/li><li>Yolculuk \u00f6ncesi ve sonras\u0131 ya\u015fam\u0131n\u0131z i\u00e7in haz\u0131rl\u0131k.<\/li><\/ul>                                            <\/div>\n                            <\/div>\n            <div class=\"col-xs-12 col-sm-12 col-md-5 col-xl-6 col-lg-6 why-us-left-bg\" style=\"background-image:url(\/\/cancampus.ca\/wp-content\/uploads\/2020\/07\/Design-sem-nome-32.png);\">\n            <\/div>\n            <\/div>\n<\/div>\n<\/div>\n<\/div>\n\n<div class=\"fw-row\">\n\t<div class=\"fw-col-xs-12\">\n\t<div class=\"text-block post-heading-center section-title mb-60\">\n\t<span><\/span>\n\t<h2><\/h2>\n\t\t\t<p>CanCampus&#039;un tavsiyeleri ile akademik gelece\u011finizi daha kolay ve g\u00fcvenli bir \u015fekilde planlayabilirsiniz.<\/p><p>&nbsp;<\/p><p>Bir Kanada kurumuna kaydolmaya giden birka\u00e7 ad\u0131m var ve hedefinize ula\u015fman\u0131z i\u00e7in gerekli t\u00fcm noktalara yard\u0131mc\u0131 olarak t\u00fcm bu ad\u0131mlar\u0131 sunaca\u011f\u0131z.<\/p><p>&nbsp;<\/p><p>Eyl\u00fcl ay\u0131nda okul y\u0131l\u0131n\u0131n ba\u015flang\u0131c\u0131 i\u00e7in kabul i\u00e7in s\u00fcre\u00e7 zaman \u00e7izelgesine ve son tarihlere bak\u0131n.<\/p>\t<\/div>\n<\/div>\n<\/div>\n\n<div class=\"fw-row\">\n\t<div class=\"fw-col-xs-12 fw-col-sm-2\">\n\t<div class=\"fw-iconbox clearfix fw-iconbox-1\">\n\t<div class=\"fw-iconbox-image\">\n\t\t<i class=\"fa fa-pencil-square-o\"><\/i>\n\t<\/div>\n\t<div class=\"fw-iconbox-aside\">\n\t\t<div class=\"fw-iconbox-title\">\n\t\t\t<h3>Ocak<\/h3>\n\t\t<\/div>\n\t\t<div class=\"fw-iconbox-text\">\n\t\t\t<p>Belgelerin tescili ve teslimi i\u00e7in son tarih.<\/p>\n\t\t<\/div>\n\t<\/div>\n<\/div><\/div>\n<div class=\"fw-col-xs-12 fw-col-sm-2\">\n\t<div class=\"fw-iconbox clearfix fw-iconbox-1\">\n\t<div class=\"fw-iconbox-image\">\n\t\t<i class=\"fa fa-check-circle-o\"><\/i>\n\t<\/div>\n\t<div class=\"fw-iconbox-aside\">\n\t\t<div class=\"fw-iconbox-title\">\n\t\t\t<h3>\u015eubat<\/h3>\n\t\t<\/div>\n\t\t<div class=\"fw-iconbox-text\">\n\t\t\t<p>Kay\u0131t yan\u0131t s\u00fcresinin ba\u015flang\u0131c\u0131.<\/p>\n\t\t<\/div>\n\t<\/div>\n<\/div><\/div>\n<div class=\"fw-col-xs-12 fw-col-sm-2\">\n\t<div class=\"fw-iconbox clearfix fw-iconbox-1\">\n\t<div class=\"fw-iconbox-image\">\n\t\t<i class=\"fa fa-cogs\"><\/i>\n\t<\/div>\n\t<div class=\"fw-iconbox-aside\">\n\t\t<div class=\"fw-iconbox-title\">\n\t\t\t<h3>May\u0131s<\/h3>\n\t\t<\/div>\n\t\t<div class=\"fw-iconbox-text\">\n\t\t\t<p>Konsoloslukta \u00f6\u011frenci vizesi ba\u015fvurusu.<\/p>\n\t\t<\/div>\n\t<\/div>\n<\/div><\/div>\n<div class=\"fw-col-xs-12 fw-col-sm-2\">\n\t<div class=\"fw-iconbox clearfix fw-iconbox-1\">\n\t<div class=\"fw-iconbox-image\">\n\t\t<i class=\"fa fa-dollar\"><\/i>\n\t<\/div>\n\t<div class=\"fw-iconbox-aside\">\n\t\t<div class=\"fw-iconbox-title\">\n\t\t\t<h3>Haziran<\/h3>\n\t\t<\/div>\n\t\t<div class=\"fw-iconbox-text\">\n\t\t\t<p>1. d\u00f6nemin son \u00f6deme tarihi.<\/p>\n\t\t<\/div>\n\t<\/div>\n<\/div><\/div>\n<div class=\"fw-col-xs-12 fw-col-sm-2\">\n\t<div class=\"fw-iconbox clearfix fw-iconbox-1\">\n\t<div class=\"fw-iconbox-image\">\n\t\t<i class=\"fa fa-suitcase\"><\/i>\n\t<\/div>\n\t<div class=\"fw-iconbox-aside\">\n\t\t<div class=\"fw-iconbox-title\">\n\t\t\t<h3>Temmuz<\/h3>\n\t\t<\/div>\n\t\t<div class=\"fw-iconbox-text\">\n\t\t\t<p>Kanada&#039;ya giri\u015finiz i\u00e7in haz\u0131rl\u0131klar.<\/p>\n\t\t<\/div>\n\t<\/div>\n<\/div><\/div>\n<div class=\"fw-col-xs-12 fw-col-sm-2\">\n\t<div class=\"fw-iconbox clearfix fw-iconbox-1\">\n\t<div class=\"fw-iconbox-image\">\n\t\t<i class=\"fa fa-mortar-board\"><\/i>\n\t<\/div>\n\t<div class=\"fw-iconbox-aside\">\n\t\t<div class=\"fw-iconbox-title\">\n\t\t\t<h3>Eyl\u00fcl<\/h3>\n\t\t<\/div>\n\t\t<div class=\"fw-iconbox-text\">\n\t\t\t<p>Kanada kurumundaki akademik d\u00f6nemin ba\u015flang\u0131c\u0131.<\/p>\n\t\t<\/div>\n\t<\/div>\n<\/div><\/div>\n<\/div>\n\n\t<\/div>\n<\/section>\n<section class=\"fw-main-row\" style=\"background-color:#f3f7fe;\" >\n\t<div class=\"fw-container-fluid\">\n\t\t<div class=\"fw-row\">\n\t<div class=\"fw-col-xs-12\">\n\t\n<div id=\"why-us\" class=\"\">\n    <div class=\"row\">\n                    <div class=\"col-xs-12 col-sm-12 col-md-5 col-xl-6 col-lg-6 why-us-left-bg\" style=\"background-image:url(\/\/cancampus.ca\/wp-content\/uploads\/2020\/07\/Design-sem-nome-35.png);\">\n            <\/div>\n            <div class=\"col-xs-12 col-sm-12 col-md-7 col-xl-6 col-lg-6 wrap-padding bg-img-left\">\n                <div class=\"section-title\">\n                    <div>\n                        <span>Yat\u0131r\u0131mlar<\/span>\n                        <h3><\/h3>\n                    <\/div>\n                <\/div>\n                                    <div class=\"about_content\">\n                        <p>De\u011ferler kursun s\u00fcresine, \u015fehre ve se\u00e7ilen \u00e7al\u0131\u015fma alan\u0131na g\u00f6re de\u011fi\u015fir.<\/p><p>Kurslar\u0131 <em>kolej<\/em> CAD$ 8,000.00 (Kanada dolar\u0131) \/ y\u0131l&#039;dan ba\u015flar.<\/p><p>\u00c7o\u011fu kurs i\u00e7in yasal olarak haftada 20 saat (yirmi saat) \u00e7al\u0131\u015fman\u0131za izin verilir. B\u00f6ylece akademik deneyimin yan\u0131 s\u0131ra profesyonel bir deneyime de sahip olabilir ve bu inan\u0131lmaz deneyimin maliyetlerini de azaltabilirsiniz.<\/p><p>Daha fazla bilgi i\u00e7in bize dan\u0131\u015f\u0131n.<\/p>                                            <\/div>\n                            <\/div>\n                    <\/div>\n<\/div>\n<\/div>\n<\/div>\n\n\t<\/div>\n<\/section>\n<section class=\"fw-main-row\" style=\"background-color:#ee8320;\" >\n\t<div class=\"fw-container\">\n\t\t<div class=\"fw-row\">\n\t<div class=\"fw-col-xs-12\">\n\t\n\n<div id=\"instructor\" class=\"call-to-action-area\">\n    <div class=\"container\">\n        <div class=\"row justify-content-xl-between justify-content-lg-center justify-content-center\">\n            <div class=\"col-xl-6 col-lg-7 col-md-10\">\n                <div class=\"call-to-action-content\">\n                    <div class=\"post-heading-left\">\n                        <h3 class=\"text-white\">Bize Ula\u015f\u0131n <\/h3>\n                    <\/div>\n                    <div class=\"text-white\">\n                                                    <p><em>Ba\u015ftan sona size e\u015flik edecek ve hayat\u0131n\u0131z\u0131n en iyi deneyimini ya\u015fayacak yerel bir ekibin deste\u011fiyle daha \u00fcst d\u00fczeyde e\u011fitim almak i\u00e7in bir kurum se\u00e7mek CanCampus&#039;un hedefidir.<\/em><\/p><p><em>\u0130leti\u015fime ge\u00e7in ve daha fazla ayr\u0131nt\u0131ya sahip olun. <\/em><\/p>                                            <\/div>\n                    <div class=\"call-to-action-btn\">\n                                                    <a href=\"https:\/\/cancampus.ca\/tr\/contato\/\">\n                                Buradan al\u0131n <i class=\"fas fa-arrow-right\"><\/i><\/a>\n                                            <\/div>\n                <\/div>\n            <\/div>\n                            <div class=\"col-xl-5 col-lg-0\">\n                    <div class=\"part-img\">\n                        <img decoding=\"async\" src=\"\/\/cancampus.ca\/wp-content\/uploads\/2020\/01\/instructor.png\"  alt=\"Bize Ula\u015f\u0131n \"\/>\n                    <\/div>\n                <\/div>\n                    <\/div>\n    <\/div>\n<\/div><\/div>\n<\/div>\n\n\t<\/div>\n<\/section>\n<\/p>","protected":false},"excerpt":{"rendered":"<p>Assessoria para Universidades Focado para os que desejam cursar Universidade, desde a gradua\u00e7\u00e3o at\u00e9 p\u00f3s doutorado no Canad\u00e1, aprimorando seu [&hellip;]<\/p>","protected":false},"author":2,"featured_media":0,"parent":0,"menu_order":0,"comment_status":"closed","ping_status":"closed","template":"template-parts\/lernen-pagefullwidth.php","meta":{"_joinchat":{"telephone":"+5531982119111","message_send":"Ol\u00e1. Gostaria de receber maiores informa\u00e7\u00f5es?"},"footnotes":""},"class_list":["post-3654","page","type-page","status-publish","hentry"],"yoast_head":"<!-- This site is optimized with the Yoast SEO plugin v27.2 - https:\/\/yoast.com\/product\/yoast-seo-wordpress\/ -->\n<title>Assessoria para Universidades - CanCampus<\/title>\n<meta name=\"robots\" content=\"index, follow, max-snippet:-1, max-image-preview:large, max-video-preview:-1\" \/>\n<link rel=\"canonical\" href=\"https:\/\/cancampus.ca\/tr\/university-program\/\" \/>\n<meta property=\"og:locale\" content=\"tr_TR\" \/>\n<meta property=\"og:type\" content=\"article\" \/>\n<meta property=\"og:title\" content=\"Assessoria para Universidades - CanCampus\" \/>\n<meta property=\"og:description\" content=\"Assessoria para Universidades Focado para os que desejam cursar Universidade, desde a gradua\u00e7\u00e3o at\u00e9 p\u00f3s doutorado no Canad\u00e1, aprimorando seu [&hellip;]\" \/>\n<meta property=\"og:url\" content=\"https:\/\/cancampus.ca\/tr\/university-program\/\" \/>\n<meta property=\"og:site_name\" content=\"CanCampus\" \/>\n<meta property=\"article:publisher\" content=\"https:\/\/www.facebook.com\/cancampus.ca\" \/>\n<meta property=\"article:modified_time\" content=\"2024-10-09T12:48:05+00:00\" \/>\n<meta name=\"twitter:card\" content=\"summary_large_image\" \/>\n<meta name=\"twitter:label1\" content=\"Tahmini okuma s\u00fcresi\" \/>\n\t<meta name=\"twitter:data1\" content=\"4 dakika\" \/>\n<script type=\"application\/ld+json\" class=\"yoast-schema-graph\">{\"@context\":\"https:\/\/schema.org\",\"@graph\":[{\"@type\":\"WebPage\",\"@id\":\"https:\/\/cancampus.ca\/en\/university-program\/\",\"url\":\"https:\/\/cancampus.ca\/en\/university-program\/\",\"name\":\"Assessoria para Universidades - CanCampus\",\"isPartOf\":{\"@id\":\"https:\/\/cancampus.ca\/#website\"},\"datePublished\":\"2020-06-05T04:09:37+00:00\",\"dateModified\":\"2024-10-09T12:48:05+00:00\",\"breadcrumb\":{\"@id\":\"https:\/\/cancampus.ca\/en\/university-program\/#breadcrumb\"},\"inLanguage\":\"tr\",\"potentialAction\":[{\"@type\":\"ReadAction\",\"target\":[\"https:\/\/cancampus.ca\/en\/university-program\/\"]}]},{\"@type\":\"BreadcrumbList\",\"@id\":\"https:\/\/cancampus.ca\/en\/university-program\/#breadcrumb\",\"itemListElement\":[{\"@type\":\"ListItem\",\"position\":1,\"name\":\"In\u00edcio\",\"item\":\"https:\/\/cancampus.ca\/\"},{\"@type\":\"ListItem\",\"position\":2,\"name\":\"Assessoria para Universidades\"}]},{\"@type\":\"WebSite\",\"@id\":\"https:\/\/cancampus.ca\/#website\",\"url\":\"https:\/\/cancampus.ca\/\",\"name\":\"CanCampus - Experince Learning!\",\"description\":\"Experience Learning!\",\"publisher\":{\"@id\":\"https:\/\/cancampus.ca\/#organization\"},\"potentialAction\":[{\"@type\":\"SearchAction\",\"target\":{\"@type\":\"EntryPoint\",\"urlTemplate\":\"https:\/\/cancampus.ca\/?s={search_term_string}\"},\"query-input\":{\"@type\":\"PropertyValueSpecification\",\"valueRequired\":true,\"valueName\":\"search_term_string\"}}],\"inLanguage\":\"tr\"},{\"@type\":\"Organization\",\"@id\":\"https:\/\/cancampus.ca\/#organization\",\"name\":\"CanCampus Canada\",\"url\":\"https:\/\/cancampus.ca\/\",\"logo\":{\"@type\":\"ImageObject\",\"inLanguage\":\"tr\",\"@id\":\"https:\/\/cancampus.ca\/#\/schema\/logo\/image\/\",\"url\":\"http:\/\/box5226.temp.domains\/~cancampu\/wp-content\/uploads\/2020\/03\/13.png\",\"contentUrl\":\"http:\/\/box5226.temp.domains\/~cancampu\/wp-content\/uploads\/2020\/03\/13.png\",\"width\":3072,\"height\":1536,\"caption\":\"CanCampus Canada\"},\"image\":{\"@id\":\"https:\/\/cancampus.ca\/#\/schema\/logo\/image\/\"},\"sameAs\":[\"https:\/\/www.facebook.com\/cancampus.ca\",\"https:\/\/www.instagram.com\/cancampus_ca\/\",\"https:\/\/www.linkedin.com\/in\/cancampus\/\"]}]}<\/script>\n<!-- \/ Yoast SEO plugin. -->","yoast_head_json":{"title":"\u00dcniversiteler \u0130\u00e7in \u00d6neriler - CanCampus","robots":{"index":"index","follow":"follow","max-snippet":"max-snippet:-1","max-image-preview":"max-image-preview:large","max-video-preview":"max-video-preview:-1"},"canonical":"https:\/\/cancampus.ca\/tr\/university-program\/","og_locale":"tr_TR","og_type":"article","og_title":"Assessoria para Universidades - CanCampus","og_description":"Assessoria para Universidades Focado para os que desejam cursar Universidade, desde a gradua\u00e7\u00e3o at\u00e9 p\u00f3s doutorado no Canad\u00e1, aprimorando seu [&hellip;]","og_url":"https:\/\/cancampus.ca\/tr\/university-program\/","og_site_name":"CanCampus","article_publisher":"https:\/\/www.facebook.com\/cancampus.ca","article_modified_time":"2024-10-09T12:48:05+00:00","twitter_card":"summary_large_image","twitter_misc":{"Tahmini okuma s\u00fcresi":"4 dakika"},"schema":{"@context":"https:\/\/schema.org","@graph":[{"@type":"WebPage","@id":"https:\/\/cancampus.ca\/en\/university-program\/","url":"https:\/\/cancampus.ca\/en\/university-program\/","name":"\u00dcniversiteler \u0130\u00e7in \u00d6neriler - CanCampus","isPartOf":{"@id":"https:\/\/cancampus.ca\/#website"},"datePublished":"2020-06-05T04:09:37+00:00","dateModified":"2024-10-09T12:48:05+00:00","breadcrumb":{"@id":"https:\/\/cancampus.ca\/en\/university-program\/#breadcrumb"},"inLanguage":"tr","potentialAction":[{"@type":"ReadAction","target":["https:\/\/cancampus.ca\/en\/university-program\/"]}]},{"@type":"BreadcrumbList","@id":"https:\/\/cancampus.ca\/en\/university-program\/#breadcrumb","itemListElement":[{"@type":"ListItem","position":1,"name":"In\u00edcio","item":"https:\/\/cancampus.ca\/"},{"@type":"ListItem","position":2,"name":"Assessoria para Universidades"}]},{"@type":"WebSite","@id":"https:\/\/cancampus.ca\/#website","url":"https:\/\/cancampus.ca\/","name":"CanCampus - \u00d6\u011frenmeyi Deneyimleyin!","description":"\u00d6\u011frenmeyi Deneyimleyin!","publisher":{"@id":"https:\/\/cancampus.ca\/#organization"},"potentialAction":[{"@type":"SearchAction","target":{"@type":"EntryPoint","urlTemplate":"https:\/\/cancampus.ca\/?s={search_term_string}"},"query-input":{"@type":"PropertyValueSpecification","valueRequired":true,"valueName":"search_term_string"}}],"inLanguage":"tr"},{"@type":"Organization","@id":"https:\/\/cancampus.ca\/#organization","name":"CanKamp\u00fcs Kanada","url":"https:\/\/cancampus.ca\/","logo":{"@type":"ImageObject","inLanguage":"tr","@id":"https:\/\/cancampus.ca\/#\/schema\/logo\/image\/","url":"http:\/\/box5226.temp.domains\/~cancampu\/wp-content\/uploads\/2020\/03\/13.png","contentUrl":"http:\/\/box5226.temp.domains\/~cancampu\/wp-content\/uploads\/2020\/03\/13.png","width":3072,"height":1536,"caption":"CanCampus Canada"},"image":{"@id":"https:\/\/cancampus.ca\/#\/schema\/logo\/image\/"},"sameAs":["https:\/\/www.facebook.com\/cancampus.ca","https:\/\/www.instagram.com\/cancampus_ca\/","https:\/\/www.linkedin.com\/in\/cancampus\/"]}]}},"_links":{"self":[{"href":"https:\/\/cancampus.ca\/tr\/wp-json\/wp\/v2\/pages\/3654","targetHints":{"allow":["GET"]}}],"collection":[{"href":"https:\/\/cancampus.ca\/tr\/wp-json\/wp\/v2\/pages"}],"about":[{"href":"https:\/\/cancampus.ca\/tr\/wp-json\/wp\/v2\/types\/page"}],"author":[{"embeddable":true,"href":"https:\/\/cancampus.ca\/tr\/wp-json\/wp\/v2\/users\/2"}],"replies":[{"embeddable":true,"href":"https:\/\/cancampus.ca\/tr\/wp-json\/wp\/v2\/comments?post=3654"}],"version-history":[{"count":2,"href":"https:\/\/cancampus.ca\/tr\/wp-json\/wp\/v2\/pages\/3654\/revisions"}],"predecessor-version":[{"id":5366,"href":"https:\/\/cancampus.ca\/tr\/wp-json\/wp\/v2\/pages\/3654\/revisions\/5366"}],"wp:attachment":[{"href":"https:\/\/cancampus.ca\/tr\/wp-json\/wp\/v2\/media?parent=3654"}],"curies":[{"name":"wp","href":"https:\/\/api.w.org\/{rel}","templated":true}]}}