{"id":3779,"date":"2020-07-11T12:53:02","date_gmt":"2020-07-11T15:53:02","guid":{"rendered":"http:\/\/box5226.temp.domains\/~cancampu\/?page_id=3779"},"modified":"2021-09-03T15:41:20","modified_gmt":"2021-09-03T19:41:20","slug":"fotografia-digital","status":"publish","type":"page","link":"https:\/\/cancampus.ca\/tr\/programas\/virtual-campus\/fotografia-digital\/","title":{"rendered":"Dijital Foto\u011fraf\u00e7\u0131l\u0131k"},"content":{"rendered":"<p><section class=\"fw-main-row\"  >\n\t<div class=\"fw-container-fluid\">\n\t\t<div class=\"fw-row\">\n\t<div class=\"fw-col-xs-12\">\n\t\n<div class=\"owl-carousel owl-theme\">\n                     <div class=\"position-center header-content-full header-content\" role=\"banner\" style=\"background-image:url(\/\/cancampus.ca\/wp-content\/uploads\/2020\/07\/1771-1.jpg);\">\n                <div class=\"container\">\n            <div class=\"row\">\n                <div class=\"col-xs-12 col-sm-12 header-area\">\n                    <div class=\"header-area-inner header-text\">\n                        <div><span class=\"subtitle\"><span class=\"\"><\/span>Dijital Foto\u011fraf\u00e7\u0131l\u0131k<\/span><\/div>\n                        <h1 class=\"title\"><\/h1>\n                        <p>Anadili \u0130ngilizce olan \u00f6\u011fretmenlerle pratik yaparak dijital foto\u011fraf\u00e7\u0131l\u0131k hakk\u0131nda bilgi edinin!<\/p>                        <div class=\"btn-section\">\n                                                                                <\/div>\n                    <\/div>\n                <\/div>\n            <\/div>\n        <\/div>\n    <\/div>\n    <\/div><\/div>\n<\/div>\n\n\t<\/div>\n<\/section>\n<section class=\"fw-main-row\"  >\n\t<div class=\"fw-container\">\n\t\t<div class=\"fw-row\">\n\t<div class=\"fw-col-xs-12\">\n\t\n\t<div class=\"fw-divider-space\" style=\"padding-top: 40px;\"><\/div>\n<\/div>\n<\/div>\n\n\t<\/div>\n<\/section>\n<section class=\"fw-main-row\" style=\"background-color:#ffffff;\" >\n\t<div class=\"fw-container-fluid\">\n\t\t<div class=\"fw-row\">\n\t<div class=\"fw-col-xs-12 fw-col-sm-2\">\n\t<\/div>\n<div class=\"fw-col-xs-12 fw-col-sm-8\">\n\t<div class=\"fw-accordion\">\n\t\t\t<h3 class=\"fw-accordion-title\">Belirtilen<\/h3>\n\t\t<div class=\"fw-accordion-content\">\n\t\t\t<p>15 ya\u015f\u0131ndan b\u00fcy\u00fck gen\u00e7ler ve yeti\u015fkinler.<\/p>\n\t\t<\/div>\n\t\t\t<h3 class=\"fw-accordion-title\">Dil<\/h3>\n\t\t<div class=\"fw-accordion-content\">\n\t\t\t<p>\u0130ngilizce - temel-orta seviye.<\/p>\n\t\t<\/div>\n\t\t\t<h3 class=\"fw-accordion-title\">Yerel<\/h3>\n\t\t<div class=\"fw-accordion-content\">\n\t\t\t<p>Zoom ile \u00e7evrimi\u00e7i. <\/p>\n\t\t<\/div>\n\t\t\t<h3 class=\"fw-accordion-title\">Yat\u0131r\u0131m<\/h3>\n\t\t<div class=\"fw-accordion-content\">\n\t\t\t<p>CAD$ 215.00.<\/p>\n\t\t<\/div>\n\t\t\t<h3 class=\"fw-accordion-title\">tarih<\/h3>\n\t\t<div class=\"fw-accordion-content\">\n\t\t\t<p>10 - 14 A\u011fustos \/ 2020, 11:00 - 13:00 aras\u0131 dersler (Brezilya saati).<\/p>\n\t\t<\/div>\n\t<\/div><\/div>\n<div class=\"fw-col-xs-12 fw-col-sm-2\">\n\t<\/div>\n<\/div>\n\n\t<\/div>\n<\/section>\n<section class=\"fw-main-row\"  >\n\t<div class=\"fw-container\">\n\t\t<div class=\"fw-row\">\n\t<div class=\"fw-col-xs-12\">\n\t\n\t<div class=\"fw-divider-space\" style=\"padding-top: 30px;\"><\/div>\n<\/div>\n<\/div>\n\n\t<\/div>\n<\/section>\n<section class=\"fw-main-row\" style=\"background-color:#f3f7fe;\" >\n\t<div class=\"fw-container-fluid\">\n\t\t<div class=\"fw-row\">\n\t<div class=\"fw-col-xs-12\">\n\t       \n<div id=\"why-us\" class=\"\">\n    <div class=\"row\">\n                    <div class=\"col-xs-12 col-sm-12 col-md-5 col-xl-6 col-lg-6 why-us-left-bg\" style=\"background-image:url(\/\/cancampus.ca\/wp-content\/uploads\/2020\/07\/Design-sem-nome-4.png);\">\n            <\/div>\n            <div class=\"col-xs-12 col-sm-12 col-md-7 col-xl-6 col-lg-6 wrap-padding bg-img-left\">\n                <div class=\"section-title\">\n                    <div>\n                        <span>Program<\/span>\n                        <h3>Program! Odaklanmak! Bu &quot;klik&quot; i yap\u0131n! <\/h3>\n                    <\/div>\n                <\/div>\n                                    <div class=\"about_content\">\n                        <p><strong>Bu kurs, kameralar\u0131n\u0131n otomatik konfig\u00fcrasyonunun \u00f6tesini \u00f6\u011frenmek ve yarat\u0131c\u0131 foto\u011fraflar \u00e7ekmek isteyenler i\u00e7in olu\u015fturuldu.<\/strong><\/p><p>Bu be\u015f g\u00fcnl\u00fck kursta, enstantane h\u0131z\u0131, d\u00fcnyan\u0131n resimlerini sizin g\u00f6rd\u00fc\u011f\u00fcn\u00fcz gibi yakalamak i\u00e7in birle\u015ftirme ara\u00e7lar\u0131 da dahil olmak \u00fczere foto\u011fraf pozunun nas\u0131l kontrol edilece\u011fine dair temel bir kursla kapsanacaks\u0131n\u0131z.<\/p><p>Her hafta, kamera kontrol\u00fc ile ilgili bir temaya odaklanacaks\u0131n\u0131z ve s\u0131n\u0131fta uygulanan bilgilere g\u00f6re ger\u00e7ekle\u015ftirilecek ve bir sonraki s\u0131n\u0131fta birlikte analiz edilecek bir foto\u011fraf etkinli\u011fi alacaks\u0131n\u0131z.<\/p><p>SINIF TAR\u0130HLER\u0130: <strong>10-14 A\u011fustos 2020<\/strong><\/p><p>SAAT: 10:00 - 12:00 (<strong>11: 00-13: 00 Brezilya Saati<\/strong>)<\/p><p>S\u0131n\u0131f say\u0131s\u0131: 5<\/p>                                            <\/div>\n                            <\/div>\n                    <\/div>\n<\/div>\n<\/div>\n<\/div>\n\n\t<\/div>\n<\/section>\n<section class=\"fw-main-row\" style=\"background-color:#f3f7fe;\" >\n\t<div class=\"fw-container-fluid\">\n\t\t<div class=\"fw-row\">\n\t<div class=\"fw-col-xs-12\">\n\t\n<div id=\"why-us\" class=\"\">\n    <div class=\"row\">\n                            <div class=\"col-xs-12 col-sm-12 col-md-7 col-xl-6 col-lg-6 wrap-padding bg-img-right\">\n                <div class=\"section-title\">\n                    <div>\n                        <span>Nas\u0131l olacak?<\/span>\n                        <h3>Ders Program\u0131<\/h3>\n                    <\/div>\n                <\/div>\n                                    <div class=\"about_content\">\n                        <p><strong>1. G\u00dcN<\/strong><\/p><p>Kursa bir kameran\u0131n anatomisi i\u00e7in k\u0131sa bir giri\u015f ve rehberlik ile ba\u015flayaca\u011f\u0131z. Kameran\u0131n temel kompozisyonu ve kontrol\u00fc tart\u0131\u015f\u0131lacak ve ilk proje atanacakt\u0131r.<\/p><p><strong>2. G\u00dcN<\/strong><\/p><p>Bu s\u0131n\u0131fta, enstantane h\u0131z kontrol\u00fcn\u00fcn temel kavramlar\u0131 ele al\u0131nacak ve deklan\u015f\u00f6r kontrol\u00fcn\u00fcn yarat\u0131c\u0131 \u00f6zelliklerini kullanan ikinci bir proje atanacakt\u0131r.<\/p><p><strong>\u00a0<\/strong><\/p><p><strong>3. G\u00dcN<\/strong><\/p><p>Bu hafta, diyafram kontrol\u00fcn\u00fcn temelleri ele al\u0131nacak ve a\u00e7\u0131kl\u0131k ve alan derinli\u011fi kontrol\u00fc kullanan \u00fc\u00e7\u00fcnc\u00fc bir proje belirlenecek.<\/p><p><strong>4. G\u00dcN<\/strong><\/p><p>\u00d6\u011frenciler, \u0131\u015f\u0131k \u00f6l\u00e7eri nas\u0131l kontrol edeceklerini ve g\u00f6r\u00fcnt\u00fclerinin yarat\u0131c\u0131 kontrol\u00fc i\u00e7in poz telafisini nas\u0131l kullanacaklar\u0131n\u0131 \u00f6\u011frenecekler. Son bir g\u00f6rev verilecek.<\/p><p><strong>5. G\u00dcN<\/strong><\/p><p>Son g\u00fcn, bug\u00fcne kadar uygulanan t\u00fcm kurs i\u00e7eri\u011fi ve resimlerinizin nas\u0131l saklanaca\u011f\u0131, y\u00fcklenece\u011fi ve yazd\u0131r\u0131laca\u011f\u0131 g\u00f6zden ge\u00e7irilecektir.<\/p>                                            <\/div>\n                            <\/div>\n            <div class=\"col-xs-12 col-sm-12 col-md-5 col-xl-6 col-lg-6 why-us-left-bg\" style=\"background-image:url(\/\/cancampus.ca\/wp-content\/uploads\/2020\/07\/Design-sem-nome-2.png);\">\n            <\/div>\n            <\/div>\n<\/div>\n<\/div>\n<\/div>\n\n\t<\/div>\n<\/section>\n<section class=\"fw-main-row\" style=\"background-color:#f3f7fe;\" >\n\t<div class=\"fw-container-fluid\">\n\t\t<div class=\"fw-row\">\n\t<div class=\"fw-col-xs-12\">\n\t\n<div id=\"why-us\" class=\"\">\n    <div class=\"row\">\n                    <div class=\"col-xs-12 col-sm-12 col-md-5 col-xl-6 col-lg-6 why-us-left-bg\" style=\"background-image:url(\/\/cancampus.ca\/wp-content\/uploads\/2020\/07\/Design-sem-nome-3-1.png);\">\n            <\/div>\n            <div class=\"col-xs-12 col-sm-12 col-md-7 col-xl-6 col-lg-6 wrap-padding bg-img-left\">\n                <div class=\"section-title\">\n                    <div>\n                        <span>Ak\u0131ll\u0131 Telefonumu kullanabilir miyim?<\/span>\n                        <h3>Gerekli malzemeler<\/h3>\n                    <\/div>\n                <\/div>\n                                    <div class=\"about_content\">\n                        <p>DSLR, aynas\u0131z kamera, kompakt kamera, do\u011frult ve \u00e7ek veya iPhone \/ Android (manuel kontrole izin veren bir uygulama ile. E\u011fer yoksa, tavsiye edilebilir).<\/p><p>G\u00f6r\u00fcnt\u00fc payla\u015f\u0131m yaz\u0131l\u0131m\u0131na sahip bir bilgisayara eri\u015fim (\u00f6rne\u011fin, Apple Photos, Microsoft Picture Manager, Lightroom vb.).<\/p><p><strong>Sanal s\u0131n\u0131flar\u0131m\u0131zdan birine kat\u0131lmak i\u00e7in<\/strong>, ihtiyac\u0131n olacak:<\/p><ul><li>Bir bilgisayar (yerle\u015fik mikrofon ve kameral\u0131 diz\u00fcst\u00fc veya masa\u00fcst\u00fc) veya daha yeni bir iPad, tablet, iPhone veya ak\u0131ll\u0131 telefon modeli;<\/li><li>Bir stand veya tripod kullanarak eller serbest \u00f6zelli\u011fine sahip oldu\u011funuzdan emin olun;<\/li><li>Kararl\u0131 bir WI-FI ba\u011flant\u0131s\u0131;<\/li><li>Zoom uygulamas\u0131 (kaydoldu\u011funuzda \u00fccretsiz);<\/li><li>Kaydoldu\u011funuz kursa g\u00f6re gerekli malzemeler (yukar\u0131da a\u00e7\u0131kland\u0131\u011f\u0131 gibi her s\u0131n\u0131f i\u00e7in sa\u011flanan ayr\u0131 malzeme listelerine bak\u0131n);<\/li><li>S\u0131n\u0131f\u0131n\u0131z\u0131 olu\u015fturmak ve ona kat\u0131lmak i\u00e7in sessiz bir \u00e7al\u0131\u015fma alan\u0131.<\/li><\/ul><p>MAL\u0130YET: C$165 + C$50 (\u00dccretler ve Vergiler), toplamda C$ 215,00 (iki y\u00fcz on be\u015f Kanada dolar\u0131).<\/p>                                            <\/div>\n                            <\/div>\n                    <\/div>\n<\/div>\n<\/div>\n<\/div>\n\n\t<\/div>\n<\/section>\n<section class=\"fw-main-row\" style=\"background-color:#ffffff;background-image:url(http:\/\/box5226.temp.domains\/~cancampu\/wp-content\/uploads\/2020\/01\/2335523-scaled.jpg);\" >\n\t<div class=\"fw-container\">\n\t\t<div class=\"fw-row\">\n\t<div class=\"fw-col-xs-12\">\n\t\n\t<div class=\"fw-divider-space\" style=\"padding-top: 100px;\"><\/div>\n<\/div>\n<\/div>\n\n<div class=\"fw-row\">\n\t<div class=\"fw-col-xs-12\">\n\t<div class=\"text-block post-heading-center section-title mb-60\">\n\t<span>Yerinizi \u015fimdi garanti edin!<\/span>\n\t<h2><\/h2>\n\t<\/div>\n<\/div>\n<\/div>\n\n<div class=\"fw-row\">\n\t<div class=\"fw-col-xs-12 fw-col-sm-6\">\n\t<p>\n<div class=\"wpcf7 no-js\" id=\"wpcf7-f4-o1\" lang=\"en-US\" dir=\"ltr\" data-wpcf7-id=\"4\">\n<div class=\"screen-reader-response\"><p role=\"status\" aria-live=\"polite\" aria-atomic=\"true\"><\/p> <ul><\/ul><\/div>\n<form action=\"\/tr\/wp-json\/wp\/v2\/pages\/3779#wpcf7-f4-o1\" method=\"post\" class=\"wpcf7-form init\" aria-label=\"Contact form\" novalidate=\"novalidate\" data-status=\"init\" data-trp-original-action=\"\/tr\/wp-json\/wp\/v2\/pages\/3779#wpcf7-f4-o1\">\n<fieldset class=\"hidden-fields-container\"><input type=\"hidden\" name=\"_wpcf7\" value=\"4\" \/><input type=\"hidden\" name=\"_wpcf7_version\" value=\"6.1.3\" \/><input type=\"hidden\" name=\"_wpcf7_locale\" value=\"en_US\" \/><input type=\"hidden\" name=\"_wpcf7_unit_tag\" value=\"wpcf7-f4-o1\" \/><input type=\"hidden\" name=\"_wpcf7_container_post\" value=\"0\" \/><input type=\"hidden\" name=\"_wpcf7_posted_data_hash\" value=\"\" \/>\n<\/fieldset>\n<div class=\"row\">\n\t<div class=\"col-lg-6 col-md-6 col-sm-6 col-xs-12\">\n\t\t<p><span class=\"wpcf7-form-control-wrap\" data-name=\"text-498\"><input size=\"40\" maxlength=\"400\" class=\"wpcf7-form-control wpcf7-text wpcf7-validates-as-required require\" aria-required=\"true\" aria-invalid=\"false\" placeholder=\"ad\" value=\"\" type=\"text\" name=\"text-498\" \/><\/span>\n\t\t<\/p>\n\t<\/div>\n\t<div class=\"col-lg-6 col-md-6 col-sm-6 col-xs-12\">\n\t\t<p><span class=\"wpcf7-form-control-wrap\" data-name=\"text-41\"><input size=\"40\" maxlength=\"400\" class=\"wpcf7-form-control wpcf7-text wpcf7-validates-as-required require\" aria-required=\"true\" aria-invalid=\"false\" placeholder=\"E-posta adresiniz\" value=\"\" type=\"text\" name=\"text-41\" \/><\/span>\n\t\t<\/p>\n\t<\/div>\n\t<div class=\"col-lg-6 col-md-6 col-sm-6 col-xs-12\">\n\t\t<p><span class=\"wpcf7-form-control-wrap\" data-name=\"tel-81\"><input size=\"40\" maxlength=\"400\" class=\"wpcf7-form-control wpcf7-tel wpcf7-validates-as-required wpcf7-text wpcf7-validates-as-tel require\" aria-required=\"true\" aria-invalid=\"false\" placeholder=\"Telefon\" value=\"\" type=\"tel\" name=\"tel-81\" \/><\/span>\n\t\t<\/p>\n\t<\/div>\n\t<div class=\"col-lg-6 col-md-6 col-sm-6 col-xs-12\">\n\t\t<p><span class=\"wpcf7-form-control-wrap\" data-name=\"textarea-641\"><textarea cols=\"40\" rows=\"10\" maxlength=\"2000\" class=\"wpcf7-form-control wpcf7-textarea wpcf7-validates-as-required\" aria-required=\"true\" aria-invalid=\"false\" placeholder=\"Mesaj\u0131n\" name=\"textarea-641\"><\/textarea><\/span>\n\t\t<\/p>\n\t<\/div>\n\t<div class=\"col-lg-6 col-md-6 col-sm-6 col-xs-12\">\n\t\t<p><input class=\"wpcf7-form-control wpcf7-submit has-spinner prt_btn submitForm\" type=\"submit\" value=\"G\u00f6nder\" \/>\n\t\t<\/p>\n\t<\/div>\n<\/div><input type='hidden' class='wpcf7-pum' value='{\"closepopup\":false,\"closedelay\":0,\"openpopup\":false,\"openpopup_id\":0}' \/><div class=\"wpcf7-response-output\" aria-hidden=\"true\"><\/div>\n<input type=\"hidden\" name=\"trp-form-language\" value=\"tr\"\/><\/form>\n<\/div>\n<\/p><\/div>\n<div class=\"fw-col-xs-12 fw-col-sm-6\">\n\t<\/div>\n<\/div>\n\n\t<\/div>\n<\/section>\n<\/p>","protected":false},"excerpt":{"rendered":"<p>Fotografia Digital Aprenda sobre a fotografia digital praticando o seu ingl\u00eas com professores nativos! Indicado para Jovens e adultos a [&hellip;]<\/p>","protected":false},"author":2,"featured_media":0,"parent":3757,"menu_order":0,"comment_status":"closed","ping_status":"closed","template":"template-parts\/lernen-pagefullwidth.php","meta":{"_joinchat":{"telephone":"+5531982119111","message_send":"Ol\u00e1. Gostaria de receber maiores informa\u00e7\u00f5es?"},"footnotes":""},"class_list":["post-3779","page","type-page","status-publish","hentry"],"yoast_head":"<!-- This site is optimized with the Yoast SEO plugin v27.2 - https:\/\/yoast.com\/product\/yoast-seo-wordpress\/ -->\n<title>Fotografia Digital - CanCampus<\/title>\n<meta name=\"robots\" content=\"index, follow, max-snippet:-1, max-image-preview:large, max-video-preview:-1\" \/>\n<link rel=\"canonical\" href=\"https:\/\/cancampus.ca\/tr\/programas\/virtual-campus\/fotografia-digital\/\" \/>\n<meta property=\"og:locale\" content=\"tr_TR\" \/>\n<meta property=\"og:type\" content=\"article\" \/>\n<meta property=\"og:title\" content=\"Fotografia Digital - CanCampus\" \/>\n<meta property=\"og:description\" content=\"Fotografia Digital Aprenda sobre a fotografia digital praticando o seu ingl\u00eas com professores nativos! Indicado para Jovens e adultos a [&hellip;]\" \/>\n<meta property=\"og:url\" content=\"https:\/\/cancampus.ca\/tr\/programas\/virtual-campus\/fotografia-digital\/\" \/>\n<meta property=\"og:site_name\" content=\"CanCampus\" \/>\n<meta property=\"article:publisher\" content=\"https:\/\/www.facebook.com\/cancampus.ca\" \/>\n<meta property=\"article:modified_time\" content=\"2021-09-03T19:41:20+00:00\" \/>\n<meta property=\"og:image\" content=\"https:\/\/box5226.temp.domains\/~cancampu\/wp-content\/uploads\/2020\/01\/2335523-scaled-300x200.jpg\" \/>\n<meta name=\"twitter:card\" content=\"summary_large_image\" \/>\n<meta name=\"twitter:label1\" content=\"Tahmini okuma s\u00fcresi\" \/>\n\t<meta name=\"twitter:data1\" content=\"4 dakika\" \/>\n<script type=\"application\/ld+json\" class=\"yoast-schema-graph\">{\"@context\":\"https:\/\/schema.org\",\"@graph\":[{\"@type\":\"WebPage\",\"@id\":\"https:\/\/cancampus.ca\/en\/programas\/virtual-campus\/fotografia-digital\/\",\"url\":\"https:\/\/cancampus.ca\/en\/programas\/virtual-campus\/fotografia-digital\/\",\"name\":\"Fotografia Digital - CanCampus\",\"isPartOf\":{\"@id\":\"https:\/\/cancampus.ca\/#website\"},\"primaryImageOfPage\":{\"@id\":\"https:\/\/cancampus.ca\/en\/programas\/virtual-campus\/fotografia-digital\/#primaryimage\"},\"image\":{\"@id\":\"https:\/\/cancampus.ca\/en\/programas\/virtual-campus\/fotografia-digital\/#primaryimage\"},\"thumbnailUrl\":\"https:\/\/box5226.temp.domains\/~cancampu\/wp-content\/uploads\/2020\/01\/2335523-scaled-300x200.jpg\",\"datePublished\":\"2020-07-11T15:53:02+00:00\",\"dateModified\":\"2021-09-03T19:41:20+00:00\",\"breadcrumb\":{\"@id\":\"https:\/\/cancampus.ca\/en\/programas\/virtual-campus\/fotografia-digital\/#breadcrumb\"},\"inLanguage\":\"tr\",\"potentialAction\":[{\"@type\":\"ReadAction\",\"target\":[\"https:\/\/cancampus.ca\/en\/programas\/virtual-campus\/fotografia-digital\/\"]}]},{\"@type\":\"ImageObject\",\"inLanguage\":\"tr\",\"@id\":\"https:\/\/cancampus.ca\/en\/programas\/virtual-campus\/fotografia-digital\/#primaryimage\",\"url\":\"https:\/\/box5226.temp.domains\/~cancampu\/wp-content\/uploads\/2020\/01\/2335523-scaled-300x200.jpg\",\"contentUrl\":\"https:\/\/box5226.temp.domains\/~cancampu\/wp-content\/uploads\/2020\/01\/2335523-scaled-300x200.jpg\"},{\"@type\":\"BreadcrumbList\",\"@id\":\"https:\/\/cancampus.ca\/en\/programas\/virtual-campus\/fotografia-digital\/#breadcrumb\",\"itemListElement\":[{\"@type\":\"ListItem\",\"position\":1,\"name\":\"In\u00edcio\",\"item\":\"https:\/\/cancampus.ca\/\"},{\"@type\":\"ListItem\",\"position\":2,\"name\":\"Programas\",\"item\":\"https:\/\/cancampus.ca\/en\/programas\/\"},{\"@type\":\"ListItem\",\"position\":3,\"name\":\"Cursos Virtuais\",\"item\":\"https:\/\/cancampus.ca\/en\/programas\/virtual-campus\/\"},{\"@type\":\"ListItem\",\"position\":4,\"name\":\"Fotografia Digital\"}]},{\"@type\":\"WebSite\",\"@id\":\"https:\/\/cancampus.ca\/#website\",\"url\":\"https:\/\/cancampus.ca\/\",\"name\":\"CanCampus - Experince Learning!\",\"description\":\"Experience Learning!\",\"publisher\":{\"@id\":\"https:\/\/cancampus.ca\/#organization\"},\"potentialAction\":[{\"@type\":\"SearchAction\",\"target\":{\"@type\":\"EntryPoint\",\"urlTemplate\":\"https:\/\/cancampus.ca\/?s={search_term_string}\"},\"query-input\":{\"@type\":\"PropertyValueSpecification\",\"valueRequired\":true,\"valueName\":\"search_term_string\"}}],\"inLanguage\":\"tr\"},{\"@type\":\"Organization\",\"@id\":\"https:\/\/cancampus.ca\/#organization\",\"name\":\"CanCampus Canada\",\"url\":\"https:\/\/cancampus.ca\/\",\"logo\":{\"@type\":\"ImageObject\",\"inLanguage\":\"tr\",\"@id\":\"https:\/\/cancampus.ca\/#\/schema\/logo\/image\/\",\"url\":\"http:\/\/box5226.temp.domains\/~cancampu\/wp-content\/uploads\/2020\/03\/13.png\",\"contentUrl\":\"http:\/\/box5226.temp.domains\/~cancampu\/wp-content\/uploads\/2020\/03\/13.png\",\"width\":3072,\"height\":1536,\"caption\":\"CanCampus Canada\"},\"image\":{\"@id\":\"https:\/\/cancampus.ca\/#\/schema\/logo\/image\/\"},\"sameAs\":[\"https:\/\/www.facebook.com\/cancampus.ca\",\"https:\/\/www.instagram.com\/cancampus_ca\/\",\"https:\/\/www.linkedin.com\/in\/cancampus\/\"]}]}<\/script>\n<!-- \/ Yoast SEO plugin. -->","yoast_head_json":{"title":"Dijital Foto\u011fraf\u00e7\u0131l\u0131k - CanCampus","robots":{"index":"index","follow":"follow","max-snippet":"max-snippet:-1","max-image-preview":"max-image-preview:large","max-video-preview":"max-video-preview:-1"},"canonical":"https:\/\/cancampus.ca\/tr\/programas\/virtual-campus\/fotografia-digital\/","og_locale":"tr_TR","og_type":"article","og_title":"Fotografia Digital - CanCampus","og_description":"Fotografia Digital Aprenda sobre a fotografia digital praticando o seu ingl\u00eas com professores nativos! Indicado para Jovens e adultos a [&hellip;]","og_url":"https:\/\/cancampus.ca\/tr\/programas\/virtual-campus\/fotografia-digital\/","og_site_name":"CanCampus","article_publisher":"https:\/\/www.facebook.com\/cancampus.ca","article_modified_time":"2021-09-03T19:41:20+00:00","og_image":[{"url":"https:\/\/box5226.temp.domains\/~cancampu\/wp-content\/uploads\/2020\/01\/2335523-scaled-300x200.jpg","type":"","width":"","height":""}],"twitter_card":"summary_large_image","twitter_misc":{"Tahmini okuma s\u00fcresi":"4 dakika"},"schema":{"@context":"https:\/\/schema.org","@graph":[{"@type":"WebPage","@id":"https:\/\/cancampus.ca\/en\/programas\/virtual-campus\/fotografia-digital\/","url":"https:\/\/cancampus.ca\/en\/programas\/virtual-campus\/fotografia-digital\/","name":"Dijital Foto\u011fraf\u00e7\u0131l\u0131k - CanCampus","isPartOf":{"@id":"https:\/\/cancampus.ca\/#website"},"primaryImageOfPage":{"@id":"https:\/\/cancampus.ca\/en\/programas\/virtual-campus\/fotografia-digital\/#primaryimage"},"image":{"@id":"https:\/\/cancampus.ca\/en\/programas\/virtual-campus\/fotografia-digital\/#primaryimage"},"thumbnailUrl":"https:\/\/box5226.temp.domains\/~cancampu\/wp-content\/uploads\/2020\/01\/2335523-scaled-300x200.jpg","datePublished":"2020-07-11T15:53:02+00:00","dateModified":"2021-09-03T19:41:20+00:00","breadcrumb":{"@id":"https:\/\/cancampus.ca\/en\/programas\/virtual-campus\/fotografia-digital\/#breadcrumb"},"inLanguage":"tr","potentialAction":[{"@type":"ReadAction","target":["https:\/\/cancampus.ca\/en\/programas\/virtual-campus\/fotografia-digital\/"]}]},{"@type":"ImageObject","inLanguage":"tr","@id":"https:\/\/cancampus.ca\/en\/programas\/virtual-campus\/fotografia-digital\/#primaryimage","url":"https:\/\/box5226.temp.domains\/~cancampu\/wp-content\/uploads\/2020\/01\/2335523-scaled-300x200.jpg","contentUrl":"https:\/\/box5226.temp.domains\/~cancampu\/wp-content\/uploads\/2020\/01\/2335523-scaled-300x200.jpg"},{"@type":"BreadcrumbList","@id":"https:\/\/cancampus.ca\/en\/programas\/virtual-campus\/fotografia-digital\/#breadcrumb","itemListElement":[{"@type":"ListItem","position":1,"name":"In\u00edcio","item":"https:\/\/cancampus.ca\/"},{"@type":"ListItem","position":2,"name":"Programas","item":"https:\/\/cancampus.ca\/en\/programas\/"},{"@type":"ListItem","position":3,"name":"Cursos Virtuais","item":"https:\/\/cancampus.ca\/en\/programas\/virtual-campus\/"},{"@type":"ListItem","position":4,"name":"Fotografia Digital"}]},{"@type":"WebSite","@id":"https:\/\/cancampus.ca\/#website","url":"https:\/\/cancampus.ca\/","name":"CanCampus - \u00d6\u011frenmeyi Deneyimleyin!","description":"\u00d6\u011frenmeyi Deneyimleyin!","publisher":{"@id":"https:\/\/cancampus.ca\/#organization"},"potentialAction":[{"@type":"SearchAction","target":{"@type":"EntryPoint","urlTemplate":"https:\/\/cancampus.ca\/?s={search_term_string}"},"query-input":{"@type":"PropertyValueSpecification","valueRequired":true,"valueName":"search_term_string"}}],"inLanguage":"tr"},{"@type":"Organization","@id":"https:\/\/cancampus.ca\/#organization","name":"CanKamp\u00fcs Kanada","url":"https:\/\/cancampus.ca\/","logo":{"@type":"ImageObject","inLanguage":"tr","@id":"https:\/\/cancampus.ca\/#\/schema\/logo\/image\/","url":"http:\/\/box5226.temp.domains\/~cancampu\/wp-content\/uploads\/2020\/03\/13.png","contentUrl":"http:\/\/box5226.temp.domains\/~cancampu\/wp-content\/uploads\/2020\/03\/13.png","width":3072,"height":1536,"caption":"CanCampus Canada"},"image":{"@id":"https:\/\/cancampus.ca\/#\/schema\/logo\/image\/"},"sameAs":["https:\/\/www.facebook.com\/cancampus.ca","https:\/\/www.instagram.com\/cancampus_ca\/","https:\/\/www.linkedin.com\/in\/cancampus\/"]}]}},"_links":{"self":[{"href":"https:\/\/cancampus.ca\/tr\/wp-json\/wp\/v2\/pages\/3779","targetHints":{"allow":["GET"]}}],"collection":[{"href":"https:\/\/cancampus.ca\/tr\/wp-json\/wp\/v2\/pages"}],"about":[{"href":"https:\/\/cancampus.ca\/tr\/wp-json\/wp\/v2\/types\/page"}],"author":[{"embeddable":true,"href":"https:\/\/cancampus.ca\/tr\/wp-json\/wp\/v2\/users\/2"}],"replies":[{"embeddable":true,"href":"https:\/\/cancampus.ca\/tr\/wp-json\/wp\/v2\/comments?post=3779"}],"version-history":[{"count":0,"href":"https:\/\/cancampus.ca\/tr\/wp-json\/wp\/v2\/pages\/3779\/revisions"}],"up":[{"embeddable":true,"href":"https:\/\/cancampus.ca\/tr\/wp-json\/wp\/v2\/pages\/3757"}],"wp:attachment":[{"href":"https:\/\/cancampus.ca\/tr\/wp-json\/wp\/v2\/media?parent=3779"}],"curies":[{"name":"wp","href":"https:\/\/api.w.org\/{rel}","templated":true}]}}