{"id":3798,"date":"2020-07-11T13:22:12","date_gmt":"2020-07-11T16:22:12","guid":{"rendered":"http:\/\/box5226.temp.domains\/~cancampu\/?page_id=3798"},"modified":"2021-09-03T15:35:20","modified_gmt":"2021-09-03T19:35:20","slug":"desenho-para-iniciantes","status":"publish","type":"page","link":"https:\/\/cancampus.ca\/tr\/programas\/virtual-campus\/desenho-para-iniciantes\/","title":{"rendered":"Yeni Ba\u015flayanlar \u0130\u00e7in Tasar\u0131m"},"content":{"rendered":"<p><section class=\"fw-main-row\"  >\n\t<div class=\"fw-container-fluid\">\n\t\t<div class=\"fw-row\">\n\t<div class=\"fw-col-xs-12\">\n\t\n<div class=\"owl-carousel owl-theme\">\n                     <div class=\"position-center header-content-full header-content\" role=\"banner\" style=\"background-image:url(\/\/cancampus.ca\/wp-content\/uploads\/2020\/07\/Design-sem-nome-10.png);\">\n                <div class=\"container\">\n            <div class=\"row\">\n                <div class=\"col-xs-12 col-sm-12 header-area\">\n                    <div class=\"header-area-inner header-text\">\n                        <div><span class=\"subtitle\"><span class=\"\"><\/span>Yeni Ba\u015flayanlar \u0130\u00e7in Tasar\u0131m<\/span><\/div>\n                        <h1 class=\"title\"><\/h1>\n                        <p>Anadili \u0130ngilizce olan \u00f6\u011fretmenlerle pratik yaparak tasar\u0131mlar\u0131n\u0131z\u0131 m\u00fckemmelle\u015ftirin!<\/p>                        <div class=\"btn-section\">\n                                                                                <\/div>\n                    <\/div>\n                <\/div>\n            <\/div>\n        <\/div>\n    <\/div>\n    <\/div><\/div>\n<\/div>\n\n\t<\/div>\n<\/section>\n<section class=\"fw-main-row\"  >\n\t<div class=\"fw-container\">\n\t\t<div class=\"fw-row\">\n\t<div class=\"fw-col-xs-12\">\n\t\n\t<div class=\"fw-divider-space\" style=\"padding-top: 40px;\"><\/div>\n<\/div>\n<\/div>\n\n\t<\/div>\n<\/section>\n<section class=\"fw-main-row\" style=\"background-color:#ffffff;\" >\n\t<div class=\"fw-container-fluid\">\n\t\t<div class=\"fw-row\">\n\t<div class=\"fw-col-xs-12 fw-col-sm-2\">\n\t<\/div>\n<div class=\"fw-col-xs-12 fw-col-sm-8\">\n\t<div class=\"fw-accordion\">\n\t\t\t<h3 class=\"fw-accordion-title\">Belirtilen<\/h3>\n\t\t<div class=\"fw-accordion-content\">\n\t\t\t<p>15 ya\u015f\u0131ndan b\u00fcy\u00fck gen\u00e7ler ve yeti\u015fkinler.<\/p>\n\t\t<\/div>\n\t\t\t<h3 class=\"fw-accordion-title\">Dil<\/h3>\n\t\t<div class=\"fw-accordion-content\">\n\t\t\t<p>\u0130ngilizce - temel-orta seviye.<\/p>\n\t\t<\/div>\n\t\t\t<h3 class=\"fw-accordion-title\">Yerel<\/h3>\n\t\t<div class=\"fw-accordion-content\">\n\t\t\t<p>Zoom ile \u00e7evrimi\u00e7i. <\/p>\n\t\t<\/div>\n\t\t\t<h3 class=\"fw-accordion-title\">Yat\u0131r\u0131m<\/h3>\n\t\t<div class=\"fw-accordion-content\">\n\t\t\t<p>CAD$ 215.00.<\/p>\n\t\t<\/div>\n\t\t\t<h3 class=\"fw-accordion-title\">tarih<\/h3>\n\t\t<div class=\"fw-accordion-content\">\n\t\t\t<p>17-21 A\u011fustos \/ 2020, dersler 14:00 - 16:00 (Brezilya saati).<\/p>\n\t\t<\/div>\n\t<\/div><\/div>\n<div class=\"fw-col-xs-12 fw-col-sm-2\">\n\t<\/div>\n<\/div>\n\n\t<\/div>\n<\/section>\n<section class=\"fw-main-row\"  >\n\t<div class=\"fw-container\">\n\t\t<div class=\"fw-row\">\n\t<div class=\"fw-col-xs-12\">\n\t\n\t<div class=\"fw-divider-space\" style=\"padding-top: 30px;\"><\/div>\n<\/div>\n<\/div>\n\n\t<\/div>\n<\/section>\n<section class=\"fw-main-row\" style=\"background-color:#f3f7fe;\" >\n\t<div class=\"fw-container-fluid\">\n\t\t<div class=\"fw-row\">\n\t<div class=\"fw-col-xs-12\">\n\t       \n<div id=\"why-us\" class=\"\">\n    <div class=\"row\">\n                    <div class=\"col-xs-12 col-sm-12 col-md-5 col-xl-6 col-lg-6 why-us-left-bg\" style=\"background-image:url(\/\/cancampus.ca\/wp-content\/uploads\/2020\/07\/Design-sem-nome-7.png);\">\n            <\/div>\n            <div class=\"col-xs-12 col-sm-12 col-md-7 col-xl-6 col-lg-6 wrap-padding bg-img-left\">\n                <div class=\"section-title\">\n                    <div>\n                        <span>Program<\/span>\n                        <h3>Olu\u015fturmak! Kendinizi ifade edin! \u00c7izmek! <\/h3>\n                    <\/div>\n                <\/div>\n                                    <div class=\"about_content\">\n                        <p>Bu sanal at\u00f6lye, yeni ba\u015flayanlar ve g\u00f6rsel dil anlay\u0131\u015flar\u0131n\u0131 iyile\u015ftirmenin yan\u0131 s\u0131ra \u00e7izim becerilerini geli\u015ftirmek isteyenler i\u00e7in geli\u015ftirildi.<\/p><p>G\u00f6zlemsel \u00e7izimin temellerini \u00f6\u011frenirken karakalemler, karakalemler ve tekni\u011fi kullanacaks\u0131n\u0131z. Kompozisyon, oran, \u015fekil ve \u00e7izgi \u00e7e\u015fitli al\u0131\u015ft\u0131rmalar ve projeler arac\u0131l\u0131\u011f\u0131yla incelenecektir. G\u00f6rsel anlat\u0131m\u0131n temel ara\u00e7lar\u0131na kesinlikle daha fazla g\u00fcveneceksiniz.<\/p><p>SINIF TAR\u0130HLER\u0130: <strong>17-21 A\u011fustos 2020<\/strong><\/p><p>SAAT: 13:00 - 15:00 (<strong>14:00 - 16:00<\/strong> Brezilya saati)<\/p><p>S\u0131n\u0131f say\u0131s\u0131: 5<\/p>                                            <\/div>\n                            <\/div>\n                    <\/div>\n<\/div>\n<\/div>\n<\/div>\n\n\t<\/div>\n<\/section>\n<section class=\"fw-main-row\" style=\"background-color:#f3f7fe;\" >\n\t<div class=\"fw-container-fluid\">\n\t\t<div class=\"fw-row\">\n\t<div class=\"fw-col-xs-12\">\n\t\n<div id=\"why-us\" class=\"\">\n    <div class=\"row\">\n                            <div class=\"col-xs-12 col-sm-12 col-md-7 col-xl-6 col-lg-6 wrap-padding bg-img-right\">\n                <div class=\"section-title\">\n                    <div>\n                        <span>Nas\u0131l olacak?<\/span>\n                        <h3>Ders Program\u0131<\/h3>\n                    <\/div>\n                <\/div>\n                                    <div class=\"about_content\">\n                        <p><strong>1. G\u00dcN<\/strong><\/p><p>Neden herkesin \u00e7izebilece\u011fini \u00f6\u011frenin!<\/p><p>Sol ve sa\u011f yar\u0131m k\u00fcrenin, bask\u0131n ellerin ve g\u00f6zlerin yan\u0131 s\u0131ra kontura kar\u015f\u0131 \u015fekil tasar\u0131m\u0131n\u0131 ke\u015ffedece\u011fiz. Bir g\u00f6steri ve g\u00f6rev verilecektir.<\/p><p><strong>2. G\u00dcN<\/strong><\/p><p>\u00d6\u011frenciler, mangal k\u00f6m\u00fcr\u00fc, kalem ve i\u00e7eri\u011fi denerken \u00f6l\u00e7meyi, \u00f6l\u00e7e\u011fi ke\u015ffetmeyi ve \u00e7izim kaynaklar\u0131n\u0131 kullanmay\u0131 \u00f6\u011frenecekler. Yeni bir g\u00f6steri ve g\u00f6rev verilecek.<\/p><p><strong>3. G\u00dcN<\/strong><\/p><p>\u00d6\u011frenciler serbest bi\u00e7ime kar\u015f\u0131 \u00f6l\u00e7\u00fclen \u00e7izim, kar\u0131\u015ft\u0131rma \u00e7izgisi ve \u015feklin yan\u0131 s\u0131ra toplam de\u011feri \u00f6\u011freneceklerdir. Bir g\u00f6steri yap\u0131lacak ve ard\u0131ndan ba\u015fka bir g\u00f6rev yap\u0131lacakt\u0131r.<\/p><p><strong>4. G\u00dcN<\/strong><\/p><p>H\u0131zl\u0131, zamanl\u0131 eskizlerle ba\u015flayaca\u011f\u0131z. \u00d6\u011frenciler ters \u00e7izim, \u00e7evre ve odak noktalar\u0131 hakk\u0131nda bilgi edinecekler.<\/p><p><strong>\u00a0<\/strong><\/p><p><strong>\u00a0<\/strong><strong>5. G\u00dcN<\/strong><\/p><p>Son eskizlerimize devam edip son bir incelemeyle bitirece\u011fiz.<\/p>                                            <\/div>\n                            <\/div>\n            <div class=\"col-xs-12 col-sm-12 col-md-5 col-xl-6 col-lg-6 why-us-left-bg\" style=\"background-image:url(\/\/cancampus.ca\/wp-content\/uploads\/2020\/07\/Design-sem-nome-11.png);\">\n            <\/div>\n            <\/div>\n<\/div>\n<\/div>\n<\/div>\n\n\t<\/div>\n<\/section>\n<section class=\"fw-main-row\" style=\"background-color:#f3f7fe;\" >\n\t<div class=\"fw-container-fluid\">\n\t\t<div class=\"fw-row\">\n\t<div class=\"fw-col-xs-12\">\n\t\n<div id=\"why-us\" class=\"\">\n    <div class=\"row\">\n                    <div class=\"col-xs-12 col-sm-12 col-md-5 col-xl-6 col-lg-6 why-us-left-bg\" style=\"background-image:url(\/\/cancampus.ca\/wp-content\/uploads\/2020\/07\/Design-sem-nome-9.png);\">\n            <\/div>\n            <div class=\"col-xs-12 col-sm-12 col-md-7 col-xl-6 col-lg-6 wrap-padding bg-img-left\">\n                <div class=\"section-title\">\n                    <div>\n                        <span>Ve nas\u0131l ba\u015flamal\u0131?<\/span>\n                        <h3>Gerekli malzemeler<\/h3>\n                    <\/div>\n                <\/div>\n                                    <div class=\"about_content\">\n                        <p>K\u00f6m\u00fcr veya s\u00f6\u011f\u00fct \u00e7ubuklar\u0131<\/p><p>Yo\u011furulabilir kau\u00e7uk<\/p><p>Siyah t\u00fckenmez veya st\u00fcdyo kalem i\u015faretleyici yerle\u015fim ka\u011f\u0131d\u0131 (\u00e7ok d\u00fcz)<\/p><p>\u00c7izim ka\u011f\u0131d\u0131 (40cm x 50cm veya daha b\u00fcy\u00fck)<\/p><p>Kalem: HB, 2B, 4B ve 6B<\/p><p>X-act b\u0131\u00e7ak<\/p><p>Kum<\/p><p>Swablar<\/p><p><strong>Sanal s\u0131n\u0131flar\u0131m\u0131zdan birine kat\u0131lmak i\u00e7in<\/strong>, ihtiyac\u0131n olacak:<\/p><ul><li>Bir bilgisayar (yerle\u015fik mikrofon ve kameral\u0131 diz\u00fcst\u00fc veya masa\u00fcst\u00fc) veya daha yeni bir iPad, tablet, iPhone veya ak\u0131ll\u0131 telefon modeli;<\/li><li>Bir stand veya tripod kullanarak eller serbest \u00f6zelli\u011fine sahip oldu\u011funuzdan emin olun;<\/li><li>Kararl\u0131 bir WI-FI ba\u011flant\u0131s\u0131;<\/li><li>Zoom uygulamas\u0131 (kaydoldu\u011funuzda \u00fccretsiz);<\/li><li>Kaydoldu\u011funuz kursa g\u00f6re gerekli malzemeler (yukar\u0131da a\u00e7\u0131kland\u0131\u011f\u0131 gibi her s\u0131n\u0131f i\u00e7in sa\u011flanan ayr\u0131 malzeme listelerine bak\u0131n);<\/li><li>S\u0131n\u0131f\u0131n\u0131z\u0131 olu\u015fturmak ve ona kat\u0131lmak i\u00e7in sessiz bir \u00e7al\u0131\u015fma alan\u0131.<\/li><\/ul><p>MAL\u0130YET: C$165 + C$50 (\u00dccretler ve Vergiler), toplamda C$ 215,00 (iki y\u00fcz on be\u015f Kanada dolar\u0131).<\/p>                                            <\/div>\n                            <\/div>\n                    <\/div>\n<\/div>\n<\/div>\n<\/div>\n\n\t<\/div>\n<\/section>\n<section class=\"fw-main-row\" style=\"background-color:#ffffff;background-image:url(http:\/\/box5226.temp.domains\/~cancampu\/wp-content\/uploads\/2020\/01\/2335523-scaled.jpg);\" >\n\t<div class=\"fw-container\">\n\t\t<div class=\"fw-row\">\n\t<div class=\"fw-col-xs-12\">\n\t\n\t<div class=\"fw-divider-space\" style=\"padding-top: 100px;\"><\/div>\n<\/div>\n<\/div>\n\n<div class=\"fw-row\">\n\t<div class=\"fw-col-xs-12\">\n\t<div class=\"text-block post-heading-center section-title mb-60\">\n\t<span>Yerinizi \u015fimdi garanti edin!<\/span>\n\t<h2><\/h2>\n\t<\/div>\n<\/div>\n<\/div>\n\n<div class=\"fw-row\">\n\t<div class=\"fw-col-xs-12 fw-col-sm-6\">\n\t<p>\n<div class=\"wpcf7 no-js\" id=\"wpcf7-f4-o1\" lang=\"en-US\" dir=\"ltr\" data-wpcf7-id=\"4\">\n<div class=\"screen-reader-response\"><p role=\"status\" aria-live=\"polite\" aria-atomic=\"true\"><\/p> <ul><\/ul><\/div>\n<form action=\"\/tr\/wp-json\/wp\/v2\/pages\/3798#wpcf7-f4-o1\" method=\"post\" class=\"wpcf7-form init\" aria-label=\"Contact form\" novalidate=\"novalidate\" data-status=\"init\" data-trp-original-action=\"\/tr\/wp-json\/wp\/v2\/pages\/3798#wpcf7-f4-o1\">\n<fieldset class=\"hidden-fields-container\"><input type=\"hidden\" name=\"_wpcf7\" value=\"4\" \/><input type=\"hidden\" name=\"_wpcf7_version\" value=\"6.1.3\" \/><input type=\"hidden\" name=\"_wpcf7_locale\" value=\"en_US\" \/><input type=\"hidden\" name=\"_wpcf7_unit_tag\" value=\"wpcf7-f4-o1\" \/><input type=\"hidden\" name=\"_wpcf7_container_post\" value=\"0\" \/><input type=\"hidden\" name=\"_wpcf7_posted_data_hash\" value=\"\" \/>\n<\/fieldset>\n<div class=\"row\">\n\t<div class=\"col-lg-6 col-md-6 col-sm-6 col-xs-12\">\n\t\t<p><span class=\"wpcf7-form-control-wrap\" data-name=\"text-498\"><input size=\"40\" maxlength=\"400\" class=\"wpcf7-form-control wpcf7-text wpcf7-validates-as-required require\" aria-required=\"true\" aria-invalid=\"false\" placeholder=\"ad\" value=\"\" type=\"text\" name=\"text-498\" \/><\/span>\n\t\t<\/p>\n\t<\/div>\n\t<div class=\"col-lg-6 col-md-6 col-sm-6 col-xs-12\">\n\t\t<p><span class=\"wpcf7-form-control-wrap\" data-name=\"text-41\"><input size=\"40\" maxlength=\"400\" class=\"wpcf7-form-control wpcf7-text wpcf7-validates-as-required require\" aria-required=\"true\" aria-invalid=\"false\" placeholder=\"E-posta adresiniz\" value=\"\" type=\"text\" name=\"text-41\" \/><\/span>\n\t\t<\/p>\n\t<\/div>\n\t<div class=\"col-lg-6 col-md-6 col-sm-6 col-xs-12\">\n\t\t<p><span class=\"wpcf7-form-control-wrap\" data-name=\"tel-81\"><input size=\"40\" maxlength=\"400\" class=\"wpcf7-form-control wpcf7-tel wpcf7-validates-as-required wpcf7-text wpcf7-validates-as-tel require\" aria-required=\"true\" aria-invalid=\"false\" placeholder=\"Telefon\" value=\"\" type=\"tel\" name=\"tel-81\" \/><\/span>\n\t\t<\/p>\n\t<\/div>\n\t<div class=\"col-lg-6 col-md-6 col-sm-6 col-xs-12\">\n\t\t<p><span class=\"wpcf7-form-control-wrap\" data-name=\"textarea-641\"><textarea cols=\"40\" rows=\"10\" maxlength=\"2000\" class=\"wpcf7-form-control wpcf7-textarea wpcf7-validates-as-required\" aria-required=\"true\" aria-invalid=\"false\" placeholder=\"Mesaj\u0131n\" name=\"textarea-641\"><\/textarea><\/span>\n\t\t<\/p>\n\t<\/div>\n\t<div class=\"col-lg-6 col-md-6 col-sm-6 col-xs-12\">\n\t\t<p><input class=\"wpcf7-form-control wpcf7-submit has-spinner prt_btn submitForm\" type=\"submit\" value=\"G\u00f6nder\" \/>\n\t\t<\/p>\n\t<\/div>\n<\/div><input type='hidden' class='wpcf7-pum' value='{\"closepopup\":false,\"closedelay\":0,\"openpopup\":false,\"openpopup_id\":0}' \/><div class=\"wpcf7-response-output\" aria-hidden=\"true\"><\/div>\n<input type=\"hidden\" name=\"trp-form-language\" value=\"tr\"\/><\/form>\n<\/div>\n<\/p><\/div>\n<div class=\"fw-col-xs-12 fw-col-sm-6\">\n\t<\/div>\n<\/div>\n\n\t<\/div>\n<\/section>\n<\/p>","protected":false},"excerpt":{"rendered":"<p>Desenho para Iniciantes Aperfei\u00e7oe seus desenhos praticando o seu ingl\u00eas com professores nativos! Indicado para Jovens e adultos a partir [&hellip;]<\/p>","protected":false},"author":2,"featured_media":0,"parent":3757,"menu_order":0,"comment_status":"closed","ping_status":"closed","template":"template-parts\/lernen-pagefullwidth.php","meta":{"_joinchat":{"telephone":"+5531982119111","message_send":"Ol\u00e1. Gostaria de receber maiores informa\u00e7\u00f5es?"},"footnotes":""},"class_list":["post-3798","page","type-page","status-publish","hentry"],"yoast_head":"<!-- This site is optimized with the Yoast SEO plugin v27.2 - https:\/\/yoast.com\/product\/yoast-seo-wordpress\/ -->\n<title>Desenho para Iniciantes - CanCampus<\/title>\n<meta name=\"robots\" content=\"index, follow, max-snippet:-1, max-image-preview:large, max-video-preview:-1\" \/>\n<link rel=\"canonical\" href=\"http:\/\/cancampus.ca\/tr\/programas\/virtual-campus\/desenho-para-iniciantes\/\" \/>\n<meta property=\"og:locale\" content=\"tr_TR\" \/>\n<meta property=\"og:type\" content=\"article\" \/>\n<meta property=\"og:title\" content=\"Desenho para Iniciantes - CanCampus\" \/>\n<meta property=\"og:description\" content=\"Desenho para Iniciantes Aperfei\u00e7oe seus desenhos praticando o seu ingl\u00eas com professores nativos! Indicado para Jovens e adultos a partir [&hellip;]\" \/>\n<meta property=\"og:url\" content=\"http:\/\/cancampus.ca\/tr\/programas\/virtual-campus\/desenho-para-iniciantes\/\" \/>\n<meta property=\"og:site_name\" content=\"CanCampus\" \/>\n<meta property=\"article:publisher\" content=\"https:\/\/www.facebook.com\/cancampus.ca\" \/>\n<meta property=\"article:modified_time\" content=\"2021-09-03T19:35:20+00:00\" \/>\n<meta property=\"og:image\" content=\"https:\/\/box5226.temp.domains\/~cancampu\/wp-content\/uploads\/2020\/01\/2335523-scaled-300x200.jpg\" \/>\n<meta name=\"twitter:card\" content=\"summary_large_image\" \/>\n<meta name=\"twitter:label1\" content=\"Tahmini okuma s\u00fcresi\" \/>\n\t<meta name=\"twitter:data1\" content=\"4 dakika\" \/>\n<script type=\"application\/ld+json\" class=\"yoast-schema-graph\">{\"@context\":\"https:\/\/schema.org\",\"@graph\":[{\"@type\":\"WebPage\",\"@id\":\"http:\/\/cancampus.ca\/tr\/programas\/virtual-campus\/desenho-para-iniciantes\/\",\"url\":\"http:\/\/cancampus.ca\/tr\/programas\/virtual-campus\/desenho-para-iniciantes\/\",\"name\":\"Desenho para Iniciantes - CanCampus\",\"isPartOf\":{\"@id\":\"https:\/\/cancampus.ca\/#website\"},\"primaryImageOfPage\":{\"@id\":\"http:\/\/cancampus.ca\/tr\/programas\/virtual-campus\/desenho-para-iniciantes\/#primaryimage\"},\"image\":{\"@id\":\"http:\/\/cancampus.ca\/tr\/programas\/virtual-campus\/desenho-para-iniciantes\/#primaryimage\"},\"thumbnailUrl\":\"https:\/\/box5226.temp.domains\/~cancampu\/wp-content\/uploads\/2020\/01\/2335523-scaled-300x200.jpg\",\"datePublished\":\"2020-07-11T16:22:12+00:00\",\"dateModified\":\"2021-09-03T19:35:20+00:00\",\"breadcrumb\":{\"@id\":\"http:\/\/cancampus.ca\/tr\/programas\/virtual-campus\/desenho-para-iniciantes\/#breadcrumb\"},\"inLanguage\":\"tr\",\"potentialAction\":[{\"@type\":\"ReadAction\",\"target\":[\"http:\/\/cancampus.ca\/tr\/programas\/virtual-campus\/desenho-para-iniciantes\/\"]}]},{\"@type\":\"ImageObject\",\"inLanguage\":\"tr\",\"@id\":\"http:\/\/cancampus.ca\/tr\/programas\/virtual-campus\/desenho-para-iniciantes\/#primaryimage\",\"url\":\"https:\/\/box5226.temp.domains\/~cancampu\/wp-content\/uploads\/2020\/01\/2335523-scaled-300x200.jpg\",\"contentUrl\":\"https:\/\/box5226.temp.domains\/~cancampu\/wp-content\/uploads\/2020\/01\/2335523-scaled-300x200.jpg\"},{\"@type\":\"BreadcrumbList\",\"@id\":\"http:\/\/cancampus.ca\/tr\/programas\/virtual-campus\/desenho-para-iniciantes\/#breadcrumb\",\"itemListElement\":[{\"@type\":\"ListItem\",\"position\":1,\"name\":\"In\u00edcio\",\"item\":\"https:\/\/cancampus.ca\/\"},{\"@type\":\"ListItem\",\"position\":2,\"name\":\"Programas\",\"item\":\"https:\/\/cancampus.ca\/en\/programas\/\"},{\"@type\":\"ListItem\",\"position\":3,\"name\":\"Cursos Virtuais\",\"item\":\"https:\/\/cancampus.ca\/en\/programas\/virtual-campus\/\"},{\"@type\":\"ListItem\",\"position\":4,\"name\":\"Desenho para Iniciantes\"}]},{\"@type\":\"WebSite\",\"@id\":\"https:\/\/cancampus.ca\/#website\",\"url\":\"https:\/\/cancampus.ca\/\",\"name\":\"CanCampus - Experince Learning!\",\"description\":\"Experience Learning!\",\"publisher\":{\"@id\":\"https:\/\/cancampus.ca\/#organization\"},\"potentialAction\":[{\"@type\":\"SearchAction\",\"target\":{\"@type\":\"EntryPoint\",\"urlTemplate\":\"https:\/\/cancampus.ca\/?s={search_term_string}\"},\"query-input\":{\"@type\":\"PropertyValueSpecification\",\"valueRequired\":true,\"valueName\":\"search_term_string\"}}],\"inLanguage\":\"tr\"},{\"@type\":\"Organization\",\"@id\":\"https:\/\/cancampus.ca\/#organization\",\"name\":\"CanCampus Canada\",\"url\":\"https:\/\/cancampus.ca\/\",\"logo\":{\"@type\":\"ImageObject\",\"inLanguage\":\"tr\",\"@id\":\"https:\/\/cancampus.ca\/#\/schema\/logo\/image\/\",\"url\":\"http:\/\/box5226.temp.domains\/~cancampu\/wp-content\/uploads\/2020\/03\/13.png\",\"contentUrl\":\"http:\/\/box5226.temp.domains\/~cancampu\/wp-content\/uploads\/2020\/03\/13.png\",\"width\":3072,\"height\":1536,\"caption\":\"CanCampus Canada\"},\"image\":{\"@id\":\"https:\/\/cancampus.ca\/#\/schema\/logo\/image\/\"},\"sameAs\":[\"https:\/\/www.facebook.com\/cancampus.ca\",\"https:\/\/www.instagram.com\/cancampus_ca\/\",\"https:\/\/www.linkedin.com\/in\/cancampus\/\"]}]}<\/script>\n<!-- \/ Yoast SEO plugin. -->","yoast_head_json":{"title":"Yeni Ba\u015flayanlar \u0130\u00e7in Tasar\u0131m - CanCampus","robots":{"index":"index","follow":"follow","max-snippet":"max-snippet:-1","max-image-preview":"max-image-preview:large","max-video-preview":"max-video-preview:-1"},"canonical":"http:\/\/cancampus.ca\/tr\/programas\/virtual-campus\/desenho-para-iniciantes\/","og_locale":"tr_TR","og_type":"article","og_title":"Desenho para Iniciantes - CanCampus","og_description":"Desenho para Iniciantes Aperfei\u00e7oe seus desenhos praticando o seu ingl\u00eas com professores nativos! Indicado para Jovens e adultos a partir [&hellip;]","og_url":"http:\/\/cancampus.ca\/tr\/programas\/virtual-campus\/desenho-para-iniciantes\/","og_site_name":"CanCampus","article_publisher":"https:\/\/www.facebook.com\/cancampus.ca","article_modified_time":"2021-09-03T19:35:20+00:00","og_image":[{"url":"https:\/\/box5226.temp.domains\/~cancampu\/wp-content\/uploads\/2020\/01\/2335523-scaled-300x200.jpg","type":"","width":"","height":""}],"twitter_card":"summary_large_image","twitter_misc":{"Tahmini okuma s\u00fcresi":"4 dakika"},"schema":{"@context":"https:\/\/schema.org","@graph":[{"@type":"WebPage","@id":"http:\/\/cancampus.ca\/tr\/programas\/virtual-campus\/desenho-para-iniciantes\/","url":"http:\/\/cancampus.ca\/tr\/programas\/virtual-campus\/desenho-para-iniciantes\/","name":"Yeni Ba\u015flayanlar \u0130\u00e7in Tasar\u0131m - CanCampus","isPartOf":{"@id":"https:\/\/cancampus.ca\/#website"},"primaryImageOfPage":{"@id":"http:\/\/cancampus.ca\/tr\/programas\/virtual-campus\/desenho-para-iniciantes\/#primaryimage"},"image":{"@id":"http:\/\/cancampus.ca\/tr\/programas\/virtual-campus\/desenho-para-iniciantes\/#primaryimage"},"thumbnailUrl":"https:\/\/box5226.temp.domains\/~cancampu\/wp-content\/uploads\/2020\/01\/2335523-scaled-300x200.jpg","datePublished":"2020-07-11T16:22:12+00:00","dateModified":"2021-09-03T19:35:20+00:00","breadcrumb":{"@id":"http:\/\/cancampus.ca\/tr\/programas\/virtual-campus\/desenho-para-iniciantes\/#breadcrumb"},"inLanguage":"tr","potentialAction":[{"@type":"ReadAction","target":["http:\/\/cancampus.ca\/tr\/programas\/virtual-campus\/desenho-para-iniciantes\/"]}]},{"@type":"ImageObject","inLanguage":"tr","@id":"http:\/\/cancampus.ca\/tr\/programas\/virtual-campus\/desenho-para-iniciantes\/#primaryimage","url":"https:\/\/box5226.temp.domains\/~cancampu\/wp-content\/uploads\/2020\/01\/2335523-scaled-300x200.jpg","contentUrl":"https:\/\/box5226.temp.domains\/~cancampu\/wp-content\/uploads\/2020\/01\/2335523-scaled-300x200.jpg"},{"@type":"BreadcrumbList","@id":"http:\/\/cancampus.ca\/tr\/programas\/virtual-campus\/desenho-para-iniciantes\/#breadcrumb","itemListElement":[{"@type":"ListItem","position":1,"name":"In\u00edcio","item":"https:\/\/cancampus.ca\/"},{"@type":"ListItem","position":2,"name":"Programas","item":"https:\/\/cancampus.ca\/en\/programas\/"},{"@type":"ListItem","position":3,"name":"Cursos Virtuais","item":"https:\/\/cancampus.ca\/en\/programas\/virtual-campus\/"},{"@type":"ListItem","position":4,"name":"Desenho para Iniciantes"}]},{"@type":"WebSite","@id":"https:\/\/cancampus.ca\/#website","url":"https:\/\/cancampus.ca\/","name":"CanCampus - \u00d6\u011frenmeyi Deneyimleyin!","description":"\u00d6\u011frenmeyi Deneyimleyin!","publisher":{"@id":"https:\/\/cancampus.ca\/#organization"},"potentialAction":[{"@type":"SearchAction","target":{"@type":"EntryPoint","urlTemplate":"https:\/\/cancampus.ca\/?s={search_term_string}"},"query-input":{"@type":"PropertyValueSpecification","valueRequired":true,"valueName":"search_term_string"}}],"inLanguage":"tr"},{"@type":"Organization","@id":"https:\/\/cancampus.ca\/#organization","name":"CanKamp\u00fcs Kanada","url":"https:\/\/cancampus.ca\/","logo":{"@type":"ImageObject","inLanguage":"tr","@id":"https:\/\/cancampus.ca\/#\/schema\/logo\/image\/","url":"http:\/\/box5226.temp.domains\/~cancampu\/wp-content\/uploads\/2020\/03\/13.png","contentUrl":"http:\/\/box5226.temp.domains\/~cancampu\/wp-content\/uploads\/2020\/03\/13.png","width":3072,"height":1536,"caption":"CanCampus Canada"},"image":{"@id":"https:\/\/cancampus.ca\/#\/schema\/logo\/image\/"},"sameAs":["https:\/\/www.facebook.com\/cancampus.ca","https:\/\/www.instagram.com\/cancampus_ca\/","https:\/\/www.linkedin.com\/in\/cancampus\/"]}]}},"_links":{"self":[{"href":"https:\/\/cancampus.ca\/tr\/wp-json\/wp\/v2\/pages\/3798","targetHints":{"allow":["GET"]}}],"collection":[{"href":"https:\/\/cancampus.ca\/tr\/wp-json\/wp\/v2\/pages"}],"about":[{"href":"https:\/\/cancampus.ca\/tr\/wp-json\/wp\/v2\/types\/page"}],"author":[{"embeddable":true,"href":"https:\/\/cancampus.ca\/tr\/wp-json\/wp\/v2\/users\/2"}],"replies":[{"embeddable":true,"href":"https:\/\/cancampus.ca\/tr\/wp-json\/wp\/v2\/comments?post=3798"}],"version-history":[{"count":0,"href":"https:\/\/cancampus.ca\/tr\/wp-json\/wp\/v2\/pages\/3798\/revisions"}],"up":[{"embeddable":true,"href":"https:\/\/cancampus.ca\/tr\/wp-json\/wp\/v2\/pages\/3757"}],"wp:attachment":[{"href":"https:\/\/cancampus.ca\/tr\/wp-json\/wp\/v2\/media?parent=3798"}],"curies":[{"name":"wp","href":"https:\/\/api.w.org\/{rel}","templated":true}]}}