{"id":3814,"date":"2020-07-11T14:01:06","date_gmt":"2020-07-11T17:01:06","guid":{"rendered":"http:\/\/box5226.temp.domains\/~cancampu\/?page_id=3814"},"modified":"2021-09-03T15:44:05","modified_gmt":"2021-09-03T19:44:05","slug":"pintura","status":"publish","type":"page","link":"https:\/\/cancampus.ca\/tr\/programas\/virtual-campus\/pintura\/","title":{"rendered":"Tablo"},"content":{"rendered":"<p><section class=\"fw-main-row\"  >\n\t<div class=\"fw-container-fluid\">\n\t\t<div class=\"fw-row\">\n\t<div class=\"fw-col-xs-12\">\n\t\n<div class=\"owl-carousel owl-theme\">\n                     <div class=\"position-center header-content-full header-content\" role=\"banner\" style=\"background-image:url(\/\/cancampus.ca\/wp-content\/uploads\/2020\/07\/Design-sem-nome-17.png);\">\n                <div class=\"container\">\n            <div class=\"row\">\n                <div class=\"col-xs-12 col-sm-12 header-area\">\n                    <div class=\"header-area-inner header-text\">\n                        <div><span class=\"subtitle\"><span class=\"\"><\/span>Suluboya hayat\u0131<\/span><\/div>\n                        <h1 class=\"title\"><\/h1>\n                        <p>Anadili \u0130ngilizce olan \u00f6\u011fretmenlerle pratik yaparken kendinizi resim yaparak ifade edin!<\/p>                        <div class=\"btn-section\">\n                                                                                <\/div>\n                    <\/div>\n                <\/div>\n            <\/div>\n        <\/div>\n    <\/div>\n    <\/div><\/div>\n<\/div>\n\n\t<\/div>\n<\/section>\n<section class=\"fw-main-row\"  >\n\t<div class=\"fw-container\">\n\t\t<div class=\"fw-row\">\n\t<div class=\"fw-col-xs-12\">\n\t\n\t<div class=\"fw-divider-space\" style=\"padding-top: 40px;\"><\/div>\n<\/div>\n<\/div>\n\n\t<\/div>\n<\/section>\n<section class=\"fw-main-row\" style=\"background-color:#ffffff;\" >\n\t<div class=\"fw-container-fluid\">\n\t\t<div class=\"fw-row\">\n\t<div class=\"fw-col-xs-12 fw-col-sm-2\">\n\t<\/div>\n<div class=\"fw-col-xs-12 fw-col-sm-8\">\n\t<div class=\"fw-accordion\">\n\t\t\t<h3 class=\"fw-accordion-title\">Belirtilen<\/h3>\n\t\t<div class=\"fw-accordion-content\">\n\t\t\t<p>15 ya\u015f\u0131ndan b\u00fcy\u00fck gen\u00e7ler ve yeti\u015fkinler.<\/p>\n\t\t<\/div>\n\t\t\t<h3 class=\"fw-accordion-title\">Dil<\/h3>\n\t\t<div class=\"fw-accordion-content\">\n\t\t\t<p>\u0130ngilizce - temel-orta seviye.<\/p>\n\t\t<\/div>\n\t\t\t<h3 class=\"fw-accordion-title\">Yerel<\/h3>\n\t\t<div class=\"fw-accordion-content\">\n\t\t\t<p>Zoom ile \u00e7evrimi\u00e7i. <\/p>\n\t\t<\/div>\n\t\t\t<h3 class=\"fw-accordion-title\">Yat\u0131r\u0131m<\/h3>\n\t\t<div class=\"fw-accordion-content\">\n\t\t\t<p>CAD$ 215.00.<\/p>\n\t\t<\/div>\n\t\t\t<h3 class=\"fw-accordion-title\">tarih<\/h3>\n\t\t<div class=\"fw-accordion-content\">\n\t\t\t<p>24-28 A\u011fustos 2020, dersler 11: 00-13: 00 (Brezilya saati).<\/p>\n\t\t<\/div>\n\t<\/div><\/div>\n<div class=\"fw-col-xs-12 fw-col-sm-2\">\n\t<\/div>\n<\/div>\n\n\t<\/div>\n<\/section>\n<section class=\"fw-main-row\"  >\n\t<div class=\"fw-container\">\n\t\t<div class=\"fw-row\">\n\t<div class=\"fw-col-xs-12\">\n\t\n\t<div class=\"fw-divider-space\" style=\"padding-top: 30px;\"><\/div>\n<\/div>\n<\/div>\n\n\t<\/div>\n<\/section>\n<section class=\"fw-main-row\" style=\"background-color:#f3f7fe;\" >\n\t<div class=\"fw-container-fluid\">\n\t\t<div class=\"fw-row\">\n\t<div class=\"fw-col-xs-12\">\n\t       \n<div id=\"why-us\" class=\"\">\n    <div class=\"row\">\n                    <div class=\"col-xs-12 col-sm-12 col-md-5 col-xl-6 col-lg-6 why-us-left-bg\" style=\"background-image:url(\/\/cancampus.ca\/wp-content\/uploads\/2020\/07\/Design-sem-nome-12.png);\">\n            <\/div>\n            <div class=\"col-xs-12 col-sm-12 col-md-7 col-xl-6 col-lg-6 wrap-padding bg-img-left\">\n                <div class=\"section-title\">\n                    <div>\n                        <span>Program<\/span>\n                        <h3>O muhte\u015fem suluboyu boyay\u0131n ...<\/h3>\n                    <\/div>\n                <\/div>\n                                    <div class=\"about_content\">\n                        <p>Suluboya ile resim yapma fikrini seviyorsan\u0131z, yarat\u0131c\u0131l\u0131\u011f\u0131n\u0131z\u0131 ke\u015ffedin ve bir konu olarak nat\u00fcrmort \u00fczerine odaklanan bu \u00e7evrimi\u00e7i resim program\u0131yla kendinizi \u015fa\u015f\u0131rt\u0131n.<\/p><p>Renklerin ve teorinin kar\u0131\u015f\u0131m\u0131n\u0131, sulu boya f\u0131r\u00e7alar\u0131n\u0131n kullan\u0131m\u0131n\u0131 ve \u015feffaf bir \u015fekilde sulu boyalarla nas\u0131l boyanaca\u011f\u0131n\u0131 \u00f6\u011freneceksiniz. G\u00f6steriler sa\u011flanacak ve y\u0131kama, boyama gibi \u00e7e\u015fitli teknikleri ke\u015ffedebilirsiniz. <em>\u0131slak \u00fczerine \u0131slak<\/em> kompozisyon ve perspektifin temellerini \u00f6\u011frenmenin yan\u0131 s\u0131ra diren\u00e7 s\u00fcre\u00e7lerini kullanmak.<\/p><p>SINIF TAR\u0130HLER\u0130: <strong>24-28 A\u011fustos 2020<\/strong><\/p><p>SAAT: 10:00 - 12:00 (<strong>11:00- 13:00<\/strong> Brezilya saati)<\/p><p>S\u0131n\u0131f say\u0131s\u0131: 5<\/p>                                            <\/div>\n                            <\/div>\n                    <\/div>\n<\/div>\n<\/div>\n<\/div>\n\n\t<\/div>\n<\/section>\n<section class=\"fw-main-row\" style=\"background-color:#f3f7fe;\" >\n\t<div class=\"fw-container-fluid\">\n\t\t<div class=\"fw-row\">\n\t<div class=\"fw-col-xs-12\">\n\t\n<div id=\"why-us\" class=\"\">\n    <div class=\"row\">\n                            <div class=\"col-xs-12 col-sm-12 col-md-7 col-xl-6 col-lg-6 wrap-padding bg-img-right\">\n                <div class=\"section-title\">\n                    <div>\n                        <span>Nas\u0131l olacak?<\/span>\n                        <h3>Ders Program\u0131<\/h3>\n                    <\/div>\n                <\/div>\n                                    <div class=\"about_content\">\n                        <p><strong>1. G\u00dcN<\/strong><\/p><p>\u00d6\u011frenciler tek renkli bir nat\u00fcrmort resmi \u00fcretmek i\u00e7in yaln\u0131zca siyah boya kullanacaklar.<\/p><p><strong>2. G\u00dcN<\/strong><\/p><p>\u00d6\u011frenciler meyve \u00e7al\u0131\u015fmalar\u0131 olu\u015fturmak i\u00e7in s\u0131cak ve so\u011fuk renkleri \u00f6\u011frenecekler.<\/p><p><strong>3. G\u00dcN<\/strong><\/p><p>Tekni\u011fi kullanma <em>\u0131slak \u00fczerine \u0131slak<\/em>\u00f6\u011frenciler lale gibi \u00e7i\u00e7ekler \u00fczerinde \u00e7al\u0131\u015facaklar.<\/p><p><strong>4. G\u00dcN<\/strong><\/p><p>Pop Art&#039;tan ilham alan \u00f6\u011frenciler, temalarla bir nat\u00fcrmort yaratacak.<\/p><p><strong>5. G\u00dcN<\/strong><\/p><p>Son oturum i\u00e7in \u00f6\u011frenciler \u00fczerinde \u00e7al\u0131\u015fmak \u00fczere kendi konular\u0131n\u0131 se\u00e7ecekler.<\/p>                                            <\/div>\n                            <\/div>\n            <div class=\"col-xs-12 col-sm-12 col-md-5 col-xl-6 col-lg-6 why-us-left-bg\" style=\"background-image:url(\/\/cancampus.ca\/wp-content\/uploads\/2020\/07\/Design-sem-nome-14.png);\">\n            <\/div>\n            <\/div>\n<\/div>\n<\/div>\n<\/div>\n\n\t<\/div>\n<\/section>\n<section class=\"fw-main-row\" style=\"background-color:#f3f7fe;\" >\n\t<div class=\"fw-container-fluid\">\n\t\t<div class=\"fw-row\">\n\t<div class=\"fw-col-xs-12\">\n\t\n<div id=\"why-us\" class=\"\">\n    <div class=\"row\">\n                    <div class=\"col-xs-12 col-sm-12 col-md-5 col-xl-6 col-lg-6 why-us-left-bg\" style=\"background-image:url(\/\/cancampus.ca\/wp-content\/uploads\/2020\/07\/Design-sem-nome-19.png);\">\n            <\/div>\n            <div class=\"col-xs-12 col-sm-12 col-md-7 col-xl-6 col-lg-6 wrap-padding bg-img-left\">\n                <div class=\"section-title\">\n                    <div>\n                        <span>Ve nas\u0131l ba\u015flamal\u0131?<\/span>\n                        <h3>Gerekli malzemeler<\/h3>\n                    <\/div>\n                <\/div>\n                                    <div class=\"about_content\">\n                        <p>Sulu boya ka\u011f\u0131d\u0131 - 10 yaprak 23cm x 30cm veya 25cm x 36cm (fiyonklar veya Fabriano veya \u00f6\u011frencinin ka\u011f\u0131d\u0131n\u0131n kalitesi)<\/p><p>Sulu Boya boya seti, sulu boya f\u0131r\u00e7as\u0131 (k\u00fc\u00e7\u00fck ve orta boylarda)<\/p><p>Cam su kab\u0131<\/p><p>Yap\u0131\u015fkan bant (iste\u011fe ba\u011fl\u0131)<\/p><p>Masonit plaka (iste\u011fe ba\u011fl\u0131)<\/p><p><strong>Sanal s\u0131n\u0131flar\u0131m\u0131zdan birine kat\u0131lmak i\u00e7in<\/strong>, ihtiyac\u0131n olacak:<\/p><ul><li>Bir bilgisayar (yerle\u015fik mikrofon ve kameral\u0131 diz\u00fcst\u00fc veya masa\u00fcst\u00fc) veya daha yeni bir iPad, tablet, iPhone veya ak\u0131ll\u0131 telefon modeli;<\/li><li>Bir stand veya tripod kullanarak eller serbest \u00f6zelli\u011fine sahip oldu\u011funuzdan emin olun;<\/li><li>Kararl\u0131 bir WI-FI ba\u011flant\u0131s\u0131;<\/li><li>Zoom uygulamas\u0131 (kaydoldu\u011funuzda \u00fccretsiz);<\/li><li>Kaydoldu\u011funuz kursa g\u00f6re gerekli malzemeler (yukar\u0131da a\u00e7\u0131kland\u0131\u011f\u0131 gibi her s\u0131n\u0131f i\u00e7in sa\u011flanan ayr\u0131 malzeme listelerine bak\u0131n);<\/li><li>S\u0131n\u0131f\u0131n\u0131z\u0131 olu\u015fturmak ve ona kat\u0131lmak i\u00e7in sessiz bir \u00e7al\u0131\u015fma alan\u0131.<\/li><\/ul><p>MAL\u0130YET: C$165 + C$50 (\u00dccretler ve Vergiler), toplamda C$ 215,00 (iki y\u00fcz on be\u015f Kanada dolar\u0131).<\/p>                                            <\/div>\n                            <\/div>\n                    <\/div>\n<\/div>\n<\/div>\n<\/div>\n\n\t<\/div>\n<\/section>\n<section class=\"fw-main-row\" style=\"background-color:#ffffff;background-image:url(http:\/\/box5226.temp.domains\/~cancampu\/wp-content\/uploads\/2020\/01\/2335523-scaled.jpg);\" >\n\t<div class=\"fw-container\">\n\t\t<div class=\"fw-row\">\n\t<div class=\"fw-col-xs-12\">\n\t\n\t<div class=\"fw-divider-space\" style=\"padding-top: 100px;\"><\/div>\n<\/div>\n<\/div>\n\n<div class=\"fw-row\">\n\t<div class=\"fw-col-xs-12\">\n\t<div class=\"text-block post-heading-center section-title mb-60\">\n\t<span>Yerinizi \u015fimdi garanti edin!<\/span>\n\t<h2><\/h2>\n\t<\/div>\n<\/div>\n<\/div>\n\n<div class=\"fw-row\">\n\t<div class=\"fw-col-xs-12 fw-col-sm-6\">\n\t<p>\n<div class=\"wpcf7 no-js\" id=\"wpcf7-f4-o1\" lang=\"en-US\" dir=\"ltr\" data-wpcf7-id=\"4\">\n<div class=\"screen-reader-response\"><p role=\"status\" aria-live=\"polite\" aria-atomic=\"true\"><\/p> <ul><\/ul><\/div>\n<form action=\"\/tr\/wp-json\/wp\/v2\/pages\/3814#wpcf7-f4-o1\" method=\"post\" class=\"wpcf7-form init\" aria-label=\"Contact form\" novalidate=\"novalidate\" data-status=\"init\" data-trp-original-action=\"\/tr\/wp-json\/wp\/v2\/pages\/3814#wpcf7-f4-o1\">\n<fieldset class=\"hidden-fields-container\"><input type=\"hidden\" name=\"_wpcf7\" value=\"4\" \/><input type=\"hidden\" name=\"_wpcf7_version\" value=\"6.1.3\" \/><input type=\"hidden\" name=\"_wpcf7_locale\" value=\"en_US\" \/><input type=\"hidden\" name=\"_wpcf7_unit_tag\" value=\"wpcf7-f4-o1\" \/><input type=\"hidden\" name=\"_wpcf7_container_post\" value=\"0\" \/><input type=\"hidden\" name=\"_wpcf7_posted_data_hash\" value=\"\" \/>\n<\/fieldset>\n<div class=\"row\">\n\t<div class=\"col-lg-6 col-md-6 col-sm-6 col-xs-12\">\n\t\t<p><span class=\"wpcf7-form-control-wrap\" data-name=\"text-498\"><input size=\"40\" maxlength=\"400\" class=\"wpcf7-form-control wpcf7-text wpcf7-validates-as-required require\" aria-required=\"true\" aria-invalid=\"false\" placeholder=\"ad\" value=\"\" type=\"text\" name=\"text-498\" \/><\/span>\n\t\t<\/p>\n\t<\/div>\n\t<div class=\"col-lg-6 col-md-6 col-sm-6 col-xs-12\">\n\t\t<p><span class=\"wpcf7-form-control-wrap\" data-name=\"text-41\"><input size=\"40\" maxlength=\"400\" class=\"wpcf7-form-control wpcf7-text wpcf7-validates-as-required require\" aria-required=\"true\" aria-invalid=\"false\" placeholder=\"E-posta adresiniz\" value=\"\" type=\"text\" name=\"text-41\" \/><\/span>\n\t\t<\/p>\n\t<\/div>\n\t<div class=\"col-lg-6 col-md-6 col-sm-6 col-xs-12\">\n\t\t<p><span class=\"wpcf7-form-control-wrap\" data-name=\"tel-81\"><input size=\"40\" maxlength=\"400\" class=\"wpcf7-form-control wpcf7-tel wpcf7-validates-as-required wpcf7-text wpcf7-validates-as-tel require\" aria-required=\"true\" aria-invalid=\"false\" placeholder=\"Telefon\" value=\"\" type=\"tel\" name=\"tel-81\" \/><\/span>\n\t\t<\/p>\n\t<\/div>\n\t<div class=\"col-lg-6 col-md-6 col-sm-6 col-xs-12\">\n\t\t<p><span class=\"wpcf7-form-control-wrap\" data-name=\"textarea-641\"><textarea cols=\"40\" rows=\"10\" maxlength=\"2000\" class=\"wpcf7-form-control wpcf7-textarea wpcf7-validates-as-required\" aria-required=\"true\" aria-invalid=\"false\" placeholder=\"Mesaj\u0131n\" name=\"textarea-641\"><\/textarea><\/span>\n\t\t<\/p>\n\t<\/div>\n\t<div class=\"col-lg-6 col-md-6 col-sm-6 col-xs-12\">\n\t\t<p><input class=\"wpcf7-form-control wpcf7-submit has-spinner prt_btn submitForm\" type=\"submit\" value=\"G\u00f6nder\" \/>\n\t\t<\/p>\n\t<\/div>\n<\/div><input type='hidden' class='wpcf7-pum' value='{\"closepopup\":false,\"closedelay\":0,\"openpopup\":false,\"openpopup_id\":0}' \/><div class=\"wpcf7-response-output\" aria-hidden=\"true\"><\/div>\n<input type=\"hidden\" name=\"trp-form-language\" value=\"tr\"\/><\/form>\n<\/div>\n<\/p><\/div>\n<div class=\"fw-col-xs-12 fw-col-sm-6\">\n\t<\/div>\n<\/div>\n\n\t<\/div>\n<\/section>\n<\/p>","protected":false},"excerpt":{"rendered":"<p>Vida em Aquarela Expressa-se pintando enquanto pratica seu ingl\u00eas com professores nativos! Indicado para Jovens e adultos a partir de [&hellip;]<\/p>","protected":false},"author":2,"featured_media":0,"parent":3757,"menu_order":0,"comment_status":"closed","ping_status":"closed","template":"template-parts\/lernen-pagefullwidth.php","meta":{"_joinchat":{"telephone":"+5531982119111","message_send":"Ol\u00e1. Gostaria de receber maiores informa\u00e7\u00f5es?"},"footnotes":""},"class_list":["post-3814","page","type-page","status-publish","hentry"],"yoast_head":"<!-- This site is optimized with the Yoast SEO plugin v27.2 - https:\/\/yoast.com\/product\/yoast-seo-wordpress\/ -->\n<title>Pintura - CanCampus<\/title>\n<meta name=\"robots\" content=\"index, follow, max-snippet:-1, max-image-preview:large, max-video-preview:-1\" \/>\n<link rel=\"canonical\" href=\"http:\/\/cancampus.ca\/tr\/programas\/virtual-campus\/pintura\/\" \/>\n<meta property=\"og:locale\" content=\"tr_TR\" \/>\n<meta property=\"og:type\" content=\"article\" \/>\n<meta property=\"og:title\" content=\"Pintura - CanCampus\" \/>\n<meta property=\"og:description\" content=\"Vida em Aquarela Expressa-se pintando enquanto pratica seu ingl\u00eas com professores nativos! Indicado para Jovens e adultos a partir de [&hellip;]\" \/>\n<meta property=\"og:url\" content=\"http:\/\/cancampus.ca\/tr\/programas\/virtual-campus\/pintura\/\" \/>\n<meta property=\"og:site_name\" content=\"CanCampus\" \/>\n<meta property=\"article:publisher\" content=\"https:\/\/www.facebook.com\/cancampus.ca\" \/>\n<meta property=\"article:modified_time\" content=\"2021-09-03T19:44:05+00:00\" \/>\n<meta property=\"og:image\" content=\"https:\/\/box5226.temp.domains\/~cancampu\/wp-content\/uploads\/2020\/01\/2335523-scaled-300x200.jpg\" \/>\n<meta name=\"twitter:card\" content=\"summary_large_image\" \/>\n<meta name=\"twitter:label1\" content=\"Tahmini okuma s\u00fcresi\" \/>\n\t<meta name=\"twitter:data1\" content=\"4 dakika\" \/>\n<script type=\"application\/ld+json\" class=\"yoast-schema-graph\">{\"@context\":\"https:\/\/schema.org\",\"@graph\":[{\"@type\":\"WebPage\",\"@id\":\"http:\/\/cancampus.ca\/programas\/virtual-campus\/pintura\/\",\"url\":\"http:\/\/cancampus.ca\/programas\/virtual-campus\/pintura\/\",\"name\":\"Pintura - CanCampus\",\"isPartOf\":{\"@id\":\"https:\/\/cancampus.ca\/#website\"},\"primaryImageOfPage\":{\"@id\":\"http:\/\/cancampus.ca\/programas\/virtual-campus\/pintura\/#primaryimage\"},\"image\":{\"@id\":\"http:\/\/cancampus.ca\/programas\/virtual-campus\/pintura\/#primaryimage\"},\"thumbnailUrl\":\"https:\/\/box5226.temp.domains\/~cancampu\/wp-content\/uploads\/2020\/01\/2335523-scaled-300x200.jpg\",\"datePublished\":\"2020-07-11T17:01:06+00:00\",\"dateModified\":\"2021-09-03T19:44:05+00:00\",\"breadcrumb\":{\"@id\":\"http:\/\/cancampus.ca\/programas\/virtual-campus\/pintura\/#breadcrumb\"},\"inLanguage\":\"tr\",\"potentialAction\":[{\"@type\":\"ReadAction\",\"target\":[\"http:\/\/cancampus.ca\/programas\/virtual-campus\/pintura\/\"]}]},{\"@type\":\"ImageObject\",\"inLanguage\":\"tr\",\"@id\":\"http:\/\/cancampus.ca\/programas\/virtual-campus\/pintura\/#primaryimage\",\"url\":\"https:\/\/box5226.temp.domains\/~cancampu\/wp-content\/uploads\/2020\/01\/2335523-scaled-300x200.jpg\",\"contentUrl\":\"https:\/\/box5226.temp.domains\/~cancampu\/wp-content\/uploads\/2020\/01\/2335523-scaled-300x200.jpg\"},{\"@type\":\"BreadcrumbList\",\"@id\":\"http:\/\/cancampus.ca\/programas\/virtual-campus\/pintura\/#breadcrumb\",\"itemListElement\":[{\"@type\":\"ListItem\",\"position\":1,\"name\":\"In\u00edcio\",\"item\":\"https:\/\/cancampus.ca\/\"},{\"@type\":\"ListItem\",\"position\":2,\"name\":\"Programas\",\"item\":\"https:\/\/cancampus.ca\/en\/programas\/\"},{\"@type\":\"ListItem\",\"position\":3,\"name\":\"Cursos Virtuais\",\"item\":\"https:\/\/cancampus.ca\/en\/programas\/virtual-campus\/\"},{\"@type\":\"ListItem\",\"position\":4,\"name\":\"Pintura\"}]},{\"@type\":\"WebSite\",\"@id\":\"https:\/\/cancampus.ca\/#website\",\"url\":\"https:\/\/cancampus.ca\/\",\"name\":\"CanCampus - Experince Learning!\",\"description\":\"Experience Learning!\",\"publisher\":{\"@id\":\"https:\/\/cancampus.ca\/#organization\"},\"potentialAction\":[{\"@type\":\"SearchAction\",\"target\":{\"@type\":\"EntryPoint\",\"urlTemplate\":\"https:\/\/cancampus.ca\/?s={search_term_string}\"},\"query-input\":{\"@type\":\"PropertyValueSpecification\",\"valueRequired\":true,\"valueName\":\"search_term_string\"}}],\"inLanguage\":\"tr\"},{\"@type\":\"Organization\",\"@id\":\"https:\/\/cancampus.ca\/#organization\",\"name\":\"CanCampus Canada\",\"url\":\"https:\/\/cancampus.ca\/\",\"logo\":{\"@type\":\"ImageObject\",\"inLanguage\":\"tr\",\"@id\":\"https:\/\/cancampus.ca\/#\/schema\/logo\/image\/\",\"url\":\"http:\/\/box5226.temp.domains\/~cancampu\/wp-content\/uploads\/2020\/03\/13.png\",\"contentUrl\":\"http:\/\/box5226.temp.domains\/~cancampu\/wp-content\/uploads\/2020\/03\/13.png\",\"width\":3072,\"height\":1536,\"caption\":\"CanCampus Canada\"},\"image\":{\"@id\":\"https:\/\/cancampus.ca\/#\/schema\/logo\/image\/\"},\"sameAs\":[\"https:\/\/www.facebook.com\/cancampus.ca\",\"https:\/\/www.instagram.com\/cancampus_ca\/\",\"https:\/\/www.linkedin.com\/in\/cancampus\/\"]}]}<\/script>\n<!-- \/ Yoast SEO plugin. -->","yoast_head_json":{"title":"Resim - CanCampus","robots":{"index":"index","follow":"follow","max-snippet":"max-snippet:-1","max-image-preview":"max-image-preview:large","max-video-preview":"max-video-preview:-1"},"canonical":"http:\/\/cancampus.ca\/tr\/programas\/virtual-campus\/pintura\/","og_locale":"tr_TR","og_type":"article","og_title":"Pintura - CanCampus","og_description":"Vida em Aquarela Expressa-se pintando enquanto pratica seu ingl\u00eas com professores nativos! Indicado para Jovens e adultos a partir de [&hellip;]","og_url":"http:\/\/cancampus.ca\/tr\/programas\/virtual-campus\/pintura\/","og_site_name":"CanCampus","article_publisher":"https:\/\/www.facebook.com\/cancampus.ca","article_modified_time":"2021-09-03T19:44:05+00:00","og_image":[{"url":"https:\/\/box5226.temp.domains\/~cancampu\/wp-content\/uploads\/2020\/01\/2335523-scaled-300x200.jpg","type":"","width":"","height":""}],"twitter_card":"summary_large_image","twitter_misc":{"Tahmini okuma s\u00fcresi":"4 dakika"},"schema":{"@context":"https:\/\/schema.org","@graph":[{"@type":"WebPage","@id":"http:\/\/cancampus.ca\/programas\/virtual-campus\/pintura\/","url":"http:\/\/cancampus.ca\/programas\/virtual-campus\/pintura\/","name":"Resim - CanCampus","isPartOf":{"@id":"https:\/\/cancampus.ca\/#website"},"primaryImageOfPage":{"@id":"http:\/\/cancampus.ca\/programas\/virtual-campus\/pintura\/#primaryimage"},"image":{"@id":"http:\/\/cancampus.ca\/programas\/virtual-campus\/pintura\/#primaryimage"},"thumbnailUrl":"https:\/\/box5226.temp.domains\/~cancampu\/wp-content\/uploads\/2020\/01\/2335523-scaled-300x200.jpg","datePublished":"2020-07-11T17:01:06+00:00","dateModified":"2021-09-03T19:44:05+00:00","breadcrumb":{"@id":"http:\/\/cancampus.ca\/programas\/virtual-campus\/pintura\/#breadcrumb"},"inLanguage":"tr","potentialAction":[{"@type":"ReadAction","target":["http:\/\/cancampus.ca\/programas\/virtual-campus\/pintura\/"]}]},{"@type":"ImageObject","inLanguage":"tr","@id":"http:\/\/cancampus.ca\/programas\/virtual-campus\/pintura\/#primaryimage","url":"https:\/\/box5226.temp.domains\/~cancampu\/wp-content\/uploads\/2020\/01\/2335523-scaled-300x200.jpg","contentUrl":"https:\/\/box5226.temp.domains\/~cancampu\/wp-content\/uploads\/2020\/01\/2335523-scaled-300x200.jpg"},{"@type":"BreadcrumbList","@id":"http:\/\/cancampus.ca\/programas\/virtual-campus\/pintura\/#breadcrumb","itemListElement":[{"@type":"ListItem","position":1,"name":"In\u00edcio","item":"https:\/\/cancampus.ca\/"},{"@type":"ListItem","position":2,"name":"Programas","item":"https:\/\/cancampus.ca\/en\/programas\/"},{"@type":"ListItem","position":3,"name":"Cursos Virtuais","item":"https:\/\/cancampus.ca\/en\/programas\/virtual-campus\/"},{"@type":"ListItem","position":4,"name":"Pintura"}]},{"@type":"WebSite","@id":"https:\/\/cancampus.ca\/#website","url":"https:\/\/cancampus.ca\/","name":"CanCampus - \u00d6\u011frenmeyi Deneyimleyin!","description":"\u00d6\u011frenmeyi Deneyimleyin!","publisher":{"@id":"https:\/\/cancampus.ca\/#organization"},"potentialAction":[{"@type":"SearchAction","target":{"@type":"EntryPoint","urlTemplate":"https:\/\/cancampus.ca\/?s={search_term_string}"},"query-input":{"@type":"PropertyValueSpecification","valueRequired":true,"valueName":"search_term_string"}}],"inLanguage":"tr"},{"@type":"Organization","@id":"https:\/\/cancampus.ca\/#organization","name":"CanKamp\u00fcs Kanada","url":"https:\/\/cancampus.ca\/","logo":{"@type":"ImageObject","inLanguage":"tr","@id":"https:\/\/cancampus.ca\/#\/schema\/logo\/image\/","url":"http:\/\/box5226.temp.domains\/~cancampu\/wp-content\/uploads\/2020\/03\/13.png","contentUrl":"http:\/\/box5226.temp.domains\/~cancampu\/wp-content\/uploads\/2020\/03\/13.png","width":3072,"height":1536,"caption":"CanCampus Canada"},"image":{"@id":"https:\/\/cancampus.ca\/#\/schema\/logo\/image\/"},"sameAs":["https:\/\/www.facebook.com\/cancampus.ca","https:\/\/www.instagram.com\/cancampus_ca\/","https:\/\/www.linkedin.com\/in\/cancampus\/"]}]}},"_links":{"self":[{"href":"https:\/\/cancampus.ca\/tr\/wp-json\/wp\/v2\/pages\/3814","targetHints":{"allow":["GET"]}}],"collection":[{"href":"https:\/\/cancampus.ca\/tr\/wp-json\/wp\/v2\/pages"}],"about":[{"href":"https:\/\/cancampus.ca\/tr\/wp-json\/wp\/v2\/types\/page"}],"author":[{"embeddable":true,"href":"https:\/\/cancampus.ca\/tr\/wp-json\/wp\/v2\/users\/2"}],"replies":[{"embeddable":true,"href":"https:\/\/cancampus.ca\/tr\/wp-json\/wp\/v2\/comments?post=3814"}],"version-history":[{"count":0,"href":"https:\/\/cancampus.ca\/tr\/wp-json\/wp\/v2\/pages\/3814\/revisions"}],"up":[{"embeddable":true,"href":"https:\/\/cancampus.ca\/tr\/wp-json\/wp\/v2\/pages\/3757"}],"wp:attachment":[{"href":"https:\/\/cancampus.ca\/tr\/wp-json\/wp\/v2\/media?parent=3814"}],"curies":[{"name":"wp","href":"https:\/\/api.w.org\/{rel}","templated":true}]}}