{"id":4566,"date":"2020-12-18T16:39:29","date_gmt":"2020-12-18T19:39:29","guid":{"rendered":"http:\/\/box5226.temp.domains\/~cancampu\/?page_id=4566"},"modified":"2021-09-03T17:01:35","modified_gmt":"2021-09-03T21:01:35","slug":"environmental-studies","status":"publish","type":"page","link":"https:\/\/cancampus.ca\/tr\/programas\/environmental-studies\/","title":{"rendered":"\u00c7evre \u00c7al\u0131\u015fmalar\u0131"},"content":{"rendered":"<p><section class=\"fw-main-row\"  >\n\t<div class=\"fw-container-fluid\">\n\t\t<div class=\"fw-row\">\n\t<div class=\"fw-col-xs-12\">\n\t\n<div class=\"owl-carousel owl-theme\">\n                     <div class=\"header-content-full header-content\" role=\"banner\" style=\"background-image:url(\/\/cancampus.ca\/wp-content\/uploads\/2020\/12\/environmental-consulting-services-banner.jpg);\">\n                <div class=\"container\">\n            <div class=\"row\">\n                <div class=\"col-xs-12 col-sm-12 header-area\">\n                    <div class=\"header-area-inner header-text\">\n                        <div><span class=\"subtitle\"><span class=\"\"><\/span> \u00c7evre \u00c7al\u0131\u015fmalar\u0131<\/span><\/div>\n                        <h1 class=\"title\"><\/h1>\n                        <p>\u00c7evre Y\u00f6netimi, Mimarl\u0131k ve \u015eehircilik ve insan\u0131n \u00e7evreye s\u00fcrd\u00fcr\u00fclebilir bir \u015fekilde entegrasyonunu isteyen di\u011fer alanlardaki \u00f6\u011frencilere ve profesyonellere.<\/p>                        <div class=\"btn-section\">\n                                                                                <\/div>\n                    <\/div>\n                <\/div>\n            <\/div>\n        <\/div>\n    <\/div>\n    <\/div><\/div>\n<\/div>\n\n\t<\/div>\n<\/section>\n<section class=\"fw-main-row\"  >\n\t<div class=\"fw-container\">\n\t\t<div class=\"fw-row\">\n\t<div class=\"fw-col-xs-12\">\n\t\n\t<div class=\"fw-divider-space\" style=\"padding-top: 40px;\"><\/div>\n<\/div>\n<\/div>\n\n\t<\/div>\n<\/section>\n<section class=\"fw-main-row\" style=\"background-color:#ffffff;\" >\n\t<div class=\"fw-container-fluid\">\n\t\t<div class=\"fw-row\">\n\t<div class=\"fw-col-xs-12 fw-col-sm-2\">\n\t<\/div>\n<div class=\"fw-col-xs-12 fw-col-sm-8\">\n\t<div class=\"fw-accordion\">\n\t\t\t<h3 class=\"fw-accordion-title\">Belirtilen<\/h3>\n\t\t<div class=\"fw-accordion-content\">\n\t\t\t<p>Di\u011ferlerinin yan\u0131 s\u0131ra \u00c7evre Y\u00f6netimi, Mimarl\u0131k ve \u015eehircilik, Agronomi, Jeoloji uzmanlar\u0131 ve \u00f6\u011frencileri.<\/p>\n\t\t<\/div>\n\t\t\t<h3 class=\"fw-accordion-title\">Dil<\/h3>\n\t\t<div class=\"fw-accordion-content\">\n\t\t\t<p>Orta d\u00fczey \u0130ngilizce.<\/p>\n\t\t<\/div>\n\t\t\t<h3 class=\"fw-accordion-title\">Yerel<\/h3>\n\t\t<div class=\"fw-accordion-content\">\n\t\t\t<p>Charlottetown (PEI - Prens Edward Adas\u0131).<\/p>\n\t\t<\/div>\n\t\t\t<h3 class=\"fw-accordion-title\">Yat\u0131r\u0131m<\/h3>\n\t\t<div class=\"fw-accordion-content\">\n\t\t\t<p>Haftada CAD$ 1.555.00&#039;dan ba\u015flayarak.<\/p>\n\t\t<\/div>\n\t\t\t<h3 class=\"fw-accordion-title\">tarih<\/h3>\n\t\t<div class=\"fw-accordion-content\">\n\t\t\t<p>Haziran ve Temmuz 2021 se\u00e7enekleri. Di\u011fer tarihler i\u00e7in bize dan\u0131\u015f\u0131n.<\/p>\n\t\t<\/div>\n\t<\/div><\/div>\n<div class=\"fw-col-xs-12 fw-col-sm-2\">\n\t<\/div>\n<\/div>\n\n\t<\/div>\n<\/section>\n<section class=\"fw-main-row\"  >\n\t<div class=\"fw-container\">\n\t\t<div class=\"fw-row\">\n\t<div class=\"fw-col-xs-12\">\n\t\n\t<div class=\"fw-divider-space\" style=\"padding-top: 30px;\"><\/div>\n<\/div>\n<\/div>\n\n\t<\/div>\n<\/section>\n<section class=\"fw-main-row\" style=\"background-color:#f3f7fe;\" >\n\t<div class=\"fw-container-fluid\">\n\t\t<div class=\"fw-row\">\n\t<div class=\"fw-col-xs-12\">\n\t       \n<div id=\"why-us\" class=\"\">\n    <div class=\"row\">\n                    <div class=\"col-xs-12 col-sm-12 col-md-5 col-xl-6 col-lg-6 why-us-left-bg\" style=\"background-image:url(\/\/cancampus.ca\/wp-content\/uploads\/2020\/12\/GettyImages-1175502310.jpg);\">\n            <\/div>\n            <div class=\"col-xs-12 col-sm-12 col-md-7 col-xl-6 col-lg-6 wrap-padding bg-img-left\">\n                <div class=\"section-title\">\n                    <div>\n                        <span>Program<\/span>\n                        <h3>Becerilerinizi geni\u015fletin<\/h3>\n                    <\/div>\n                <\/div>\n                                    <div class=\"about_content\">\n                        <p>\u0130le ortak \u00e7al\u0131\u015ft\u0131<em> Prince Edward Island \u00dcniversitesi<\/em>Kanada&#039;daki en b\u00fcy\u00fck ve en tan\u0131nm\u0131\u015f \u00fcniversitelerden biri olan program <strong><em>\u00c7evre \u00c7al\u0131\u015fmalar\u0131<\/em><\/strong> Sadece kelime da\u011farc\u0131\u011f\u0131n\u0131 g\u00fc\u00e7lendirmekle kalmay\u0131p, ayn\u0131 zamanda s\u00fcrd\u00fcr\u00fclebilirlik ve iyi \u00e7evre uygulamalar\u0131 ortam\u0131nda mesleki faaliyetlerinin ba\u011flam\u0131 ile ilgili olarak ara\u00e7sal dillerini geli\u015ftirmek isteyen \u00fcniversite \u00f6\u011frencileri ve profesyonellere odaklanmaktad\u0131r.<\/p><p>Program\u0131n, giri\u015fimciler ve profesyonellerle daha fazla ileti\u015fim ve a\u011f olu\u015fturma f\u0131rsat\u0131n\u0131 ama\u00e7layan, \u00e7ok \u00e7e\u015fitli segmentlerden Kanadal\u0131 \u015firketlere pragmatik s\u0131n\u0131flar ve ziyaretler gibi \u00e7e\u015fitli etkinlikleri vard\u0131r.<\/p><p>Bu kursu tamamlad\u0131ktan sonra, \u0130ngilizce dil becerilerinizi geli\u015ftirmenin yan\u0131 s\u0131ra, bir \u00fcniversite sertifikas\u0131 da alacaks\u0131n\u0131z. <em>\u00c7evre \u00c7al\u0131\u015fmalar\u0131.<\/em><\/p><p>Ekibinize yat\u0131r\u0131m yapmakla ilgilenen \u015firketler i\u00e7in \u00f6zelle\u015ftirilmi\u015f kurslarla ekip olu\u015fturma programlar\u0131 sunuyoruz.<\/p>                                            <\/div>\n                            <\/div>\n                    <\/div>\n<\/div>\n<\/div>\n<\/div>\n\n\t<\/div>\n<\/section>\n<section class=\"fw-main-row\" style=\"background-color:#f3f7fe;\" >\n\t<div class=\"fw-container-fluid\">\n\t\t<div class=\"fw-row\">\n\t<div class=\"fw-col-xs-12\">\n\t\n<div id=\"why-us\" class=\"\">\n    <div class=\"row\">\n                            <div class=\"col-xs-12 col-sm-12 col-md-7 col-xl-6 col-lg-6 wrap-padding bg-img-right\">\n                <div class=\"section-title\">\n                    <div>\n                        <span>Dersler, A\u011f Olu\u015fturma ve K\u00fclt\u00fcr<\/span>\n                        <h3>Daha ileri gitmeniz i\u00e7in her \u015fey!<\/h3>\n                    <\/div>\n                <\/div>\n                                    <div class=\"about_content\">\n                        <p><strong>Konu\u015fmalar<\/strong><\/p><ul><li>\u0130klim De\u011fi\u015fikli\u011fi ve uyum<\/li><li>Ye\u015fil Parti, Prens Edward Adas\u0131&#039;n\u0131n Eyalet H\u00fck\u00fcmeti Resmi Muhalefet Partisi Sunumu<\/li><\/ul><p><strong>Kursta anlat\u0131lan konular\u00a0<\/strong><\/p><ul><li>K\u00fcresel Ba\u011flamda \u00c7evre Sorunlar\u0131<\/li><li>Su yollar\u0131n\u0131 korumak<\/li><li>Prens Edward Adas\u0131 k\u0131y\u0131 \u015feridinde iklim de\u011fi\u015fikli\u011fi ve erozyonlar<\/li><li>S\u00fcrd\u00fcr\u00fclebilirlik uygulamalar\u0131: At\u0131k Y\u00f6netimi, Ye\u015fil Enerji ve Ula\u015f\u0131m<\/li><li>Koruma ortam\u0131nda Tar\u0131m\u0131n Rol\u00fc<\/li><li>Organik tar\u0131m<\/li><li>S\u00fcrd\u00fcr\u00fclebilir Tasar\u0131m M\u00fchendisli\u011fi<\/li><li>S\u00fcrd\u00fcr\u00fclebilir mimari<\/li><\/ul><p><strong>04 haftal\u0131k kurs s\u00fcresi<\/strong><\/p><ul><li>60 saat - didaktik dersler<\/li><li>20 saat - i\u015fbirli\u011fine dayal\u0131 etkile\u015fim (grup i\u00e7inde)<\/li><li>20 saat - \u015firketleri &quot;site d\u0131\u015f\u0131nda&quot; ziyaret edin<\/li><\/ul><p>Kurs s\u00fcresi i\u00e7in ba\u015fka se\u00e7eneklerimiz de var: bize ula\u015f\u0131n.<\/p>                                            <\/div>\n                            <\/div>\n            <div class=\"col-xs-12 col-sm-12 col-md-5 col-xl-6 col-lg-6 why-us-left-bg\" style=\"background-image:url(\/\/cancampus.ca\/wp-content\/uploads\/2020\/12\/Design-sem-nome-31.png);\">\n            <\/div>\n            <\/div>\n<\/div>\n<\/div>\n<\/div>\n\n\t<\/div>\n<\/section>\n<section class=\"fw-main-row\" style=\"background-color:#f3f7fe;\" >\n\t<div class=\"fw-container-fluid\">\n\t\t<div class=\"fw-row\">\n\t<div class=\"fw-col-xs-12\">\n\t\n<div id=\"why-us\" class=\"\">\n    <div class=\"row\">\n                    <div class=\"col-xs-12 col-sm-12 col-md-5 col-xl-6 col-lg-6 why-us-left-bg\" style=\"background-image:url(\/\/cancampus.ca\/wp-content\/uploads\/2020\/12\/Design-sem-nome-74.png);\">\n            <\/div>\n            <div class=\"col-xs-12 col-sm-12 col-md-7 col-xl-6 col-lg-6 wrap-padding bg-img-left\">\n                <div class=\"section-title\">\n                    <div>\n                        <span>Yat\u0131r\u0131mlar<\/span>\n                        <h3><\/h3>\n                    <\/div>\n                <\/div>\n                                    <div class=\"about_content\">\n                        <p>CAD$ 1.555,00 * (yakla\u015f\u0131k USD$ 1.165,00 **)<\/p><p><em>May\u0131s&#039;tan A\u011fustos&#039;a kadar bir \u00fcniversite yurdunda turizm ve konaklama dahil haftal\u0131k de\u011fer<\/em>.<\/p><p><em>Di\u011fer tarihler i\u00e7in bize dan\u0131\u015f\u0131n ve <\/em><em>taksit se\u00e7enekleri.<\/em><\/p><p><em>\u00a0<\/em>*Kanada Dolar\u0131<\/p><p>**Amerikan dolar\u0131<\/p>                                            <\/div>\n                            <\/div>\n                    <\/div>\n<\/div>\n<\/div>\n<\/div>\n\n\t<\/div>\n<\/section>\n<section class=\"fw-main-row\" style=\"background-color:#ee8320;\" >\n\t<div class=\"fw-container\">\n\t\t<div class=\"fw-row\">\n\t<div class=\"fw-col-xs-12\">\n\t\n\n<div id=\"instructor\" class=\"call-to-action-area\">\n    <div class=\"container\">\n        <div class=\"row justify-content-xl-between justify-content-lg-center justify-content-center\">\n            <div class=\"col-xl-6 col-lg-7 col-md-10\">\n                <div class=\"call-to-action-content\">\n                    <div class=\"post-heading-left\">\n                        <h3 class=\"text-white\">Program\u0131n\u0131z\u0131 al\u0131n<\/h3>\n                    <\/div>\n                    <div class=\"text-white\">\n                                                    <p>Size e\u015flik edecek yerel bir ekiple m\u00fckemmel bir \u00fcniversite ile iyi bir kurs. Son olarak, profesyonel ve ki\u015fisel deneyiminiz i\u00e7in e\u015fsiz bir f\u0131rsat.<\/p><p>\u015eimdi t\u0131klay\u0131n ve program\u0131n\u0131z\u0131 al\u0131n.<\/p>                                            <\/div>\n                    <div class=\"call-to-action-btn\">\n                                                    <a href=\"https:\/\/www.convergepay.com\/hosted-payments?ssl_txn_auth_token=1fjVPOxZTI6fmdNA5nNRfAAAAXIoreTJ\">\n                                Buradan al\u0131n <i class=\"fas fa-arrow-right\"><\/i><\/a>\n                                            <\/div>\n                <\/div>\n            <\/div>\n                            <div class=\"col-xl-5 col-lg-0\">\n                    <div class=\"part-img\">\n                        <img decoding=\"async\" src=\"\/\/cancampus.ca\/wp-content\/uploads\/2020\/01\/instructor.png\"  alt=\"Program\u0131n\u0131z\u0131 al\u0131n\"\/>\n                    <\/div>\n                <\/div>\n                    <\/div>\n    <\/div>\n<\/div><\/div>\n<\/div>\n\n\t<\/div>\n<\/section>\n<\/p>","protected":false},"excerpt":{"rendered":"<p>Environmental Studies Aos estudantes e profissionais da \u00e1rea de Gest\u00e3o Ambiental, Arquitetura e Urbanismo e demais \u00e1reas que buscam a [&hellip;]<\/p>","protected":false},"author":2,"featured_media":0,"parent":3039,"menu_order":0,"comment_status":"closed","ping_status":"closed","template":"template-parts\/lernen-pagefullwidth.php","meta":{"_joinchat":{"telephone":"+5531982119111","message_send":"Ol\u00e1. Gostaria de receber maiores informa\u00e7\u00f5es?"},"footnotes":""},"class_list":["post-4566","page","type-page","status-publish","hentry"],"yoast_head":"<!-- This site is optimized with the Yoast SEO plugin v27.2 - https:\/\/yoast.com\/product\/yoast-seo-wordpress\/ -->\n<title>Environmental Studies - CanCampus<\/title>\n<meta name=\"robots\" content=\"index, follow, max-snippet:-1, max-image-preview:large, max-video-preview:-1\" \/>\n<link rel=\"canonical\" href=\"https:\/\/cancampus.ca\/tr\/programas\/environmental-studies\/\" \/>\n<meta property=\"og:locale\" content=\"tr_TR\" \/>\n<meta property=\"og:type\" content=\"article\" \/>\n<meta property=\"og:title\" content=\"Environmental Studies - CanCampus\" \/>\n<meta property=\"og:description\" content=\"Environmental Studies Aos estudantes e profissionais da \u00e1rea de Gest\u00e3o Ambiental, Arquitetura e Urbanismo e demais \u00e1reas que buscam a [&hellip;]\" \/>\n<meta property=\"og:url\" content=\"https:\/\/cancampus.ca\/tr\/programas\/environmental-studies\/\" \/>\n<meta property=\"og:site_name\" content=\"CanCampus\" \/>\n<meta property=\"article:publisher\" content=\"https:\/\/www.facebook.com\/cancampus.ca\" \/>\n<meta property=\"article:modified_time\" content=\"2021-09-03T21:01:35+00:00\" \/>\n<meta name=\"twitter:card\" content=\"summary_large_image\" \/>\n<meta name=\"twitter:label1\" content=\"Tahmini okuma s\u00fcresi\" \/>\n\t<meta name=\"twitter:data1\" content=\"3 dakika\" \/>\n<script type=\"application\/ld+json\" class=\"yoast-schema-graph\">{\"@context\":\"https:\/\/schema.org\",\"@graph\":[{\"@type\":\"WebPage\",\"@id\":\"https:\/\/cancampus.ca\/en\/programas\/environmental-studies\/\",\"url\":\"https:\/\/cancampus.ca\/en\/programas\/environmental-studies\/\",\"name\":\"Environmental Studies - CanCampus\",\"isPartOf\":{\"@id\":\"https:\/\/cancampus.ca\/#website\"},\"datePublished\":\"2020-12-18T19:39:29+00:00\",\"dateModified\":\"2021-09-03T21:01:35+00:00\",\"breadcrumb\":{\"@id\":\"https:\/\/cancampus.ca\/en\/programas\/environmental-studies\/#breadcrumb\"},\"inLanguage\":\"tr\",\"potentialAction\":[{\"@type\":\"ReadAction\",\"target\":[\"https:\/\/cancampus.ca\/en\/programas\/environmental-studies\/\"]}]},{\"@type\":\"BreadcrumbList\",\"@id\":\"https:\/\/cancampus.ca\/en\/programas\/environmental-studies\/#breadcrumb\",\"itemListElement\":[{\"@type\":\"ListItem\",\"position\":1,\"name\":\"In\u00edcio\",\"item\":\"https:\/\/cancampus.ca\/\"},{\"@type\":\"ListItem\",\"position\":2,\"name\":\"Programas\",\"item\":\"https:\/\/cancampus.ca\/en\/programas\/\"},{\"@type\":\"ListItem\",\"position\":3,\"name\":\"Environmental Studies\"}]},{\"@type\":\"WebSite\",\"@id\":\"https:\/\/cancampus.ca\/#website\",\"url\":\"https:\/\/cancampus.ca\/\",\"name\":\"CanCampus - Experince Learning!\",\"description\":\"Experience Learning!\",\"publisher\":{\"@id\":\"https:\/\/cancampus.ca\/#organization\"},\"potentialAction\":[{\"@type\":\"SearchAction\",\"target\":{\"@type\":\"EntryPoint\",\"urlTemplate\":\"https:\/\/cancampus.ca\/?s={search_term_string}\"},\"query-input\":{\"@type\":\"PropertyValueSpecification\",\"valueRequired\":true,\"valueName\":\"search_term_string\"}}],\"inLanguage\":\"tr\"},{\"@type\":\"Organization\",\"@id\":\"https:\/\/cancampus.ca\/#organization\",\"name\":\"CanCampus Canada\",\"url\":\"https:\/\/cancampus.ca\/\",\"logo\":{\"@type\":\"ImageObject\",\"inLanguage\":\"tr\",\"@id\":\"https:\/\/cancampus.ca\/#\/schema\/logo\/image\/\",\"url\":\"http:\/\/box5226.temp.domains\/~cancampu\/wp-content\/uploads\/2020\/03\/13.png\",\"contentUrl\":\"http:\/\/box5226.temp.domains\/~cancampu\/wp-content\/uploads\/2020\/03\/13.png\",\"width\":3072,\"height\":1536,\"caption\":\"CanCampus Canada\"},\"image\":{\"@id\":\"https:\/\/cancampus.ca\/#\/schema\/logo\/image\/\"},\"sameAs\":[\"https:\/\/www.facebook.com\/cancampus.ca\",\"https:\/\/www.instagram.com\/cancampus_ca\/\",\"https:\/\/www.linkedin.com\/in\/cancampus\/\"]}]}<\/script>\n<!-- \/ Yoast SEO plugin. -->","yoast_head_json":{"title":"\u00c7evre \u00c7al\u0131\u015fmalar\u0131 - CanCampus","robots":{"index":"index","follow":"follow","max-snippet":"max-snippet:-1","max-image-preview":"max-image-preview:large","max-video-preview":"max-video-preview:-1"},"canonical":"https:\/\/cancampus.ca\/tr\/programas\/environmental-studies\/","og_locale":"tr_TR","og_type":"article","og_title":"Environmental Studies - CanCampus","og_description":"Environmental Studies Aos estudantes e profissionais da \u00e1rea de Gest\u00e3o Ambiental, Arquitetura e Urbanismo e demais \u00e1reas que buscam a [&hellip;]","og_url":"https:\/\/cancampus.ca\/tr\/programas\/environmental-studies\/","og_site_name":"CanCampus","article_publisher":"https:\/\/www.facebook.com\/cancampus.ca","article_modified_time":"2021-09-03T21:01:35+00:00","twitter_card":"summary_large_image","twitter_misc":{"Tahmini okuma s\u00fcresi":"3 dakika"},"schema":{"@context":"https:\/\/schema.org","@graph":[{"@type":"WebPage","@id":"https:\/\/cancampus.ca\/en\/programas\/environmental-studies\/","url":"https:\/\/cancampus.ca\/en\/programas\/environmental-studies\/","name":"\u00c7evre \u00c7al\u0131\u015fmalar\u0131 - CanCampus","isPartOf":{"@id":"https:\/\/cancampus.ca\/#website"},"datePublished":"2020-12-18T19:39:29+00:00","dateModified":"2021-09-03T21:01:35+00:00","breadcrumb":{"@id":"https:\/\/cancampus.ca\/en\/programas\/environmental-studies\/#breadcrumb"},"inLanguage":"tr","potentialAction":[{"@type":"ReadAction","target":["https:\/\/cancampus.ca\/en\/programas\/environmental-studies\/"]}]},{"@type":"BreadcrumbList","@id":"https:\/\/cancampus.ca\/en\/programas\/environmental-studies\/#breadcrumb","itemListElement":[{"@type":"ListItem","position":1,"name":"In\u00edcio","item":"https:\/\/cancampus.ca\/"},{"@type":"ListItem","position":2,"name":"Programas","item":"https:\/\/cancampus.ca\/en\/programas\/"},{"@type":"ListItem","position":3,"name":"Environmental Studies"}]},{"@type":"WebSite","@id":"https:\/\/cancampus.ca\/#website","url":"https:\/\/cancampus.ca\/","name":"CanCampus - \u00d6\u011frenmeyi Deneyimleyin!","description":"\u00d6\u011frenmeyi Deneyimleyin!","publisher":{"@id":"https:\/\/cancampus.ca\/#organization"},"potentialAction":[{"@type":"SearchAction","target":{"@type":"EntryPoint","urlTemplate":"https:\/\/cancampus.ca\/?s={search_term_string}"},"query-input":{"@type":"PropertyValueSpecification","valueRequired":true,"valueName":"search_term_string"}}],"inLanguage":"tr"},{"@type":"Organization","@id":"https:\/\/cancampus.ca\/#organization","name":"CanKamp\u00fcs Kanada","url":"https:\/\/cancampus.ca\/","logo":{"@type":"ImageObject","inLanguage":"tr","@id":"https:\/\/cancampus.ca\/#\/schema\/logo\/image\/","url":"http:\/\/box5226.temp.domains\/~cancampu\/wp-content\/uploads\/2020\/03\/13.png","contentUrl":"http:\/\/box5226.temp.domains\/~cancampu\/wp-content\/uploads\/2020\/03\/13.png","width":3072,"height":1536,"caption":"CanCampus Canada"},"image":{"@id":"https:\/\/cancampus.ca\/#\/schema\/logo\/image\/"},"sameAs":["https:\/\/www.facebook.com\/cancampus.ca","https:\/\/www.instagram.com\/cancampus_ca\/","https:\/\/www.linkedin.com\/in\/cancampus\/"]}]}},"_links":{"self":[{"href":"https:\/\/cancampus.ca\/tr\/wp-json\/wp\/v2\/pages\/4566","targetHints":{"allow":["GET"]}}],"collection":[{"href":"https:\/\/cancampus.ca\/tr\/wp-json\/wp\/v2\/pages"}],"about":[{"href":"https:\/\/cancampus.ca\/tr\/wp-json\/wp\/v2\/types\/page"}],"author":[{"embeddable":true,"href":"https:\/\/cancampus.ca\/tr\/wp-json\/wp\/v2\/users\/2"}],"replies":[{"embeddable":true,"href":"https:\/\/cancampus.ca\/tr\/wp-json\/wp\/v2\/comments?post=4566"}],"version-history":[{"count":0,"href":"https:\/\/cancampus.ca\/tr\/wp-json\/wp\/v2\/pages\/4566\/revisions"}],"up":[{"embeddable":true,"href":"https:\/\/cancampus.ca\/tr\/wp-json\/wp\/v2\/pages\/3039"}],"wp:attachment":[{"href":"https:\/\/cancampus.ca\/tr\/wp-json\/wp\/v2\/media?parent=4566"}],"curies":[{"name":"wp","href":"https:\/\/api.w.org\/{rel}","templated":true}]}}