{"id":4692,"date":"2021-05-18T09:25:54","date_gmt":"2021-05-18T13:25:54","guid":{"rendered":"http:\/\/box5226.temp.domains\/~cancampu\/?page_id=4692"},"modified":"2021-07-26T15:25:53","modified_gmt":"2021-07-26T19:25:53","slug":"paymytuition","status":"publish","type":"page","link":"https:\/\/cancampus.ca\/tr\/paymytuition\/","title":{"rendered":"maa\u015f"},"content":{"rendered":"<p><section class=\"fw-main-row\"  >\n\t<div class=\"fw-container-fluid\">\n\t\t<div class=\"fw-row\">\n\t<div class=\"fw-col-xs-12\">\n\t\n<div class=\"owl-carousel owl-theme\">\n                     <div class=\"equal-margin header-content\" role=\"banner\" style=\"background-image:url(\/\/cancampus.ca\/wp-content\/uploads\/2021\/05\/Design-sem-nome-72.png);\">\n                <div class=\"container\">\n            <div class=\"row\">\n                <div class=\"col-xs-12 col-sm-12 header-area\">\n                    <div class=\"header-area-inner header-text\">\n                        <div><span class=\"subtitle\">\u00d6deme <\/span><\/div>\n                        <h1 class=\"title\">PayMyTuition<\/h1>\n                                                <div class=\"btn-section\">\n                                                                                <\/div>\n                    <\/div>\n                <\/div>\n            <\/div>\n        <\/div>\n    <\/div>\n    <\/div><\/div>\n<\/div>\n\n\t<\/div>\n<\/section>\n<section class=\"fw-main-row\"  >\n\t<div class=\"fw-container\">\n\t\t<div class=\"fw-row\">\n\t<div class=\"fw-col-xs-12\">\n\t\n\t<div class=\"fw-divider-space\" style=\"padding-top: 60px;\"><\/div>\n<\/div>\n<\/div>\n\n\t<\/div>\n<\/section>\n<section class=\"fw-main-row\"  >\n\t<div class=\"fw-container\">\n\t\t<div class=\"fw-row\">\n\t<div class=\"fw-col-xs-12 fw-col-sm-6\">\n\t       <div class=\"text-block post-heading-center section-title mb-60\">\n\t<span>PayMyTuition ile \u00f6de<\/span>\n\t<h2><\/h2>\n\t\t\t<p>Faturan\u0131z\u0131 ald\u0131ktan sonra yandaki ba\u011flant\u0131ya t\u0131klayarak PayMyTuition ile \u00fccretlerinizi \u00f6deyin.<\/p>\t<\/div>\n<\/div>\n<div class=\"fw-col-xs-12 fw-col-sm-4\">\n\t<a href=\"https:\/\/www.paymytuition.com\/paynow\/cancampus\" target=\"_blank\" ><img loading=\"lazy\" decoding=\"async\" src=\"https:\/\/cancampus.ca\/wp-content\/uploads\/2021\/07\/link-271x61.png\" alt=\"https:\/\/cancampus.ca\/wp-content\/uploads\/2021\/07\/link-271x61.png\" width=\"271\" height=\"61\" \/><\/a><\/div>\n<\/div>\n\n\t<\/div>\n<\/section>\n<section class=\"fw-main-row\"  >\n\t<div class=\"fw-container\">\n\t\t<div class=\"fw-row\">\n\t<div class=\"fw-col-xs-12\">\n\t<div class=\"text-block post-heading-center section-title mb-60\">\n\t<span>PayMyTuition ile uluslararas\u0131 \u00f6deme<\/span>\n\t<h2><\/h2>\n\t\t\t<p>CanCampus Canada, uluslararas\u0131 \u00f6demeler i\u00e7in PayMyTuition&#039;\u0131 kabul eder.<\/p><p>&nbsp;<\/p><p>PayMyTuition, yerel para biriminizde h\u0131zl\u0131, basit ve g\u00fcvenli bir \u015fekilde \u00f6deme yapmak i\u00e7in \u00e7e\u015fitli yollar sunar.<\/p><p>&nbsp;<\/p><p>L\u00fctfen bu hizmete nas\u0131l eri\u015fece\u011finiz ve PayMyTuition ile nas\u0131l \u00f6deme yapaca\u011f\u0131n\u0131zla ilgili olarak a\u015fa\u011f\u0131da birden \u00e7ok dilde sa\u011flanan ad\u0131m ad\u0131m talimatlara bak\u0131n:<\/p><p>&nbsp;<\/p><p><a href=\"http:\/\/box5226.temp.domains\/~cancampu\/wp-content\/uploads\/2021\/05\/Payment-Steps-Portuguese-min.pdf\">Portekizce<\/a> |\u00a0<a href=\"http:\/\/box5226.temp.domains\/~cancampu\/wp-content\/uploads\/2021\/05\/Payment-Steps-English-min.pdf\">\u0130ngilizce<\/a> |\u00a0<a href=\"http:\/\/box5226.temp.domains\/~cancampu\/wp-content\/uploads\/2021\/05\/Payment-Steps-French-min.pdf\">Frans\u0131zca<\/a> |\u00a0<a href=\"http:\/\/box5226.temp.domains\/~cancampu\/wp-content\/uploads\/2021\/05\/Payment-Steps-Spanish-min.pdf\">\u0130spanyol<\/a> |\u00a0<a href=\"http:\/\/box5226.temp.domains\/~cancampu\/wp-content\/uploads\/2021\/05\/Payment-Steps-Turkish-min.pdf\">T\u00fcrk<\/a><\/p>\t<\/div>\n<\/div>\n<\/div>\n\n<div class=\"fw-row\">\n\t<div class=\"fw-col-xs-12\">\n\t<div class=\"text-block post-heading-center section-title mb-60\">\n\t<span><\/span>\n\t<h2><\/h2>\n\t\t\t<p style=\"text-align: center;\"><strong>ek bilgi<\/strong><\/p><p style=\"text-align: center;\">\u00a0<\/p><p style=\"text-align: center;\">\u2022 <a href=\"https:\/\/www.youtube.com\/watch?v=4CIy-gdyoP8&amp;feature=youtu.be\">PayMyTuition ile \u00f6deme nas\u0131l yap\u0131l\u0131r<\/a> (video)<br \/>\u2022 <a href=\"https:\/\/www.paymytuition.com\/faqs\">Yayg\u0131n sorular<\/a><\/p><p>&nbsp;<\/p><p style=\"text-align: center;\"><strong>PayMyTuition m\u00fc\u015fteri destek bilgileri<\/strong><\/p><p>&nbsp;<\/p><p style=\"text-align: center;\">birini aray\u0131n <a href=\"https:\/\/www.paymytuition.com\/contact-us\">yerel ileti\u015fim numaralar\u0131<\/a> ek destek i\u00e7in. PayMyTuition Destek ile e-posta yoluyla da ileti\u015fime ge\u00e7ebilirsiniz. <a href=\"mailto:support@paymytuition.com\">support@paymytuition.com<\/a> veya destek sayfas\u0131 arac\u0131l\u0131\u011f\u0131yla.<\/p><p>&nbsp;<\/p><p style=\"text-align: center;\">Hangi saat diliminde olursan\u0131z olun, sorular\u0131n\u0131z\u0131 yan\u0131tlamak ve \u00f6demenizi yapman\u0131za yard\u0131mc\u0131 olmak i\u00e7in canl\u0131 sohbet, e-posta ve telefon arac\u0131l\u0131\u011f\u0131yla size \u00f6zel bir m\u00fc\u015fteri destek ekibine sahip olacaks\u0131n\u0131z.<\/p>\t<\/div>\n<\/div>\n<\/div>\n\n\t<\/div>\n<\/section>\n<\/p>","protected":false},"excerpt":{"rendered":"<p>Pagamento PayMyTuition Pague com a PayMyTuition Ap\u00f3s receber a sua fatura, pague suas taxas via PayMyTuition clicando no link ao [&hellip;]<\/p>","protected":false},"author":2,"featured_media":0,"parent":0,"menu_order":0,"comment_status":"closed","ping_status":"closed","template":"template-parts\/lernen-pagefullwidth.php","meta":{"_joinchat":[],"footnotes":""},"class_list":["post-4692","page","type-page","status-publish","hentry"],"yoast_head":"<!-- This site is optimized with the Yoast SEO plugin v27.2 - https:\/\/yoast.com\/product\/yoast-seo-wordpress\/ -->\n<title>paymytuition - CanCampus<\/title>\n<meta name=\"robots\" content=\"index, follow, max-snippet:-1, max-image-preview:large, max-video-preview:-1\" \/>\n<link rel=\"canonical\" href=\"http:\/\/cancampus.ca\/tr\/paymytuition\/\" \/>\n<meta property=\"og:locale\" content=\"tr_TR\" \/>\n<meta property=\"og:type\" content=\"article\" \/>\n<meta property=\"og:title\" content=\"paymytuition - CanCampus\" \/>\n<meta property=\"og:description\" content=\"Pagamento PayMyTuition Pague com a PayMyTuition Ap\u00f3s receber a sua fatura, pague suas taxas via PayMyTuition clicando no link ao [&hellip;]\" \/>\n<meta property=\"og:url\" content=\"http:\/\/cancampus.ca\/tr\/paymytuition\/\" \/>\n<meta property=\"og:site_name\" content=\"CanCampus\" \/>\n<meta property=\"article:publisher\" content=\"https:\/\/www.facebook.com\/cancampus.ca\" \/>\n<meta property=\"article:modified_time\" content=\"2021-07-26T19:25:53+00:00\" \/>\n<meta property=\"og:image\" content=\"http:\/\/cancampus.ca\/wp-content\/uploads\/2021\/07\/link-271x61.png\" \/>\n<meta name=\"twitter:card\" content=\"summary_large_image\" \/>\n<meta name=\"twitter:label1\" content=\"Tahmini okuma s\u00fcresi\" \/>\n\t<meta name=\"twitter:data1\" content=\"2 dakika\" \/>\n<script type=\"application\/ld+json\" class=\"yoast-schema-graph\">{\"@context\":\"https:\/\/schema.org\",\"@graph\":[{\"@type\":\"WebPage\",\"@id\":\"http:\/\/cancampus.ca\/paymytuition\/\",\"url\":\"http:\/\/cancampus.ca\/paymytuition\/\",\"name\":\"paymytuition - CanCampus\",\"isPartOf\":{\"@id\":\"https:\/\/cancampus.ca\/#website\"},\"primaryImageOfPage\":{\"@id\":\"http:\/\/cancampus.ca\/paymytuition\/#primaryimage\"},\"image\":{\"@id\":\"http:\/\/cancampus.ca\/paymytuition\/#primaryimage\"},\"thumbnailUrl\":\"http:\/\/cancampus.ca\/wp-content\/uploads\/2021\/07\/link-271x61.png\",\"datePublished\":\"2021-05-18T13:25:54+00:00\",\"dateModified\":\"2021-07-26T19:25:53+00:00\",\"breadcrumb\":{\"@id\":\"http:\/\/cancampus.ca\/paymytuition\/#breadcrumb\"},\"inLanguage\":\"tr\",\"potentialAction\":[{\"@type\":\"ReadAction\",\"target\":[\"http:\/\/cancampus.ca\/paymytuition\/\"]}]},{\"@type\":\"ImageObject\",\"inLanguage\":\"tr\",\"@id\":\"http:\/\/cancampus.ca\/paymytuition\/#primaryimage\",\"url\":\"http:\/\/cancampus.ca\/wp-content\/uploads\/2021\/07\/link-271x61.png\",\"contentUrl\":\"http:\/\/cancampus.ca\/wp-content\/uploads\/2021\/07\/link-271x61.png\"},{\"@type\":\"BreadcrumbList\",\"@id\":\"http:\/\/cancampus.ca\/paymytuition\/#breadcrumb\",\"itemListElement\":[{\"@type\":\"ListItem\",\"position\":1,\"name\":\"In\u00edcio\",\"item\":\"https:\/\/cancampus.ca\/\"},{\"@type\":\"ListItem\",\"position\":2,\"name\":\"paymytuition\"}]},{\"@type\":\"WebSite\",\"@id\":\"https:\/\/cancampus.ca\/#website\",\"url\":\"https:\/\/cancampus.ca\/\",\"name\":\"CanCampus - Experince Learning!\",\"description\":\"Experience Learning!\",\"publisher\":{\"@id\":\"https:\/\/cancampus.ca\/#organization\"},\"potentialAction\":[{\"@type\":\"SearchAction\",\"target\":{\"@type\":\"EntryPoint\",\"urlTemplate\":\"https:\/\/cancampus.ca\/?s={search_term_string}\"},\"query-input\":{\"@type\":\"PropertyValueSpecification\",\"valueRequired\":true,\"valueName\":\"search_term_string\"}}],\"inLanguage\":\"tr\"},{\"@type\":\"Organization\",\"@id\":\"https:\/\/cancampus.ca\/#organization\",\"name\":\"CanCampus Canada\",\"url\":\"https:\/\/cancampus.ca\/\",\"logo\":{\"@type\":\"ImageObject\",\"inLanguage\":\"tr\",\"@id\":\"https:\/\/cancampus.ca\/#\/schema\/logo\/image\/\",\"url\":\"http:\/\/box5226.temp.domains\/~cancampu\/wp-content\/uploads\/2020\/03\/13.png\",\"contentUrl\":\"http:\/\/box5226.temp.domains\/~cancampu\/wp-content\/uploads\/2020\/03\/13.png\",\"width\":3072,\"height\":1536,\"caption\":\"CanCampus Canada\"},\"image\":{\"@id\":\"https:\/\/cancampus.ca\/#\/schema\/logo\/image\/\"},\"sameAs\":[\"https:\/\/www.facebook.com\/cancampus.ca\",\"https:\/\/www.instagram.com\/cancampus_ca\/\",\"https:\/\/www.linkedin.com\/in\/cancampus\/\"]}]}<\/script>\n<!-- \/ Yoast SEO plugin. -->","yoast_head_json":{"title":"paymytuition - CanCampus","robots":{"index":"index","follow":"follow","max-snippet":"max-snippet:-1","max-image-preview":"max-image-preview:large","max-video-preview":"max-video-preview:-1"},"canonical":"http:\/\/cancampus.ca\/tr\/paymytuition\/","og_locale":"tr_TR","og_type":"article","og_title":"paymytuition - CanCampus","og_description":"Pagamento PayMyTuition Pague com a PayMyTuition Ap\u00f3s receber a sua fatura, pague suas taxas via PayMyTuition clicando no link ao [&hellip;]","og_url":"http:\/\/cancampus.ca\/tr\/paymytuition\/","og_site_name":"CanCampus","article_publisher":"https:\/\/www.facebook.com\/cancampus.ca","article_modified_time":"2021-07-26T19:25:53+00:00","og_image":[{"url":"http:\/\/cancampus.ca\/wp-content\/uploads\/2021\/07\/link-271x61.png","type":"","width":"","height":""}],"twitter_card":"summary_large_image","twitter_misc":{"Tahmini okuma s\u00fcresi":"2 dakika"},"schema":{"@context":"https:\/\/schema.org","@graph":[{"@type":"WebPage","@id":"http:\/\/cancampus.ca\/paymytuition\/","url":"http:\/\/cancampus.ca\/paymytuition\/","name":"paymytuition - CanCampus","isPartOf":{"@id":"https:\/\/cancampus.ca\/#website"},"primaryImageOfPage":{"@id":"http:\/\/cancampus.ca\/paymytuition\/#primaryimage"},"image":{"@id":"http:\/\/cancampus.ca\/paymytuition\/#primaryimage"},"thumbnailUrl":"http:\/\/cancampus.ca\/wp-content\/uploads\/2021\/07\/link-271x61.png","datePublished":"2021-05-18T13:25:54+00:00","dateModified":"2021-07-26T19:25:53+00:00","breadcrumb":{"@id":"http:\/\/cancampus.ca\/paymytuition\/#breadcrumb"},"inLanguage":"tr","potentialAction":[{"@type":"ReadAction","target":["http:\/\/cancampus.ca\/paymytuition\/"]}]},{"@type":"ImageObject","inLanguage":"tr","@id":"http:\/\/cancampus.ca\/paymytuition\/#primaryimage","url":"http:\/\/cancampus.ca\/wp-content\/uploads\/2021\/07\/link-271x61.png","contentUrl":"http:\/\/cancampus.ca\/wp-content\/uploads\/2021\/07\/link-271x61.png"},{"@type":"BreadcrumbList","@id":"http:\/\/cancampus.ca\/paymytuition\/#breadcrumb","itemListElement":[{"@type":"ListItem","position":1,"name":"In\u00edcio","item":"https:\/\/cancampus.ca\/"},{"@type":"ListItem","position":2,"name":"paymytuition"}]},{"@type":"WebSite","@id":"https:\/\/cancampus.ca\/#website","url":"https:\/\/cancampus.ca\/","name":"CanCampus - \u00d6\u011frenmeyi Deneyimleyin!","description":"\u00d6\u011frenmeyi Deneyimleyin!","publisher":{"@id":"https:\/\/cancampus.ca\/#organization"},"potentialAction":[{"@type":"SearchAction","target":{"@type":"EntryPoint","urlTemplate":"https:\/\/cancampus.ca\/?s={search_term_string}"},"query-input":{"@type":"PropertyValueSpecification","valueRequired":true,"valueName":"search_term_string"}}],"inLanguage":"tr"},{"@type":"Organization","@id":"https:\/\/cancampus.ca\/#organization","name":"CanKamp\u00fcs Kanada","url":"https:\/\/cancampus.ca\/","logo":{"@type":"ImageObject","inLanguage":"tr","@id":"https:\/\/cancampus.ca\/#\/schema\/logo\/image\/","url":"http:\/\/box5226.temp.domains\/~cancampu\/wp-content\/uploads\/2020\/03\/13.png","contentUrl":"http:\/\/box5226.temp.domains\/~cancampu\/wp-content\/uploads\/2020\/03\/13.png","width":3072,"height":1536,"caption":"CanCampus Canada"},"image":{"@id":"https:\/\/cancampus.ca\/#\/schema\/logo\/image\/"},"sameAs":["https:\/\/www.facebook.com\/cancampus.ca","https:\/\/www.instagram.com\/cancampus_ca\/","https:\/\/www.linkedin.com\/in\/cancampus\/"]}]}},"_links":{"self":[{"href":"https:\/\/cancampus.ca\/tr\/wp-json\/wp\/v2\/pages\/4692","targetHints":{"allow":["GET"]}}],"collection":[{"href":"https:\/\/cancampus.ca\/tr\/wp-json\/wp\/v2\/pages"}],"about":[{"href":"https:\/\/cancampus.ca\/tr\/wp-json\/wp\/v2\/types\/page"}],"author":[{"embeddable":true,"href":"https:\/\/cancampus.ca\/tr\/wp-json\/wp\/v2\/users\/2"}],"replies":[{"embeddable":true,"href":"https:\/\/cancampus.ca\/tr\/wp-json\/wp\/v2\/comments?post=4692"}],"version-history":[{"count":0,"href":"https:\/\/cancampus.ca\/tr\/wp-json\/wp\/v2\/pages\/4692\/revisions"}],"wp:attachment":[{"href":"https:\/\/cancampus.ca\/tr\/wp-json\/wp\/v2\/media?parent=4692"}],"curies":[{"name":"wp","href":"https:\/\/api.w.org\/{rel}","templated":true}]}}