{"id":4790,"date":"2021-07-22T16:54:34","date_gmt":"2021-07-22T20:54:34","guid":{"rendered":"http:\/\/box5226.temp.domains\/~cancampu\/?page_id=4790"},"modified":"2021-09-03T15:38:42","modified_gmt":"2021-09-03T19:38:42","slug":"english-at-home","status":"publish","type":"page","link":"https:\/\/cancampus.ca\/tr\/programas\/virtual-campus\/english-at-home\/","title":{"rendered":"\u0130ngilizce Evde"},"content":{"rendered":"<p><section class=\"fw-main-row\"  >\n\t<div class=\"fw-container-fluid\">\n\t\t<div class=\"fw-row\">\n\t<div class=\"fw-col-xs-12\">\n\t\n<div class=\"owl-carousel owl-theme\">\n                     <div class=\"header-content-full header-content\" role=\"banner\" style=\"background-image:url(\/\/cancampus.ca\/wp-content\/uploads\/2021\/07\/color-communication-colorful-material-note-art-1032400-pxhere.com_-scaled.jpg);\">\n                <div class=\"container\">\n            <div class=\"row\">\n                <div class=\"col-xs-12 col-sm-12 header-area\">\n                    <div class=\"header-area-inner header-text\">\n                        <div><span class=\"subtitle\"><span class=\"\"><\/span>Evde \u0130ngilizce<\/span><\/div>\n                        <h1 class=\"title\"><\/h1>\n                        <p>Kanadal\u0131 \u00f6\u011fretmenlerle \u0130ngilizce \u00f6\u011frenin. Kendi evinizin rahatl\u0131\u011f\u0131nda telaffuzunuzu, yerel ifadelerinizi uygulay\u0131n ve ana diliniz gibi konu\u015fun!<\/p>                        <div class=\"btn-section\">\n                                                                                <\/div>\n                    <\/div>\n                <\/div>\n            <\/div>\n        <\/div>\n    <\/div>\n    <\/div><\/div>\n<\/div>\n\n\t<\/div>\n<\/section>\n<section class=\"fw-main-row\"  >\n\t<div class=\"fw-container\">\n\t\t<div class=\"fw-row\">\n\t<div class=\"fw-col-xs-12\">\n\t\n\t<div class=\"fw-divider-space\" style=\"padding-top: 40px;\"><\/div>\n<\/div>\n<\/div>\n\n\t<\/div>\n<\/section>\n<section class=\"fw-main-row\" style=\"background-color:#ffffff;\" >\n\t<div class=\"fw-container-fluid\">\n\t\t<div class=\"fw-row\">\n\t<div class=\"fw-col-xs-12 fw-col-sm-2\">\n\t<\/div>\n<div class=\"fw-col-xs-12 fw-col-sm-8\">\n\t<div class=\"fw-accordion\">\n\t\t\t<h3 class=\"fw-accordion-title\">Belirtilen<\/h3>\n\t\t<div class=\"fw-accordion-content\">\n\t\t\t<p>16 ya\u015f\u0131ndan itibaren her ya\u015ftan<\/p>\n\t\t<\/div>\n\t\t\t<h3 class=\"fw-accordion-title\">Dil<\/h3>\n\t\t<div class=\"fw-accordion-content\">\n\t\t\t<p>Temelden \u0130ngilizce<\/p>\n\t\t<\/div>\n\t\t\t<h3 class=\"fw-accordion-title\">Yerel<\/h3>\n\t\t<div class=\"fw-accordion-content\">\n\t\t\t<p>Zoom \u00fczerinden \u00e7evrimi\u00e7i<\/p>\n\t\t<\/div>\n\t\t\t<h3 class=\"fw-accordion-title\">Yat\u0131r\u0131m<\/h3>\n\t\t<div class=\"fw-accordion-content\">\n\t\t\t<p>C$ 5.00&#039;den itibaren s\u0131n\u0131f, en az 5 haftal\u0131k dersle<\/p>\n\t\t<\/div>\n\t\t\t<h3 class=\"fw-accordion-title\">tarih<\/h3>\n\t\t<div class=\"fw-accordion-content\">\n\t\t\t<p>Giri\u015fler her zaman Pazartesi g\u00fcnleri. istedi\u011fin an ba\u015fla<\/p>\n\t\t<\/div>\n\t<\/div><\/div>\n<div class=\"fw-col-xs-12 fw-col-sm-2\">\n\t<\/div>\n<\/div>\n\n\t<\/div>\n<\/section>\n<section class=\"fw-main-row\"  >\n\t<div class=\"fw-container\">\n\t\t<div class=\"fw-row\">\n\t<div class=\"fw-col-xs-12\">\n\t\n\t<div class=\"fw-divider-space\" style=\"padding-top: 30px;\"><\/div>\n<\/div>\n<\/div>\n\n\t<\/div>\n<\/section>\n<section class=\"fw-main-row\" style=\"background-color:#f3f7fe;\" >\n\t<div class=\"fw-container-fluid\">\n\t\t<div class=\"fw-row\">\n\t<div class=\"fw-col-xs-12\">\n\t       \n<div id=\"why-us\" class=\"\">\n    <div class=\"row\">\n                    <div class=\"col-xs-12 col-sm-12 col-md-5 col-xl-6 col-lg-6 why-us-left-bg\" style=\"background-image:url(\/\/cancampus.ca\/wp-content\/uploads\/2021\/08\/english@home-scaled.jpg);\">\n            <\/div>\n            <div class=\"col-xs-12 col-sm-12 col-md-7 col-xl-6 col-lg-6 wrap-padding bg-img-left\">\n                <div class=\"section-title\">\n                    <div>\n                        <span>Program<\/span>\n                        <h3>\u0130ngilizcenizi hedeflerinize g\u00f6re geli\u015ftirin<\/h3>\n                    <\/div>\n                <\/div>\n                                    <div class=\"about_content\">\n                        <p>Kanadal\u0131 \u00f6\u011fretmenlerle potansiyelinize g\u00f6re s\u0131n\u0131rl\u0131 ve seviyeli derslerle kendi h\u0131z\u0131n\u0131zda \u00e7al\u0131\u015f\u0131n.<\/p><p>Esnek giri\u015flerle her Pazartesi kendi evinizin rahatl\u0131\u011f\u0131nda kursunuza ba\u015flayabilir, taleplerinize ve hedeflerinize odaklanm\u0131\u015f \u0130ngilizce \u00f6\u011frenebilir ve \u00e7al\u0131\u015fabilirsiniz.<\/p><p>Dersleri planlayabilecek, t\u00fcm haftan\u0131z\u0131 planlayabilecek ve program\u0131n\u0131zda \u015fiddetle ihtiyac\u0131n\u0131z olan esnekli\u011fe izin vereceksiniz.<\/p><p>S\u0131n\u0131flar seviyenize g\u00f6re ayr\u0131larak \u00f6\u011fretmenler ve \u00f6\u011frencilerle daha g\u00fcvenli ve kendinden emin bir \u015fekilde etkile\u015fim kurman\u0131za olanak tan\u0131r. Dilde geli\u015febilmeniz ve ki\u015fisel ve profesyonel hedeflerinize ula\u015fabilmeniz i\u00e7in sizin h\u0131z\u0131n\u0131zda y\u00fcr\u00fcyoruz.<\/p><p>Ve ihtiya\u00e7lar\u0131n\u0131za adanm\u0131\u015f bir dikkatle, \u00f6\u011fretmenlerimiz s\u0131n\u0131f\u0131n\u0131z i\u00e7in \u00f6zel olarak haz\u0131rlanm\u0131\u015f materyallere eri\u015febilmeniz i\u00e7in \u00e7al\u0131\u015facak ve \u00f6\u011frenilenleri daha kolay d\u00fczeltmenize olanak tan\u0131yacak.<\/p><p>i\u00e7in se\u00e7enekler de var <strong>i\u015f i\u00e7in \u0130ngilizce<\/strong>, <strong>akademik haz\u0131rl\u0131k (<em>Yol Programlar\u0131<\/em>)<\/strong>, <strong>dil yeterlilik testleri (<em>IELTS<\/em>)<\/strong>, kursumuza ek olarak <strong>herkes i\u00e7in ingilizce<\/strong>.<\/p><p>Ve istersen, <a href=\"https:\/\/hansacanada.net\/public\/test-your-english\/start_test\/2p56y0eK0tc\/\">Yine de bir deneme dersi planlayabilirsiniz<\/a> size ve ihtiya\u00e7lar\u0131n\u0131za g\u00f6re tasarlanm\u0131\u015f bir s\u0131n\u0131fa sahip olman\u0131n fark\u0131n\u0131 hissedin. \u015eimdi abone olun!<\/p>                                            <\/div>\n                            <\/div>\n                    <\/div>\n<\/div>\n<\/div>\n<\/div>\n\n\t<\/div>\n<\/section>\n<section class=\"fw-main-row\" style=\"background-color:#f3f7fe;\" >\n\t<div class=\"fw-container-fluid\">\n\t\t<div class=\"fw-row\">\n\t<div class=\"fw-col-xs-12\">\n\t\n<div id=\"why-us\" class=\"\">\n    <div class=\"row\">\n                            <div class=\"col-xs-12 col-sm-12 col-md-7 col-xl-6 col-lg-6 wrap-padding bg-img-right\">\n                <div class=\"section-title\">\n                    <div>\n                        <span>Nas\u0131l olacak?<\/span>\n                        <h3>Ders Program\u0131<\/h3>\n                    <\/div>\n                <\/div>\n                                    <div class=\"about_content\">\n                        <p><strong>1. G\u00dcN<\/strong><\/p><p>Neden herkesin \u00e7izebilece\u011fini \u00f6\u011frenin!<\/p><p>Sol ve sa\u011f yar\u0131m k\u00fcrenin, bask\u0131n ellerin ve g\u00f6zlerin yan\u0131 s\u0131ra kontura kar\u015f\u0131 \u015fekil tasar\u0131m\u0131n\u0131 ke\u015ffedece\u011fiz. Bir g\u00f6steri ve g\u00f6rev verilecektir.<\/p><p><strong>2. G\u00dcN<\/strong><\/p><p>\u00d6\u011frenciler, mangal k\u00f6m\u00fcr\u00fc, kalem ve i\u00e7eri\u011fi denerken \u00f6l\u00e7meyi, \u00f6l\u00e7e\u011fi ke\u015ffetmeyi ve \u00e7izim kaynaklar\u0131n\u0131 kullanmay\u0131 \u00f6\u011frenecekler. Yeni bir g\u00f6steri ve g\u00f6rev verilecek.<\/p><p><strong>3. G\u00dcN<\/strong><\/p><p>\u00d6\u011frenciler serbest bi\u00e7ime kar\u015f\u0131 \u00f6l\u00e7\u00fclen \u00e7izim, kar\u0131\u015ft\u0131rma \u00e7izgisi ve \u015feklin yan\u0131 s\u0131ra toplam de\u011feri \u00f6\u011freneceklerdir. Bir g\u00f6steri yap\u0131lacak ve ard\u0131ndan ba\u015fka bir g\u00f6rev yap\u0131lacakt\u0131r.<\/p><p><strong>4. G\u00dcN<\/strong><\/p><p>H\u0131zl\u0131, zamanl\u0131 eskizlerle ba\u015flayaca\u011f\u0131z. \u00d6\u011frenciler ters \u00e7izim, \u00e7evre ve odak noktalar\u0131 hakk\u0131nda bilgi edinecekler.<\/p><p><strong>\u00a0<\/strong><\/p><p><strong>\u00a0<\/strong><strong>5. G\u00dcN<\/strong><\/p><p>Son eskizlerimize devam edip son bir incelemeyle bitirece\u011fiz.<\/p>                                            <\/div>\n                            <\/div>\n            <div class=\"col-xs-12 col-sm-12 col-md-5 col-xl-6 col-lg-6 why-us-left-bg\" style=\"background-image:url(\/\/cancampus.ca\/wp-content\/uploads\/2020\/07\/Design-sem-nome-11.png);\">\n            <\/div>\n            <\/div>\n<\/div>\n<\/div>\n<\/div>\n\n\t<\/div>\n<\/section>\n<section class=\"fw-main-row\" style=\"background-color:#f3f7fe;\" >\n\t<div class=\"fw-container-fluid\">\n\t\t<div class=\"fw-row\">\n\t<div class=\"fw-col-xs-12\">\n\t\n<div id=\"why-us\" class=\"\">\n    <div class=\"row\">\n                    <div class=\"col-xs-12 col-sm-12 col-md-5 col-xl-6 col-lg-6 why-us-left-bg\" style=\"background-image:url(\/\/cancampus.ca\/wp-content\/uploads\/2021\/07\/word-english-with-globe-over-wooden-background-scaled.jpg);\">\n            <\/div>\n            <div class=\"col-xs-12 col-sm-12 col-md-7 col-xl-6 col-lg-6 wrap-padding bg-img-left\">\n                <div class=\"section-title\">\n                    <div>\n                        <span>Ve nas\u0131l ba\u015flamal\u0131?<\/span>\n                        <h3>Gerekli malzemeler<\/h3>\n                    <\/div>\n                <\/div>\n                                    <div class=\"about_content\">\n                        <p>K\u00f6m\u00fcr veya s\u00f6\u011f\u00fct \u00e7ubuklar\u0131<\/p><p>Yo\u011furulabilir kau\u00e7uk<\/p><p>Siyah t\u00fckenmez veya st\u00fcdyo kalem i\u015faretleyici yerle\u015fim ka\u011f\u0131d\u0131 (\u00e7ok d\u00fcz)<\/p><p>\u00c7izim ka\u011f\u0131d\u0131 (40cm x 50cm veya daha b\u00fcy\u00fck)<\/p><p>Kalem: HB, 2B, 4B ve 6B<\/p><p>X-act b\u0131\u00e7ak<\/p><p>Kum<\/p><p>Swablar<\/p><p><strong>Sanal s\u0131n\u0131flar\u0131m\u0131zdan birine kat\u0131lmak i\u00e7in<\/strong>, ihtiyac\u0131n olacak:<\/p><ul><li>Bir bilgisayar (yerle\u015fik mikrofon ve kameral\u0131 diz\u00fcst\u00fc veya masa\u00fcst\u00fc) veya daha yeni bir iPad, tablet, iPhone veya ak\u0131ll\u0131 telefon modeli;<\/li><li>Bir stand veya tripod kullanarak eller serbest \u00f6zelli\u011fine sahip oldu\u011funuzdan emin olun;<\/li><li>Kararl\u0131 bir WI-FI ba\u011flant\u0131s\u0131;<\/li><li>Zoom uygulamas\u0131 (kaydoldu\u011funuzda \u00fccretsiz);<\/li><li>Kaydoldu\u011funuz kursa g\u00f6re gerekli malzemeler (yukar\u0131da a\u00e7\u0131kland\u0131\u011f\u0131 gibi her s\u0131n\u0131f i\u00e7in sa\u011flanan ayr\u0131 malzeme listelerine bak\u0131n);<\/li><li>S\u0131n\u0131f\u0131n\u0131z\u0131 olu\u015fturmak ve ona kat\u0131lmak i\u00e7in sessiz bir \u00e7al\u0131\u015fma alan\u0131.<\/li><\/ul><p>MAL\u0130YET: C$165 + C$50 (\u00dccretler ve Vergiler), toplamda C$ 215,00 (iki y\u00fcz on be\u015f Kanada dolar\u0131).<\/p>                                            <\/div>\n                            <\/div>\n                    <\/div>\n<\/div>\n<\/div>\n<\/div>\n\n<div class=\"fw-row\">\n\t<div class=\"fw-col-xs-12\">\n\t<div class=\"text-block post-heading-center section-title mb-60\">\n\t<span><\/span>\n\t<h2><\/h2>\n\t\t\t<p><a href=\"https:\/\/hansacanada.net\/public\/online_application_from_agency\/en\/2p56y0eK0tc\/\"style=\"background-color:#5cb85c;padding:6px 12px;color:white;font-size:x-large\">\u015eimdi \u00fcye Ol!<\/a><\/p>\t<\/div>\n<\/div>\n<\/div>\n\n<div class=\"fw-row\">\n\t<div class=\"fw-col-xs-12\">\n\t<div class=\"text-block post-heading-center section-title mb-60\">\n\t<span><\/span>\n\t<h2><\/h2>\n\t\t\t<p><a href=\"https:\/\/hansacanada.net\/public\/test-your-english\/start_test\/2p56y0eK0tc\/\"style=\"background-color:#5cb85c;padding:6px 12px;color:white;font-size:x-large\">Deneme s\u0131n\u0131f\u0131n\u0131z\u0131 planlay\u0131n<\/a><\/p>\t<\/div>\n<\/div>\n<\/div>\n\n\t<\/div>\n<\/section>\n<\/p>","protected":false},"excerpt":{"rendered":"<p>English at Home Estude ingl\u00eas com professores Canadenses. Treine sua pronuncia, express\u00f5es locais\u00a0 e fale como um nativo, enquanto est\u00e1 [&hellip;]<\/p>","protected":false},"author":2,"featured_media":0,"parent":3757,"menu_order":0,"comment_status":"closed","ping_status":"closed","template":"template-parts\/lernen-pagefullwidth.php","meta":{"_joinchat":{"telephone":"+5531982119111","message_send":"Ol\u00e1. Gostaria de receber maiores informa\u00e7\u00f5es?"},"footnotes":""},"class_list":["post-4790","page","type-page","status-publish","hentry"],"yoast_head":"<!-- This site is optimized with the Yoast SEO plugin v27.2 - https:\/\/yoast.com\/product\/yoast-seo-wordpress\/ -->\n<title>English At Home - CanCampus<\/title>\n<meta name=\"robots\" content=\"index, follow, max-snippet:-1, max-image-preview:large, max-video-preview:-1\" \/>\n<link rel=\"canonical\" href=\"https:\/\/cancampus.ca\/tr\/programas\/virtual-campus\/english-at-home\/\" \/>\n<meta property=\"og:locale\" content=\"tr_TR\" \/>\n<meta property=\"og:type\" content=\"article\" \/>\n<meta property=\"og:title\" content=\"English At Home - CanCampus\" \/>\n<meta property=\"og:description\" content=\"English at Home Estude ingl\u00eas com professores Canadenses. Treine sua pronuncia, express\u00f5es locais\u00a0 e fale como um nativo, enquanto est\u00e1 [&hellip;]\" \/>\n<meta property=\"og:url\" content=\"https:\/\/cancampus.ca\/tr\/programas\/virtual-campus\/english-at-home\/\" \/>\n<meta property=\"og:site_name\" content=\"CanCampus\" \/>\n<meta property=\"article:publisher\" content=\"https:\/\/www.facebook.com\/cancampus.ca\" \/>\n<meta property=\"article:modified_time\" content=\"2021-09-03T19:38:42+00:00\" \/>\n<meta name=\"twitter:card\" content=\"summary_large_image\" \/>\n<meta name=\"twitter:label1\" content=\"Tahmini okuma s\u00fcresi\" \/>\n\t<meta name=\"twitter:data1\" content=\"4 dakika\" \/>\n<script type=\"application\/ld+json\" class=\"yoast-schema-graph\">{\"@context\":\"https:\/\/schema.org\",\"@graph\":[{\"@type\":\"WebPage\",\"@id\":\"https:\/\/cancampus.ca\/en\/programas\/virtual-campus\/english-at-home\/\",\"url\":\"https:\/\/cancampus.ca\/en\/programas\/virtual-campus\/english-at-home\/\",\"name\":\"English At Home - CanCampus\",\"isPartOf\":{\"@id\":\"https:\/\/cancampus.ca\/#website\"},\"datePublished\":\"2021-07-22T20:54:34+00:00\",\"dateModified\":\"2021-09-03T19:38:42+00:00\",\"breadcrumb\":{\"@id\":\"https:\/\/cancampus.ca\/en\/programas\/virtual-campus\/english-at-home\/#breadcrumb\"},\"inLanguage\":\"tr\",\"potentialAction\":[{\"@type\":\"ReadAction\",\"target\":[\"https:\/\/cancampus.ca\/en\/programas\/virtual-campus\/english-at-home\/\"]}]},{\"@type\":\"BreadcrumbList\",\"@id\":\"https:\/\/cancampus.ca\/en\/programas\/virtual-campus\/english-at-home\/#breadcrumb\",\"itemListElement\":[{\"@type\":\"ListItem\",\"position\":1,\"name\":\"In\u00edcio\",\"item\":\"https:\/\/cancampus.ca\/\"},{\"@type\":\"ListItem\",\"position\":2,\"name\":\"Programas\",\"item\":\"https:\/\/cancampus.ca\/en\/programas\/\"},{\"@type\":\"ListItem\",\"position\":3,\"name\":\"Cursos Virtuais\",\"item\":\"https:\/\/cancampus.ca\/en\/programas\/virtual-campus\/\"},{\"@type\":\"ListItem\",\"position\":4,\"name\":\"English At Home\"}]},{\"@type\":\"WebSite\",\"@id\":\"https:\/\/cancampus.ca\/#website\",\"url\":\"https:\/\/cancampus.ca\/\",\"name\":\"CanCampus - Experince Learning!\",\"description\":\"Experience Learning!\",\"publisher\":{\"@id\":\"https:\/\/cancampus.ca\/#organization\"},\"potentialAction\":[{\"@type\":\"SearchAction\",\"target\":{\"@type\":\"EntryPoint\",\"urlTemplate\":\"https:\/\/cancampus.ca\/?s={search_term_string}\"},\"query-input\":{\"@type\":\"PropertyValueSpecification\",\"valueRequired\":true,\"valueName\":\"search_term_string\"}}],\"inLanguage\":\"tr\"},{\"@type\":\"Organization\",\"@id\":\"https:\/\/cancampus.ca\/#organization\",\"name\":\"CanCampus Canada\",\"url\":\"https:\/\/cancampus.ca\/\",\"logo\":{\"@type\":\"ImageObject\",\"inLanguage\":\"tr\",\"@id\":\"https:\/\/cancampus.ca\/#\/schema\/logo\/image\/\",\"url\":\"http:\/\/box5226.temp.domains\/~cancampu\/wp-content\/uploads\/2020\/03\/13.png\",\"contentUrl\":\"http:\/\/box5226.temp.domains\/~cancampu\/wp-content\/uploads\/2020\/03\/13.png\",\"width\":3072,\"height\":1536,\"caption\":\"CanCampus Canada\"},\"image\":{\"@id\":\"https:\/\/cancampus.ca\/#\/schema\/logo\/image\/\"},\"sameAs\":[\"https:\/\/www.facebook.com\/cancampus.ca\",\"https:\/\/www.instagram.com\/cancampus_ca\/\",\"https:\/\/www.linkedin.com\/in\/cancampus\/\"]}]}<\/script>\n<!-- \/ Yoast SEO plugin. -->","yoast_head_json":{"title":"Portugu\u00eas Evde - CanCampus","robots":{"index":"index","follow":"follow","max-snippet":"max-snippet:-1","max-image-preview":"max-image-preview:large","max-video-preview":"max-video-preview:-1"},"canonical":"https:\/\/cancampus.ca\/tr\/programas\/virtual-campus\/english-at-home\/","og_locale":"tr_TR","og_type":"article","og_title":"English At Home - CanCampus","og_description":"English at Home Estude ingl\u00eas com professores Canadenses. Treine sua pronuncia, express\u00f5es locais\u00a0 e fale como um nativo, enquanto est\u00e1 [&hellip;]","og_url":"https:\/\/cancampus.ca\/tr\/programas\/virtual-campus\/english-at-home\/","og_site_name":"CanCampus","article_publisher":"https:\/\/www.facebook.com\/cancampus.ca","article_modified_time":"2021-09-03T19:38:42+00:00","twitter_card":"summary_large_image","twitter_misc":{"Tahmini okuma s\u00fcresi":"4 dakika"},"schema":{"@context":"https:\/\/schema.org","@graph":[{"@type":"WebPage","@id":"https:\/\/cancampus.ca\/en\/programas\/virtual-campus\/english-at-home\/","url":"https:\/\/cancampus.ca\/en\/programas\/virtual-campus\/english-at-home\/","name":"Portugu\u00eas Evde - CanCampus","isPartOf":{"@id":"https:\/\/cancampus.ca\/#website"},"datePublished":"2021-07-22T20:54:34+00:00","dateModified":"2021-09-03T19:38:42+00:00","breadcrumb":{"@id":"https:\/\/cancampus.ca\/en\/programas\/virtual-campus\/english-at-home\/#breadcrumb"},"inLanguage":"tr","potentialAction":[{"@type":"ReadAction","target":["https:\/\/cancampus.ca\/en\/programas\/virtual-campus\/english-at-home\/"]}]},{"@type":"BreadcrumbList","@id":"https:\/\/cancampus.ca\/en\/programas\/virtual-campus\/english-at-home\/#breadcrumb","itemListElement":[{"@type":"ListItem","position":1,"name":"In\u00edcio","item":"https:\/\/cancampus.ca\/"},{"@type":"ListItem","position":2,"name":"Programas","item":"https:\/\/cancampus.ca\/en\/programas\/"},{"@type":"ListItem","position":3,"name":"Cursos Virtuais","item":"https:\/\/cancampus.ca\/en\/programas\/virtual-campus\/"},{"@type":"ListItem","position":4,"name":"English At Home"}]},{"@type":"WebSite","@id":"https:\/\/cancampus.ca\/#website","url":"https:\/\/cancampus.ca\/","name":"CanCampus - \u00d6\u011frenmeyi Deneyimleyin!","description":"\u00d6\u011frenmeyi Deneyimleyin!","publisher":{"@id":"https:\/\/cancampus.ca\/#organization"},"potentialAction":[{"@type":"SearchAction","target":{"@type":"EntryPoint","urlTemplate":"https:\/\/cancampus.ca\/?s={search_term_string}"},"query-input":{"@type":"PropertyValueSpecification","valueRequired":true,"valueName":"search_term_string"}}],"inLanguage":"tr"},{"@type":"Organization","@id":"https:\/\/cancampus.ca\/#organization","name":"CanKamp\u00fcs Kanada","url":"https:\/\/cancampus.ca\/","logo":{"@type":"ImageObject","inLanguage":"tr","@id":"https:\/\/cancampus.ca\/#\/schema\/logo\/image\/","url":"http:\/\/box5226.temp.domains\/~cancampu\/wp-content\/uploads\/2020\/03\/13.png","contentUrl":"http:\/\/box5226.temp.domains\/~cancampu\/wp-content\/uploads\/2020\/03\/13.png","width":3072,"height":1536,"caption":"CanCampus Canada"},"image":{"@id":"https:\/\/cancampus.ca\/#\/schema\/logo\/image\/"},"sameAs":["https:\/\/www.facebook.com\/cancampus.ca","https:\/\/www.instagram.com\/cancampus_ca\/","https:\/\/www.linkedin.com\/in\/cancampus\/"]}]}},"_links":{"self":[{"href":"https:\/\/cancampus.ca\/tr\/wp-json\/wp\/v2\/pages\/4790","targetHints":{"allow":["GET"]}}],"collection":[{"href":"https:\/\/cancampus.ca\/tr\/wp-json\/wp\/v2\/pages"}],"about":[{"href":"https:\/\/cancampus.ca\/tr\/wp-json\/wp\/v2\/types\/page"}],"author":[{"embeddable":true,"href":"https:\/\/cancampus.ca\/tr\/wp-json\/wp\/v2\/users\/2"}],"replies":[{"embeddable":true,"href":"https:\/\/cancampus.ca\/tr\/wp-json\/wp\/v2\/comments?post=4790"}],"version-history":[{"count":0,"href":"https:\/\/cancampus.ca\/tr\/wp-json\/wp\/v2\/pages\/4790\/revisions"}],"up":[{"embeddable":true,"href":"https:\/\/cancampus.ca\/tr\/wp-json\/wp\/v2\/pages\/3757"}],"wp:attachment":[{"href":"https:\/\/cancampus.ca\/tr\/wp-json\/wp\/v2\/media?parent=4790"}],"curies":[{"name":"wp","href":"https:\/\/api.w.org\/{rel}","templated":true}]}}